{"id":17885,"date":"2025-05-28T11:10:53","date_gmt":"2025-05-28T04:10:53","guid":{"rendered":"https:\/\/wontechthietbispa.com\/?post_type=product&#038;p=17885"},"modified":"2025-05-29T10:44:35","modified_gmt":"2025-05-29T03:44:35","slug":"vom-celluma-face","status":"publish","type":"product","link":"https:\/\/wontechthietbispa.com\/index.php\/product\/vom-celluma-face\/","title":{"rendered":"V\u00d2M CELLUMA FACE"},"content":{"rendered":"<p><strong><em>V\u00f2m \u00e1nh s\u00e1ng sinh h\u1ecdc Celluma<\/em><\/strong><em>\u00a0l\u00e0 thi\u1ebft b\u1ecb tr\u1ecb li\u1ec7u b\u1eb1ng \u00e1nh s\u00e1ng LED 2 trong 1 gi\u00fap \u0111i\u1ec1u tr\u1ecb m\u1ee5n v\u00e0 tr\u1ebb h\u00f3a da. Celluma c\u00f3 th\u1ec3 s\u1eed d\u1ee5ng \u0111a n\u0103ng cho c\u00e1c b\u1ed9 ph\u1eadn tr\u00ean c\u01a1 th\u1ec3 v\u1edbi 2 b\u01b0\u1edbc s\u00f3ng \u0111i\u1ec1u tr\u1ecb l\u00e0 Blue 465nm v\u00e0 Red 640nm.<\/em><\/p>\n<p><strong>GI\u1edaI THI\u1ec6U \u0110\u00c8N \u00c1NH S\u00c1NG SINH H\u1eccC CELLUMA<\/strong><\/p>\n<ul>\n<li>Celluma<strong>\u00a0<\/strong>\u0111\u01b0\u1ee3c t\u00edch h\u1ee3p 3 m\u1ee9c n\u0103ng l\u01b0\u1ee3ng t\u1ed1i \u01b0u: t\u1eeb \u00e1nh s\u00e1ng xanh, \u00e1nh s\u00e1ng \u0111\u1ecf \u0111\u1ebfn \u00e1nh s\u00e1ng h\u1ed3ng ngo\u1ea1i trong c\u00f9ng m\u1ed9t h\u1ec7 th\u1ed1ng.<\/li>\n<\/ul>\n<ul>\n<li>Celluma<strong>\u00a0<\/strong>mang \u0111\u1ebfn nh\u1eefng gi\u1ea3i ph\u00e1p t\u1ed1i \u01b0u trong \u0111i\u1ec1u tr\u1ecb c\u00e1c v\u1ea5n \u0111\u1ec1 v\u1ec1 da li\u1ec5u nh\u01b0: s\u0103n ch\u1eafc da, tr\u1ecb m\u1ee5n tr\u1ee9ng c\u00e1,\u00a0t\u0103ng sinh collagen, elastin v\u00e0 l\u00e0m \u0111\u1ec1u m\u00e0u da, hay c\u00e1c v\u1ea5n \u0111\u1ec1 v\u1ec1 y t\u1ebf nh\u01b0:\u00a0<em>gi\u1ea3m \u0111au hi\u1ec7u qu\u1ea3, h\u1ed7 tr\u1ee3 l\u00e0m l\u00e0nh nhanh v\u1ebft th\u01b0\u01a1ng, k\u00edch th\u00edch m\u1ecdc t\u00f3c\u2026<\/em><\/li>\n<\/ul>\n<p><strong>\u01afU \u0110I\u1ec2M C\u1ee6A \u0110\u00c8N \u00c1NH S\u00c1NG SINH H\u1eccC CELLUMA<\/strong><\/p>\n<p><strong>Hai ch\u1ebf \u0111\u1ed9 \u0111\u00e8n \u0111i\u1ec1u tr\u1ecb<\/strong><\/p>\n<p><strong>\u0110\u00e8n xanh<\/strong><\/p>\n<ul>\n<li>L\u00e0m gi\u1ea3m ch\u1ee9c n\u0103ng ho\u1ea1t \u0111\u1ed9ng c\u1ee7a tuy\u1ebfn b\u00e3 nh\u1eddn, \u0111\u00e2y l\u00e0 tuy\u1ebfn s\u1ea3n xu\u1ea5t d\u1ea7u nh\u1ecf tr\u00ean da. M\u00e0u \u0111\u00e8n n\u00e0y s\u1ebd khi\u1ebfn c\u00e1c tuy\u1ebfn s\u1ea3n xu\u1ea5t \u00edt d\u1ea7u h\u01a1n, c\u1ea3i thi\u1ec7n c\u00e1c tri\u1ec7u ch\u1ee9ng c\u1ee7a m\u1ee5n tr\u1ee9ng c\u00e1 .<\/li>\n<\/ul>\n<ul>\n<li>\u00c1nh s\u00e1ng xanh c\u0169ng c\u00f3 th\u1ec3 ti\u00eau di\u1ec7t m\u1ed9t s\u1ed1 lo\u1ea1i vi khu\u1ea9n g\u00e2y m\u1ee5n b\u1eb1ng c\u00e1ch g\u00e2y vi\u00eam .<\/li>\n<\/ul>\n<ul>\n<li>Nghi\u00ean c\u1ee9u c\u0169ng ch\u1ec9 ra r\u1eb1ng \u00e1nh s\u00e1ng xanh c\u00f3 th\u1ec3 c\u1ea3i thi\u1ec7n vi\u1ec7c ch\u1eefa l\u00e0nh v\u1ebft b\u1ecfng tr\u00ean da.<\/li>\n<\/ul>\n<p><strong>\u0110\u00e8n \u0111\u1ecf<\/strong><\/p>\n<ul>\n<li>\u0110\u00e8n LED \u0111\u1ecf c\u00f3 th\u1ec3 c\u1ea3i thi\u1ec7n c\u00e1c v\u1ebft s\u1eb9o v\u00e0 c\u00e1c d\u1ea5u hi\u1ec7u l\u00e3o h\u00f3a nh\u01b0 n\u1ebfp nh\u0103n. B\u1eb1ng c\u00e1ch t\u00e1c \u0111\u1ed9ng l\u00ean c\u00e1c nguy\u00ean b\u00e0o s\u1ee3i, \u0111\u00e2y l\u00e0 c\u00e1c t\u1ebf b\u00e0o da ch\u1ecbu tr\u00e1ch nhi\u1ec7m s\u1ea3n xu\u1ea5t collagen.<\/li>\n<\/ul>\n<ul>\n<li>\u00c1nh s\u00e1ng m\u00e0u \u0111\u1ecf c\u0169ng gi\u00fap l\u00e0m gi\u1ea3m t\u00ecnh tr\u1ea1ng vi\u00eam da.<\/li>\n<\/ul>\n<p><strong>\u0110\u1ea3m b\u1ea3o an to\u00e0n khi s\u1eed d\u1ee5ng<\/strong><\/p>\n<ul>\n<li>Li\u1ec7u ph\u00e1p \u00e1nh s\u00e1ng LED c\u00f3 t\u00ednh an to\u00e0n tuy\u1ec7t v\u1eddi theo c\u00e1c nghi\u00ean c\u1ee9u. \u00c1nh s\u00e1ng c\u1ee7a\u00a0<strong>Celluma\u00a0<\/strong>kh\u00f4ng ch\u1ee9a tia UV g\u00e2y h\u1ea1i cho da, ph\u00f9 h\u1ee3p \u0111\u1ec3 s\u1eed d\u1ee5ng th\u01b0\u1eddng xuy\u00ean.<\/li>\n<\/ul>\n<ul>\n<li>Kh\u00f4ng gi\u1ed1ng nh\u01b0 c\u00e1c ph\u01b0\u01a1ng ph\u00e1p peel da b\u1eb1ng h\u00f3a ch\u1ea5t ho\u1eb7c li\u1ec7u ph\u00e1p laser, li\u1ec7u ph\u00e1p \u00e1nh s\u00e1ng LED kh\u00f4ng g\u00e2y b\u1ecfng. Ph\u01b0\u01a1ng ph\u00e1p \u0111i\u1ec1u tr\u1ecb c\u0169ng an to\u00e0n cho m\u1ecdi lo\u1ea1i da v\u00e0 m\u00e0u da.<\/li>\n<\/ul>\n<p><strong>Thi\u1ebft k\u1ebf linh ho\u1ea1t<\/strong><\/p>\n<ul>\n<li>V\u1edbi thi\u1ebft k\u1ebf u\u1ed1n cong gi\u00fap\u00a0<strong>Celluma\u00a0<\/strong>c\u00f3 th\u1ec3 \u0111i\u1ec1u tr\u1ecb \u1edf b\u1ea5t k\u1ef3 v\u1ecb tr\u00ed n\u00e0o tr\u00ean c\u01a1 th\u1ec3 bao g\u1ed3m \u00fap tr\u00ean m\u1eb7t, qu\u1ea5n quanh kh\u1edbp, \u0111\u1eb7t th\u1eb3ng tr\u00ean b\u00e0n ch\u00e2n, b\u00e0n tay ho\u1eb7c tr\u00ean l\u01b0ng theo \u0111\u1ed9 cong c\u1ee7a c\u1ed9t s\u1ed1ng. Thi\u1ebft k\u1ebf g\u1ecdn nh\u1eb9 v\u00e0 th\u00f4ng minh n\u00e0y gi\u00fap b\u1ec1 m\u1eb7t ti\u1ebfp x\u00fac g\u1ea7n h\u01a1n v\u1edbi b\u1ec1 m\u1eb7t \u0111i\u1ec1u tr\u1ecb, mang \u0111\u1ebfn hi\u1ec7u qu\u1ea3 cao h\u01a1n so v\u1edbi b\u1ea5t k\u1ef3 c\u00e1c thi\u1ebft b\u1ecb \u00e1nh s\u00e1ng sinh h\u1ecdc kh\u00e1c hi\u1ec7n nay tr\u00ean th\u1ecb tr\u01b0\u1eddng.<\/li>\n<\/ul>\n<p><strong>PH\u1ea0M VI \u0110I\u1ec0U TR\u1eca<\/strong><\/p>\n<ul>\n<li>Gi\u00fap t\u0103ng \u0111\u1ed9 \u0111\u00e0n h\u1ed3i v\u00e0 tr\u1ebb h\u00f3a da<\/li>\n<li>\u0110i\u1ec1u tr\u1ecb m\u1ee5n v\u00e0 ti\u00eau di\u1ec7t c\u00e1c vi khu\u1ea9n g\u00e2y m\u1ee5n<\/li>\n<li>Ph\u1ee5c h\u1ed3i k\u1ebft c\u1ea5u da<\/li>\n<li>K\u00edch th\u00edch t\u0103ng sinh collagen, elastin.<\/li>\n<\/ul>\n<p>&nbsp;<\/p>\n","protected":false},"excerpt":{"rendered":"<p>V\u00f2m \u00e1nh s\u00e1ng sinh h\u1ecdc Celluma\u00a0l\u00e0 thi\u1ebft b\u1ecb tr\u1ecb li\u1ec7u b\u1eb1ng \u00e1nh s\u00e1ng LED 2 trong 1 gi\u00fap \u0111i\u1ec1u tr\u1ecb<\/p>\n","protected":false},"featured_media":17886,"comment_status":"open","ping_status":"closed","template":"","meta":[],"product_cat":[85],"product_tag":[],"yoast_head":"<!-- This site is optimized with the Yoast SEO plugin v21.5 - https:\/\/yoast.com\/wordpress\/plugins\/seo\/ -->\n<title>V\u00d2M CELLUMA FACE - WONTECH THI\u1ebeT B\u1eca SPA<\/title>\n<meta name=\"robots\" content=\"index, follow, max-snippet:-1, max-image-preview:large, max-video-preview:-1\" \/>\n<link rel=\"canonical\" href=\"https:\/\/wontechthietbispa.com\/index.php\/product\/vom-celluma-face\/\" \/>\n<meta property=\"og:locale\" content=\"en_US\" \/>\n<meta property=\"og:type\" content=\"article\" \/>\n<meta property=\"og:title\" content=\"V\u00d2M CELLUMA FACE - WONTECH THI\u1ebeT B\u1eca SPA\" \/>\n<meta property=\"og:description\" content=\"V\u00f2m \u00e1nh s\u00e1ng sinh h\u1ecdc Celluma\u00a0l\u00e0 thi\u1ebft b\u1ecb tr\u1ecb li\u1ec7u b\u1eb1ng \u00e1nh s\u00e1ng LED 2 trong 1 gi\u00fap \u0111i\u1ec1u tr\u1ecb\" \/>\n<meta property=\"og:url\" content=\"https:\/\/wontechthietbispa.com\/index.php\/product\/vom-celluma-face\/\" \/>\n<meta property=\"og:site_name\" content=\"WONTECH THI\u1ebeT B\u1eca SPA\" \/>\n<meta property=\"article:modified_time\" content=\"2025-05-29T03:44:35+00:00\" \/>\n<meta property=\"og:image\" content=\"http:\/\/wontechthietbispa.com\/wp-content\/uploads\/2025\/05\/Anh-nen-Anh-bia-SP-WEBSITE.png\" \/>\n\t<meta property=\"og:image:width\" content=\"700\" \/>\n\t<meta property=\"og:image:height\" content=\"800\" \/>\n\t<meta property=\"og:image:type\" content=\"image\/png\" \/>\n<meta name=\"twitter:card\" content=\"summary_large_image\" \/>\n<meta name=\"twitter:label1\" content=\"Est. reading time\" \/>\n\t<meta name=\"twitter:data1\" content=\"3 minutes\" \/>\n<script type=\"application\/ld+json\" class=\"yoast-schema-graph\">{\"@context\":\"https:\/\/schema.org\",\"@graph\":[{\"@type\":\"WebPage\",\"@id\":\"https:\/\/wontechthietbispa.com\/index.php\/product\/vom-celluma-face\/\",\"url\":\"https:\/\/wontechthietbispa.com\/index.php\/product\/vom-celluma-face\/\",\"name\":\"V\u00d2M CELLUMA FACE - WONTECH THI\u1ebeT B\u1eca SPA\",\"isPartOf\":{\"@id\":\"https:\/\/wontechthietbispa.com\/#website\"},\"datePublished\":\"2025-05-28T04:10:53+00:00\",\"dateModified\":\"2025-05-29T03:44:35+00:00\",\"breadcrumb\":{\"@id\":\"https:\/\/wontechthietbispa.com\/index.php\/product\/vom-celluma-face\/#breadcrumb\"},\"inLanguage\":\"en-US\",\"potentialAction\":[{\"@type\":\"ReadAction\",\"target\":[\"https:\/\/wontechthietbispa.com\/index.php\/product\/vom-celluma-face\/\"]}]},{\"@type\":\"BreadcrumbList\",\"@id\":\"https:\/\/wontechthietbispa.com\/index.php\/product\/vom-celluma-face\/#breadcrumb\",\"itemListElement\":[{\"@type\":\"ListItem\",\"position\":1,\"name\":\"Home\",\"item\":\"https:\/\/wontechthietbispa.com\/\"},{\"@type\":\"ListItem\",\"position\":2,\"name\":\"Shop\",\"item\":\"https:\/\/wontechthietbispa.com\/index.php\/shop\/\"},{\"@type\":\"ListItem\",\"position\":3,\"name\":\"V\u00d2M CELLUMA FACE\"}]},{\"@type\":\"WebSite\",\"@id\":\"https:\/\/wontechthietbispa.com\/#website\",\"url\":\"https:\/\/wontechthietbispa.com\/\",\"name\":\"WONTECH THI\u1ebeT B\u1eca SPA\",\"description\":\"WONTECH THI\u1ebeT B\u1eca SPA\",\"potentialAction\":[{\"@type\":\"SearchAction\",\"target\":{\"@type\":\"EntryPoint\",\"urlTemplate\":\"https:\/\/wontechthietbispa.com\/?s={search_term_string}\"},\"query-input\":\"required name=search_term_string\"}],\"inLanguage\":\"en-US\"}]}<\/script>\n<!-- \/ Yoast SEO plugin. -->","yoast_head_json":{"title":"V\u00d2M CELLUMA FACE - WONTECH THI\u1ebeT B\u1eca SPA","robots":{"index":"index","follow":"follow","max-snippet":"max-snippet:-1","max-image-preview":"max-image-preview:large","max-video-preview":"max-video-preview:-1"},"canonical":"https:\/\/wontechthietbispa.com\/index.php\/product\/vom-celluma-face\/","og_locale":"en_US","og_type":"article","og_title":"V\u00d2M CELLUMA FACE - WONTECH THI\u1ebeT B\u1eca SPA","og_description":"V\u00f2m \u00e1nh s\u00e1ng sinh h\u1ecdc Celluma\u00a0l\u00e0 thi\u1ebft b\u1ecb tr\u1ecb li\u1ec7u b\u1eb1ng \u00e1nh s\u00e1ng LED 2 trong 1 gi\u00fap \u0111i\u1ec1u tr\u1ecb","og_url":"https:\/\/wontechthietbispa.com\/index.php\/product\/vom-celluma-face\/","og_site_name":"WONTECH THI\u1ebeT B\u1eca SPA","article_modified_time":"2025-05-29T03:44:35+00:00","og_image":[{"width":700,"height":800,"url":"http:\/\/wontechthietbispa.com\/wp-content\/uploads\/2025\/05\/Anh-nen-Anh-bia-SP-WEBSITE.png","type":"image\/png"}],"twitter_card":"summary_large_image","twitter_misc":{"Est. reading time":"3 minutes"},"schema":{"@context":"https:\/\/schema.org","@graph":[{"@type":"WebPage","@id":"https:\/\/wontechthietbispa.com\/index.php\/product\/vom-celluma-face\/","url":"https:\/\/wontechthietbispa.com\/index.php\/product\/vom-celluma-face\/","name":"V\u00d2M CELLUMA FACE - WONTECH THI\u1ebeT B\u1eca SPA","isPartOf":{"@id":"https:\/\/wontechthietbispa.com\/#website"},"datePublished":"2025-05-28T04:10:53+00:00","dateModified":"2025-05-29T03:44:35+00:00","breadcrumb":{"@id":"https:\/\/wontechthietbispa.com\/index.php\/product\/vom-celluma-face\/#breadcrumb"},"inLanguage":"en-US","potentialAction":[{"@type":"ReadAction","target":["https:\/\/wontechthietbispa.com\/index.php\/product\/vom-celluma-face\/"]}]},{"@type":"BreadcrumbList","@id":"https:\/\/wontechthietbispa.com\/index.php\/product\/vom-celluma-face\/#breadcrumb","itemListElement":[{"@type":"ListItem","position":1,"name":"Home","item":"https:\/\/wontechthietbispa.com\/"},{"@type":"ListItem","position":2,"name":"Shop","item":"https:\/\/wontechthietbispa.com\/index.php\/shop\/"},{"@type":"ListItem","position":3,"name":"V\u00d2M CELLUMA FACE"}]},{"@type":"WebSite","@id":"https:\/\/wontechthietbispa.com\/#website","url":"https:\/\/wontechthietbispa.com\/","name":"WONTECH THI\u1ebeT B\u1eca SPA","description":"WONTECH THI\u1ebeT B\u1eca SPA","potentialAction":[{"@type":"SearchAction","target":{"@type":"EntryPoint","urlTemplate":"https:\/\/wontechthietbispa.com\/?s={search_term_string}"},"query-input":"required name=search_term_string"}],"inLanguage":"en-US"}]}},"jetpack_sharing_enabled":true,"_links":{"self":[{"href":"https:\/\/wontechthietbispa.com\/index.php\/wp-json\/wp\/v2\/product\/17885"}],"collection":[{"href":"https:\/\/wontechthietbispa.com\/index.php\/wp-json\/wp\/v2\/product"}],"about":[{"href":"https:\/\/wontechthietbispa.com\/index.php\/wp-json\/wp\/v2\/types\/product"}],"replies":[{"embeddable":true,"href":"https:\/\/wontechthietbispa.com\/index.php\/wp-json\/wp\/v2\/comments?post=17885"}],"version-history":[{"count":1,"href":"https:\/\/wontechthietbispa.com\/index.php\/wp-json\/wp\/v2\/product\/17885\/revisions"}],"predecessor-version":[{"id":17887,"href":"https:\/\/wontechthietbispa.com\/index.php\/wp-json\/wp\/v2\/product\/17885\/revisions\/17887"}],"wp:featuredmedia":[{"embeddable":true,"href":"https:\/\/wontechthietbispa.com\/index.php\/wp-json\/wp\/v2\/media\/17886"}],"wp:attachment":[{"href":"https:\/\/wontechthietbispa.com\/index.php\/wp-json\/wp\/v2\/media?parent=17885"}],"wp:term":[{"taxonomy":"product_cat","embeddable":true,"href":"https:\/\/wontechthietbispa.com\/index.php\/wp-json\/wp\/v2\/product_cat?post=17885"},{"taxonomy":"product_tag","embeddable":true,"href":"https:\/\/wontechthietbispa.com\/index.php\/wp-json\/wp\/v2\/product_tag?post=17885"}],"curies":[{"name":"wp","href":"https:\/\/api.w.org\/{rel}","templated":true}]}}