{"id":17682,"date":"2024-06-18T10:33:16","date_gmt":"2024-06-18T03:33:16","guid":{"rendered":"https:\/\/wontechthietbispa.com\/?post_type=product&#038;p=17682"},"modified":"2025-07-15T16:16:34","modified_gmt":"2025-07-15T09:16:34","slug":"bo-day-tra-nuoc-dcool","status":"publish","type":"product","link":"https:\/\/wontechthietbispa.com\/index.php\/product\/bo-day-tra-nuoc-dcool\/","title":{"rendered":"B\u1ed8 D\u00c2Y TRA N\u01af\u1edaC DCOOL"},"content":{"rendered":"<p><strong>M\u00e1y \u0111i\u1ec7n di D-COOL l\u00e0 m\u00e1y \u0111i\u1ec7n di n\u00f3ng l\u1ea1nh tr\u1ee3 th\u1ee7 \u0111\u1eafc l\u1ef1c trong b\u1ea5t k\u00ec m\u1ed9t li\u1ec7u tr\u00ecnh ch\u0103m s\u00f3c da n\u00e0o c\u0169ng c\u1ea7n c\u00f3.<\/strong><br \/>\n<strong>+ Ch\u1ebf \u0111\u1ed9 n\u00f3ng l\u1ea1nh v\u01b0\u1ee3t tr\u1ed9i(L\u1ea1nh 0 ~ -15C\/N\u00f3ng 0~40C).<\/strong><br \/>\n<strong>+ \u0110i\u1ec7n di v\u1edbi t\u1ed1c \u0111\u1ed9 th\u1ea9m th\u1ea5u cao, \u0111i\u1ec7n c\u1ef1c linh ho\u1ea1t (+) ho\u1eb7c (-).<\/strong><br \/>\n<strong>+ T\u0103ng hi\u1ec7u qu\u1ea3 th\u1ea9m th\u1ea5u d\u01b0\u1ee1ng ch\u1ea5t h\u01a1n 80%.(Serum, D\u01b0\u1ee1ng ch\u1ea5t, Vitamin C).<\/strong><br \/>\n<strong>+ Gi\u1ea3m vi\u1ec7c t\u0103ng s\u1eafc t\u1ed1 da v\u00e0 r\u00fat ng\u1eafn th\u1eddi gian ph\u1ee5c h\u1ed3i sau \u0111i\u1ec1u tr\u1ecb.<\/strong><\/p>\n<p>&nbsp;<\/p>\n<p>M\u00e1y \u0111i\u1ec7n di D-COOL\u00a0l\u00e0 m\u00e1y \u0111i\u1ec7n di n\u00f3ng l\u1ea1nh tr\u1ee3 th\u1ee7 \u0111\u1eafc l\u1ef1c trong b\u1ea5t k\u00ec m\u1ed9t li\u1ec7u tr\u00ecnh ch\u0103m s\u00f3c da n\u00e0o c\u0169ng c\u1ea7n c\u00f3.<br \/>\nCh\u1ebf \u0111\u1ed9 n\u00f3ng k\u1ebft h\u1ee3p v\u1edbi \u0111i\u1ec7n di gi\u00fap m\u1edf r\u1ed9ng l\u1ed7 ch\u00e2n l\u00f4ng \u0111\u1ec3 \u0111\u1ea9y d\u01b0\u1ee1ng ch\u1ea5t v\u00e0o s\u00e2u trong da.<br \/>\nCh\u1ebf \u0111\u1ed9 l\u1ea1nh gi\u00fap th\u01b0 gi\u00e3n l\u00e0m d\u1ecbu da, gi\u1ea3m nguy c\u01a1 t\u0103ng s\u1eafc t\u1ed1 da sau \u0111i\u1ec1u tr\u1ecb v\u00e0 thu nh\u1ecf l\u1ed7 ch\u00e2n l\u00f4ng.<\/p>\n<p><strong>\u0110i\u1ec7n Di l\u00e0 g\u00ec ?<\/strong><\/p>\n<p>\u0110\u00e2y l\u00e0 m\u1ed9t li\u1ec7u ph\u00e1p ch\u0103m s\u00f3c da kh\u00f4ng ph\u1ea9u thu\u1eadt , gi\u00fap t\u00e1i t\u1ea1o t\u1ebf b\u00e0o b\u1eb1ng c\u00e1ch d\u1eabn , \u0111\u1ea9y s\u1ea3n ph\u1ea9m v\u00e0o s\u00e2u b\u00ean trong l\u1edbp h\u1ea1 b\u00ec b\u1eb1ng c\u00e1c \u1ee9ng d\u1ee5ng s\u1eb5n c\u00f3 Ion v\u00e0 l\u00e0m l\u1ea1nh.<\/p>\n<p>B\u1edfi v\u00ec\u00a0M\u00e1y \u0111i\u1ec7n di\u00a0D-COOL\u00a0c\u00f3 ch\u1ee9c n\u0103ng k\u00edch th\u00edch \u0111i\u1ec7n l\u00e0m m\u1edf t\u1ebf b\u00e0o (M\u1edf L\u1ed7 Ch\u00e2n L\u00f4ng ), l\u00e0m l\u1ea1nh c\u00e1c d\u01b0\u1ee1ng ch\u1ea5t v\u00e0 sau \u0111\u00f3 \u0111\u1ea9y sau d\u01b0\u1ee1ng ch\u1ea5t v\u00e0o s\u00e2u b\u00ean trong da, cho n\u00ean hi\u1ec7u qu\u1ea3 s\u1ea3n ph\u1ea9m \u0111\u01b0\u1ee3c ph\u00e1t huy t\u1ed1i \u0111a.<\/p>\n<h4>\u01afu \u0111i\u1ec3m c\u1ee7a DCOOL:<\/h4>\n<p>+ Ch\u1ebf \u0111\u1ed9 n\u00f3ng l\u1ea1nh v\u01b0\u1ee3t tr\u1ed9i(L\u1ea1nh 0 ~ -15C\/N\u00f3ng 0~40C).<br \/>\n+ \u0110i\u1ec7n di v\u1edbi t\u1ed1c \u0111\u1ed9 th\u1ea9m th\u1ea5u cao, \u0111i\u1ec7n c\u1ef1c linh ho\u1ea1t (+) ho\u1eb7c (-).<br \/>\n+ T\u0103ng hi\u1ec7u qu\u1ea3 th\u1ea9m th\u1ea5u d\u01b0\u1ee1ng ch\u1ea5t h\u01a1n 80%.(Serum, D\u01b0\u1ee1ng ch\u1ea5t, Vitamin C).<br \/>\n+ Gi\u1ea3m vi\u1ec7c t\u0103ng s\u1eafc t\u1ed1 da v\u00e0 r\u00fat ng\u1eafn th\u1eddi gian ph\u1ee5c h\u1ed3i sau \u0111i\u1ec1u tr\u1ecb.<\/p>\n<p>&nbsp;<\/p>\n<h4><strong>T\u00ednh n\u0103ng v\u01b0\u1ee3t tr\u1ed9i:<\/strong><\/h4>\n<p>\u2013 L\u00e0m d\u1ecbu da, ph\u1ee5c h\u1ed3i da t\u1ed5n th\u01b0\u01a1ng sau \u0111i\u1ec1u tr\u1ecb laser, l\u0103n kim, MTS,\u2026<br \/>\n\u2013\u00a0\u0110\u01b0a d\u01b0\u1ee1ng ch\u1ea5t v\u00e0o da, l\u00e0m tr\u1eafng da, tr\u1ebb h\u00f3a da, se kh\u00edt l\u1ed7 ch\u00e2n l\u00f4ng, c\u1ea3i thi\u1ec7n n\u1ebfp nh\u0103n.<br \/>\n\u2013\u00a0H\u1ed7 tr\u1ee3 tr\u1ecb s\u1ea1m n\u00e1m, th\u00e2m m\u1ee5n.<br \/>\n\u2013\u00a0C\u1ea3i thi\u1ec7n ch\u1ee9c n\u0103ng c\u00e1c tuy\u1ebfn b\u00e0i ti\u1ebft \u1edf da.<br \/>\n\u2013\u00a0L\u00e0m m\u1edd c\u00e1c s\u1eafc t\u1ed1: t\u00e0n nhang, \u0111\u1ed3i m\u1ed3i,\u2026<br \/>\n\u2013\u00a0T\u1ea1o \u0111\u1ed9 \u0111\u00e0n h\u1ed3i v\u00e0 l\u00e0m s\u0103n ch\u1eafc da.<br \/>\n\u2013\u00a0L\u00e0m n\u00f3ng, t\u1ea9y t\u1ebf b\u00e0o ch\u1ebft, l\u00e0m s\u1ea1ch da chuy\u00ean s\u00e2u.<\/p>\n<p><strong>B\u1ed8 D\u00c2Y TRA N\u01af\u1edaC DCOOL<\/strong><\/p>\n<p>&nbsp;<\/p>\n","protected":false},"excerpt":{"rendered":"<p>M\u00e1y \u0111i\u1ec7n di D-COOL l\u00e0 m\u00e1y \u0111i\u1ec7n di n\u00f3ng l\u1ea1nh tr\u1ee3 th\u1ee7 \u0111\u1eafc l\u1ef1c trong b\u1ea5t k\u00ec m\u1ed9t li\u1ec7u tr\u00ecnh<\/p>\n","protected":false},"featured_media":17685,"comment_status":"open","ping_status":"closed","template":"","meta":[],"product_cat":[108],"product_tag":[76],"yoast_head":"<!-- This site is optimized with the Yoast SEO plugin v21.5 - https:\/\/yoast.com\/wordpress\/plugins\/seo\/ -->\n<title>B\u1ed8 D\u00c2Y TRA N\u01af\u1edaC DCOOL - WONTECH THI\u1ebeT B\u1eca SPA<\/title>\n<meta name=\"robots\" content=\"index, follow, max-snippet:-1, max-image-preview:large, max-video-preview:-1\" \/>\n<link rel=\"canonical\" href=\"https:\/\/wontechthietbispa.com\/index.php\/product\/bo-day-tra-nuoc-dcool\/\" \/>\n<meta property=\"og:locale\" content=\"en_US\" \/>\n<meta property=\"og:type\" content=\"article\" \/>\n<meta property=\"og:title\" content=\"B\u1ed8 D\u00c2Y TRA N\u01af\u1edaC DCOOL - WONTECH THI\u1ebeT B\u1eca SPA\" \/>\n<meta property=\"og:description\" content=\"M\u00e1y \u0111i\u1ec7n di D-COOL l\u00e0 m\u00e1y \u0111i\u1ec7n di n\u00f3ng l\u1ea1nh tr\u1ee3 th\u1ee7 \u0111\u1eafc l\u1ef1c trong b\u1ea5t k\u00ec m\u1ed9t li\u1ec7u tr\u00ecnh\" \/>\n<meta property=\"og:url\" content=\"https:\/\/wontechthietbispa.com\/index.php\/product\/bo-day-tra-nuoc-dcool\/\" \/>\n<meta property=\"og:site_name\" content=\"WONTECH THI\u1ebeT B\u1eca SPA\" \/>\n<meta property=\"article:modified_time\" content=\"2025-07-15T09:16:34+00:00\" \/>\n<meta property=\"og:image\" content=\"http:\/\/wontechthietbispa.com\/wp-content\/uploads\/2024\/06\/day-tra-nuoc-dcool.png\" \/>\n\t<meta property=\"og:image:width\" content=\"700\" \/>\n\t<meta property=\"og:image:height\" content=\"800\" \/>\n\t<meta property=\"og:image:type\" content=\"image\/png\" \/>\n<meta name=\"twitter:card\" content=\"summary_large_image\" \/>\n<meta name=\"twitter:label1\" content=\"Est. reading time\" \/>\n\t<meta name=\"twitter:data1\" content=\"2 minutes\" \/>\n<script type=\"application\/ld+json\" class=\"yoast-schema-graph\">{\"@context\":\"https:\/\/schema.org\",\"@graph\":[{\"@type\":\"WebPage\",\"@id\":\"https:\/\/wontechthietbispa.com\/index.php\/product\/bo-day-tra-nuoc-dcool\/\",\"url\":\"https:\/\/wontechthietbispa.com\/index.php\/product\/bo-day-tra-nuoc-dcool\/\",\"name\":\"B\u1ed8 D\u00c2Y TRA N\u01af\u1edaC DCOOL - WONTECH THI\u1ebeT B\u1eca SPA\",\"isPartOf\":{\"@id\":\"https:\/\/wontechthietbispa.com\/#website\"},\"datePublished\":\"2024-06-18T03:33:16+00:00\",\"dateModified\":\"2025-07-15T09:16:34+00:00\",\"breadcrumb\":{\"@id\":\"https:\/\/wontechthietbispa.com\/index.php\/product\/bo-day-tra-nuoc-dcool\/#breadcrumb\"},\"inLanguage\":\"en-US\",\"potentialAction\":[{\"@type\":\"ReadAction\",\"target\":[\"https:\/\/wontechthietbispa.com\/index.php\/product\/bo-day-tra-nuoc-dcool\/\"]}]},{\"@type\":\"BreadcrumbList\",\"@id\":\"https:\/\/wontechthietbispa.com\/index.php\/product\/bo-day-tra-nuoc-dcool\/#breadcrumb\",\"itemListElement\":[{\"@type\":\"ListItem\",\"position\":1,\"name\":\"Home\",\"item\":\"https:\/\/wontechthietbispa.com\/\"},{\"@type\":\"ListItem\",\"position\":2,\"name\":\"Shop\",\"item\":\"https:\/\/wontechthietbispa.com\/index.php\/shop\/\"},{\"@type\":\"ListItem\",\"position\":3,\"name\":\"B\u1ed8 D\u00c2Y TRA N\u01af\u1edaC DCOOL\"}]},{\"@type\":\"WebSite\",\"@id\":\"https:\/\/wontechthietbispa.com\/#website\",\"url\":\"https:\/\/wontechthietbispa.com\/\",\"name\":\"WONTECH THI\u1ebeT B\u1eca SPA\",\"description\":\"WONTECH THI\u1ebeT B\u1eca SPA\",\"potentialAction\":[{\"@type\":\"SearchAction\",\"target\":{\"@type\":\"EntryPoint\",\"urlTemplate\":\"https:\/\/wontechthietbispa.com\/?s={search_term_string}\"},\"query-input\":\"required name=search_term_string\"}],\"inLanguage\":\"en-US\"}]}<\/script>\n<!-- \/ Yoast SEO plugin. -->","yoast_head_json":{"title":"B\u1ed8 D\u00c2Y TRA N\u01af\u1edaC DCOOL - WONTECH THI\u1ebeT B\u1eca SPA","robots":{"index":"index","follow":"follow","max-snippet":"max-snippet:-1","max-image-preview":"max-image-preview:large","max-video-preview":"max-video-preview:-1"},"canonical":"https:\/\/wontechthietbispa.com\/index.php\/product\/bo-day-tra-nuoc-dcool\/","og_locale":"en_US","og_type":"article","og_title":"B\u1ed8 D\u00c2Y TRA N\u01af\u1edaC DCOOL - WONTECH THI\u1ebeT B\u1eca SPA","og_description":"M\u00e1y \u0111i\u1ec7n di D-COOL l\u00e0 m\u00e1y \u0111i\u1ec7n di n\u00f3ng l\u1ea1nh tr\u1ee3 th\u1ee7 \u0111\u1eafc l\u1ef1c trong b\u1ea5t k\u00ec m\u1ed9t li\u1ec7u tr\u00ecnh","og_url":"https:\/\/wontechthietbispa.com\/index.php\/product\/bo-day-tra-nuoc-dcool\/","og_site_name":"WONTECH THI\u1ebeT B\u1eca SPA","article_modified_time":"2025-07-15T09:16:34+00:00","og_image":[{"width":700,"height":800,"url":"http:\/\/wontechthietbispa.com\/wp-content\/uploads\/2024\/06\/day-tra-nuoc-dcool.png","type":"image\/png"}],"twitter_card":"summary_large_image","twitter_misc":{"Est. reading time":"2 minutes"},"schema":{"@context":"https:\/\/schema.org","@graph":[{"@type":"WebPage","@id":"https:\/\/wontechthietbispa.com\/index.php\/product\/bo-day-tra-nuoc-dcool\/","url":"https:\/\/wontechthietbispa.com\/index.php\/product\/bo-day-tra-nuoc-dcool\/","name":"B\u1ed8 D\u00c2Y TRA N\u01af\u1edaC DCOOL - WONTECH THI\u1ebeT B\u1eca SPA","isPartOf":{"@id":"https:\/\/wontechthietbispa.com\/#website"},"datePublished":"2024-06-18T03:33:16+00:00","dateModified":"2025-07-15T09:16:34+00:00","breadcrumb":{"@id":"https:\/\/wontechthietbispa.com\/index.php\/product\/bo-day-tra-nuoc-dcool\/#breadcrumb"},"inLanguage":"en-US","potentialAction":[{"@type":"ReadAction","target":["https:\/\/wontechthietbispa.com\/index.php\/product\/bo-day-tra-nuoc-dcool\/"]}]},{"@type":"BreadcrumbList","@id":"https:\/\/wontechthietbispa.com\/index.php\/product\/bo-day-tra-nuoc-dcool\/#breadcrumb","itemListElement":[{"@type":"ListItem","position":1,"name":"Home","item":"https:\/\/wontechthietbispa.com\/"},{"@type":"ListItem","position":2,"name":"Shop","item":"https:\/\/wontechthietbispa.com\/index.php\/shop\/"},{"@type":"ListItem","position":3,"name":"B\u1ed8 D\u00c2Y TRA N\u01af\u1edaC DCOOL"}]},{"@type":"WebSite","@id":"https:\/\/wontechthietbispa.com\/#website","url":"https:\/\/wontechthietbispa.com\/","name":"WONTECH THI\u1ebeT B\u1eca SPA","description":"WONTECH THI\u1ebeT B\u1eca SPA","potentialAction":[{"@type":"SearchAction","target":{"@type":"EntryPoint","urlTemplate":"https:\/\/wontechthietbispa.com\/?s={search_term_string}"},"query-input":"required name=search_term_string"}],"inLanguage":"en-US"}]}},"jetpack_sharing_enabled":true,"_links":{"self":[{"href":"https:\/\/wontechthietbispa.com\/index.php\/wp-json\/wp\/v2\/product\/17682"}],"collection":[{"href":"https:\/\/wontechthietbispa.com\/index.php\/wp-json\/wp\/v2\/product"}],"about":[{"href":"https:\/\/wontechthietbispa.com\/index.php\/wp-json\/wp\/v2\/types\/product"}],"replies":[{"embeddable":true,"href":"https:\/\/wontechthietbispa.com\/index.php\/wp-json\/wp\/v2\/comments?post=17682"}],"version-history":[{"count":1,"href":"https:\/\/wontechthietbispa.com\/index.php\/wp-json\/wp\/v2\/product\/17682\/revisions"}],"predecessor-version":[{"id":17686,"href":"https:\/\/wontechthietbispa.com\/index.php\/wp-json\/wp\/v2\/product\/17682\/revisions\/17686"}],"wp:featuredmedia":[{"embeddable":true,"href":"https:\/\/wontechthietbispa.com\/index.php\/wp-json\/wp\/v2\/media\/17685"}],"wp:attachment":[{"href":"https:\/\/wontechthietbispa.com\/index.php\/wp-json\/wp\/v2\/media?parent=17682"}],"wp:term":[{"taxonomy":"product_cat","embeddable":true,"href":"https:\/\/wontechthietbispa.com\/index.php\/wp-json\/wp\/v2\/product_cat?post=17682"},{"taxonomy":"product_tag","embeddable":true,"href":"https:\/\/wontechthietbispa.com\/index.php\/wp-json\/wp\/v2\/product_tag?post=17682"}],"curies":[{"name":"wp","href":"https:\/\/api.w.org\/{rel}","templated":true}]}}