{"id":17651,"date":"2024-05-29T09:43:52","date_gmt":"2024-05-29T02:43:52","guid":{"rendered":"https:\/\/wontechthietbispa.com\/?post_type=product&#038;p=17651"},"modified":"2025-04-03T09:20:40","modified_gmt":"2025-04-03T02:20:40","slug":"may-co2-t500-taibo","status":"publish","type":"product","link":"https:\/\/wontechthietbispa.com\/index.php\/product\/may-co2-t500-taibo\/","title":{"rendered":"M\u00c1Y CO2 T500 TAIBO"},"content":{"rendered":"<p><strong>M\u00e1y laser co2 fractional Fotona<\/strong><\/p>\n<p><strong>\u1ee8ng d\u1ee5ng \u0111i\u1ec1u tr\u1ecb :<\/strong><\/p>\n<p>&#8211; Tr\u1ecb m\u1ee5n c\u00f3c,\u00a0<b><i>tr\u1ecb m\u1ee5n<\/i><\/b>\u00a0th\u1ecbt<\/p>\n<p>&#8211; Tr\u1ecb s\u1eb9o (s\u1eb9o l\u1ed3i, s\u1eb9o l\u00f5m, s\u1eb9o do ph\u1eabu thu\u1eadt, s\u1eb9o b\u1ecfng&#8230;.)<\/p>\n<p>&#8211; Tr\u1ecb r\u1ea1n da (r\u1ea1n da sau sinh, r\u1ea1n da do b\u00e9o&#8230;)<\/p>\n<p>&#8211; Tr\u1ebb h\u00f3a v\u00f9ng k\u00edn (se kh\u00edt \u00e2m \u0111\u1ea1o, l\u00e0m h\u1ed3ng m\u00f4i l\u1edbn m\u00f4i b\u00e9 c\u00f4 ch\u1ee7) l\u00e0m se kh\u00edt v\u00e0 thu nh\u00f5 nh\u1ecf \u00e2m \u0111\u1ea1o do b\u1ecb gi\u00e3n r\u1ed9ng sau sinh n\u1edf ho\u1eb7c b\u1ecb l\u00e3o h\u00f3a., c\u1ea3i thi\u1ec7n vi\u00eam nhi\u1ec5m \u00e2m \u0111\u1ea1o, t\u0103ng s\u1ef1 b\u00e0i ti\u1ebft<\/p>\n<p><strong>\u01afu \u0111i\u1ec3m trong v\u00e0 sau qu\u00e1 tr\u00ecnh \u0111i\u1ec1u tr\u1ecb:<\/strong><\/p>\n<p>&#8211; An to\u00e0n v\u00e0 kh\u00f4ng g\u00e2y k\u00edch \u1ee9ng cho da<\/p>\n<p>&#8211; Kh\u00f4ng \u0111au r\u00e1t trong v\u00e0 sau qu\u00e1 tr\u00ecnh \u0111i\u1ec1u tr\u1ecb<\/p>\n<p>&#8211; Kh\u00f4ng c\u00f3 t\u00e1c d\u1ee5ng ph\u1ee5<\/p>\n<p>&#8211; Sinh ho\u1ea1t v\u1ee3 ch\u1ed3ng ngay sau khi \u0111i\u1ec1u tr\u1ecb<\/p>\n<p>&#8211; Th\u1ea9m m\u1ef9 kh\u00f4ng can thi\u1ec7p \u0111\u1ebfn ph\u1eabu thu\u1eadt<\/p>\n<p>&nbsp;<\/p>\n<p><img decoding=\"async\" class=\"anhbaito\" style=\"margin: 5px; font-size: 14px;\" src=\"https:\/\/i0.wp.com\/aaubeauty.com\/ckfinder\/userfiles\/images\/may-laser-co2-fractional(1).png?ssl=1\" alt=\"&lt;b&gt;&lt;i&gt;&lt;a class='text-danger' title='&lt;b&gt;&lt;i&gt;&lt;a class='text-danger' title='m\u00e1y laser co2 fractional' href=http:\/\/aaubeauty.com\/may-laser-co2-fractional-47-90\/&gt;m\u00e1y laser co2 fractional&lt;\/a&gt;&lt;\/i&gt;&lt;\/b&gt;' href=http:\/\/aaubeauty.com\/thiet-bi-tham-my-47\/&gt;m\u00e1y laser co2 fractional&lt;\/a&gt;&lt;\/i&gt;&lt;\/b&gt;-1\" data-recalc-dims=\"1\" \/><\/p>\n<p><img decoding=\"async\" class=\"anhbaito\" style=\"margin: 5px;\" src=\"https:\/\/i0.wp.com\/aaubeauty.com\/ckfinder\/userfiles\/images\/may-laser-tri-seo-co2-fractional(3).jpg?ssl=1\" alt=\"m\u00e1y laser &lt;b&gt;&lt;i&gt;&lt;a class='text-danger' title='tr\u1ecb s\u1eb9o' href=http:\/\/aaubeauty.com\/thiet-bi-tham-my-47\/may-laser-co2-lasun-25\/&gt;tr\u1ecb s\u1eb9o&lt;\/a&gt;&lt;\/i&gt;&lt;\/b&gt; fraction co2\" data-recalc-dims=\"1\" \/><\/p>\n<p><img decoding=\"async\" class=\"anhbaito\" src=\"https:\/\/i0.wp.com\/aaubeauty.com\/ckfinder\/userfiles\/images\/may-laser-co2-fractional-2.png?ssl=1\" alt=\"m\u00e1y laser co2 fractional -2\" data-recalc-dims=\"1\" \/><\/p>\n<p><strong>Th\u00f4ng s\u1ed1 k\u1ef9 thu\u1eadt:<\/strong><\/p>\n<p>Ngu\u1ed3n laser: laser co2 fractional<\/p>\n<p>Chi\u1ec1u d\u00e0i b\u01b0\u1edbc s\u00f3ng: 10.600 nm<\/p>\n<p>M\u1eadt \u0111\u1ed9 n\u0103ng l\u01b0\u1ee3ng xung \u0111\u1ea7u ra: 0.1mJ-300mJ<\/p>\n<p>\u0110\u01b0\u1eddng k\u00ednh ti\u00eau \u0111i\u1ec3m: \u22640.1mm (FFLS) ho\u1eb7c \u22640.2mm (HFLS)<\/p>\n<p>Scan \u0111\u1ed3 h\u1ecda: 6 lo\u1ea1i (h\u00ecnh vu\u00f4ng, ch\u1eef nh\u1eadt, tam gi\u00e1c, tr\u00f2n, Oval, l\u1ee5c gi\u00e1c) v\u1edbi t\u1ed1c \u0111\u1ed9 qu\u00e9t &gt;10m\/s c\u00f3 th\u1ec3 \u0111i\u1ec1u ch\u1ec9nh theo y\u00eau c\u1ea7u<\/p>\n<p>Tay c\u1ea7m tr\u1ee5c kh\u1eedu: nh\u1eadp kh\u1ea9u t\u1eeb H\u00e0n Qu\u1ed1c<\/p>\n<p>M\u00e0n h\u00ecnh hi\u1ec3n th\u1ecb: LCD c\u1ea3m \u1ee9ng 8.4 inch<\/p>\n<p>Ch\u1ebf \u0111\u1ed9 l\u00e0m m\u00e1t: Kh\u00f4ng kh\u00ed + n\u01b0\u1edbc<\/p>\n<p>Ngu\u1ed3n \u0111i\u1ec7n: AC: 220V + 10%, 50Hz; 110V + 10%, 50Hz<\/p>\n<p>K\u00edchth\u01b0\u1edbc: 114cm x 54cm x 99cm<\/p>\n<p>C\u00e2n n\u1eb7ng: 50 kg<\/p>\n","protected":false},"excerpt":{"rendered":"<p>M\u00e1y laser co2 fractional\u00a0l\u00e0 thi\u1ebft b\u1ecb th\u1ea9m m\u1ef9 chuy\u00ean d\u00f9ng \u0111i\u1ec1u tr\u1ecb c\u00e1c b\u1ec7nh l\u00fd v\u1ec1 da nh\u01b0 tr\u1ecb s\u1eb9o, r\u1ea1n ra, tr\u1ecb m\u1ee5n, &#8230;., tr\u1ebb h\u00f3a \u00e2m \u0111\u1ea1o. mang l\u1ea1i k\u1ebft qu\u1ea3 cao sau \u0111i\u1ec1u tr\u1ecb, thi\u1ebft b\u1ecb \u0111\u01b0\u1ee3c s\u1eed d\u1ee5ng r\u1ed9ng r\u00e3i t\u1ea1i c\u00e1c ph\u00f2ng kh\u00e1m da li\u1ec5u, Spa v\u00e0 th\u1ea9m m\u1ef9 vi\u1ec7n<\/p>\n","protected":false},"featured_media":17652,"comment_status":"open","ping_status":"closed","template":"","meta":[],"product_cat":[20],"product_tag":[],"yoast_head":"<!-- This site is optimized with the Yoast SEO plugin v21.5 - https:\/\/yoast.com\/wordpress\/plugins\/seo\/ -->\n<title>M\u00c1Y CO2 T500 TAIBO - WONTECH THI\u1ebeT B\u1eca SPA<\/title>\n<meta name=\"robots\" content=\"index, follow, max-snippet:-1, max-image-preview:large, max-video-preview:-1\" \/>\n<link rel=\"canonical\" href=\"https:\/\/wontechthietbispa.com\/index.php\/product\/may-co2-t500-taibo\/\" \/>\n<meta property=\"og:locale\" content=\"en_US\" \/>\n<meta property=\"og:type\" content=\"article\" \/>\n<meta property=\"og:title\" content=\"M\u00c1Y CO2 T500 TAIBO - WONTECH THI\u1ebeT B\u1eca SPA\" \/>\n<meta property=\"og:description\" content=\"M\u00e1y laser co2 fractional\u00a0l\u00e0 thi\u1ebft b\u1ecb th\u1ea9m m\u1ef9 chuy\u00ean d\u00f9ng \u0111i\u1ec1u tr\u1ecb c\u00e1c b\u1ec7nh l\u00fd v\u1ec1 da nh\u01b0 tr\u1ecb s\u1eb9o, r\u1ea1n ra, tr\u1ecb m\u1ee5n, ...., tr\u1ebb h\u00f3a \u00e2m \u0111\u1ea1o. mang l\u1ea1i k\u1ebft qu\u1ea3 cao sau \u0111i\u1ec1u tr\u1ecb, thi\u1ebft b\u1ecb \u0111\u01b0\u1ee3c s\u1eed d\u1ee5ng r\u1ed9ng r\u00e3i t\u1ea1i c\u00e1c ph\u00f2ng kh\u00e1m da li\u1ec5u, Spa v\u00e0 th\u1ea9m m\u1ef9 vi\u1ec7n\" \/>\n<meta property=\"og:url\" content=\"https:\/\/wontechthietbispa.com\/index.php\/product\/may-co2-t500-taibo\/\" \/>\n<meta property=\"og:site_name\" content=\"WONTECH THI\u1ebeT B\u1eca SPA\" \/>\n<meta property=\"article:modified_time\" content=\"2025-04-03T02:20:40+00:00\" \/>\n<meta property=\"og:image\" content=\"http:\/\/wontechthietbispa.com\/wp-content\/uploads\/2024\/05\/Anh-nen-Anh-bia-SP-WEBSITE1.png\" \/>\n\t<meta property=\"og:image:width\" content=\"700\" \/>\n\t<meta property=\"og:image:height\" content=\"800\" \/>\n\t<meta property=\"og:image:type\" content=\"image\/png\" \/>\n<meta name=\"twitter:card\" content=\"summary_large_image\" \/>\n<meta name=\"twitter:label1\" content=\"Est. reading time\" \/>\n\t<meta name=\"twitter:data1\" content=\"2 minutes\" \/>\n<script type=\"application\/ld+json\" class=\"yoast-schema-graph\">{\"@context\":\"https:\/\/schema.org\",\"@graph\":[{\"@type\":\"WebPage\",\"@id\":\"https:\/\/wontechthietbispa.com\/index.php\/product\/may-co2-t500-taibo\/\",\"url\":\"https:\/\/wontechthietbispa.com\/index.php\/product\/may-co2-t500-taibo\/\",\"name\":\"M\u00c1Y CO2 T500 TAIBO - WONTECH THI\u1ebeT B\u1eca SPA\",\"isPartOf\":{\"@id\":\"https:\/\/wontechthietbispa.com\/#website\"},\"datePublished\":\"2024-05-29T02:43:52+00:00\",\"dateModified\":\"2025-04-03T02:20:40+00:00\",\"breadcrumb\":{\"@id\":\"https:\/\/wontechthietbispa.com\/index.php\/product\/may-co2-t500-taibo\/#breadcrumb\"},\"inLanguage\":\"en-US\",\"potentialAction\":[{\"@type\":\"ReadAction\",\"target\":[\"https:\/\/wontechthietbispa.com\/index.php\/product\/may-co2-t500-taibo\/\"]}]},{\"@type\":\"BreadcrumbList\",\"@id\":\"https:\/\/wontechthietbispa.com\/index.php\/product\/may-co2-t500-taibo\/#breadcrumb\",\"itemListElement\":[{\"@type\":\"ListItem\",\"position\":1,\"name\":\"Home\",\"item\":\"https:\/\/wontechthietbispa.com\/\"},{\"@type\":\"ListItem\",\"position\":2,\"name\":\"Shop\",\"item\":\"https:\/\/wontechthietbispa.com\/index.php\/shop\/\"},{\"@type\":\"ListItem\",\"position\":3,\"name\":\"M\u00c1Y CO2 T500 TAIBO\"}]},{\"@type\":\"WebSite\",\"@id\":\"https:\/\/wontechthietbispa.com\/#website\",\"url\":\"https:\/\/wontechthietbispa.com\/\",\"name\":\"WONTECH THI\u1ebeT B\u1eca SPA\",\"description\":\"WONTECH THI\u1ebeT B\u1eca SPA\",\"potentialAction\":[{\"@type\":\"SearchAction\",\"target\":{\"@type\":\"EntryPoint\",\"urlTemplate\":\"https:\/\/wontechthietbispa.com\/?s={search_term_string}\"},\"query-input\":\"required name=search_term_string\"}],\"inLanguage\":\"en-US\"}]}<\/script>\n<!-- \/ Yoast SEO plugin. -->","yoast_head_json":{"title":"M\u00c1Y CO2 T500 TAIBO - WONTECH THI\u1ebeT B\u1eca SPA","robots":{"index":"index","follow":"follow","max-snippet":"max-snippet:-1","max-image-preview":"max-image-preview:large","max-video-preview":"max-video-preview:-1"},"canonical":"https:\/\/wontechthietbispa.com\/index.php\/product\/may-co2-t500-taibo\/","og_locale":"en_US","og_type":"article","og_title":"M\u00c1Y CO2 T500 TAIBO - WONTECH THI\u1ebeT B\u1eca SPA","og_description":"M\u00e1y laser co2 fractional\u00a0l\u00e0 thi\u1ebft b\u1ecb th\u1ea9m m\u1ef9 chuy\u00ean d\u00f9ng \u0111i\u1ec1u tr\u1ecb c\u00e1c b\u1ec7nh l\u00fd v\u1ec1 da nh\u01b0 tr\u1ecb s\u1eb9o, r\u1ea1n ra, tr\u1ecb m\u1ee5n, ...., tr\u1ebb h\u00f3a \u00e2m \u0111\u1ea1o. mang l\u1ea1i k\u1ebft qu\u1ea3 cao sau \u0111i\u1ec1u tr\u1ecb, thi\u1ebft b\u1ecb \u0111\u01b0\u1ee3c s\u1eed d\u1ee5ng r\u1ed9ng r\u00e3i t\u1ea1i c\u00e1c ph\u00f2ng kh\u00e1m da li\u1ec5u, Spa v\u00e0 th\u1ea9m m\u1ef9 vi\u1ec7n","og_url":"https:\/\/wontechthietbispa.com\/index.php\/product\/may-co2-t500-taibo\/","og_site_name":"WONTECH THI\u1ebeT B\u1eca SPA","article_modified_time":"2025-04-03T02:20:40+00:00","og_image":[{"width":700,"height":800,"url":"http:\/\/wontechthietbispa.com\/wp-content\/uploads\/2024\/05\/Anh-nen-Anh-bia-SP-WEBSITE1.png","type":"image\/png"}],"twitter_card":"summary_large_image","twitter_misc":{"Est. reading time":"2 minutes"},"schema":{"@context":"https:\/\/schema.org","@graph":[{"@type":"WebPage","@id":"https:\/\/wontechthietbispa.com\/index.php\/product\/may-co2-t500-taibo\/","url":"https:\/\/wontechthietbispa.com\/index.php\/product\/may-co2-t500-taibo\/","name":"M\u00c1Y CO2 T500 TAIBO - WONTECH THI\u1ebeT B\u1eca SPA","isPartOf":{"@id":"https:\/\/wontechthietbispa.com\/#website"},"datePublished":"2024-05-29T02:43:52+00:00","dateModified":"2025-04-03T02:20:40+00:00","breadcrumb":{"@id":"https:\/\/wontechthietbispa.com\/index.php\/product\/may-co2-t500-taibo\/#breadcrumb"},"inLanguage":"en-US","potentialAction":[{"@type":"ReadAction","target":["https:\/\/wontechthietbispa.com\/index.php\/product\/may-co2-t500-taibo\/"]}]},{"@type":"BreadcrumbList","@id":"https:\/\/wontechthietbispa.com\/index.php\/product\/may-co2-t500-taibo\/#breadcrumb","itemListElement":[{"@type":"ListItem","position":1,"name":"Home","item":"https:\/\/wontechthietbispa.com\/"},{"@type":"ListItem","position":2,"name":"Shop","item":"https:\/\/wontechthietbispa.com\/index.php\/shop\/"},{"@type":"ListItem","position":3,"name":"M\u00c1Y CO2 T500 TAIBO"}]},{"@type":"WebSite","@id":"https:\/\/wontechthietbispa.com\/#website","url":"https:\/\/wontechthietbispa.com\/","name":"WONTECH THI\u1ebeT B\u1eca SPA","description":"WONTECH THI\u1ebeT B\u1eca SPA","potentialAction":[{"@type":"SearchAction","target":{"@type":"EntryPoint","urlTemplate":"https:\/\/wontechthietbispa.com\/?s={search_term_string}"},"query-input":"required name=search_term_string"}],"inLanguage":"en-US"}]}},"jetpack_sharing_enabled":true,"_links":{"self":[{"href":"https:\/\/wontechthietbispa.com\/index.php\/wp-json\/wp\/v2\/product\/17651"}],"collection":[{"href":"https:\/\/wontechthietbispa.com\/index.php\/wp-json\/wp\/v2\/product"}],"about":[{"href":"https:\/\/wontechthietbispa.com\/index.php\/wp-json\/wp\/v2\/types\/product"}],"replies":[{"embeddable":true,"href":"https:\/\/wontechthietbispa.com\/index.php\/wp-json\/wp\/v2\/comments?post=17651"}],"version-history":[{"count":2,"href":"https:\/\/wontechthietbispa.com\/index.php\/wp-json\/wp\/v2\/product\/17651\/revisions"}],"predecessor-version":[{"id":17656,"href":"https:\/\/wontechthietbispa.com\/index.php\/wp-json\/wp\/v2\/product\/17651\/revisions\/17656"}],"wp:featuredmedia":[{"embeddable":true,"href":"https:\/\/wontechthietbispa.com\/index.php\/wp-json\/wp\/v2\/media\/17652"}],"wp:attachment":[{"href":"https:\/\/wontechthietbispa.com\/index.php\/wp-json\/wp\/v2\/media?parent=17651"}],"wp:term":[{"taxonomy":"product_cat","embeddable":true,"href":"https:\/\/wontechthietbispa.com\/index.php\/wp-json\/wp\/v2\/product_cat?post=17651"},{"taxonomy":"product_tag","embeddable":true,"href":"https:\/\/wontechthietbispa.com\/index.php\/wp-json\/wp\/v2\/product_tag?post=17651"}],"curies":[{"name":"wp","href":"https:\/\/api.w.org\/{rel}","templated":true}]}}