{"id":17602,"date":"2024-05-08T10:32:07","date_gmt":"2024-05-08T03:32:07","guid":{"rendered":"https:\/\/wontechthietbispa.com\/?post_type=product&#038;p=17602"},"modified":"2026-01-12T09:38:07","modified_gmt":"2026-01-12T02:38:07","slug":"may-laser-picofocus","status":"publish","type":"product","link":"https:\/\/wontechthietbispa.com\/index.php\/product\/may-laser-picofocus\/","title":{"rendered":"M\u00c1Y LASER PICOFOCUS"},"content":{"rendered":"\t\t<div data-elementor-type=\"wp-post\" data-elementor-id=\"17602\" class=\"elementor elementor-17602\">\n\t\t\t\t\t\t\t<div class=\"wd-negative-gap elementor-element elementor-element-3ad83f4 e-flex e-con-boxed wd-section-disabled e-con e-parent\" data-id=\"3ad83f4\" data-element_type=\"container\" data-settings=\"{&quot;content_width&quot;:&quot;boxed&quot;}\" data-core-v316-plus=\"true\">\n\t\t\t\t\t<div class=\"e-con-inner\">\n\t\t\t\t<div class=\"elementor-element elementor-element-3352169 elementor-widget elementor-widget-wd_text_block\" data-id=\"3352169\" data-element_type=\"widget\" data-widget_type=\"wd_text_block.default\">\n\t\t\t\t<div class=\"elementor-widget-container\">\n\t\t\t\t\t<div class=\"wd-text-block reset-last-child text-left\">\n\t\t\t\n\t\t\t<h2 id=\"nguyn_l_lm_viec_cuamy_laser_xa_xam_tri_nm_picoway\">Nguy\u00ean L\u00fd L\u00e0m Vi\u1ec7c C\u1ee7a\u00a0M\u00e1y Laser X\u00f3a X\u0103m Tr\u1ecb N\u00e1m Picoway\u00a0<\/h2><p><strong>PicoWay Laser<\/strong>\u00a0s\u1eed d\u1ee5ng si\u00eau xung \u0111\u1ec3 t\u1ea1o ra n\u0103ng l\u01b0\u1ee3ng l\u1edbn \u1ee9c ch\u1ebf c\u00e1c melanin,C\u00e1c melanin b\u1ecb ph\u00e1 v\u1ee1 tan th\u00e0nh c\u00e1c h\u1ea1t v\u00e0 n\u1ed5i l\u00ean tr\u00ean b\u1ec1 m\u1eb7t, B\u1edfi v\u00ec c\u00e1c h\u1ea1t r\u1ea5t nh\u1ecf, n\u00f3 d\u1ec5 d\u00e0ng b\u1ecb h\u1ea5p th\u1ee5 h\u01a1n v\u00e0 lo\u1ea1i b\u1ecf ra kh\u1ecfi c\u01a1 th\u1ec3 c\u00e1c c\u01a1 th\u1ec3.<\/p><p>Picoway c\u00f3 th\u1ec3 ph\u00e1 v\u1ee1 v\u00e0 gi\u1ea3i ph\u00f2ng b\u1ec1 m\u1eb7t c\u1ee7a c\u00e1c melanin v\u00e0 n\u00f3 l\u00e0 ph\u01b0\u01a1ng ph\u00e1p \u0111i\u1ec1u tr\u1ecb t\u1ed5ng th\u1ec3 tr\u00ean da nh\u01b0\u00a0tr\u1ecb n\u00e1m,\u00a0t\u00e0n nhang, b\u1edbt ch\u00e0m .....<\/p><p><strong><u><em>Laser PicoWay<\/em><\/u><\/strong>\u00a0l\u00e0 ph\u01b0\u01a1ng ph\u00e1p \u0111i\u1ec1u tr\u1ecb s\u1eafc t\u1ed1 da nhanh ch\u00f3ng v\u00e0 d\u1ec5 d\u00e0ng kh\u00f4ng c\u1ea7n ph\u1eabu thu\u1eadt, kh\u00f4ng x\u00e2m l\u1ea5n. laser \u0111i\u1ec1u tr\u1ecb da Cho c\u01a1 th\u1ec3 bao g\u1ed3m m\u1eb7t, tay, ch\u00e2n, v\u00e0 nhi\u1ec1u h\u01a1n n\u1eefa.<\/p><div>\u00a0<img decoding=\"async\" src=\"https:\/\/i0.wp.com\/maythammythutrang.com\/upload\/images\/may-xoa-xam-tri-nam-picoway.jpg?ssl=1\" alt=\"m\u00e1y laser x\u00f3a x\u0103m tr\u1ecb n\u00e1m picoway\" data-recalc-dims=\"1\" \/><\/div><h3>\u00a0Nguy\u00ean L\u00fd C\u1ee7a M\u00e1y Laser X\u00f3a X\u0103m Tr\u1ecb N\u00e1m PicoWay<\/h3><h2 id=\"chuc_nang_cua_my_laser_xa_xam_tri_nm_picoway\">\u00a0Ch\u1ee9c N\u0103ng C\u1ee7a M\u00e1y Laser X\u00f3a X\u0103m Tr\u1ecb N\u00e1m Picoway\u00a0<\/h2><ol><li>Chloasma, \u0111\u1ed1m n\u00e2u, t\u00e0n nhang, ch\u00e1y n\u1eafng, \u0111\u1ed1m tu\u1ed5i, nevus c\u1ee7a OTA, vv<\/li><li>V\u1ebft s\u1eb9o m\u1ee5n tr\u1ee9ng c\u00e1<\/li><li>L\u00e0m tr\u1eafng da, \u00a0lo\u1ea1i b\u1ecf n\u1ebfp nh\u0103n<\/li><li>Lo\u1ea1i b\u1ecf t\u1ea5t c\u1ea3 c\u00e1c m\u00e0u s\u1eafc c\u1ee7a h\u00ecnh x\u0103m\u00a0<\/li><li>Tr\u1ecb N\u00e1m S\u1ed1 1 hi\u1ec7u qu\u1ea3\u00a0<\/li><\/ol><p><img decoding=\"async\" src=\"https:\/\/i0.wp.com\/maythammythutrang.com\/upload\/images\/chuc-nang-may-xoa-xam-tri-nam-picoway.jpg?ssl=1\" alt=\"Ch\u1ee9c N\u0103ng C\u1ee7a M\u00e1y Laser PicoWay\" data-recalc-dims=\"1\" \/><\/p><h3>Ch\u1ee9c N\u0103ng C\u1ee7a M\u00e1y X\u00f3a X\u0103m Picoway<\/h3><h2 id=\"thng_so_ky_thuat_cuamy_laser_xa_xam_tri_nm_picoway\">Th\u00f4ng S\u1ed1 K\u1ef9 Thu\u1eadt C\u1ee7a\u00a0M\u00e1y Laser X\u00f3a X\u0103m Tr\u1ecb N\u00e1m Picoway<\/h2><ul><li>\u0110i\u1ec7n \u00e1p : 110V-240V, 50Hz\/60Hz<\/li><li>Laser \u0110\u1ea7u Ra : 1200W<\/li><li>T\u1ea7n s\u1ed1 : 1-10Hz (C\u00f3 Th\u1ec3 \u0110i\u1ec1u Ch\u1ec9nh)<\/li><li>K\u00edch th\u01b0\u1edbc \u0111i\u1ec3m : 2-10mm (C\u00f3 Th\u1ec3 \u0110i\u1ec1u Ch\u1ec9nh)<\/li><li>B\u01b0\u1edbc s\u00f3ng : 1064nm, 532nm,755nm<\/li><li>\u0110\u1ed9 r\u1ed9ng xung : 2000PS, 800PS, 500 PS<\/li><li>1064nm n\u0103ng l\u01b0\u1ee3ng : 1-2000mj (C\u00f3 Th\u1ec3 \u0110i\u1ec1u Ch\u1ec9nh) 532nm n\u0103ng l\u01b0\u1ee3ng: 1-1000mj (C\u00f3 Th\u1ec3 \u0110i\u1ec1u Ch\u1ec9nh)<\/li><li>Tr\u1ee5c Tay C\u1ea7m : Nh\u1eadp H\u00e0n Qu\u1ed1c<\/li><li>H\u1ec7 th\u1ed1ng l\u00e0m m\u00e1t: Kh\u00f4ng kh\u00ed + N\u01b0\u1edbc + B\u00e1n D\u1eabn M\u00f4-\u0111un<\/li><li>\u0110\u00f3ng g\u00f3i K\u00edch Th\u01b0\u1edbc: 114*80*130cm<\/li><\/ul>\n\t\t\t\t\t<\/div>\n\t\t\t\t<\/div>\n\t\t\t\t<\/div>\n\t\t\t\t\t<\/div>\n\t\t\t\t<\/div>\n\t\t\t\t\t\t\t<\/div>\n\t\t","protected":false},"excerpt":{"rendered":"<p><strong>M\u00e1y X\u00f3a X\u0103m, M\u00e1y \u0110i\u1ec1u Tr\u1ecb N\u00e1m Picoway<\/strong>\u00a0l\u00e0 d\u00f2ng m\u00e1y laser th\u1ea9m m\u1ef9 c\u00f4ng ngh\u1ec7 cao, d\u00f2ng chuy\u00ean d\u1ee5ng cho<strong><em>\u00a0x\u00f3a x\u0103m, tr\u1ecb n\u00e1m v\u00e0 t\u00e0n nhang<\/em><\/strong>. C\u00f3 th\u1ec3 n\u00f3i Picoway l\u00e0 d\u00f2ng m\u00e1y laser x\u00f3a x\u0103m hi\u1ec7u qu\u1ea3 b\u1eadc nh\u1ea5t hi\u1ec7n nay, \u0111\u01b0\u1ee3c m\u1ec7nh danh l\u00e0 \u201c<em><strong>Vua \u0111i\u1ec1u tr\u1ecb s\u1eafc t\u1ed1 da<\/strong><\/em>\u201d \u1ee9ng d\u1ee5ng c\u00f4ng ngh\u1ec7 hi\u1ec7n \u0111\u1ea1i. S\u1ea3n ph\u1ea9m \u0111\u01b0\u1ee3c nhi\u1ec1u chuy\u00ean gia b\u00e1c s\u0129 khuy\u00ean d\u00f9ng v\u00e0 \u0111ang \u0111\u01b0\u1ee3c \u1ee9ng d\u1ee5ng r\u1ed9ng r\u00e3i t\u1ea1i c\u00e1c spa, th\u1ea9m m\u1ef9 vi\u1ec7n tr\u00ean to\u00e0n qu\u1ed1c.<\/p>\n","protected":false},"featured_media":17599,"comment_status":"open","ping_status":"closed","template":"","meta":[],"product_cat":[78],"product_tag":[],"yoast_head":"<!-- This site is optimized with the Yoast SEO plugin v21.5 - https:\/\/yoast.com\/wordpress\/plugins\/seo\/ -->\n<title>M\u00c1Y LASER PICOFOCUS - WONTECH THI\u1ebeT B\u1eca SPA<\/title>\n<meta name=\"robots\" content=\"index, follow, max-snippet:-1, max-image-preview:large, max-video-preview:-1\" \/>\n<link rel=\"canonical\" href=\"https:\/\/wontechthietbispa.com\/index.php\/product\/may-laser-picofocus\/\" \/>\n<meta property=\"og:locale\" content=\"en_US\" \/>\n<meta property=\"og:type\" content=\"article\" \/>\n<meta property=\"og:title\" content=\"M\u00c1Y LASER PICOFOCUS - WONTECH THI\u1ebeT B\u1eca SPA\" \/>\n<meta property=\"og:description\" content=\"M\u00e1y X\u00f3a X\u0103m, M\u00e1y \u0110i\u1ec1u Tr\u1ecb N\u00e1m Picoway\u00a0l\u00e0 d\u00f2ng m\u00e1y laser th\u1ea9m m\u1ef9 c\u00f4ng ngh\u1ec7 cao, d\u00f2ng chuy\u00ean d\u1ee5ng cho\u00a0x\u00f3a x\u0103m, tr\u1ecb n\u00e1m v\u00e0 t\u00e0n nhang. C\u00f3 th\u1ec3 n\u00f3i Picoway l\u00e0 d\u00f2ng m\u00e1y laser x\u00f3a x\u0103m hi\u1ec7u qu\u1ea3 b\u1eadc nh\u1ea5t hi\u1ec7n nay, \u0111\u01b0\u1ee3c m\u1ec7nh danh l\u00e0 \u201cVua \u0111i\u1ec1u tr\u1ecb s\u1eafc t\u1ed1 da\u201d \u1ee9ng d\u1ee5ng c\u00f4ng ngh\u1ec7 hi\u1ec7n \u0111\u1ea1i. S\u1ea3n ph\u1ea9m \u0111\u01b0\u1ee3c nhi\u1ec1u chuy\u00ean gia b\u00e1c s\u0129 khuy\u00ean d\u00f9ng v\u00e0 \u0111ang \u0111\u01b0\u1ee3c \u1ee9ng d\u1ee5ng r\u1ed9ng r\u00e3i t\u1ea1i c\u00e1c spa, th\u1ea9m m\u1ef9 vi\u1ec7n tr\u00ean to\u00e0n qu\u1ed1c.\" \/>\n<meta property=\"og:url\" content=\"https:\/\/wontechthietbispa.com\/index.php\/product\/may-laser-picofocus\/\" \/>\n<meta property=\"og:site_name\" content=\"WONTECH THI\u1ebeT B\u1eca SPA\" \/>\n<meta property=\"article:modified_time\" content=\"2026-01-12T02:38:07+00:00\" \/>\n<meta property=\"og:image\" content=\"http:\/\/wontechthietbispa.com\/wp-content\/uploads\/2024\/05\/Untitled-1-3.png\" \/>\n\t<meta property=\"og:image:width\" content=\"700\" \/>\n\t<meta property=\"og:image:height\" content=\"800\" \/>\n\t<meta property=\"og:image:type\" content=\"image\/png\" \/>\n<meta name=\"twitter:card\" content=\"summary_large_image\" \/>\n<meta name=\"twitter:label1\" content=\"Est. reading time\" \/>\n\t<meta name=\"twitter:data1\" content=\"2 minutes\" \/>\n<script type=\"application\/ld+json\" class=\"yoast-schema-graph\">{\"@context\":\"https:\/\/schema.org\",\"@graph\":[{\"@type\":\"WebPage\",\"@id\":\"https:\/\/wontechthietbispa.com\/index.php\/product\/may-laser-picofocus\/\",\"url\":\"https:\/\/wontechthietbispa.com\/index.php\/product\/may-laser-picofocus\/\",\"name\":\"M\u00c1Y LASER PICOFOCUS - WONTECH THI\u1ebeT B\u1eca SPA\",\"isPartOf\":{\"@id\":\"https:\/\/wontechthietbispa.com\/#website\"},\"datePublished\":\"2024-05-08T03:32:07+00:00\",\"dateModified\":\"2026-01-12T02:38:07+00:00\",\"breadcrumb\":{\"@id\":\"https:\/\/wontechthietbispa.com\/index.php\/product\/may-laser-picofocus\/#breadcrumb\"},\"inLanguage\":\"en-US\",\"potentialAction\":[{\"@type\":\"ReadAction\",\"target\":[\"https:\/\/wontechthietbispa.com\/index.php\/product\/may-laser-picofocus\/\"]}]},{\"@type\":\"BreadcrumbList\",\"@id\":\"https:\/\/wontechthietbispa.com\/index.php\/product\/may-laser-picofocus\/#breadcrumb\",\"itemListElement\":[{\"@type\":\"ListItem\",\"position\":1,\"name\":\"Home\",\"item\":\"https:\/\/wontechthietbispa.com\/\"},{\"@type\":\"ListItem\",\"position\":2,\"name\":\"Shop\",\"item\":\"https:\/\/wontechthietbispa.com\/index.php\/shop\/\"},{\"@type\":\"ListItem\",\"position\":3,\"name\":\"M\u00c1Y LASER PICOFOCUS\"}]},{\"@type\":\"WebSite\",\"@id\":\"https:\/\/wontechthietbispa.com\/#website\",\"url\":\"https:\/\/wontechthietbispa.com\/\",\"name\":\"WONTECH THI\u1ebeT B\u1eca SPA\",\"description\":\"WONTECH THI\u1ebeT B\u1eca SPA\",\"potentialAction\":[{\"@type\":\"SearchAction\",\"target\":{\"@type\":\"EntryPoint\",\"urlTemplate\":\"https:\/\/wontechthietbispa.com\/?s={search_term_string}\"},\"query-input\":\"required name=search_term_string\"}],\"inLanguage\":\"en-US\"}]}<\/script>\n<!-- \/ Yoast SEO plugin. -->","yoast_head_json":{"title":"M\u00c1Y LASER PICOFOCUS - WONTECH THI\u1ebeT B\u1eca SPA","robots":{"index":"index","follow":"follow","max-snippet":"max-snippet:-1","max-image-preview":"max-image-preview:large","max-video-preview":"max-video-preview:-1"},"canonical":"https:\/\/wontechthietbispa.com\/index.php\/product\/may-laser-picofocus\/","og_locale":"en_US","og_type":"article","og_title":"M\u00c1Y LASER PICOFOCUS - WONTECH THI\u1ebeT B\u1eca SPA","og_description":"M\u00e1y X\u00f3a X\u0103m, M\u00e1y \u0110i\u1ec1u Tr\u1ecb N\u00e1m Picoway\u00a0l\u00e0 d\u00f2ng m\u00e1y laser th\u1ea9m m\u1ef9 c\u00f4ng ngh\u1ec7 cao, d\u00f2ng chuy\u00ean d\u1ee5ng cho\u00a0x\u00f3a x\u0103m, tr\u1ecb n\u00e1m v\u00e0 t\u00e0n nhang. C\u00f3 th\u1ec3 n\u00f3i Picoway l\u00e0 d\u00f2ng m\u00e1y laser x\u00f3a x\u0103m hi\u1ec7u qu\u1ea3 b\u1eadc nh\u1ea5t hi\u1ec7n nay, \u0111\u01b0\u1ee3c m\u1ec7nh danh l\u00e0 \u201cVua \u0111i\u1ec1u tr\u1ecb s\u1eafc t\u1ed1 da\u201d \u1ee9ng d\u1ee5ng c\u00f4ng ngh\u1ec7 hi\u1ec7n \u0111\u1ea1i. S\u1ea3n ph\u1ea9m \u0111\u01b0\u1ee3c nhi\u1ec1u chuy\u00ean gia b\u00e1c s\u0129 khuy\u00ean d\u00f9ng v\u00e0 \u0111ang \u0111\u01b0\u1ee3c \u1ee9ng d\u1ee5ng r\u1ed9ng r\u00e3i t\u1ea1i c\u00e1c spa, th\u1ea9m m\u1ef9 vi\u1ec7n tr\u00ean to\u00e0n qu\u1ed1c.","og_url":"https:\/\/wontechthietbispa.com\/index.php\/product\/may-laser-picofocus\/","og_site_name":"WONTECH THI\u1ebeT B\u1eca SPA","article_modified_time":"2026-01-12T02:38:07+00:00","og_image":[{"width":700,"height":800,"url":"http:\/\/wontechthietbispa.com\/wp-content\/uploads\/2024\/05\/Untitled-1-3.png","type":"image\/png"}],"twitter_card":"summary_large_image","twitter_misc":{"Est. reading time":"2 minutes"},"schema":{"@context":"https:\/\/schema.org","@graph":[{"@type":"WebPage","@id":"https:\/\/wontechthietbispa.com\/index.php\/product\/may-laser-picofocus\/","url":"https:\/\/wontechthietbispa.com\/index.php\/product\/may-laser-picofocus\/","name":"M\u00c1Y LASER PICOFOCUS - WONTECH THI\u1ebeT B\u1eca SPA","isPartOf":{"@id":"https:\/\/wontechthietbispa.com\/#website"},"datePublished":"2024-05-08T03:32:07+00:00","dateModified":"2026-01-12T02:38:07+00:00","breadcrumb":{"@id":"https:\/\/wontechthietbispa.com\/index.php\/product\/may-laser-picofocus\/#breadcrumb"},"inLanguage":"en-US","potentialAction":[{"@type":"ReadAction","target":["https:\/\/wontechthietbispa.com\/index.php\/product\/may-laser-picofocus\/"]}]},{"@type":"BreadcrumbList","@id":"https:\/\/wontechthietbispa.com\/index.php\/product\/may-laser-picofocus\/#breadcrumb","itemListElement":[{"@type":"ListItem","position":1,"name":"Home","item":"https:\/\/wontechthietbispa.com\/"},{"@type":"ListItem","position":2,"name":"Shop","item":"https:\/\/wontechthietbispa.com\/index.php\/shop\/"},{"@type":"ListItem","position":3,"name":"M\u00c1Y LASER PICOFOCUS"}]},{"@type":"WebSite","@id":"https:\/\/wontechthietbispa.com\/#website","url":"https:\/\/wontechthietbispa.com\/","name":"WONTECH THI\u1ebeT B\u1eca SPA","description":"WONTECH THI\u1ebeT B\u1eca SPA","potentialAction":[{"@type":"SearchAction","target":{"@type":"EntryPoint","urlTemplate":"https:\/\/wontechthietbispa.com\/?s={search_term_string}"},"query-input":"required name=search_term_string"}],"inLanguage":"en-US"}]}},"jetpack_sharing_enabled":true,"_links":{"self":[{"href":"https:\/\/wontechthietbispa.com\/index.php\/wp-json\/wp\/v2\/product\/17602"}],"collection":[{"href":"https:\/\/wontechthietbispa.com\/index.php\/wp-json\/wp\/v2\/product"}],"about":[{"href":"https:\/\/wontechthietbispa.com\/index.php\/wp-json\/wp\/v2\/types\/product"}],"replies":[{"embeddable":true,"href":"https:\/\/wontechthietbispa.com\/index.php\/wp-json\/wp\/v2\/comments?post=17602"}],"version-history":[{"count":1,"href":"https:\/\/wontechthietbispa.com\/index.php\/wp-json\/wp\/v2\/product\/17602\/revisions"}],"predecessor-version":[{"id":17603,"href":"https:\/\/wontechthietbispa.com\/index.php\/wp-json\/wp\/v2\/product\/17602\/revisions\/17603"}],"wp:featuredmedia":[{"embeddable":true,"href":"https:\/\/wontechthietbispa.com\/index.php\/wp-json\/wp\/v2\/media\/17599"}],"wp:attachment":[{"href":"https:\/\/wontechthietbispa.com\/index.php\/wp-json\/wp\/v2\/media?parent=17602"}],"wp:term":[{"taxonomy":"product_cat","embeddable":true,"href":"https:\/\/wontechthietbispa.com\/index.php\/wp-json\/wp\/v2\/product_cat?post=17602"},{"taxonomy":"product_tag","embeddable":true,"href":"https:\/\/wontechthietbispa.com\/index.php\/wp-json\/wp\/v2\/product_tag?post=17602"}],"curies":[{"name":"wp","href":"https:\/\/api.w.org\/{rel}","templated":true}]}}