{"id":17350,"date":"2023-12-11T11:52:52","date_gmt":"2023-12-11T04:52:52","guid":{"rendered":"https:\/\/wontechthietbispa.com\/?post_type=product&#038;p=17350"},"modified":"2026-01-12T09:57:31","modified_gmt":"2026-01-12T02:57:31","slug":"giam-beo-rf-melodic","status":"publish","type":"product","link":"https:\/\/wontechthietbispa.com\/index.php\/product\/giam-beo-rf-melodic\/","title":{"rendered":"GI\u1ea2M B\u00c9O RF MELODIC"},"content":{"rendered":"<ul>\n<li style=\"font-weight: 400;\" aria-level=\"1\"><span style=\"font-weight: 400;\">M\u00e1y N\u00e2ng C\u01a1 RET \u00a0 l\u00e0 m\u1ed9t thi\u1ebft b\u1ecb s\u1eed d\u1ee5ng c\u00f4ng ngh\u1ec7 RET l\u01b0\u1ee1ng c\u1ef1c gi\u00fap h\u1ed7 tr\u1ee3 \u0111i\u1ec1u tr\u1ecb hi\u1ec7u qu\u1ea3: b\u00e9o ph\u00ec, n\u00e2ng c\u01a1 m\u1eb7t, x\u00f3a n\u1ebfp nh\u0103n v\u00e0 \u0111au nh\u1ee9c l\u00e2m s\u00e0ng. H\u1ec7 th\u1ed1ng M\u00e1y N\u00e2ng C\u01a1 RET gi\u00fap mang \u0111\u1ebfn c\u1ea3m gi\u00e1c d\u1ec5 ch\u1ecbu, k\u00edch th\u00edch, ti\u1ebfp th\u00eam sinh l\u1ef1c cho to\u00e0n b\u1ed9 c\u01a1 th\u1ec3 \u0111\u1ed3ng th\u1eddi k\u00edch th\u00edch s\u1ea3n sinh collagen l\u00e0m \u0111\u1eb9p da, ch\u1ed1ng l\u1ea1i l\u00e3o h\u00f3a, mang l\u1ea1i cho b\u1ea1n tu\u1ed5i thanh xu\u00e2n l\u00e2u d\u00e0i v\u00e0 r\u1ea1ng r\u1ee1 m\u1ed7i ng\u00e0y.<\/span><\/li>\n<li style=\"font-weight: 400;\" aria-level=\"1\"><span style=\"font-weight: 400;\">\u00a0<\/span><\/li>\n<li style=\"font-weight: 400;\" aria-level=\"1\"><span style=\"font-weight: 400;\">L\u00e0 thi\u1ebft b\u1ecb th\u1ea9m m\u1ef9 c\u00f4ng ngh\u1ec7 cao s\u1eed d\u1ee5ng c\u00f4ng ngh\u1ec7\u00a0 RET \u2013 s\u1eed d\u1ee5ng n\u0103ng l\u01b0\u1ee3ng \u0111i\u1ec7n t\u1eeb t\u00e1c \u0111\u1ed9ng s\u00e2u v\u00e0o s\u00e2u b\u00ean trong da, kho\u1ea3ng 5-15mm, \u0111\u1ed9 s\u00e2u n\u00e0y c\u0169ng t\u00f9y thu\u1ed9c v\u00e0o \u0111\u1ea7u s\u1eed d\u1ee5ng \u0111\u1ec3 \u0111i\u1ec1u tr\u1ecb, t\u0103ng nhi\u1ec7t \u0111\u1ed9 m\u00f4 d\u01b0\u1edbi da \u0111\u1ebfn 40-45 \u0111\u1ed9 C m\u00e0 ho\u00e0n to\u00e0n kh\u00f4ng \u1ea3nh h\u01b0\u1edfng \u0111\u1ebfn b\u1ec1 m\u1eb7t c\u1ee7a da. M\u00f4 m\u1ee1 h\u1ea5p th\u1ee5 nhi\u1ec7t c\u1ef1c k\u1ef3 nh\u1ea1y, g\u1ea5p 3 l\u1ea7n so v\u1edbi c\u00e1c m\u00f4 xung quanh v\u1eady n\u00ean d\u1ec5 b\u1ecb t\u00e1c \u0111\u1ed9ng c\u1ee7a nhi\u1ec7t ph\u00e2n h\u1ee7y, \u0111\u00e0o th\u1ea3i ra b\u00ean ngo\u00e0i theo h\u1ec7 b\u00e0i ti\u1ebft c\u1ee7a c\u01a1 th\u1ec3. Nhi\u1ec7t sinh ra s\u1ebd k\u00edch th\u00edch nh\u1eefng s\u1ee3i elastin \u0111\u00e3 b\u1ecb gi\u00e3n \u2013 nguy\u00ean nh\u00e2n l\u00e0m da nh\u00e3o v\u00e0 ch\u1ea3y x\u1ec7 \u2013 co l\u1ea1i ngay, \u0111\u1ed3ng th\u1eddi c\u0169ng k\u00edch th\u00edch s\u1ea3n sinh elastin v\u00e0 collagen m\u1edbi \u1edf c\u00e1c l\u1edbp c\u1ee7a da v\u00e0 l\u1edbp c\u01a1 b\u00e1m da.<\/span><\/li>\n<li style=\"font-weight: 400;\" aria-level=\"1\">\n<h3><b>\u01afu \u0111i\u1ec3m m\u00e1y n\u00e2ng c\u01a1 RET \u00a0 :<\/b><\/h3>\n<\/li>\n<li style=\"font-weight: 400;\" aria-level=\"1\"><span style=\"font-weight: 400;\">Nhi\u1ec7t l\u01b0\u1ee3ng ph\u00e1t ra t\u1eeb c\u00e1c \u0111\u1ea7u \u0111i\u1ec1u tr\u1ecb d\u1ec5 d\u00e0ng x\u00e2m nh\u1eadp s\u00e2u v\u00e0o trong l\u1edbp trung b\u00ec c\u1ee7a da t\u1eeb \u0111\u00f3 d\u1ec5 d\u00e0ng ph\u00e1 v\u1ee1 c\u00e1c li\u00ean k\u1ebft m\u1ee1, \u0111\u00e0o th\u1ea3i ch\u00fang theo h\u1ec7 b\u00e0i ti\u1ebft. Gi\u00fap t\u00e1i t\u1ea1o v\u00e0 s\u1ea3n sinh Collagen, Elastin nhi\u1ec1u h\u01a1n gi\u00fap da l\u1ea5y l\u1ea1i n\u00e9t thanh xu\u00e2n, c\u0103ng m\u1ecbn, tr\u1eafng s\u00e1ng.<\/span><\/li>\n<li style=\"font-weight: 400;\" aria-level=\"1\"><span style=\"font-weight: 400;\">Kh\u00f4ng nh\u1eefng th\u1ebf nhi\u1ec7t l\u01b0\u1ee3ng \u0111\u00f3 c\u00f2n gi\u00fap th\u00fac \u0111\u1ea9y h\u1ec7 b\u1ea1ch huy\u1ebft l\u01b0u th\u00f4ng t\u1ed1t h\u01a1n, gia t\u0103ng kh\u1ea3 n\u0103ng cung c\u1ea5p oxy cho da, kh\u1ea3 n\u0103ng h\u1ea5p th\u1ee5 ch\u1ea5t dinh d\u01b0\u1ee1ng t\u1ed1t h\u01a1n.<\/span><\/li>\n<li style=\"font-weight: 400;\" aria-level=\"1\"><span style=\"font-weight: 400;\">M\u00e1y n\u00e2ng c\u01a1\u00a0 RET \u00a0 trang b\u1ecb h\u1ec7 th\u1ed1ng v\u1eadn h\u00e0nh \u0111\u01a1n gi\u1ea3n, d\u1ec5 d\u00e0ng s\u1eed d\u1ee5ng, kh\u00f4ng t\u1ed1n nhi\u1ec1u th\u1eddi gian \u0111\u1ec3 h\u1ecdc h\u1ecfi v\u1ec1 m\u00e1y. Th\u00e2n m\u00e1y \u0111\u01b0\u1ee3c l\u00e0m b\u1eb1ng s\u1eaft nguy\u00ean kh\u1ed1i s\u01a1n t\u0129nh \u0111i\u1ec7n mang l\u1ea1i v\u1ebb \u0111\u1eb9p \u0111\u00e1p \u1ee9ng \u0111\u01b0\u1ee3c t\u00ednh th\u1ea9m m\u1ef9 trong ng\u00e0nh l\u00e0m \u0111\u1eb9p.<\/span><\/li>\n<li style=\"font-weight: 400;\" aria-level=\"1\"><span style=\"font-weight: 400;\">M\u00e1y n\u00e2ng c\u01a1 RET\u00a0\u00a0<\/span><\/li>\n<li style=\"font-weight: 400;\" aria-level=\"1\">\n<h3><b>Ph\u1ea1m vi \u1ee9ng d\u1ee5ng c\u1ee7a m\u00e1y n\u00e2ng c\u01a1 RET\u00a0 :<\/b><\/h3>\n<\/li>\n<li style=\"font-weight: 400;\" aria-level=\"1\"><span style=\"font-weight: 400;\">X\u00f3a th\u00e2m qu\u1ea7ng m\u1eaft. b\u1ecdng m\u1eaft<\/span><span style=\"font-weight: 400;\"><br \/>\n<\/span><span style=\"font-weight: 400;\">X\u00f3a n\u1ebfp nh\u0103n gi\u00fap da ph\u1eb3ng m\u1ecbn<\/span><span style=\"font-weight: 400;\"><br \/>\n<\/span><span style=\"font-weight: 400;\">C\u1ea3i thi\u1ec7n da l\u1ecfng nh\u00e3o, da th\u00f4, ph\u1ee5c h\u1ed3i \u0111\u1ed9 \u0111\u00e0n h\u1ed3i, gi\u00fap da s\u00e1ng m\u1ecbn \u0111\u1ec1u m\u00e0u<\/span><\/li>\n<li style=\"font-weight: 400;\" aria-level=\"1\"><span style=\"font-weight: 400;\">Se kh\u00edt l\u1ed7 ch\u00e2n l\u00f4ng, l\u00e0m m\u1edd v\u1ebft s\u1eb9o do m\u1ee5n<\/span><span style=\"font-weight: 400;\"><br \/>\n<\/span><span style=\"font-weight: 400;\">L\u00e0m m\u1edd r\u1ea1n n\u1ee9t v\u00f9ng b\u1ee5ng, g\u1ecdn \u0111\u00f9i, n\u00e2ng ng\u1ef1c, m\u00f4ng<\/span><span style=\"font-weight: 400;\"><br \/>\n<\/span><span style=\"font-weight: 400;\">C\u1ea3i thi\u1ec7n suy gi\u1ea3m t\u0129nh m\u1ea1ch,<\/span><span style=\"font-weight: 400;\"><br \/>\n<\/span><span style=\"font-weight: 400;\">Xoa d\u1ecbu v\u00e0 gi\u1ea3m \u0111au kh\u1edbp<\/span><\/li>\n<li style=\"font-weight: 400;\" aria-level=\"1\"><span style=\"font-weight: 400;\">M\u00e1y RET\u00a0\u00a0<\/span><\/li>\n<li style=\"font-weight: 400;\" aria-level=\"1\">\n<h3><b>Th\u00f4ng s\u1ed1 k\u1ef9 thu\u1eadt c\u1ee7a m\u00e1y n\u00e2ng c\u01a1 RET\u00a0 :<\/b><\/h3>\n<\/li>\n<li style=\"font-weight: 400;\" aria-level=\"1\"><span style=\"font-weight: 400;\">\u2013 Ngu\u1ed3n \u0111i\u1ec7n : 220v-50\/60Hz.<\/span><\/li>\n<li style=\"font-weight: 400;\" aria-level=\"1\"><span style=\"font-weight: 400;\">\u2013 \u0110i\u1ec7n n\u0103ng ti\u00eau th\u1ee5 : 1.2kVA.<\/span><\/li>\n<li style=\"font-weight: 400;\" aria-level=\"1\"><span style=\"font-weight: 400;\">\u2013 C\u00f4ng su\u1ea5t : 1000W.<\/span><\/li>\n<li style=\"font-weight: 400;\" aria-level=\"1\"><span style=\"font-weight: 400;\">\u2013 \u0110\u1ed9 s\u00e2u x\u00e2m l\u1ea5n : t\u1ed1i \u0111a 10cm.<\/span><\/li>\n<li style=\"font-weight: 400;\" aria-level=\"1\"><span style=\"font-weight: 400;\">\u2013 T\u1ea7n s\u1ed1 : 300KHz \u2013 500KHz.<\/span><\/li>\n<li style=\"font-weight: 400;\" aria-level=\"1\"><span style=\"font-weight: 400;\">\u2013 S\u1ed1 tay c\u1ea7m : 2.<\/span><\/li>\n<li style=\"font-weight: 400;\" aria-level=\"1\"><span style=\"font-weight: 400;\">\u2013 S\u1ed1 \u0111\u1ea7u \u0111i\u1ec1u tr\u1ecb : 7.<\/span><\/li>\n<li style=\"font-weight: 400;\" aria-level=\"1\"><span style=\"font-weight: 400;\">\u2013 K\u00edch th\u01b0\u1edbc :\u00a0 135 * 49 * 45cm<\/span><\/li>\n<li style=\"font-weight: 400;\" aria-level=\"1\"><\/li>\n<\/ul>\n<p>&nbsp;<\/p>\n","protected":false},"excerpt":{"rendered":"<p>H\u1ec7 th\u1ed1ng gi\u1ea3m b\u00e9o gi\u00fap mang \u0111\u1ebfn c\u1ea3m gi\u00e1c d\u1ec5 ch\u1ecbu, k\u00edch th\u00edch, ti\u1ebfp th\u00eam sinh l\u1ef1c cho to\u00e0n b\u1ed9 c\u01a1 th\u1ec3 \u0111\u1ed3ng th\u1eddi k\u00edch th\u00edch s\u1ea3n sinh collagen l\u00e0m \u0111\u1eb9p da, ch\u1ed1ng l\u1ea1i l\u00e3o h\u00f3a, mang l\u1ea1i cho b\u1ea1n tu\u1ed5i thanh xu\u00e2n l\u00e2u d\u00e0i v\u00e0 r\u1ea1ng r\u1ee1 m\u1ed7i ng\u00e0y.<\/p>\n","protected":false},"featured_media":17351,"comment_status":"open","ping_status":"closed","template":"","meta":[],"product_cat":[32],"product_tag":[],"yoast_head":"<!-- This site is optimized with the Yoast SEO plugin v21.5 - https:\/\/yoast.com\/wordpress\/plugins\/seo\/ -->\n<title>GI\u1ea2M B\u00c9O RF MELODIC - WONTECH THI\u1ebeT B\u1eca SPA<\/title>\n<meta name=\"robots\" content=\"index, follow, max-snippet:-1, max-image-preview:large, max-video-preview:-1\" \/>\n<link rel=\"canonical\" href=\"https:\/\/wontechthietbispa.com\/index.php\/product\/giam-beo-rf-melodic\/\" \/>\n<meta property=\"og:locale\" content=\"en_US\" \/>\n<meta property=\"og:type\" content=\"article\" \/>\n<meta property=\"og:title\" content=\"GI\u1ea2M B\u00c9O RF MELODIC - WONTECH THI\u1ebeT B\u1eca SPA\" \/>\n<meta property=\"og:description\" content=\"H\u1ec7 th\u1ed1ng gi\u1ea3m b\u00e9o gi\u00fap mang \u0111\u1ebfn c\u1ea3m gi\u00e1c d\u1ec5 ch\u1ecbu, k\u00edch th\u00edch, ti\u1ebfp th\u00eam sinh l\u1ef1c cho to\u00e0n b\u1ed9 c\u01a1 th\u1ec3 \u0111\u1ed3ng th\u1eddi k\u00edch th\u00edch s\u1ea3n sinh collagen l\u00e0m \u0111\u1eb9p da, ch\u1ed1ng l\u1ea1i l\u00e3o h\u00f3a, mang l\u1ea1i cho b\u1ea1n tu\u1ed5i thanh xu\u00e2n l\u00e2u d\u00e0i v\u00e0 r\u1ea1ng r\u1ee1 m\u1ed7i ng\u00e0y.\" \/>\n<meta property=\"og:url\" content=\"https:\/\/wontechthietbispa.com\/index.php\/product\/giam-beo-rf-melodic\/\" \/>\n<meta property=\"og:site_name\" content=\"WONTECH THI\u1ebeT B\u1eca SPA\" \/>\n<meta property=\"article:modified_time\" content=\"2026-01-12T02:57:31+00:00\" \/>\n<meta property=\"og:image\" content=\"http:\/\/wontechthietbispa.com\/wp-content\/uploads\/2023\/12\/Untitlecd-1.png\" \/>\n\t<meta property=\"og:image:width\" content=\"700\" \/>\n\t<meta property=\"og:image:height\" content=\"800\" \/>\n\t<meta property=\"og:image:type\" content=\"image\/png\" \/>\n<meta name=\"twitter:card\" content=\"summary_large_image\" \/>\n<meta name=\"twitter:label1\" content=\"Est. reading time\" \/>\n\t<meta name=\"twitter:data1\" content=\"3 minutes\" \/>\n<script type=\"application\/ld+json\" class=\"yoast-schema-graph\">{\"@context\":\"https:\/\/schema.org\",\"@graph\":[{\"@type\":\"WebPage\",\"@id\":\"https:\/\/wontechthietbispa.com\/index.php\/product\/giam-beo-rf-melodic\/\",\"url\":\"https:\/\/wontechthietbispa.com\/index.php\/product\/giam-beo-rf-melodic\/\",\"name\":\"GI\u1ea2M B\u00c9O RF MELODIC - WONTECH THI\u1ebeT B\u1eca SPA\",\"isPartOf\":{\"@id\":\"https:\/\/wontechthietbispa.com\/#website\"},\"datePublished\":\"2023-12-11T04:52:52+00:00\",\"dateModified\":\"2026-01-12T02:57:31+00:00\",\"breadcrumb\":{\"@id\":\"https:\/\/wontechthietbispa.com\/index.php\/product\/giam-beo-rf-melodic\/#breadcrumb\"},\"inLanguage\":\"en-US\",\"potentialAction\":[{\"@type\":\"ReadAction\",\"target\":[\"https:\/\/wontechthietbispa.com\/index.php\/product\/giam-beo-rf-melodic\/\"]}]},{\"@type\":\"BreadcrumbList\",\"@id\":\"https:\/\/wontechthietbispa.com\/index.php\/product\/giam-beo-rf-melodic\/#breadcrumb\",\"itemListElement\":[{\"@type\":\"ListItem\",\"position\":1,\"name\":\"Home\",\"item\":\"https:\/\/wontechthietbispa.com\/\"},{\"@type\":\"ListItem\",\"position\":2,\"name\":\"Shop\",\"item\":\"https:\/\/wontechthietbispa.com\/index.php\/shop\/\"},{\"@type\":\"ListItem\",\"position\":3,\"name\":\"GI\u1ea2M B\u00c9O RF MELODIC\"}]},{\"@type\":\"WebSite\",\"@id\":\"https:\/\/wontechthietbispa.com\/#website\",\"url\":\"https:\/\/wontechthietbispa.com\/\",\"name\":\"WONTECH THI\u1ebeT B\u1eca SPA\",\"description\":\"WONTECH THI\u1ebeT B\u1eca SPA\",\"potentialAction\":[{\"@type\":\"SearchAction\",\"target\":{\"@type\":\"EntryPoint\",\"urlTemplate\":\"https:\/\/wontechthietbispa.com\/?s={search_term_string}\"},\"query-input\":\"required name=search_term_string\"}],\"inLanguage\":\"en-US\"}]}<\/script>\n<!-- \/ Yoast SEO plugin. -->","yoast_head_json":{"title":"GI\u1ea2M B\u00c9O RF MELODIC - WONTECH THI\u1ebeT B\u1eca SPA","robots":{"index":"index","follow":"follow","max-snippet":"max-snippet:-1","max-image-preview":"max-image-preview:large","max-video-preview":"max-video-preview:-1"},"canonical":"https:\/\/wontechthietbispa.com\/index.php\/product\/giam-beo-rf-melodic\/","og_locale":"en_US","og_type":"article","og_title":"GI\u1ea2M B\u00c9O RF MELODIC - WONTECH THI\u1ebeT B\u1eca SPA","og_description":"H\u1ec7 th\u1ed1ng gi\u1ea3m b\u00e9o gi\u00fap mang \u0111\u1ebfn c\u1ea3m gi\u00e1c d\u1ec5 ch\u1ecbu, k\u00edch th\u00edch, ti\u1ebfp th\u00eam sinh l\u1ef1c cho to\u00e0n b\u1ed9 c\u01a1 th\u1ec3 \u0111\u1ed3ng th\u1eddi k\u00edch th\u00edch s\u1ea3n sinh collagen l\u00e0m \u0111\u1eb9p da, ch\u1ed1ng l\u1ea1i l\u00e3o h\u00f3a, mang l\u1ea1i cho b\u1ea1n tu\u1ed5i thanh xu\u00e2n l\u00e2u d\u00e0i v\u00e0 r\u1ea1ng r\u1ee1 m\u1ed7i ng\u00e0y.","og_url":"https:\/\/wontechthietbispa.com\/index.php\/product\/giam-beo-rf-melodic\/","og_site_name":"WONTECH THI\u1ebeT B\u1eca SPA","article_modified_time":"2026-01-12T02:57:31+00:00","og_image":[{"width":700,"height":800,"url":"http:\/\/wontechthietbispa.com\/wp-content\/uploads\/2023\/12\/Untitlecd-1.png","type":"image\/png"}],"twitter_card":"summary_large_image","twitter_misc":{"Est. reading time":"3 minutes"},"schema":{"@context":"https:\/\/schema.org","@graph":[{"@type":"WebPage","@id":"https:\/\/wontechthietbispa.com\/index.php\/product\/giam-beo-rf-melodic\/","url":"https:\/\/wontechthietbispa.com\/index.php\/product\/giam-beo-rf-melodic\/","name":"GI\u1ea2M B\u00c9O RF MELODIC - WONTECH THI\u1ebeT B\u1eca SPA","isPartOf":{"@id":"https:\/\/wontechthietbispa.com\/#website"},"datePublished":"2023-12-11T04:52:52+00:00","dateModified":"2026-01-12T02:57:31+00:00","breadcrumb":{"@id":"https:\/\/wontechthietbispa.com\/index.php\/product\/giam-beo-rf-melodic\/#breadcrumb"},"inLanguage":"en-US","potentialAction":[{"@type":"ReadAction","target":["https:\/\/wontechthietbispa.com\/index.php\/product\/giam-beo-rf-melodic\/"]}]},{"@type":"BreadcrumbList","@id":"https:\/\/wontechthietbispa.com\/index.php\/product\/giam-beo-rf-melodic\/#breadcrumb","itemListElement":[{"@type":"ListItem","position":1,"name":"Home","item":"https:\/\/wontechthietbispa.com\/"},{"@type":"ListItem","position":2,"name":"Shop","item":"https:\/\/wontechthietbispa.com\/index.php\/shop\/"},{"@type":"ListItem","position":3,"name":"GI\u1ea2M B\u00c9O RF MELODIC"}]},{"@type":"WebSite","@id":"https:\/\/wontechthietbispa.com\/#website","url":"https:\/\/wontechthietbispa.com\/","name":"WONTECH THI\u1ebeT B\u1eca SPA","description":"WONTECH THI\u1ebeT B\u1eca SPA","potentialAction":[{"@type":"SearchAction","target":{"@type":"EntryPoint","urlTemplate":"https:\/\/wontechthietbispa.com\/?s={search_term_string}"},"query-input":"required name=search_term_string"}],"inLanguage":"en-US"}]}},"jetpack_sharing_enabled":true,"_links":{"self":[{"href":"https:\/\/wontechthietbispa.com\/index.php\/wp-json\/wp\/v2\/product\/17350"}],"collection":[{"href":"https:\/\/wontechthietbispa.com\/index.php\/wp-json\/wp\/v2\/product"}],"about":[{"href":"https:\/\/wontechthietbispa.com\/index.php\/wp-json\/wp\/v2\/types\/product"}],"replies":[{"embeddable":true,"href":"https:\/\/wontechthietbispa.com\/index.php\/wp-json\/wp\/v2\/comments?post=17350"}],"version-history":[{"count":1,"href":"https:\/\/wontechthietbispa.com\/index.php\/wp-json\/wp\/v2\/product\/17350\/revisions"}],"predecessor-version":[{"id":17352,"href":"https:\/\/wontechthietbispa.com\/index.php\/wp-json\/wp\/v2\/product\/17350\/revisions\/17352"}],"wp:featuredmedia":[{"embeddable":true,"href":"https:\/\/wontechthietbispa.com\/index.php\/wp-json\/wp\/v2\/media\/17351"}],"wp:attachment":[{"href":"https:\/\/wontechthietbispa.com\/index.php\/wp-json\/wp\/v2\/media?parent=17350"}],"wp:term":[{"taxonomy":"product_cat","embeddable":true,"href":"https:\/\/wontechthietbispa.com\/index.php\/wp-json\/wp\/v2\/product_cat?post=17350"},{"taxonomy":"product_tag","embeddable":true,"href":"https:\/\/wontechthietbispa.com\/index.php\/wp-json\/wp\/v2\/product_tag?post=17350"}],"curies":[{"name":"wp","href":"https:\/\/api.w.org\/{rel}","templated":true}]}}