{"id":16449,"date":"2023-12-01T17:29:35","date_gmt":"2023-12-01T10:29:35","guid":{"rendered":"https:\/\/wontechthietbispa.com\/?post_type=product&#038;p=16449"},"modified":"2025-04-03T01:26:34","modified_gmt":"2025-04-02T18:26:34","slug":"long-hap-trang-hai-manh-spa","status":"publish","type":"product","link":"https:\/\/wontechthietbispa.com\/index.php\/product\/long-hap-trang-hai-manh-spa\/","title":{"rendered":"L\u1ed2NG H\u1ea4P TR\u1eaeNG"},"content":{"rendered":"<p><strong>L\u1ed3ng H\u1ea5p Tr\u1eafng Hai M\u1ea3nh Spa<\/strong>\u00a0nhi\u1ec7t \u0111\u1ed9 l\u00e0 m\u1ed9t ph\u1ea7n c\u1ee7a c\u00f4ng d\u1ee5ng v\u00f4 h\u00ecnh \u0111\u1ed1i v\u1edbi m\u1eaft th\u01b0\u1eddng. n\u00f3 l\u00e0 m\u1ed9t h\u00ecnh th\u1ee9c c\u1ee7a n\u0103ng l\u01b0\u1ee3ng n\u00f3ng m\u00e0 n\u00f3 l\u00e0m n\u00f3ng kh\u00f4ng kh\u00ed trong v\u00f2m . nhi\u1ec7t h\u1ed3ng ngo\u1ea1i t\u1ea1o ra m\u1ed9t b\u1ee9c x\u1ea1 nhi\u1ec7t m\u00e0 di chuy\u1ec3n nh\u01b0 n\u0103ng l\u01b0\u1ee3ng s\u00f3ng. nhi\u1ec7t \u0111\u01b0\u1ee3c g\u00e2y ra b\u1edfi ma s\u00e1t rung \u0111\u1ed9ng c\u1ee7a ph\u00e2n t\u1eed trong c\u01a1 th\u1ec3.<\/p>\n<h2><span id=\"Tinh_Nang_Cua_Long_Hap_Trang_Hai_Manh\">T\u00ednh N\u0103ng C\u1ee7a L\u1ed3ng H\u1ea5p Tr\u1eafng Hai M\u1ea3nh<\/span><\/h2>\n<p>\u0110\u1eb7c bi\u1ec7t s\u01b0\u1edfi b\u1eb1ng nhi\u1ec7t t\u1eeb 25 \u0111\u1ebfn 75 \u0111\u1ed9<\/p>\n<p>T\u0103ng c\u01b0\u1eddng c\u1ea5u tr\u00fac m\u00e1i v\u00f2m ti\u1ec7n l\u1ee3i<\/p>\n<p>Giao di\u1ec7n xo\u1eafn \u1ed1c c\u1ee7a h\u1ed9p \u0111i\u1ec1u khi\u1ec3n l\u00e0m an to\u00e0n h\u01a1n v\u00e0 \u0111\u00e1ng tin c\u1eady<\/p>\n<div><\/div>\n<div><img fetchpriority=\"high\" decoding=\"async\" class=\"aligncenter wp-image-3500 lazy-load-active\" title=\"L\u1ed3ng H\u1ea5p Tr\u1eafng Hai M\u1ea3nh Spa 4\" src=\"https:\/\/i0.wp.com\/thietbispathutrang.com\/wp-content\/uploads\/2019\/12\/tam-trang-bang-long-hap-300x192.jpg?resize=700%2C448&#038;ssl=1\" sizes=\"(max-width: 700px) 100vw, 700px\" srcset=\"https:\/\/i0.wp.com\/thietbispathutrang.com\/wp-content\/uploads\/2019\/12\/tam-trang-bang-long-hap-300x192.jpg?resize=700%2C448&#038;ssl=1 300w, https:\/\/thietbispathutrang.com\/wp-content\/uploads\/2019\/12\/tam-trang-bang-long-hap-800x512.jpg 800w, https:\/\/thietbispathutrang.com\/wp-content\/uploads\/2019\/12\/tam-trang-bang-long-hap-1024x655.jpg 1024w, https:\/\/thietbispathutrang.com\/wp-content\/uploads\/2019\/12\/tam-trang-bang-long-hap-768x492.jpg 768w, https:\/\/thietbispathutrang.com\/wp-content\/uploads\/2019\/12\/tam-trang-bang-long-hap-600x384.jpg 600w, https:\/\/thietbispathutrang.com\/wp-content\/uploads\/2019\/12\/tam-trang-bang-long-hap.jpg 1400w\" alt=\"L\u1ed3ng H\u1ea5p Tr\u1eafng Spa\" width=\"700\" height=\"448\" data-src=\"https:\/\/i0.wp.com\/thietbispathutrang.com\/wp-content\/uploads\/2019\/12\/tam-trang-bang-long-hap-300x192.jpg?resize=700%2C448&#038;ssl=1\" data-srcset=\"https:\/\/i0.wp.com\/thietbispathutrang.com\/wp-content\/uploads\/2019\/12\/tam-trang-bang-long-hap-300x192.jpg?resize=700%2C448&#038;ssl=1 300w, https:\/\/thietbispathutrang.com\/wp-content\/uploads\/2019\/12\/tam-trang-bang-long-hap-800x512.jpg 800w, https:\/\/thietbispathutrang.com\/wp-content\/uploads\/2019\/12\/tam-trang-bang-long-hap-1024x655.jpg 1024w, https:\/\/thietbispathutrang.com\/wp-content\/uploads\/2019\/12\/tam-trang-bang-long-hap-768x492.jpg 768w, https:\/\/thietbispathutrang.com\/wp-content\/uploads\/2019\/12\/tam-trang-bang-long-hap-600x384.jpg 600w, https:\/\/thietbispathutrang.com\/wp-content\/uploads\/2019\/12\/tam-trang-bang-long-hap.jpg 1400w\" data-recalc-dims=\"1\" \/><\/div>\n<h3><span id=\"Long_Hap_Tam_Trang_Spa\">L\u00f4ng H\u1ea5p T\u1eafm Tr\u1eafng Spa<\/span><\/h3>\n<h2><span id=\"Chuc_Nang_Cua_Long_Hap_Spa_Tam_Trang\">Ch\u1ee9c N\u0103ng C\u1ee7a L\u1ed3ng H\u1ea5p Spa T\u1eafm Tr\u1eafng<\/span><\/h2>\n<ol>\n<li>T\u1eafm Tr\u1eafng Da Trong Spa V\u00e0 Th\u1ea9m M\u1ef9<\/li>\n<li>Gi\u1ea3i \u0111\u1ed9c, Th\u01b0 gi\u00e3n s\u00e2u<\/li>\n<li>C\u1ea3i thi\u1ec7n L\u01b0u Th\u00f4ng M\u00e1u<\/li>\n<li>H\u1ec7 Th\u1ed1ng H\u1ed7 Tr\u1ee3 mi\u1ec5n d\u1ecbch<\/li>\n<li>H\u1ed3ng Ngo\u1ea1i\u00a0 c\u1ea3i thi\u1ec7n da<\/li>\n<li>H\u1ed3ng ngo\u1ea1i L\u00e0m Gi\u1ea3m B\u00e9o<\/li>\n<li>H\u1ed3ng ngo\u1ea1i L\u00e0m Gi\u1ea3m \u0110au<\/li>\n<li>H\u1ed3ng ngo\u1ea1i l\u00e0m gi\u1ea3m c\u0103ng th\u1eb3ng v\u00e0 m\u1ec7t m\u1ecfi<\/li>\n<\/ol>\n<p><img decoding=\"async\" class=\"aligncenter wp-image-3498 lazy-load-active\" title=\"L\u1ed3ng H\u1ea5p Tr\u1eafng Hai M\u1ea3nh Spa 5\" src=\"https:\/\/i0.wp.com\/thietbispathutrang.com\/wp-content\/uploads\/2019\/12\/long-hap-trang-300x179.jpg?resize=700%2C417&#038;ssl=1\" sizes=\"(max-width: 700px) 100vw, 700px\" srcset=\"https:\/\/i0.wp.com\/thietbispathutrang.com\/wp-content\/uploads\/2019\/12\/long-hap-trang-300x179.jpg?resize=700%2C417&#038;ssl=1 300w, https:\/\/thietbispathutrang.com\/wp-content\/uploads\/2019\/12\/long-hap-trang-600x357.jpg 600w, https:\/\/thietbispathutrang.com\/wp-content\/uploads\/2019\/12\/long-hap-trang-768x457.jpg 768w, https:\/\/thietbispathutrang.com\/wp-content\/uploads\/2019\/12\/long-hap-trang.jpg 800w\" alt=\"L\u1ed3ng H\u1ea5p Tr\u1eafng Spa\" width=\"700\" height=\"417\" data-src=\"https:\/\/i0.wp.com\/thietbispathutrang.com\/wp-content\/uploads\/2019\/12\/long-hap-trang-300x179.jpg?resize=700%2C417&#038;ssl=1\" data-srcset=\"https:\/\/i0.wp.com\/thietbispathutrang.com\/wp-content\/uploads\/2019\/12\/long-hap-trang-300x179.jpg?resize=700%2C417&#038;ssl=1 300w, https:\/\/thietbispathutrang.com\/wp-content\/uploads\/2019\/12\/long-hap-trang-600x357.jpg 600w, https:\/\/thietbispathutrang.com\/wp-content\/uploads\/2019\/12\/long-hap-trang-768x457.jpg 768w, https:\/\/thietbispathutrang.com\/wp-content\/uploads\/2019\/12\/long-hap-trang.jpg 800w\" data-recalc-dims=\"1\" \/><\/p>\n<h3><span id=\"Long_Hap_Trang_Hai_Manh_Spa\">L\u1ed3ng H\u1ea5p Tr\u1eafng Hai M\u1ea3nh Spa<\/span><\/h3>\n<div>\n<h2><span id=\"Mua_long_hap_tam_trang_hai_manh_uy_tin_gia_re\">Mua l\u1ed3ng h\u1ea5p t\u1eafm tr\u1eafng hai m\u1ea3nh uy t\u00edn gi\u00e1 r\u1ebb<\/span><\/h2>\n<p>Hi\u1ec7n nay tr\u00ean th\u1ecb tr\u01b0\u1eddng c\u00f3 r\u1ea5t nhi\u1ec1u \u0111\u01a1n v\u1ecb cung c\u1ea5p\u00a0<strong>Phi thuy\u1ec1n t\u1eafm tr\u1eafng\u00a0<\/strong>tuy nhi\u00ean \u0111\u01a1n v\u1ecb cung c\u1ea5p uy t\u00edn th\u00ec kh\u00f4ng nhi\u1ec1u<\/p>\n<p>Ch\u00fang t\u00f4i t\u1ef1 h\u00e0o nh\u1eadp kh\u1ea9u v\u00e0 ph\u00e2n ph\u1ed1i ch\u00ednh h\u00e3ng\u00a0<strong><em>C\u00e1c lo\u1ea1i Thi\u1ebft B\u1ecb Th\u1ea9m M\u1ef9, Spa uy t\u00edn gi\u00e1 r\u1ebb<\/em><\/strong>\u00a0v\u1edbi ph\u01b0\u01a1ng ch\u00e2m ch\u1ea5t l\u01b0\u1ee3ng t\u1ed1t mang hi\u1ec7u qu\u1ea3 cao cho kh\u00e1ch h\u00e0ng, ch\u00fang t\u00f4i cam k\u1ebft ch\u1ea5t l\u01b0\u1ee3ng t\u1ed1t nh\u1ea5t, hi\u1ec7u qu\u1ea3 cao<\/p>\n<\/div>\n","protected":false},"excerpt":{"rendered":"<p><strong>L\u1ed3ng H\u1ea5p T\u1eafm Tr\u1eafng Spa\u00a0<\/strong>s\u1eed d\u1ee5ng 2 m\u1ea3nh gh\u00e9p tr\u00ean d\u01b0\u1edbi s\u1eed d\u1ee5ng nhi\u1ec7t \u0111\u1ed9 t\u1eeb 0 \u2013 75 \u0111\u1ed9 t\u1eafm tr\u1eafng gi\u1ea3m b\u00e9o hi\u1ec7u qu\u1ea3<\/p>\n","protected":false},"featured_media":15929,"comment_status":"open","ping_status":"closed","template":"","meta":[],"product_cat":[87],"product_tag":[],"yoast_head":"<!-- This site is optimized with the Yoast SEO plugin v21.5 - https:\/\/yoast.com\/wordpress\/plugins\/seo\/ -->\n<title>L\u1ed2NG H\u1ea4P TR\u1eaeNG - WONTECH THI\u1ebeT B\u1eca SPA<\/title>\n<meta name=\"robots\" content=\"index, follow, max-snippet:-1, max-image-preview:large, max-video-preview:-1\" \/>\n<link rel=\"canonical\" href=\"https:\/\/wontechthietbispa.com\/index.php\/product\/long-hap-trang-hai-manh-spa\/\" \/>\n<meta property=\"og:locale\" content=\"en_US\" \/>\n<meta property=\"og:type\" content=\"article\" \/>\n<meta property=\"og:title\" content=\"L\u1ed2NG H\u1ea4P TR\u1eaeNG - WONTECH THI\u1ebeT B\u1eca SPA\" \/>\n<meta property=\"og:description\" content=\"L\u1ed3ng H\u1ea5p T\u1eafm Tr\u1eafng Spa\u00a0s\u1eed d\u1ee5ng 2 m\u1ea3nh gh\u00e9p tr\u00ean d\u01b0\u1edbi s\u1eed d\u1ee5ng nhi\u1ec7t \u0111\u1ed9 t\u1eeb 0 \u2013 75 \u0111\u1ed9 t\u1eafm tr\u1eafng gi\u1ea3m b\u00e9o hi\u1ec7u qu\u1ea3\" \/>\n<meta property=\"og:url\" content=\"https:\/\/wontechthietbispa.com\/index.php\/product\/long-hap-trang-hai-manh-spa\/\" \/>\n<meta property=\"og:site_name\" content=\"WONTECH THI\u1ebeT B\u1eca SPA\" \/>\n<meta property=\"article:modified_time\" content=\"2025-04-02T18:26:34+00:00\" \/>\n<meta property=\"og:image\" content=\"http:\/\/wontechthietbispa.com\/wp-content\/uploads\/2023\/11\/Untitled-1-47.png\" \/>\n\t<meta property=\"og:image:width\" content=\"700\" \/>\n\t<meta property=\"og:image:height\" content=\"800\" \/>\n\t<meta property=\"og:image:type\" content=\"image\/png\" \/>\n<meta name=\"twitter:card\" content=\"summary_large_image\" \/>\n<meta name=\"twitter:label1\" content=\"Est. reading time\" \/>\n\t<meta name=\"twitter:data1\" content=\"2 minutes\" \/>\n<script type=\"application\/ld+json\" class=\"yoast-schema-graph\">{\"@context\":\"https:\/\/schema.org\",\"@graph\":[{\"@type\":\"WebPage\",\"@id\":\"https:\/\/wontechthietbispa.com\/index.php\/product\/long-hap-trang-hai-manh-spa\/\",\"url\":\"https:\/\/wontechthietbispa.com\/index.php\/product\/long-hap-trang-hai-manh-spa\/\",\"name\":\"L\u1ed2NG H\u1ea4P TR\u1eaeNG - WONTECH THI\u1ebeT B\u1eca SPA\",\"isPartOf\":{\"@id\":\"https:\/\/wontechthietbispa.com\/#website\"},\"datePublished\":\"2023-12-01T10:29:35+00:00\",\"dateModified\":\"2025-04-02T18:26:34+00:00\",\"breadcrumb\":{\"@id\":\"https:\/\/wontechthietbispa.com\/index.php\/product\/long-hap-trang-hai-manh-spa\/#breadcrumb\"},\"inLanguage\":\"en-US\",\"potentialAction\":[{\"@type\":\"ReadAction\",\"target\":[\"https:\/\/wontechthietbispa.com\/index.php\/product\/long-hap-trang-hai-manh-spa\/\"]}]},{\"@type\":\"BreadcrumbList\",\"@id\":\"https:\/\/wontechthietbispa.com\/index.php\/product\/long-hap-trang-hai-manh-spa\/#breadcrumb\",\"itemListElement\":[{\"@type\":\"ListItem\",\"position\":1,\"name\":\"Home\",\"item\":\"https:\/\/wontechthietbispa.com\/\"},{\"@type\":\"ListItem\",\"position\":2,\"name\":\"Shop\",\"item\":\"https:\/\/wontechthietbispa.com\/index.php\/shop\/\"},{\"@type\":\"ListItem\",\"position\":3,\"name\":\"L\u1ed2NG H\u1ea4P TR\u1eaeNG\"}]},{\"@type\":\"WebSite\",\"@id\":\"https:\/\/wontechthietbispa.com\/#website\",\"url\":\"https:\/\/wontechthietbispa.com\/\",\"name\":\"WONTECH THI\u1ebeT B\u1eca SPA\",\"description\":\"WONTECH THI\u1ebeT B\u1eca SPA\",\"potentialAction\":[{\"@type\":\"SearchAction\",\"target\":{\"@type\":\"EntryPoint\",\"urlTemplate\":\"https:\/\/wontechthietbispa.com\/?s={search_term_string}\"},\"query-input\":\"required name=search_term_string\"}],\"inLanguage\":\"en-US\"}]}<\/script>\n<!-- \/ Yoast SEO plugin. -->","yoast_head_json":{"title":"L\u1ed2NG H\u1ea4P TR\u1eaeNG - WONTECH THI\u1ebeT B\u1eca SPA","robots":{"index":"index","follow":"follow","max-snippet":"max-snippet:-1","max-image-preview":"max-image-preview:large","max-video-preview":"max-video-preview:-1"},"canonical":"https:\/\/wontechthietbispa.com\/index.php\/product\/long-hap-trang-hai-manh-spa\/","og_locale":"en_US","og_type":"article","og_title":"L\u1ed2NG H\u1ea4P TR\u1eaeNG - WONTECH THI\u1ebeT B\u1eca SPA","og_description":"L\u1ed3ng H\u1ea5p T\u1eafm Tr\u1eafng Spa\u00a0s\u1eed d\u1ee5ng 2 m\u1ea3nh gh\u00e9p tr\u00ean d\u01b0\u1edbi s\u1eed d\u1ee5ng nhi\u1ec7t \u0111\u1ed9 t\u1eeb 0 \u2013 75 \u0111\u1ed9 t\u1eafm tr\u1eafng gi\u1ea3m b\u00e9o hi\u1ec7u qu\u1ea3","og_url":"https:\/\/wontechthietbispa.com\/index.php\/product\/long-hap-trang-hai-manh-spa\/","og_site_name":"WONTECH THI\u1ebeT B\u1eca SPA","article_modified_time":"2025-04-02T18:26:34+00:00","og_image":[{"width":700,"height":800,"url":"http:\/\/wontechthietbispa.com\/wp-content\/uploads\/2023\/11\/Untitled-1-47.png","type":"image\/png"}],"twitter_card":"summary_large_image","twitter_misc":{"Est. reading time":"2 minutes"},"schema":{"@context":"https:\/\/schema.org","@graph":[{"@type":"WebPage","@id":"https:\/\/wontechthietbispa.com\/index.php\/product\/long-hap-trang-hai-manh-spa\/","url":"https:\/\/wontechthietbispa.com\/index.php\/product\/long-hap-trang-hai-manh-spa\/","name":"L\u1ed2NG H\u1ea4P TR\u1eaeNG - WONTECH THI\u1ebeT B\u1eca SPA","isPartOf":{"@id":"https:\/\/wontechthietbispa.com\/#website"},"datePublished":"2023-12-01T10:29:35+00:00","dateModified":"2025-04-02T18:26:34+00:00","breadcrumb":{"@id":"https:\/\/wontechthietbispa.com\/index.php\/product\/long-hap-trang-hai-manh-spa\/#breadcrumb"},"inLanguage":"en-US","potentialAction":[{"@type":"ReadAction","target":["https:\/\/wontechthietbispa.com\/index.php\/product\/long-hap-trang-hai-manh-spa\/"]}]},{"@type":"BreadcrumbList","@id":"https:\/\/wontechthietbispa.com\/index.php\/product\/long-hap-trang-hai-manh-spa\/#breadcrumb","itemListElement":[{"@type":"ListItem","position":1,"name":"Home","item":"https:\/\/wontechthietbispa.com\/"},{"@type":"ListItem","position":2,"name":"Shop","item":"https:\/\/wontechthietbispa.com\/index.php\/shop\/"},{"@type":"ListItem","position":3,"name":"L\u1ed2NG H\u1ea4P TR\u1eaeNG"}]},{"@type":"WebSite","@id":"https:\/\/wontechthietbispa.com\/#website","url":"https:\/\/wontechthietbispa.com\/","name":"WONTECH THI\u1ebeT B\u1eca SPA","description":"WONTECH THI\u1ebeT B\u1eca SPA","potentialAction":[{"@type":"SearchAction","target":{"@type":"EntryPoint","urlTemplate":"https:\/\/wontechthietbispa.com\/?s={search_term_string}"},"query-input":"required name=search_term_string"}],"inLanguage":"en-US"}]}},"jetpack_sharing_enabled":true,"_links":{"self":[{"href":"https:\/\/wontechthietbispa.com\/index.php\/wp-json\/wp\/v2\/product\/16449"}],"collection":[{"href":"https:\/\/wontechthietbispa.com\/index.php\/wp-json\/wp\/v2\/product"}],"about":[{"href":"https:\/\/wontechthietbispa.com\/index.php\/wp-json\/wp\/v2\/types\/product"}],"replies":[{"embeddable":true,"href":"https:\/\/wontechthietbispa.com\/index.php\/wp-json\/wp\/v2\/comments?post=16449"}],"version-history":[{"count":1,"href":"https:\/\/wontechthietbispa.com\/index.php\/wp-json\/wp\/v2\/product\/16449\/revisions"}],"predecessor-version":[{"id":16450,"href":"https:\/\/wontechthietbispa.com\/index.php\/wp-json\/wp\/v2\/product\/16449\/revisions\/16450"}],"wp:featuredmedia":[{"embeddable":true,"href":"https:\/\/wontechthietbispa.com\/index.php\/wp-json\/wp\/v2\/media\/15929"}],"wp:attachment":[{"href":"https:\/\/wontechthietbispa.com\/index.php\/wp-json\/wp\/v2\/media?parent=16449"}],"wp:term":[{"taxonomy":"product_cat","embeddable":true,"href":"https:\/\/wontechthietbispa.com\/index.php\/wp-json\/wp\/v2\/product_cat?post=16449"},{"taxonomy":"product_tag","embeddable":true,"href":"https:\/\/wontechthietbispa.com\/index.php\/wp-json\/wp\/v2\/product_tag?post=16449"}],"curies":[{"name":"wp","href":"https:\/\/api.w.org\/{rel}","templated":true}]}}