{"id":16447,"date":"2023-12-01T17:05:46","date_gmt":"2023-12-01T10:05:46","guid":{"rendered":"https:\/\/wontechthietbispa.com\/?post_type=product&#038;p=16447"},"modified":"2024-08-28T14:30:10","modified_gmt":"2024-08-28T07:30:10","slug":"phi-thuyen-tam-trang-ngoi","status":"publish","type":"product","link":"https:\/\/wontechthietbispa.com\/index.php\/product\/phi-thuyen-tam-trang-ngoi\/","title":{"rendered":"PHI THUY\u1ec0N NG\u1ed2I"},"content":{"rendered":"<h2>C\u00f4ng D\u1ee5ng Phi Thuy\u1ec1n T\u1eafm Tr\u1eafng D\u1ea1ng Ng\u1ed3i<\/h2>\n<ul>\n<li><strong><em>Phi Thuy\u1ec1n T\u1eafm Tr\u1eafng Gi\u1ea3m B\u00e9o D\u1ea1ng Ng\u1ed3i<\/em><\/strong>\u00a0gi\u00fap gi\u1ea3m b\u00e9o to\u00e0n th\u00e2n<\/li>\n<li>T\u1eafm tr\u1eafng gi\u00fap da b\u1eadt tone ngay l\u1ea7n \u0111\u1ea7u s\u1eed d\u1ee5ng<\/li>\n<li>Massage th\u01b0 gi\u00e3n, \u0111\u1ea3 th\u00f4ng kinh l\u1ea1c<\/li>\n<li>L\u00e0 v\u1eadt li\u1ec7u ch\u0103m s\u00f3c s\u1ee9c kh\u1ecfe to\u00e0n di\u1ec7n, ph\u1ee5c h\u1ed3i s\u1ee9c \u0111\u1ec3 kh\u00e1ng cho c\u01a1 th\u1ec3<\/li>\n<li>Gi\u1ea3m \u0111au x\u01b0\u01a1ng kh\u1edbp v\u00e0 c\u01a1 b\u1eafp<\/li>\n<li>Lo\u1ea1i b\u1ecf \u0111\u1ed9c t\u1ed1 ra kh\u1ecfi c\u01a1 th\u1ec3<\/li>\n<li><em>Phi Thuy\u1ec1n T\u1eafm Tr\u1eafng Gi\u1ea3m B\u00e9o D\u1ea1ng Ng\u1ed3i<\/em>\u00a0Ch\u1ed1ng l\u00e3o h\u00f3a da, gi\u00fap t\u00e1i t\u1ea1o da<\/li>\n<li>T\u0103ng h\u1ec7 th\u1ed1ng tu\u1ea7n ho\u00e0n m\u00e1u, gi\u00fap m\u00e1u l\u01b0u th\u00f4ng<\/li>\n<li><strong>Phi Thuy\u1ec1n T\u1eafm Tr\u1eafng Gi\u1ea3m B\u00e9o D\u1ea1ng Ng\u1ed3i<\/strong>\u00a0L\u00e0m s\u0103n ch\u1eafc da<\/li>\n<\/ul>\n<h2>\u01afu \u0110i\u1ec3m N\u1ed5i Tr\u1ed9i Phi Thuy\u1ec1n T\u1eafm Tr\u1eafng Gi\u1ea3m B\u00e9o D\u1ea1ng Ng\u1ed3i<\/h2>\n<ol>\n<li>Thi\u1ebft k\u1ebf sang tr\u1ecdng<\/li>\n<li>H\u1ec7 th\u1ed1ng Ozone s\u00e1t tr\u00f9ng<\/li>\n<li><em><strong>Phi Thuy\u1ec1n T\u1eafm Tr\u1eafng Gi\u1ea3m B\u00e9o D\u1ea1ng Ng\u1ed3i<\/strong><\/em>\u00a0c\u00f3 h\u1ec7 th\u1ed1ng quang ph\u1ed5 \u00e1nh s\u00e1ng<\/li>\n<li>C\u00f3 h\u1ec7 th\u1ed1ng MP3 c\u00f3 th\u1ec3 nghe th\u01b0 gi\u00e3n trong l\u00fac \u0111i\u1ec1u tr\u1ecb<\/li>\n<li>N\u1ed3i x\u00f4ng \u0111\u01b0\u1ee3c thi\u1ebft k\u1ebf n\u1eb1m b\u00ean trong m\u00e1y<\/li>\n<li>C\u00f3 tay v\u1ecbn b\u00ean trong v\u1edbi h\u1ec7 th\u1ed1ng gh\u1ebf ng\u1ed3i c\u00f3 th\u1ec3 \u0111i\u1ec1u ch\u1ec9nh n\u00ean tho\u1ea3i m\u00e1i ph\u00f9 h\u1ee3p m\u1ecdi ng\u01b0\u1eddi<\/li>\n<li><em>Phi Thuy\u1ec1n T\u1eafm Tr\u1eafng Gi\u1ea3m B\u00e9o D\u1ea1ng Ng\u1ed3i<\/em> D\u1ec5 s\u1eed d\u1ee5ng v\u1edbi c\u00e1c ch\u1ee9c n\u0103ng \u0111i\u1ec1u khi\u1ec3n<\/li>\n<\/ol>\n<div>\n<figure id=\"attachment_1471\" class=\"wp-caption aligncenter\"><figcaption class=\"wp-caption-text\">Phi Thuy\u1ec1n T\u1eafm Tr\u1eafng Gi\u1ea3m B\u00e9o D\u1ea1ng Ng\u1ed3i H\u1ee3p M\u1ecdi Kh\u00f4ng Gian Spa<\/figcaption><\/figure>\n<h2>Th\u00f4ng S\u1ed1 Phi Thuy\u1ec1n T\u1eafm Tr\u1eafng Gi\u1ea3m B\u00e9o D\u1ea1ng Ng\u1ed3i<\/h2>\n<div>\u0110i\u1ec7n \u00c1p : 220AC<\/div>\n<div>C\u00f4ng Su\u1ea5t: 2500W<\/div>\n<div>Ch\u1ea5t Li\u1ec7u:Nh\u1ef1a acrylic + s\u1ee3i th\u1ee7y tinh<\/div>\n<div>K\u00edch Th\u01b0\u1edbc : 158 \u00d7 80 \u00d7 135cm<\/div>\n<div>Kh\u1ed1i L\u01b0\u1ee3ng : 70 Kgs<\/div>\n<\/div>\n","protected":false},"excerpt":{"rendered":"<p>Phi thuy\u1ec1n \u0111\u01b0\u1ee3c thi\u1ebft k\u1ebf sang tr\u1ecdng v\u1edbi khoang ng\u1ed3i x\u00f4ng th\u1ea3o d\u01b0\u1ee3c s\u1ef1 k\u1ebft h\u1ee3p li\u1ec7u ph\u00e1p quang ph\u1ed5 to\u00e0n th\u00e2n, li\u1ec7u ph\u00e1p oxy ion, li\u1ec7u ph\u00e1p \u00e2m nh\u1ea1c, x\u00f4ng h\u01a1i to\u00e0n th\u00e2n, li\u1ec7u ph\u00e1p th\u1ea3o d\u01b0\u1ee3c th\u01a1m, li\u1ec7u ph\u00e1p nhi\u1ec7t th\u01b0 gi\u00e3n nh\u1eb1m gi\u1ea3m b\u00e9o, t\u00e1i t\u1ea1o t\u1ebf b\u00e0o<\/p>\n","protected":false},"featured_media":15936,"comment_status":"open","ping_status":"closed","template":"","meta":[],"product_cat":[88],"product_tag":[],"yoast_head":"<!-- This site is optimized with the Yoast SEO plugin v21.5 - https:\/\/yoast.com\/wordpress\/plugins\/seo\/ -->\n<title>PHI THUY\u1ec0N NG\u1ed2I - WONTECH THI\u1ebeT B\u1eca SPA<\/title>\n<meta name=\"robots\" content=\"index, follow, max-snippet:-1, max-image-preview:large, max-video-preview:-1\" \/>\n<link rel=\"canonical\" href=\"https:\/\/wontechthietbispa.com\/index.php\/product\/phi-thuyen-tam-trang-ngoi\/\" \/>\n<meta property=\"og:locale\" content=\"en_US\" \/>\n<meta property=\"og:type\" content=\"article\" \/>\n<meta property=\"og:title\" content=\"PHI THUY\u1ec0N NG\u1ed2I - WONTECH THI\u1ebeT B\u1eca SPA\" \/>\n<meta property=\"og:description\" content=\"Phi thuy\u1ec1n \u0111\u01b0\u1ee3c thi\u1ebft k\u1ebf sang tr\u1ecdng v\u1edbi khoang ng\u1ed3i x\u00f4ng th\u1ea3o d\u01b0\u1ee3c s\u1ef1 k\u1ebft h\u1ee3p li\u1ec7u ph\u00e1p quang ph\u1ed5 to\u00e0n th\u00e2n, li\u1ec7u ph\u00e1p oxy ion, li\u1ec7u ph\u00e1p \u00e2m nh\u1ea1c, x\u00f4ng h\u01a1i to\u00e0n th\u00e2n, li\u1ec7u ph\u00e1p th\u1ea3o d\u01b0\u1ee3c th\u01a1m, li\u1ec7u ph\u00e1p nhi\u1ec7t th\u01b0 gi\u00e3n nh\u1eb1m gi\u1ea3m b\u00e9o, t\u00e1i t\u1ea1o t\u1ebf b\u00e0o\" \/>\n<meta property=\"og:url\" content=\"https:\/\/wontechthietbispa.com\/index.php\/product\/phi-thuyen-tam-trang-ngoi\/\" \/>\n<meta property=\"og:site_name\" content=\"WONTECH THI\u1ebeT B\u1eca SPA\" \/>\n<meta property=\"article:modified_time\" content=\"2024-08-28T07:30:10+00:00\" \/>\n<meta property=\"og:image\" content=\"http:\/\/wontechthietbispa.com\/wp-content\/uploads\/2023\/11\/Untitled-1-52.png\" \/>\n\t<meta property=\"og:image:width\" content=\"700\" \/>\n\t<meta property=\"og:image:height\" content=\"800\" \/>\n\t<meta property=\"og:image:type\" content=\"image\/png\" \/>\n<meta name=\"twitter:card\" content=\"summary_large_image\" \/>\n<meta name=\"twitter:label1\" content=\"Est. reading time\" \/>\n\t<meta name=\"twitter:data1\" content=\"2 minutes\" \/>\n<script type=\"application\/ld+json\" class=\"yoast-schema-graph\">{\"@context\":\"https:\/\/schema.org\",\"@graph\":[{\"@type\":\"WebPage\",\"@id\":\"https:\/\/wontechthietbispa.com\/index.php\/product\/phi-thuyen-tam-trang-ngoi\/\",\"url\":\"https:\/\/wontechthietbispa.com\/index.php\/product\/phi-thuyen-tam-trang-ngoi\/\",\"name\":\"PHI THUY\u1ec0N NG\u1ed2I - WONTECH THI\u1ebeT B\u1eca SPA\",\"isPartOf\":{\"@id\":\"https:\/\/wontechthietbispa.com\/#website\"},\"datePublished\":\"2023-12-01T10:05:46+00:00\",\"dateModified\":\"2024-08-28T07:30:10+00:00\",\"breadcrumb\":{\"@id\":\"https:\/\/wontechthietbispa.com\/index.php\/product\/phi-thuyen-tam-trang-ngoi\/#breadcrumb\"},\"inLanguage\":\"en-US\",\"potentialAction\":[{\"@type\":\"ReadAction\",\"target\":[\"https:\/\/wontechthietbispa.com\/index.php\/product\/phi-thuyen-tam-trang-ngoi\/\"]}]},{\"@type\":\"BreadcrumbList\",\"@id\":\"https:\/\/wontechthietbispa.com\/index.php\/product\/phi-thuyen-tam-trang-ngoi\/#breadcrumb\",\"itemListElement\":[{\"@type\":\"ListItem\",\"position\":1,\"name\":\"Home\",\"item\":\"https:\/\/wontechthietbispa.com\/\"},{\"@type\":\"ListItem\",\"position\":2,\"name\":\"Shop\",\"item\":\"https:\/\/wontechthietbispa.com\/index.php\/shop\/\"},{\"@type\":\"ListItem\",\"position\":3,\"name\":\"PHI THUY\u1ec0N NG\u1ed2I\"}]},{\"@type\":\"WebSite\",\"@id\":\"https:\/\/wontechthietbispa.com\/#website\",\"url\":\"https:\/\/wontechthietbispa.com\/\",\"name\":\"WONTECH THI\u1ebeT B\u1eca SPA\",\"description\":\"WONTECH THI\u1ebeT B\u1eca SPA\",\"potentialAction\":[{\"@type\":\"SearchAction\",\"target\":{\"@type\":\"EntryPoint\",\"urlTemplate\":\"https:\/\/wontechthietbispa.com\/?s={search_term_string}\"},\"query-input\":\"required name=search_term_string\"}],\"inLanguage\":\"en-US\"}]}<\/script>\n<!-- \/ Yoast SEO plugin. -->","yoast_head_json":{"title":"PHI THUY\u1ec0N NG\u1ed2I - WONTECH THI\u1ebeT B\u1eca SPA","robots":{"index":"index","follow":"follow","max-snippet":"max-snippet:-1","max-image-preview":"max-image-preview:large","max-video-preview":"max-video-preview:-1"},"canonical":"https:\/\/wontechthietbispa.com\/index.php\/product\/phi-thuyen-tam-trang-ngoi\/","og_locale":"en_US","og_type":"article","og_title":"PHI THUY\u1ec0N NG\u1ed2I - WONTECH THI\u1ebeT B\u1eca SPA","og_description":"Phi thuy\u1ec1n \u0111\u01b0\u1ee3c thi\u1ebft k\u1ebf sang tr\u1ecdng v\u1edbi khoang ng\u1ed3i x\u00f4ng th\u1ea3o d\u01b0\u1ee3c s\u1ef1 k\u1ebft h\u1ee3p li\u1ec7u ph\u00e1p quang ph\u1ed5 to\u00e0n th\u00e2n, li\u1ec7u ph\u00e1p oxy ion, li\u1ec7u ph\u00e1p \u00e2m nh\u1ea1c, x\u00f4ng h\u01a1i to\u00e0n th\u00e2n, li\u1ec7u ph\u00e1p th\u1ea3o d\u01b0\u1ee3c th\u01a1m, li\u1ec7u ph\u00e1p nhi\u1ec7t th\u01b0 gi\u00e3n nh\u1eb1m gi\u1ea3m b\u00e9o, t\u00e1i t\u1ea1o t\u1ebf b\u00e0o","og_url":"https:\/\/wontechthietbispa.com\/index.php\/product\/phi-thuyen-tam-trang-ngoi\/","og_site_name":"WONTECH THI\u1ebeT B\u1eca SPA","article_modified_time":"2024-08-28T07:30:10+00:00","og_image":[{"width":700,"height":800,"url":"http:\/\/wontechthietbispa.com\/wp-content\/uploads\/2023\/11\/Untitled-1-52.png","type":"image\/png"}],"twitter_card":"summary_large_image","twitter_misc":{"Est. reading time":"2 minutes"},"schema":{"@context":"https:\/\/schema.org","@graph":[{"@type":"WebPage","@id":"https:\/\/wontechthietbispa.com\/index.php\/product\/phi-thuyen-tam-trang-ngoi\/","url":"https:\/\/wontechthietbispa.com\/index.php\/product\/phi-thuyen-tam-trang-ngoi\/","name":"PHI THUY\u1ec0N NG\u1ed2I - WONTECH THI\u1ebeT B\u1eca SPA","isPartOf":{"@id":"https:\/\/wontechthietbispa.com\/#website"},"datePublished":"2023-12-01T10:05:46+00:00","dateModified":"2024-08-28T07:30:10+00:00","breadcrumb":{"@id":"https:\/\/wontechthietbispa.com\/index.php\/product\/phi-thuyen-tam-trang-ngoi\/#breadcrumb"},"inLanguage":"en-US","potentialAction":[{"@type":"ReadAction","target":["https:\/\/wontechthietbispa.com\/index.php\/product\/phi-thuyen-tam-trang-ngoi\/"]}]},{"@type":"BreadcrumbList","@id":"https:\/\/wontechthietbispa.com\/index.php\/product\/phi-thuyen-tam-trang-ngoi\/#breadcrumb","itemListElement":[{"@type":"ListItem","position":1,"name":"Home","item":"https:\/\/wontechthietbispa.com\/"},{"@type":"ListItem","position":2,"name":"Shop","item":"https:\/\/wontechthietbispa.com\/index.php\/shop\/"},{"@type":"ListItem","position":3,"name":"PHI THUY\u1ec0N NG\u1ed2I"}]},{"@type":"WebSite","@id":"https:\/\/wontechthietbispa.com\/#website","url":"https:\/\/wontechthietbispa.com\/","name":"WONTECH THI\u1ebeT B\u1eca SPA","description":"WONTECH THI\u1ebeT B\u1eca SPA","potentialAction":[{"@type":"SearchAction","target":{"@type":"EntryPoint","urlTemplate":"https:\/\/wontechthietbispa.com\/?s={search_term_string}"},"query-input":"required name=search_term_string"}],"inLanguage":"en-US"}]}},"jetpack_sharing_enabled":true,"_links":{"self":[{"href":"https:\/\/wontechthietbispa.com\/index.php\/wp-json\/wp\/v2\/product\/16447"}],"collection":[{"href":"https:\/\/wontechthietbispa.com\/index.php\/wp-json\/wp\/v2\/product"}],"about":[{"href":"https:\/\/wontechthietbispa.com\/index.php\/wp-json\/wp\/v2\/types\/product"}],"replies":[{"embeddable":true,"href":"https:\/\/wontechthietbispa.com\/index.php\/wp-json\/wp\/v2\/comments?post=16447"}],"version-history":[{"count":2,"href":"https:\/\/wontechthietbispa.com\/index.php\/wp-json\/wp\/v2\/product\/16447\/revisions"}],"predecessor-version":[{"id":17014,"href":"https:\/\/wontechthietbispa.com\/index.php\/wp-json\/wp\/v2\/product\/16447\/revisions\/17014"}],"wp:featuredmedia":[{"embeddable":true,"href":"https:\/\/wontechthietbispa.com\/index.php\/wp-json\/wp\/v2\/media\/15936"}],"wp:attachment":[{"href":"https:\/\/wontechthietbispa.com\/index.php\/wp-json\/wp\/v2\/media?parent=16447"}],"wp:term":[{"taxonomy":"product_cat","embeddable":true,"href":"https:\/\/wontechthietbispa.com\/index.php\/wp-json\/wp\/v2\/product_cat?post=16447"},{"taxonomy":"product_tag","embeddable":true,"href":"https:\/\/wontechthietbispa.com\/index.php\/wp-json\/wp\/v2\/product_tag?post=16447"}],"curies":[{"name":"wp","href":"https:\/\/api.w.org\/{rel}","templated":true}]}}