{"id":16445,"date":"2023-12-01T17:03:52","date_gmt":"2023-12-01T10:03:52","guid":{"rendered":"https:\/\/wontechthietbispa.com\/?post_type=product&#038;p=16445"},"modified":"2024-08-28T14:30:03","modified_gmt":"2024-08-28T07:30:03","slug":"phi-thuyen-tam-trang-con-so","status":"publish","type":"product","link":"https:\/\/wontechthietbispa.com\/index.php\/product\/phi-thuyen-tam-trang-con-so\/","title":{"rendered":"PHI THUY\u1ec0N CON S\u00d2"},"content":{"rendered":"<p><strong>T\u00cdNH N\u0102NG V\u00c0 C\u00d4NG D\u1ee4NG PHI THUY\u1ec0N T\u1eaeM TR\u1eaeNG CON S\u00d2 MANG L\u1ea0I<\/strong><\/p>\n<p>Phi thuy\u1ec1n \u0111\u01b0\u01a1c thi\u1ebft k\u1ebf \u0111\u1ed9c \u0111\u00e1o, s\u1ea3n xu\u1ea5t tr\u00ean d\u00e2y chuy\u1ec1n c\u00f4ng ngh\u1ec7 hi\u1ec7n \u0111\u1ea1i \u0111\u1ea1t ti\u00eau chu\u1ea9n qu\u1ed1c t\u1ebf. \u0110\u00e2y l\u00e0 c\u00f4ng ngh\u1ec7 \u0111\u00e3 v\u00e0 \u0111ang s\u1eed d\u1ee5ng ph\u1ed5 bi\u1ebfn t\u1ea1i c\u00e1c Spa, Beauty Salon cao c\u1ea5p tr\u00ean to\u00e0n th\u1ebf gi\u1edbi, c\u00e1c c\u00e1 nh\u00e2n v\u00e0 h\u1ed9 gia \u0111\u00ecnh s\u1edf h\u1eefu c\u00f4ng ngh\u1ec7 l\u00e0m \u0111\u1eb9p tuy\u1ec7t v\u1eddi n\u00e0y.<\/p>\n<p>L\u00e0 c\u00f4ng ngh\u1ec7 l\u00e0m \u0111\u1eb9p hi\u1ec7n \u0111\u1ea1i nh\u1ea5t t\u00edch\u00a0h\u1ee3p nhi\u1ec1u t\u00ednh n\u0103ng chuy\u00ean nghi\u1ec7p nh\u01b0: x\u00f4ng h\u01a1i n\u01b0\u1edbc, x\u00f4ng h\u01a1i h\u1ed3ng ngo\u1ea1i, t\u1eafm tr\u1eafng, massage, li\u1ec7u ph\u00e1p \u00e1nh s\u00e1ng, kh\u1eed tr\u00f9ng ozone&#8230;<\/p>\n<p>Phi thuy\u1ec1n gi\u00fap c\u00e1c d\u01b0\u1ee1ng ch\u1ea5t th\u1ea9m th\u1ea5u v\u00e0o da nhanh h\u01a1n, s\u00e2u h\u01a1n nh\u1edd t\u00e1c \u0111\u1ed9ng nhi\u1ec7t. Ph\u01b0\u01a1ng ph\u00e1p n\u00e0y \u1ee9c ch\u1ebf l\u01b0\u1ee3ng melanin s\u1ea3n sinh qu\u00e1 m\u1ee9c, l\u00e0m m\u1edd \u0111\u1ed1m \u0111en s\u1eabm m\u00e0u tr\u00ean b\u1ec1 m\u1eb7t da, \u0111\u1ed3ng th\u1eddi t\u1ed5ng h\u1ee3p collagen, t\u00e1i c\u1ea5u tr\u00fac da gi\u00fap da tr\u1eafng h\u1ed3ng, m\u1ecbn m\u00e0ng v\u00e0 r\u1ea1ng r\u1ee1 t\u1ef1 nhi\u00ean.<\/p>\n<p><strong>PHI THUY\u1ec0N T\u1eaeM TR\u1eaeN CON S\u00d2 S\u1eec D\u1ee4NG CHO NH\u1eeeNG LI\u1ec6U TR\u00ccNH G\u00cc?<\/strong><\/p>\n<p>\u2666\u00a0 L\u00e0m l\u00e0m da tr\u1eafng h\u1ed3ng t\u1ef1 nhi\u00ean<\/p>\n<p>\u2666\u00a0 Hi\u1ec7u qu\u1ea3 t\u1eafm tr\u1eafng gi\u00fap lo\u1ea1i b\u1ecf l\u1edbp da x\u1ec9n m\u00e0u, s\u1ea7n s\u00f9i, kh\u00f4 c\u1ee9ng.<\/p>\n<p>\u2666\u00a0 L\u00e0m s\u1ea1ch s\u00e2u b\u00ean trong, c\u1ea3i thi\u1ec7n s\u1eafc t\u1ed1 da, duy tr\u00ec l\u00e0n da tr\u1eafng h\u1ed3ng r\u1ea1ng r\u1ee1, b\u1ed5 sung Vitamin C, E, axit&#8230;<\/p>\n<p>\u2666\u00a0 Gi\u00fap da c\u0103ng m\u01b0\u1edbt v\u00e0 t\u1ea1o l\u1edbp m\u00e0ng b\u1ea3o v\u1ec7 da.<\/p>\n<p>\u2666\u00a0 T\u1ed5ng h\u1ee3p collagen, gi\u1ea3m nh\u0103n, s\u0103n ch\u1eafc cho da, tr\u1ebb h\u00f3a l\u00e2u&#8230;<\/p>\n<p>\u2666\u00a0 L\u00e0m gi\u1ea3m stress, t\u0103ng l\u01b0u th\u00f4ng m\u00e1u, th\u1ea3i \u0111\u1ed9c t\u1ed1 trong c\u01a1 th\u00ea&#8230;khi \u0111\u00f3 c\u01a1 th\u1ec3 b\u1ea1n s\u1ebd c\u1ea3m th\u1ea5y d\u1ec5 ch\u1ecbu v\u00e0 tho\u1ea3i m\u00e1i h\u01a1n r\u1ea5t nhi\u1ec1u.<\/p>\n<p>\u2666\u00a0 L\u00e0m t\u0103ng kh\u1ea3 n\u0103ng h\u1ea5p th\u1ee5 c\u00e1c s\u1ea3n ph\u1ea9m nh\u01b0 kem t\u1eafm tr\u1eafng, kem gi\u1ea3m b\u00e9o v\u00e0o s\u00e2u trong da&#8230;<\/p>\n<p>Ngo\u00e0i ra, phi thuy\u1ec1n c\u00f2n c\u00f3 th\u1ec3 gi\u1ea3m b\u00e9o th\u1ea3i \u0111\u1ed9c, lo\u1ea1i b\u1ecf t\u00ecnh tr\u1ea1ng m\u1ee1 d\u01b0 th\u1eeba d\u01b0\u1edbi da, c\u00e1c t\u00fai m\u1ee1 d\u01b0 th\u1eeba \u1edf v\u00f9ng h\u00f4ng, \u0111\u00f9i, b\u1ee5ng, b\u1eafp tay v\u00e0 n\u00e1ch&#8230;Khi gi\u1ea3m b\u00e9o n\u1eb1m trong phi thuy\u1ec1n, tuy\u1ebfn m\u1ed3 h\u00f4i l\u00e0m vi\u1ec7c g\u1ea5p 3 l\u1ea7n b\u00ecnh th\u01b0\u1eddng \u0111\u1ec3 lo\u1ea1i b\u1ecf c\u00e1c v\u00f9ng da \u0111ang b\u1ecb t\u00edch n\u01b0\u1edbc, \u0111\u1ed9c t\u1ed1, m\u1ee1 th\u1eeba, kim lo\u1ea1i n\u1eb7ng v\u00e0 c\u00e1c d\u1ed9c t\u1ed1 kh\u00e1c&#8230;Trong v\u00f2ng 20-30 ph\u00fat \u1ee7 n\u00f3ng b\u1eb1ng phi thuy\u1ec1n s\u1ebd gi\u00fap b\u1ea1n ti\u00eau t\u1ed1n 1000 calo, kem gi\u1ea3m b\u00e9o th\u1ea9m th\u1ea5u v\u00e0o s\u00e2u b\u00ean trong gi\u00fap \u0111\u00e1nh tan m\u1ee1 th\u1eeba m\u1ed9t c\u00e1ch d\u1ec5 d\u00e0ng.<\/p>\n<p><img fetchpriority=\"high\" decoding=\"async\" class=\"lazy\" title=\"Phi thuy\u1ec1n t\u1eafm tr\u1eafng con s\u00f2\" src=\"https:\/\/i0.wp.com\/maihanspa.com\/ino_upload\/source\/PHI%20THUYEN%20HONG%20NGOAI%20CON%20SO\/CON%20SO\/phi-thuyen-tam-trang-giam-beo.jpg?resize=600%2C663&#038;ssl=1\" alt=\"Phi thuy\u1ec1n t\u1eafm tr\u1eafng con s\u00f2\" width=\"600\" height=\"663\" data-recalc-dims=\"1\" \/><\/p>\n<p>Th\u00eam v\u00e0o \u0111\u00f3, c\u00f4ng ngh\u1ec7 gi\u1ea3m tr\u1eafng da to\u00e0n th\u00e2n b\u1eb1ng phi thuy\u1ec1n con s\u00f2 c\u00f2n c\u00f3 t\u00e1c d\u1ee5ng d\u01b0\u1ee1ng da, ph\u1ee5c h\u1ed3i da y\u1ebfu, kh\u00f4 s\u1ea7n, t\u0103ng sinh collagen cho da s\u0103n ch\u1eafc v\u00e0 c\u0103ng m\u1ecbn.<\/p>\n<p><strong>QUY TR\u00ccNH T\u1eaeM TR\u1eaeNG HO\u1eb6C GI\u1ea2M C\u00c2N B\u1eb0NG PHI THUY\u1ec0N \u0110\u01af\u1ee2C TI\u1ebeN H\u00c0NH NH\u01af SAU:<\/strong><\/p>\n<p>\u2666\u00a0 B\u01b0\u1edbc 1: Th\u0103m kh\u00e1m, t\u01b0 v\u1ea5n sau \u0111\u00f3 t\u1eafm s\u1ea1ch v\u00e0 x\u00f4ng h\u01a1i kho\u1ea3ng 10-20 ph\u00fat gi\u00fap b\u1ea1n th\u01b0 gi\u00e3n, xua tan c\u0103ng th\u1eb3ng, m\u1ec7t m\u1ecfi, \u0111\u1ed3ng th\u1eddi \u0111\u1ea9y nhanh qu\u00e1 tr\u00ecnh \u0111\u00e0o th\u1ea3i \u0111\u1ed9c t\u1ed1, t\u0103ng tu\u1ea7n ho\u00e0n, l\u01b0u th\u00f4ng kh\u00ed huy\u1ebft.<\/p>\n<p>\u2666\u00a0 B\u01b0\u1edbc 2: Massage t\u1ea9y da ch\u1ebft \u2013 \u0111\u00e2y l\u00e0 m\u1ed9t c\u00f4ng \u0111o\u1ea1n chu\u1ea9n b\u1ecb, kh\u00f4ng th\u1ec3 thi\u1ebfu trong b\u1ea5t k\u1ef3 quy tr\u00ecnh t\u1eafm tr\u1eafng\u00a0 n\u00e0o. Chuy\u00ean vi\u00ean th\u1ea9m m\u1ef9 b\u00f4i kem t\u1ea9y t\u1ebf b\u00e0o da ch\u1ebft \u0111\u01b0\u1ee3c chi\u1ebft xu\u1ea5t t\u1ef1 nhi\u00ean gi\u00fap lo\u1ea1i b\u1ecf c\u00e1c t\u1ebf b\u00e0o ch\u1ebft tr\u00ean da, \u0111\u1ed3ng th\u1eddi gi\u00fap da d\u1ec5 d\u00e0ng h\u1ea5p thu vitamin c\u0169ng nh\u01b0 d\u01b0\u1ee1ng ch\u1ea5t, t\u1ed1i \u01b0u hi\u1ec7u qu\u1ea3 t\u1eafm tr\u1eafng.<\/p>\n<p>\u2666\u00a0 B\u01b0\u1edbc 3: T\u1eafm s\u1ea1ch b\u1eb1ng n\u01b0\u1edbc \u1ea5m gi\u00fap da s\u1ea1ch l\u1edbp da ch\u1ebft v\u1eeba t\u1ea9y<\/p>\n<p>\u2666\u00a0 B\u01b0\u1edbc 4: B\u00f4i kem \u1ee7 tr\u1eafng ho\u1eb7c tinh ch\u1ea5t l\u00e0m tr\u1eafng; \u0111\u1ed1i v\u1edbi quy tr\u00ecnh gi\u1ea3m b\u00e9o th\u00ec b\u00f4i kem gi\u1ea3m b\u00e9o, tinh ch\u1ea5t gi\u1ea3m b\u00e9o v\u00e0o v\u00f9ng c\u1ea7n t\u1eafm tr\u1eafng ho\u1eb7c gi\u1ea3m b\u00e9o. Chuy\u00ean vi\u00ean th\u1ea9m m\u1ef9 massage cho kem \u0111\u1ec1u v\u00f9ng c\u1ea7n t\u1eafm tr\u1eafng ho\u1eb7c gi\u1ea3m b\u00e9o nh\u1eb1m th\u1ea9m th\u1ea5u v\u00e0o l\u1edbp da b\u00ean trong.<\/p>\n<p><img decoding=\"async\" class=\"lazy\" title=\"Phi thuy\u1ec1n t\u1eafm tr\u1eafng con s\u00f2\" src=\"https:\/\/i0.wp.com\/maihanspa.com\/ino_upload\/source\/PHI%20THUYEN%20HONG%20NGOAI%20CON%20SO\/CON%20SO\/phi-thuyen-tam-trang-con-so-2_1.jpg?resize=600%2C450&#038;ssl=1\" alt=\"Phi thuy\u1ec1n t\u1eafm tr\u1eafng con s\u00f2\" width=\"600\" height=\"450\" data-recalc-dims=\"1\" \/><\/p>\n<p>\u2666\u00a0 B\u01b0\u1edbc 5: B\u1eadt phi thuy\u1ec1n v\u00e0 \u0111i\u1ec1u ch\u1ec9nh th\u1eddi gian, nhi\u1ec7t \u0111\u1ed9 c\u1ea7n t\u1eafm tr\u1eafng (th\u00f4ng th\u01b0\u1eddng th\u1eddi gian \u1ee7 tr\u1eafng, gi\u1ea3m b\u00e9o t\u1eeb 15 \u2013 30 ph\u00fat, nhi\u1ec7t \u0111\u1ed9 h\u1ea5p t\u00f9y t\u1eebng lo\u1ea1i da th\u01b0\u1eddng t\u1eeb 40 \u2013 70 \u0111\u1ed9 C)<\/p>\n<p><img decoding=\"async\" class=\"lazy\" title=\"Phi thuy\u1ec1n t\u1eafm tr\u1eafng con s\u00f2\" src=\"https:\/\/i0.wp.com\/maihanspa.com\/ino_upload\/source\/PHI%20THUYEN%20HONG%20NGOAI%20CON%20SO\/CON%20SO\/kvp1449456048.jpg?resize=600%2C336&#038;ssl=1\" alt=\"Phi thuy\u1ec1n t\u1eafm tr\u1eafng con s\u00f2\" width=\"600\" height=\"336\" data-recalc-dims=\"1\" \/><\/p>\n<p>V\u1edbi nhi\u1ec7t \u0111\u1ed9 v\u00e0 \u00e1nh s\u00e1ng ph\u1ee9c h\u1ee3p tr\u00ean m\u00e1y phi thuy\u1ec1n, c\u00f3 t\u00e1c d\u1ee5ng l\u00e0m l\u00e0n da tr\u1eafng s\u00e1ng, gi\u1ea3m b\u00e9o to\u00e0n di\u1ec7n.<\/p>\n<p>\u2666\u00a0 B\u01b0\u1edbc 6: Thoa kem d\u01b0\u1ee1ng da. Kh\u00e1ch h\u00e0ng s\u1ebd \u0111\u01b0\u1ee3c thoa m\u1ed9t l\u1edbp kem d\u01b0\u1ee1ng tr\u1eafng ho\u1eb7c kem gi\u1ea3m b\u00e9o, cung c\u1ea5p vitamin C cho da kh\u1ecfe m\u1ea1nh tr\u1eafng s\u00e1ng, \u0111\u1ed3ng th\u1eddi gi\u00fap k\u1ebft qu\u1ea3 duy tr\u00ec l\u00e2u nh\u1ea5t.<\/p>\n","protected":false},"excerpt":{"rendered":"<p>\u1ee8ng d\u1ee5ng li\u1ec7u ph\u00e1p ph\u1ed5 quang phi thuy\u1ec1n t\u1eafm tr\u1eafng con s\u00f2 \u0111\u1ed1t ch\u00e1y l\u01b0\u1ee3ng m\u1ee1 d\u01b0 th\u1eeba \u0111\u1ed3ng th\u1eddi t\u00e1c \u0111\u1ed9ng l\u00ean l\u00e0n da cho l\u00e0n da h\u1ed3ng h\u00e0o t\u1ef1 nhi\u00ean.<\/p>\n","protected":false},"featured_media":15923,"comment_status":"open","ping_status":"closed","template":"","meta":[],"product_cat":[88],"product_tag":[],"yoast_head":"<!-- This site is optimized with the Yoast SEO plugin v21.5 - https:\/\/yoast.com\/wordpress\/plugins\/seo\/ -->\n<title>PHI THUY\u1ec0N CON S\u00d2 - WONTECH THI\u1ebeT B\u1eca SPA<\/title>\n<meta name=\"robots\" content=\"index, follow, max-snippet:-1, max-image-preview:large, max-video-preview:-1\" \/>\n<link rel=\"canonical\" href=\"https:\/\/wontechthietbispa.com\/index.php\/product\/phi-thuyen-tam-trang-con-so\/\" \/>\n<meta property=\"og:locale\" content=\"en_US\" \/>\n<meta property=\"og:type\" content=\"article\" \/>\n<meta property=\"og:title\" content=\"PHI THUY\u1ec0N CON S\u00d2 - WONTECH THI\u1ebeT B\u1eca SPA\" \/>\n<meta property=\"og:description\" content=\"\u1ee8ng d\u1ee5ng li\u1ec7u ph\u00e1p ph\u1ed5 quang phi thuy\u1ec1n t\u1eafm tr\u1eafng con s\u00f2 \u0111\u1ed1t ch\u00e1y l\u01b0\u1ee3ng m\u1ee1 d\u01b0 th\u1eeba \u0111\u1ed3ng th\u1eddi t\u00e1c \u0111\u1ed9ng l\u00ean l\u00e0n da cho l\u00e0n da h\u1ed3ng h\u00e0o t\u1ef1 nhi\u00ean.\" \/>\n<meta property=\"og:url\" content=\"https:\/\/wontechthietbispa.com\/index.php\/product\/phi-thuyen-tam-trang-con-so\/\" \/>\n<meta property=\"og:site_name\" content=\"WONTECH THI\u1ebeT B\u1eca SPA\" \/>\n<meta property=\"article:modified_time\" content=\"2024-08-28T07:30:03+00:00\" \/>\n<meta property=\"og:image\" content=\"http:\/\/wontechthietbispa.com\/wp-content\/uploads\/2023\/11\/Untitled-1-41.png\" \/>\n\t<meta property=\"og:image:width\" content=\"700\" \/>\n\t<meta property=\"og:image:height\" content=\"800\" \/>\n\t<meta property=\"og:image:type\" content=\"image\/png\" \/>\n<meta name=\"twitter:card\" content=\"summary_large_image\" \/>\n<meta name=\"twitter:label1\" content=\"Est. reading time\" \/>\n\t<meta name=\"twitter:data1\" content=\"4 minutes\" \/>\n<script type=\"application\/ld+json\" class=\"yoast-schema-graph\">{\"@context\":\"https:\/\/schema.org\",\"@graph\":[{\"@type\":\"WebPage\",\"@id\":\"https:\/\/wontechthietbispa.com\/index.php\/product\/phi-thuyen-tam-trang-con-so\/\",\"url\":\"https:\/\/wontechthietbispa.com\/index.php\/product\/phi-thuyen-tam-trang-con-so\/\",\"name\":\"PHI THUY\u1ec0N CON S\u00d2 - WONTECH THI\u1ebeT B\u1eca SPA\",\"isPartOf\":{\"@id\":\"https:\/\/wontechthietbispa.com\/#website\"},\"datePublished\":\"2023-12-01T10:03:52+00:00\",\"dateModified\":\"2024-08-28T07:30:03+00:00\",\"breadcrumb\":{\"@id\":\"https:\/\/wontechthietbispa.com\/index.php\/product\/phi-thuyen-tam-trang-con-so\/#breadcrumb\"},\"inLanguage\":\"en-US\",\"potentialAction\":[{\"@type\":\"ReadAction\",\"target\":[\"https:\/\/wontechthietbispa.com\/index.php\/product\/phi-thuyen-tam-trang-con-so\/\"]}]},{\"@type\":\"BreadcrumbList\",\"@id\":\"https:\/\/wontechthietbispa.com\/index.php\/product\/phi-thuyen-tam-trang-con-so\/#breadcrumb\",\"itemListElement\":[{\"@type\":\"ListItem\",\"position\":1,\"name\":\"Home\",\"item\":\"https:\/\/wontechthietbispa.com\/\"},{\"@type\":\"ListItem\",\"position\":2,\"name\":\"Shop\",\"item\":\"https:\/\/wontechthietbispa.com\/index.php\/shop\/\"},{\"@type\":\"ListItem\",\"position\":3,\"name\":\"PHI THUY\u1ec0N CON S\u00d2\"}]},{\"@type\":\"WebSite\",\"@id\":\"https:\/\/wontechthietbispa.com\/#website\",\"url\":\"https:\/\/wontechthietbispa.com\/\",\"name\":\"WONTECH THI\u1ebeT B\u1eca SPA\",\"description\":\"WONTECH THI\u1ebeT B\u1eca SPA\",\"potentialAction\":[{\"@type\":\"SearchAction\",\"target\":{\"@type\":\"EntryPoint\",\"urlTemplate\":\"https:\/\/wontechthietbispa.com\/?s={search_term_string}\"},\"query-input\":\"required name=search_term_string\"}],\"inLanguage\":\"en-US\"}]}<\/script>\n<!-- \/ Yoast SEO plugin. -->","yoast_head_json":{"title":"PHI THUY\u1ec0N CON S\u00d2 - WONTECH THI\u1ebeT B\u1eca SPA","robots":{"index":"index","follow":"follow","max-snippet":"max-snippet:-1","max-image-preview":"max-image-preview:large","max-video-preview":"max-video-preview:-1"},"canonical":"https:\/\/wontechthietbispa.com\/index.php\/product\/phi-thuyen-tam-trang-con-so\/","og_locale":"en_US","og_type":"article","og_title":"PHI THUY\u1ec0N CON S\u00d2 - WONTECH THI\u1ebeT B\u1eca SPA","og_description":"\u1ee8ng d\u1ee5ng li\u1ec7u ph\u00e1p ph\u1ed5 quang phi thuy\u1ec1n t\u1eafm tr\u1eafng con s\u00f2 \u0111\u1ed1t ch\u00e1y l\u01b0\u1ee3ng m\u1ee1 d\u01b0 th\u1eeba \u0111\u1ed3ng th\u1eddi t\u00e1c \u0111\u1ed9ng l\u00ean l\u00e0n da cho l\u00e0n da h\u1ed3ng h\u00e0o t\u1ef1 nhi\u00ean.","og_url":"https:\/\/wontechthietbispa.com\/index.php\/product\/phi-thuyen-tam-trang-con-so\/","og_site_name":"WONTECH THI\u1ebeT B\u1eca SPA","article_modified_time":"2024-08-28T07:30:03+00:00","og_image":[{"width":700,"height":800,"url":"http:\/\/wontechthietbispa.com\/wp-content\/uploads\/2023\/11\/Untitled-1-41.png","type":"image\/png"}],"twitter_card":"summary_large_image","twitter_misc":{"Est. reading time":"4 minutes"},"schema":{"@context":"https:\/\/schema.org","@graph":[{"@type":"WebPage","@id":"https:\/\/wontechthietbispa.com\/index.php\/product\/phi-thuyen-tam-trang-con-so\/","url":"https:\/\/wontechthietbispa.com\/index.php\/product\/phi-thuyen-tam-trang-con-so\/","name":"PHI THUY\u1ec0N CON S\u00d2 - WONTECH THI\u1ebeT B\u1eca SPA","isPartOf":{"@id":"https:\/\/wontechthietbispa.com\/#website"},"datePublished":"2023-12-01T10:03:52+00:00","dateModified":"2024-08-28T07:30:03+00:00","breadcrumb":{"@id":"https:\/\/wontechthietbispa.com\/index.php\/product\/phi-thuyen-tam-trang-con-so\/#breadcrumb"},"inLanguage":"en-US","potentialAction":[{"@type":"ReadAction","target":["https:\/\/wontechthietbispa.com\/index.php\/product\/phi-thuyen-tam-trang-con-so\/"]}]},{"@type":"BreadcrumbList","@id":"https:\/\/wontechthietbispa.com\/index.php\/product\/phi-thuyen-tam-trang-con-so\/#breadcrumb","itemListElement":[{"@type":"ListItem","position":1,"name":"Home","item":"https:\/\/wontechthietbispa.com\/"},{"@type":"ListItem","position":2,"name":"Shop","item":"https:\/\/wontechthietbispa.com\/index.php\/shop\/"},{"@type":"ListItem","position":3,"name":"PHI THUY\u1ec0N CON S\u00d2"}]},{"@type":"WebSite","@id":"https:\/\/wontechthietbispa.com\/#website","url":"https:\/\/wontechthietbispa.com\/","name":"WONTECH THI\u1ebeT B\u1eca SPA","description":"WONTECH THI\u1ebeT B\u1eca SPA","potentialAction":[{"@type":"SearchAction","target":{"@type":"EntryPoint","urlTemplate":"https:\/\/wontechthietbispa.com\/?s={search_term_string}"},"query-input":"required name=search_term_string"}],"inLanguage":"en-US"}]}},"jetpack_sharing_enabled":true,"_links":{"self":[{"href":"https:\/\/wontechthietbispa.com\/index.php\/wp-json\/wp\/v2\/product\/16445"}],"collection":[{"href":"https:\/\/wontechthietbispa.com\/index.php\/wp-json\/wp\/v2\/product"}],"about":[{"href":"https:\/\/wontechthietbispa.com\/index.php\/wp-json\/wp\/v2\/types\/product"}],"replies":[{"embeddable":true,"href":"https:\/\/wontechthietbispa.com\/index.php\/wp-json\/wp\/v2\/comments?post=16445"}],"version-history":[{"count":2,"href":"https:\/\/wontechthietbispa.com\/index.php\/wp-json\/wp\/v2\/product\/16445\/revisions"}],"predecessor-version":[{"id":17015,"href":"https:\/\/wontechthietbispa.com\/index.php\/wp-json\/wp\/v2\/product\/16445\/revisions\/17015"}],"wp:featuredmedia":[{"embeddable":true,"href":"https:\/\/wontechthietbispa.com\/index.php\/wp-json\/wp\/v2\/media\/15923"}],"wp:attachment":[{"href":"https:\/\/wontechthietbispa.com\/index.php\/wp-json\/wp\/v2\/media?parent=16445"}],"wp:term":[{"taxonomy":"product_cat","embeddable":true,"href":"https:\/\/wontechthietbispa.com\/index.php\/wp-json\/wp\/v2\/product_cat?post=16445"},{"taxonomy":"product_tag","embeddable":true,"href":"https:\/\/wontechthietbispa.com\/index.php\/wp-json\/wp\/v2\/product_tag?post=16445"}],"curies":[{"name":"wp","href":"https:\/\/api.w.org\/{rel}","templated":true}]}}