{"id":16443,"date":"2023-12-01T17:02:58","date_gmt":"2023-12-01T10:02:58","guid":{"rendered":"https:\/\/wontechthietbispa.com\/?post_type=product&#038;p=16443"},"modified":"2024-08-28T14:29:56","modified_gmt":"2024-08-28T07:29:56","slug":"phi-thuyen-tam-trang-hong-ngoai-san-go","status":"publish","type":"product","link":"https:\/\/wontechthietbispa.com\/index.php\/product\/phi-thuyen-tam-trang-hong-ngoai-san-go\/","title":{"rendered":"PHI THUY\u1ec0N S\u00c0N G\u1ed6"},"content":{"rendered":"<p>Phi thuy\u1ec1n t\u1eafm tr\u1eafng h\u1ed3ng ngo\u1ea1i\u00a0l\u00e0 thi\u1ebft b\u1ecb m\u00e0 r\u1ea5t nhi\u1ec1u spa \u0111ang quan t\u00e2m l\u1ef1a ch\u1ecdn. Nghi\u00ean c\u1ee9u khoa h\u1ecdc hi\u1ec7n \u0111\u1ea1i ch\u1ee9ng minh r\u1eb1ng c\u01a1 th\u1ec3 con ng\u01b0\u1eddi c\u00f3 kh\u1ea3 n\u0103ng h\u1ea5p th\u1ee5 tia h\u1ed3ng ngo\u1ea1i. Do \u0111\u00f3 phi thuy\u1ec1n \u0111\u01b0\u1ee3c trang b\u1ecb b\u1ee9c x\u1ea1 h\u1ed3ng ngo\u1ea1i xa b\u00ean trong s\u1ea3n ph\u1ea9m. Th\u00f4ng qua b\u1ed9 t\u1ea3n nhi\u1ec7t h\u1ed3ng ngo\u1ea1i xa ph\u1ee7 nguy\u00ean t\u1ed1 vi l\u01b0\u1ee3ng l\u00ean c\u01a1 th\u1ec3 con ng\u01b0\u1eddi<\/p>\n<h3><b>\u0110\u1eb7c t\u00ednh \u0111i\u1ec1u tr\u1ecb:\u00a0<\/b><\/h3>\n<ul>\n<li>T\u00e1c d\u1ee5ng tr\u1ecb li\u1ec7u: T\u00e1c d\u1ee5ng tr\u1ecb li\u1ec7u tia h\u1ed3ng ngo\u1ea1i l\u00e0 hi\u1ec7u \u1ee9ng \u0111\u1ed9 n\u00f3ng. D\u01b0\u1edbi s\u1ef1 chi\u1ebfu x\u1ea1 c\u1ee7a tia h\u1ed3ng ngo\u1ea1i, nhi\u1ec7t \u0111\u1ed9 t\u1ed5 ch\u1ee9c t\u0103ng cao, m\u1ea1ch m\u00e1u n\u1edf l\u00e0m t\u0103ng \u0111\u1ed9 l\u01b0u th\u00f4ng, qu\u00e1 tr\u00ecnh trao \u0111\u1ed5i ch\u1ea5t \u0111\u01b0\u1ee3c t\u0103ng c\u01b0\u1eddng, t\u1ed5 ch\u1ee9c t\u1ebf b\u00e0o nhi\u1ec1u s\u1ee9c s\u1ed1ng n\u00e2ng cao kh\u1ea3 n\u0103ng t\u00e1i sinh.<\/li>\n<li>T\u00e1c d\u1ee5ng th\u1ea9m m\u1ef9: L\u00e0m \u0111\u1eb9p, l\u00e0m \u1ed1m, th\u1ea3i ch\u1ea5t \u0111\u1ed9c, gi\u1ea3m c\u0103ng th\u1eb3ng, c\u1ea3i thi\u1ec7n t\u00ecnh tr\u1ea1ng m\u1ea5t ng\u1ee7.<\/li>\n<li>Do \u00e1nh s\u00e1ng c\u1ee7a m\u00e1y phi thuy\u1ec1n h\u1ed3ng ngo\u1ea1i ph\u00e2n gi\u1ea3i v\u00e0 \u0111\u00e0o th\u1ea3i h\u1eafc s\u1eafc t\u1ed1 Melanin t\u00edch t\u1ee5 d\u01b0\u1edbi da ra b\u00ean ngo\u00e0i c\u01a1 th\u1ec3. K\u1ebft h\u1ee3p \u0111\u1ed3ng th\u1eddi tinh ch\u1ea5t l\u00e0m tr\u1eafng da s\u00e1ng. S\u1ebd mang l\u1ea1i l\u00e0n da tr\u1eafng h\u1ed3ng, s\u00e1ng m\u1ecbn, \u0111\u1ec1u m\u00e0u t\u1ef1 nhi\u00ean v\u1ed1n c\u00f3.<\/li>\n<\/ul>\n<h3><b>Hi\u1ec7u qu\u1ea3 \u0111i\u1ec1u tr\u1ecb c\u1ee7a\u00a0phi thuy\u1ec1n t\u1eafm tr\u1eafng\u00a0h\u1ed3ng ngo\u1ea1i<\/b>:<\/h3>\n<ul>\n<li>H\u1ed7 tr\u1ee3 l\u00e0m tr\u1eafng da.<\/li>\n<li>Th\u00fac \u0111\u1ea9y c\u00e1c ph\u1ea3n \u1ee9ng oxi h\u00f3a kh\u1eed sinh l\u00fd \u0111\u1ec3 lo\u1ea1i b\u1ecf s\u1ef1 t\u00edch t\u1ee5 c\u1ee7a ch\u1ea5t b\u00e9o d\u01b0 th\u1eeba v\u00e0 n\u00e2ng cao ch\u1ea5t l\u01b0\u1ee3ng c\u1ee7a c\u01a1 th\u1ec3.<\/li>\n<li>N\u00f3 c\u00f3 ch\u1ee9c n\u0103ng t\u00e1i sinh t\u00e1i t\u1ea1o t\u1ebf b\u00e0o da, c\u1ea3i thi\u1ec7n s\u1ef1 trao \u0111\u1ed5i ch\u1ea5t d\u01b0\u1edbi da, t\u0103ng s\u1ef1 h\u1ea5p thu\u00a0 c\u00e1c s\u1ea3n ph\u1ea9m c\u1ee7a da \u0111\u1ebfn h\u01a1n 300 l\u1ea7n.<\/li>\n<li>Th\u00fac \u0111\u1ea9y m\u1ed3 h\u00f4i v\u00e0 lo\u1ea1i b\u1ecf ch\u1ea5t b\u00e9o \u0111\u1eb7c h\u1eefu \u0111\u00f3 l\u00e0 t\u1ed1t \u0111\u1ec3 x\u1ea3 c\u00e1c kim lo\u1ea1i n\u1eb7ng, ch\u1ea5t th\u1ea3i \u0111\u1ed9c h\u1ea1i v\u00e0 t\u00edch l\u0169y trong c\u01a1 th\u1ec3.<\/li>\n<li>N\u00f3 c\u00f3 th\u1ec3 k\u00edch ho\u1ea1t ch\u1ee9c n\u0103ng sinh l\u00fd \u0111\u1ec3 k\u00edch th\u00edch ho\u00f3c m\u00f4n v\u00e0 l\u00ean men.<\/li>\n<li>L\u00e0m t\u0103ng n\u0103ng l\u01b0\u1ee3ng, t\u0103ng t\u1ed1c \u0111\u1ed9 trao \u0111\u1ed5i ch\u1ea5t, t\u0103ng c\u01b0\u1eddng vi\u1ec7c s\u1eed d\u1ee5ng c\u00e1c y\u1ebfu t\u1ed1 dinh d\u01b0\u1ee1ng v\u00e0 lo\u1ea1i b\u1ecf m\u1ec7t m\u1ecfi.<\/li>\n<li>\u0110i\u1ec1u tr\u1ecb c\u00e1c b\u1ec7nh v\u1ec1 th\u1ec3 ch\u1ea5t c\u01a1 b\u1eafp v\u00e0 th\u1ea7n kinh, c\u00f3 t\u00e1c \u0111\u1ed9ng t\u00edch c\u1ef1c tr\u00ean gan v\u00e0 lo\u1ea1i b\u1ecf s\u1ef1 c\u0103ng th\u1eb3ng gan v\u00e0 \u0111au kh\u00f4ng t\u00ean.<\/li>\n<li>N\u00f3 c\u00f3 th\u1ec3 ng\u0103n ch\u1eb7n s\u1ef1 ph\u00e1t tri\u1ec3n c\u1ee7a t\u1ebf b\u00e0o ung th\u01b0.<\/li>\n<li>N\u00f3 c\u00f3 th\u1ec3 gi\u1ea3m \u0111au v\u00e0 gi\u1ea3m vi\u00eam.<\/li>\n<\/ul>\n<figure id=\"attachment_23862\" class=\"wp-caption alignnone\" aria-describedby=\"caption-attachment-23862\"><figcaption id=\"caption-attachment-23862\" class=\"wp-caption-text\">Phi thuy\u1ec1n t\u1eafm tr\u1eafng h\u1ed3ng ngo\u1ea1i<\/figcaption><\/figure>\n<h3><b>Li\u1ec7u tr\u00ecnh tham kh\u1ea3o t\u1eafm tr\u1eafng b\u1eb1ng phi thuy\u1ec1n t\u1eafm tr\u1eafng h\u1ed3ng ngo\u1ea1i :\u00a0<\/b><\/h3>\n<ul>\n<li>B\u01b0\u1edbc 1: T\u1ea9y t\u1ebf b\u00e0o ch\u1ebft b\u1eb1ng c\u00e1m g\u1ea1o v\u1edbi n\u01b0\u1edbc cam.<\/li>\n<\/ul>\n<p>B\u01b0\u1edbc n\u00e0y c\u1ef1c k\u1ef3 quan tr\u1ecdng v\u00ec n\u00f3 quy\u1ebft \u0111\u1ecbnh \u0111\u1ed9 s\u00e1ng c\u1ee7a da b\u1ea1n sau khi t\u1eafm xong. N\u1ebfu v\u1eabn c\u00f2n t\u1ebf b\u00e0o ch\u1ebft s\u1ebd ng\u0103n c\u1ea3n da th\u1ea9m th\u1ea5u tinh ch\u1ea5t, k\u1ebft qu\u1ea3 kh\u00f4ng lo\u1ea1i b\u1ecf \u0111\u01b0\u01a1c s\u1eafc t\u1ed1 \u0111en s\u1ea1m \u1ea9n s\u00e2u d\u01b0\u1edbi da.<\/p>\n<ul>\n<li>B\u01b0\u1edbc 2: T\u1eafm ng\u1ecdc trai v\u00e0 s\u1eefa d\u00ea non.<\/li>\n<li>B\u01b0\u1edbc 3: N\u1eb1m v\u00e0o m\u00e1y \u1ee7 tr\u1eafng b\u1eb1ng nhi\u1ec7t h\u1ed3ng ngo\u1ea1i.<\/li>\n<li>B\u01b0\u1edbc 4: \u0110\u1eafp m\u1eb7t n\u1ea1 d\u01b0\u1ee1ng b\u1eb1ng hoa d\u00e2m b\u1ee5t.<\/li>\n<li>B\u01b0\u1edbc 5: Sau khi t\u1eafm xong b\u1ea1n s\u1ebd \u0111\u01b0\u1ee3c th\u01b0 gi\u00e3n v\u1edbi kem massage d\u01b0\u1ee1ng m\u1ecbn da.<\/li>\n<\/ul>\n","protected":false},"excerpt":{"rendered":"<p>T\u00e1c d\u1ee5ng tr\u1ecb li\u1ec7u tia h\u1ed3ng ngo\u1ea1i l\u00e0 hi\u1ec7u \u1ee9ng \u0111\u1ed9 n\u00f3ng. D\u01b0\u1edbi s\u1ef1 chi\u1ebfu x\u1ea1 c\u1ee7a tia h\u1ed3ng ngo\u1ea1i, nhi\u1ec7t \u0111\u1ed9 t\u1ed5 ch\u1ee9c t\u0103ng cao, m\u1ea1ch m\u00e1u n\u1edf l\u00e0m t\u0103ng \u0111\u1ed9 l\u01b0u th\u00f4ng, qu\u00e1 tr\u00ecnh trao \u0111\u1ed5i ch\u1ea5t \u0111\u01b0\u1ee3c t\u0103ng c\u01b0\u1eddng, t\u1ed5 ch\u1ee9c t\u1ebf b\u00e0o nhi\u1ec1u s\u1ee9c s\u1ed1ng n\u00e2ng cao kh\u1ea3 n\u0103ng t\u00e1i sinh.<\/p>\n","protected":false},"featured_media":15937,"comment_status":"open","ping_status":"closed","template":"","meta":[],"product_cat":[88],"product_tag":[],"yoast_head":"<!-- This site is optimized with the Yoast SEO plugin v21.5 - https:\/\/yoast.com\/wordpress\/plugins\/seo\/ -->\n<title>PHI THUY\u1ec0N S\u00c0N G\u1ed6 - WONTECH THI\u1ebeT B\u1eca SPA<\/title>\n<meta name=\"robots\" content=\"index, follow, max-snippet:-1, max-image-preview:large, max-video-preview:-1\" \/>\n<link rel=\"canonical\" href=\"https:\/\/wontechthietbispa.com\/index.php\/product\/phi-thuyen-tam-trang-hong-ngoai-san-go\/\" \/>\n<meta property=\"og:locale\" content=\"en_US\" \/>\n<meta property=\"og:type\" content=\"article\" \/>\n<meta property=\"og:title\" content=\"PHI THUY\u1ec0N S\u00c0N G\u1ed6 - WONTECH THI\u1ebeT B\u1eca SPA\" \/>\n<meta property=\"og:description\" content=\"T\u00e1c d\u1ee5ng tr\u1ecb li\u1ec7u tia h\u1ed3ng ngo\u1ea1i l\u00e0 hi\u1ec7u \u1ee9ng \u0111\u1ed9 n\u00f3ng. D\u01b0\u1edbi s\u1ef1 chi\u1ebfu x\u1ea1 c\u1ee7a tia h\u1ed3ng ngo\u1ea1i, nhi\u1ec7t \u0111\u1ed9 t\u1ed5 ch\u1ee9c t\u0103ng cao, m\u1ea1ch m\u00e1u n\u1edf l\u00e0m t\u0103ng \u0111\u1ed9 l\u01b0u th\u00f4ng, qu\u00e1 tr\u00ecnh trao \u0111\u1ed5i ch\u1ea5t \u0111\u01b0\u1ee3c t\u0103ng c\u01b0\u1eddng, t\u1ed5 ch\u1ee9c t\u1ebf b\u00e0o nhi\u1ec1u s\u1ee9c s\u1ed1ng n\u00e2ng cao kh\u1ea3 n\u0103ng t\u00e1i sinh.\" \/>\n<meta property=\"og:url\" content=\"https:\/\/wontechthietbispa.com\/index.php\/product\/phi-thuyen-tam-trang-hong-ngoai-san-go\/\" \/>\n<meta property=\"og:site_name\" content=\"WONTECH THI\u1ebeT B\u1eca SPA\" \/>\n<meta property=\"article:modified_time\" content=\"2024-08-28T07:29:56+00:00\" \/>\n<meta property=\"og:image\" content=\"http:\/\/wontechthietbispa.com\/wp-content\/uploads\/2023\/11\/Untitled-1-53.png\" \/>\n\t<meta property=\"og:image:width\" content=\"700\" \/>\n\t<meta property=\"og:image:height\" content=\"800\" \/>\n\t<meta property=\"og:image:type\" content=\"image\/png\" \/>\n<meta name=\"twitter:card\" content=\"summary_large_image\" \/>\n<meta name=\"twitter:label1\" content=\"Est. reading time\" \/>\n\t<meta name=\"twitter:data1\" content=\"3 minutes\" \/>\n<script type=\"application\/ld+json\" class=\"yoast-schema-graph\">{\"@context\":\"https:\/\/schema.org\",\"@graph\":[{\"@type\":\"WebPage\",\"@id\":\"https:\/\/wontechthietbispa.com\/index.php\/product\/phi-thuyen-tam-trang-hong-ngoai-san-go\/\",\"url\":\"https:\/\/wontechthietbispa.com\/index.php\/product\/phi-thuyen-tam-trang-hong-ngoai-san-go\/\",\"name\":\"PHI THUY\u1ec0N S\u00c0N G\u1ed6 - WONTECH THI\u1ebeT B\u1eca SPA\",\"isPartOf\":{\"@id\":\"https:\/\/wontechthietbispa.com\/#website\"},\"datePublished\":\"2023-12-01T10:02:58+00:00\",\"dateModified\":\"2024-08-28T07:29:56+00:00\",\"breadcrumb\":{\"@id\":\"https:\/\/wontechthietbispa.com\/index.php\/product\/phi-thuyen-tam-trang-hong-ngoai-san-go\/#breadcrumb\"},\"inLanguage\":\"en-US\",\"potentialAction\":[{\"@type\":\"ReadAction\",\"target\":[\"https:\/\/wontechthietbispa.com\/index.php\/product\/phi-thuyen-tam-trang-hong-ngoai-san-go\/\"]}]},{\"@type\":\"BreadcrumbList\",\"@id\":\"https:\/\/wontechthietbispa.com\/index.php\/product\/phi-thuyen-tam-trang-hong-ngoai-san-go\/#breadcrumb\",\"itemListElement\":[{\"@type\":\"ListItem\",\"position\":1,\"name\":\"Home\",\"item\":\"https:\/\/wontechthietbispa.com\/\"},{\"@type\":\"ListItem\",\"position\":2,\"name\":\"Shop\",\"item\":\"https:\/\/wontechthietbispa.com\/index.php\/shop\/\"},{\"@type\":\"ListItem\",\"position\":3,\"name\":\"PHI THUY\u1ec0N S\u00c0N G\u1ed6\"}]},{\"@type\":\"WebSite\",\"@id\":\"https:\/\/wontechthietbispa.com\/#website\",\"url\":\"https:\/\/wontechthietbispa.com\/\",\"name\":\"WONTECH THI\u1ebeT B\u1eca SPA\",\"description\":\"WONTECH THI\u1ebeT B\u1eca SPA\",\"potentialAction\":[{\"@type\":\"SearchAction\",\"target\":{\"@type\":\"EntryPoint\",\"urlTemplate\":\"https:\/\/wontechthietbispa.com\/?s={search_term_string}\"},\"query-input\":\"required name=search_term_string\"}],\"inLanguage\":\"en-US\"}]}<\/script>\n<!-- \/ Yoast SEO plugin. -->","yoast_head_json":{"title":"PHI THUY\u1ec0N S\u00c0N G\u1ed6 - WONTECH THI\u1ebeT B\u1eca SPA","robots":{"index":"index","follow":"follow","max-snippet":"max-snippet:-1","max-image-preview":"max-image-preview:large","max-video-preview":"max-video-preview:-1"},"canonical":"https:\/\/wontechthietbispa.com\/index.php\/product\/phi-thuyen-tam-trang-hong-ngoai-san-go\/","og_locale":"en_US","og_type":"article","og_title":"PHI THUY\u1ec0N S\u00c0N G\u1ed6 - WONTECH THI\u1ebeT B\u1eca SPA","og_description":"T\u00e1c d\u1ee5ng tr\u1ecb li\u1ec7u tia h\u1ed3ng ngo\u1ea1i l\u00e0 hi\u1ec7u \u1ee9ng \u0111\u1ed9 n\u00f3ng. D\u01b0\u1edbi s\u1ef1 chi\u1ebfu x\u1ea1 c\u1ee7a tia h\u1ed3ng ngo\u1ea1i, nhi\u1ec7t \u0111\u1ed9 t\u1ed5 ch\u1ee9c t\u0103ng cao, m\u1ea1ch m\u00e1u n\u1edf l\u00e0m t\u0103ng \u0111\u1ed9 l\u01b0u th\u00f4ng, qu\u00e1 tr\u00ecnh trao \u0111\u1ed5i ch\u1ea5t \u0111\u01b0\u1ee3c t\u0103ng c\u01b0\u1eddng, t\u1ed5 ch\u1ee9c t\u1ebf b\u00e0o nhi\u1ec1u s\u1ee9c s\u1ed1ng n\u00e2ng cao kh\u1ea3 n\u0103ng t\u00e1i sinh.","og_url":"https:\/\/wontechthietbispa.com\/index.php\/product\/phi-thuyen-tam-trang-hong-ngoai-san-go\/","og_site_name":"WONTECH THI\u1ebeT B\u1eca SPA","article_modified_time":"2024-08-28T07:29:56+00:00","og_image":[{"width":700,"height":800,"url":"http:\/\/wontechthietbispa.com\/wp-content\/uploads\/2023\/11\/Untitled-1-53.png","type":"image\/png"}],"twitter_card":"summary_large_image","twitter_misc":{"Est. reading time":"3 minutes"},"schema":{"@context":"https:\/\/schema.org","@graph":[{"@type":"WebPage","@id":"https:\/\/wontechthietbispa.com\/index.php\/product\/phi-thuyen-tam-trang-hong-ngoai-san-go\/","url":"https:\/\/wontechthietbispa.com\/index.php\/product\/phi-thuyen-tam-trang-hong-ngoai-san-go\/","name":"PHI THUY\u1ec0N S\u00c0N G\u1ed6 - WONTECH THI\u1ebeT B\u1eca SPA","isPartOf":{"@id":"https:\/\/wontechthietbispa.com\/#website"},"datePublished":"2023-12-01T10:02:58+00:00","dateModified":"2024-08-28T07:29:56+00:00","breadcrumb":{"@id":"https:\/\/wontechthietbispa.com\/index.php\/product\/phi-thuyen-tam-trang-hong-ngoai-san-go\/#breadcrumb"},"inLanguage":"en-US","potentialAction":[{"@type":"ReadAction","target":["https:\/\/wontechthietbispa.com\/index.php\/product\/phi-thuyen-tam-trang-hong-ngoai-san-go\/"]}]},{"@type":"BreadcrumbList","@id":"https:\/\/wontechthietbispa.com\/index.php\/product\/phi-thuyen-tam-trang-hong-ngoai-san-go\/#breadcrumb","itemListElement":[{"@type":"ListItem","position":1,"name":"Home","item":"https:\/\/wontechthietbispa.com\/"},{"@type":"ListItem","position":2,"name":"Shop","item":"https:\/\/wontechthietbispa.com\/index.php\/shop\/"},{"@type":"ListItem","position":3,"name":"PHI THUY\u1ec0N S\u00c0N G\u1ed6"}]},{"@type":"WebSite","@id":"https:\/\/wontechthietbispa.com\/#website","url":"https:\/\/wontechthietbispa.com\/","name":"WONTECH THI\u1ebeT B\u1eca SPA","description":"WONTECH THI\u1ebeT B\u1eca SPA","potentialAction":[{"@type":"SearchAction","target":{"@type":"EntryPoint","urlTemplate":"https:\/\/wontechthietbispa.com\/?s={search_term_string}"},"query-input":"required name=search_term_string"}],"inLanguage":"en-US"}]}},"jetpack_sharing_enabled":true,"_links":{"self":[{"href":"https:\/\/wontechthietbispa.com\/index.php\/wp-json\/wp\/v2\/product\/16443"}],"collection":[{"href":"https:\/\/wontechthietbispa.com\/index.php\/wp-json\/wp\/v2\/product"}],"about":[{"href":"https:\/\/wontechthietbispa.com\/index.php\/wp-json\/wp\/v2\/types\/product"}],"replies":[{"embeddable":true,"href":"https:\/\/wontechthietbispa.com\/index.php\/wp-json\/wp\/v2\/comments?post=16443"}],"version-history":[{"count":5,"href":"https:\/\/wontechthietbispa.com\/index.php\/wp-json\/wp\/v2\/product\/16443\/revisions"}],"predecessor-version":[{"id":17501,"href":"https:\/\/wontechthietbispa.com\/index.php\/wp-json\/wp\/v2\/product\/16443\/revisions\/17501"}],"wp:featuredmedia":[{"embeddable":true,"href":"https:\/\/wontechthietbispa.com\/index.php\/wp-json\/wp\/v2\/media\/15937"}],"wp:attachment":[{"href":"https:\/\/wontechthietbispa.com\/index.php\/wp-json\/wp\/v2\/media?parent=16443"}],"wp:term":[{"taxonomy":"product_cat","embeddable":true,"href":"https:\/\/wontechthietbispa.com\/index.php\/wp-json\/wp\/v2\/product_cat?post=16443"},{"taxonomy":"product_tag","embeddable":true,"href":"https:\/\/wontechthietbispa.com\/index.php\/wp-json\/wp\/v2\/product_tag?post=16443"}],"curies":[{"name":"wp","href":"https:\/\/api.w.org\/{rel}","templated":true}]}}