{"id":16439,"date":"2023-12-01T17:00:14","date_gmt":"2023-12-01T10:00:14","guid":{"rendered":"https:\/\/wontechthietbispa.com\/?post_type=product&#038;p=16439"},"modified":"2024-08-28T14:21:38","modified_gmt":"2024-08-28T07:21:38","slug":"phi-thuyen-tam-trang-collagen","status":"publish","type":"product","link":"https:\/\/wontechthietbispa.com\/index.php\/product\/phi-thuyen-tam-trang-collagen\/","title":{"rendered":"PHI THUY\u1ec0N COLLAGEN"},"content":{"rendered":"<p>Phi thuy\u1ec1n t\u1eafm tr\u1eafng collagen ch\u00ednh h\u00e3ng <strong>Phi Thuy\u1ec1n T\u1eafm Tr\u1eafng Collagen<\/strong>\u00a0c\u00f3 thi\u1ebft k\u1ebf \u0111\u01a1n gi\u1ea3n sang tr\u1ecdng, m\u00e1y \u0111\u01b0\u1ee3c thi\u1ebft k\u1ebf ph\u00f9 h\u1ee3p v\u1edbi v\u00f3c d\u00e1ng v\u00e0 k\u00edch th\u01b0\u1edbc c\u1ee7a m\u1ecdi ng\u01b0\u1eddi, ngo\u00e0i ra Phi Thuy\u1ec1n c\u00f2n \u0111\u01b0\u1ee3c s\u1eed d\u1ee5ng c\u00f4ng ngh\u1ec7 \u00e1nh s\u00e1ng h\u1ed3ng ngo\u1ea1i gi\u00fap cho th\u1ea9m th\u1ea5u nhanh v\u00e0 s\u00e2u d\u01b0\u1ee1ng ch\u1ea5t nu\u00f4i d\u01b0\u1ee1ng v\u00e0o t\u1ebf b\u00e0o da<\/p>\n<p>V\u1edbi c\u00f4ng ngh\u1ec7 ti\u00ean ti\u1ebfn hi\u1ec7n \u0111\u1ea1i,\u00a0phi thuy\u1ec1n t\u1eafm tr\u1eafng\u00a0trang b\u1ecb li\u1ec7u ph\u00e1p \u00e1nh s\u00e1ng \u0111\u1ecf k\u00edch th\u00edch da, ch\u1ed1ng l\u00e3o h\u00f3a v\u00e0 c\u1ea3i thi\u1ec7n s\u1ef1 s\u0103n ch\u1eafc c\u1ee7a da, \u0111\u1ed9 \u0111\u00e0n h\u1ed3i v\u00e0 l\u00e1ng m\u1ecbn. B\u1ed5 sung n\u01b0\u1edbc, gi\u1eef \u1ea9m cho da.<\/p>\n<p><strong>\u2013 \u00c1nh s\u00e1ng l\u1ea1nh :<\/strong>\u00a0\u00c1nh s\u00e1ng n\u0103ng l\u01b0\u1ee3ng th\u1ea5p (t\u1ee9c l\u00e0 \u00e1nh s\u00e1ng m\u00e0u \u0111\u1ecf) s\u1eed d\u1ee5ng m\u1ed9t b\u01b0\u1edbc s\u00f3ng c\u1ee5 th\u1ec3 (610-650nm), gi\u00fap c\u1ea3i thi\u1ec7n h\u1ec7 tu\u1ea7n ho\u00e0n m\u00e1u v\u00e0 h\u1ec7 b\u1ea1ch huy\u1ebft, th\u00fac \u0111\u1ea9y qu\u00e1 tr\u00ecnh trao \u0111\u1ed5i ch\u1ea5t v\u00e0 k\u00edch th\u00edch tu\u1ea7n ho\u00e0n m\u00e1u.<\/p>\n<p>\u2013 L\u00e0m cho da r\u1ea1ng r\u1ee1, h\u1ed3i sinh nhanh ch\u00f3ng. N\u00f3 chuy\u1ec3n \u0111\u1ed5i \u00e1nh s\u00e1ng th\u00e0nh t\u1ebf b\u00e0o, k\u00edch th\u00edch s\u1ef1 s\u1ea3n xu\u1ea5t collagen trong t\u1ebf b\u00e0o s\u1ee3i, kh\u00f4i ph\u1ee5c \u0111\u1ed9 \u0111\u00e0n h\u1ed3i v\u00e0 k\u1ebft c\u1ea5u c\u1ee7a da.<\/p>\n<p>\u2013 \u0110\u1ec3 c\u1ea3i thi\u1ec7n c\u01a1 b\u1ea3n l\u00e0n da, l\u00e0m cho da s\u0103n ch\u1eafc, m\u1ecbn m\u00e0ng v\u00e0 b\u00f3ng m\u01b0\u1ee3t. V\u00e0 c\u1ea3i thi\u1ec7n \u0111\u00e1ng k\u1ec3 kh\u1ea3 n\u0103ng h\u1ea5p th\u1ee5 s\u1ea3n ph\u1ea9m ch\u0103m s\u00f3c cho da..<\/p>\n<h3><strong>Ch\u1ee9c n\u0103ng c\u1ee7a Phi Thuy\u1ec1n T\u1eafm Tr\u1eafng Collagen :<\/strong><\/h3>\n<p>1.Nh\u1edd melanin, l\u00e0m tr\u1eafng da, ch\u1ed1ng l\u00e3o h\u00f3a.<\/p>\n<p>2.Thu\u1ed1c collagen t\u00e1i t\u1ea1o \u0111\u1ec3 cung c\u1ea5p ch\u1ea5t dinh d\u01b0\u1ee1ng cho da.<\/p>\n<p>3. L\u00e0m s\u1ea1ch s\u00e2u da, lo\u1ea1i b\u1ecf c\u00e1c ch\u1ea5t \u0111\u1ed9c.<\/p>\n<p>4.Thu nh\u1ecf l\u1ed7 ch\u00e2n l\u00f4ng v\u00e0 t\u0103ng \u0111\u1ed9 \u0111\u00e0n h\u1ed3i c\u1ee7a da.<\/p>\n<p>5.\u0110\u1ec3 c\u1ea3i thi\u1ec7n tu\u1ea7n ho\u00e0n, c\u1ea3i thi\u1ec7n l\u00e0n da m\u1edd.<\/p>\n<h3><strong>Th\u00f4ng s\u1ed1 k\u1ef9 thu\u1eadt<\/strong><\/h3>\n<ul>\n<li>C\u00f4ng Su\u1ea5t Ti\u00eau Th\u1ee5 : 1500W<\/li>\n<li>D\u00f2ng \u0110i\u1ec7n S\u1eed D\u1ee5ng :8 A<\/li>\n<li>\u0110i\u1ec7n \u00c1p : 220~240(V)<\/li>\n<li>T\u1ea7n S\u1ed1 S\u1eed D\u1ee5ng : 50~60(Hz)<\/li>\n<li>S\u1ed1 B\u00f3ng : 24 b\u00f3ng<\/li>\n<li>M\u00e0u S\u1eafc : Tr\u1eafng Vi\u1ec1n<\/li>\n<li>KT \u0110\u00f3ng G\u00f3i : 190x90x90(cm)<\/li>\n<li>Kh\u1ed1i l\u01b0\u1ee3ng t\u1ecbnh: 90kg<\/li>\n<\/ul>\n","protected":false},"excerpt":{"rendered":"<p><strong>Phi Thuy\u1ec1n T\u1eafm Tr\u1eafng Collagen<\/strong>\u00a0c\u00f3 thi\u1ebft k\u1ebf \u0111\u01a1n gi\u1ea3n sang tr\u1ecdng, m\u00e1y \u0111\u01b0\u1ee3c thi\u1ebft k\u1ebf ph\u00f9 h\u1ee3p v\u1edbi v\u00f3c d\u00e1ng v\u00e0 k\u00edch th\u01b0\u1edbc c\u1ee7a m\u1ecdi ng\u01b0\u1eddi, ngo\u00e0i ra Phi Thuy\u1ec1n c\u00f2n \u0111\u01b0\u1ee3c s\u1eed d\u1ee5ng c\u00f4ng ngh\u1ec7 \u00e1nh s\u00e1ng h\u1ed3ng ngo\u1ea1i gi\u00fap cho th\u1ea9m th\u1ea5u nhanh v\u00e0 s\u00e2u d\u01b0\u1ee1ng ch\u1ea5t nu\u00f4i d\u01b0\u1ee1ng v\u00e0o t\u1ebf b\u00e0o da<\/p>\n","protected":false},"featured_media":15939,"comment_status":"open","ping_status":"closed","template":"","meta":[],"product_cat":[88],"product_tag":[],"yoast_head":"<!-- This site is optimized with the Yoast SEO plugin v21.5 - https:\/\/yoast.com\/wordpress\/plugins\/seo\/ -->\n<title>PHI THUY\u1ec0N COLLAGEN - WONTECH THI\u1ebeT B\u1eca SPA<\/title>\n<meta name=\"robots\" content=\"index, follow, max-snippet:-1, max-image-preview:large, max-video-preview:-1\" \/>\n<link rel=\"canonical\" href=\"https:\/\/wontechthietbispa.com\/index.php\/product\/phi-thuyen-tam-trang-collagen\/\" \/>\n<meta property=\"og:locale\" content=\"en_US\" \/>\n<meta property=\"og:type\" content=\"article\" \/>\n<meta property=\"og:title\" content=\"PHI THUY\u1ec0N COLLAGEN - WONTECH THI\u1ebeT B\u1eca SPA\" \/>\n<meta property=\"og:description\" content=\"Phi Thuy\u1ec1n T\u1eafm Tr\u1eafng Collagen\u00a0c\u00f3 thi\u1ebft k\u1ebf \u0111\u01a1n gi\u1ea3n sang tr\u1ecdng, m\u00e1y \u0111\u01b0\u1ee3c thi\u1ebft k\u1ebf ph\u00f9 h\u1ee3p v\u1edbi v\u00f3c d\u00e1ng v\u00e0 k\u00edch th\u01b0\u1edbc c\u1ee7a m\u1ecdi ng\u01b0\u1eddi, ngo\u00e0i ra Phi Thuy\u1ec1n c\u00f2n \u0111\u01b0\u1ee3c s\u1eed d\u1ee5ng c\u00f4ng ngh\u1ec7 \u00e1nh s\u00e1ng h\u1ed3ng ngo\u1ea1i gi\u00fap cho th\u1ea9m th\u1ea5u nhanh v\u00e0 s\u00e2u d\u01b0\u1ee1ng ch\u1ea5t nu\u00f4i d\u01b0\u1ee1ng v\u00e0o t\u1ebf b\u00e0o da\" \/>\n<meta property=\"og:url\" content=\"https:\/\/wontechthietbispa.com\/index.php\/product\/phi-thuyen-tam-trang-collagen\/\" \/>\n<meta property=\"og:site_name\" content=\"WONTECH THI\u1ebeT B\u1eca SPA\" \/>\n<meta property=\"article:modified_time\" content=\"2024-08-28T07:21:38+00:00\" \/>\n<meta property=\"og:image\" content=\"http:\/\/wontechthietbispa.com\/wp-content\/uploads\/2023\/11\/Untitled-1-55.png\" \/>\n\t<meta property=\"og:image:width\" content=\"700\" \/>\n\t<meta property=\"og:image:height\" content=\"800\" \/>\n\t<meta property=\"og:image:type\" content=\"image\/png\" \/>\n<meta name=\"twitter:card\" content=\"summary_large_image\" \/>\n<meta name=\"twitter:label1\" content=\"Est. reading time\" \/>\n\t<meta name=\"twitter:data1\" content=\"2 minutes\" \/>\n<script type=\"application\/ld+json\" class=\"yoast-schema-graph\">{\"@context\":\"https:\/\/schema.org\",\"@graph\":[{\"@type\":\"WebPage\",\"@id\":\"https:\/\/wontechthietbispa.com\/index.php\/product\/phi-thuyen-tam-trang-collagen\/\",\"url\":\"https:\/\/wontechthietbispa.com\/index.php\/product\/phi-thuyen-tam-trang-collagen\/\",\"name\":\"PHI THUY\u1ec0N COLLAGEN - WONTECH THI\u1ebeT B\u1eca SPA\",\"isPartOf\":{\"@id\":\"https:\/\/wontechthietbispa.com\/#website\"},\"datePublished\":\"2023-12-01T10:00:14+00:00\",\"dateModified\":\"2024-08-28T07:21:38+00:00\",\"breadcrumb\":{\"@id\":\"https:\/\/wontechthietbispa.com\/index.php\/product\/phi-thuyen-tam-trang-collagen\/#breadcrumb\"},\"inLanguage\":\"en-US\",\"potentialAction\":[{\"@type\":\"ReadAction\",\"target\":[\"https:\/\/wontechthietbispa.com\/index.php\/product\/phi-thuyen-tam-trang-collagen\/\"]}]},{\"@type\":\"BreadcrumbList\",\"@id\":\"https:\/\/wontechthietbispa.com\/index.php\/product\/phi-thuyen-tam-trang-collagen\/#breadcrumb\",\"itemListElement\":[{\"@type\":\"ListItem\",\"position\":1,\"name\":\"Home\",\"item\":\"https:\/\/wontechthietbispa.com\/\"},{\"@type\":\"ListItem\",\"position\":2,\"name\":\"Shop\",\"item\":\"https:\/\/wontechthietbispa.com\/index.php\/shop\/\"},{\"@type\":\"ListItem\",\"position\":3,\"name\":\"PHI THUY\u1ec0N COLLAGEN\"}]},{\"@type\":\"WebSite\",\"@id\":\"https:\/\/wontechthietbispa.com\/#website\",\"url\":\"https:\/\/wontechthietbispa.com\/\",\"name\":\"WONTECH THI\u1ebeT B\u1eca SPA\",\"description\":\"WONTECH THI\u1ebeT B\u1eca SPA\",\"potentialAction\":[{\"@type\":\"SearchAction\",\"target\":{\"@type\":\"EntryPoint\",\"urlTemplate\":\"https:\/\/wontechthietbispa.com\/?s={search_term_string}\"},\"query-input\":\"required name=search_term_string\"}],\"inLanguage\":\"en-US\"}]}<\/script>\n<!-- \/ Yoast SEO plugin. -->","yoast_head_json":{"title":"PHI THUY\u1ec0N COLLAGEN - WONTECH THI\u1ebeT B\u1eca SPA","robots":{"index":"index","follow":"follow","max-snippet":"max-snippet:-1","max-image-preview":"max-image-preview:large","max-video-preview":"max-video-preview:-1"},"canonical":"https:\/\/wontechthietbispa.com\/index.php\/product\/phi-thuyen-tam-trang-collagen\/","og_locale":"en_US","og_type":"article","og_title":"PHI THUY\u1ec0N COLLAGEN - WONTECH THI\u1ebeT B\u1eca SPA","og_description":"Phi Thuy\u1ec1n T\u1eafm Tr\u1eafng Collagen\u00a0c\u00f3 thi\u1ebft k\u1ebf \u0111\u01a1n gi\u1ea3n sang tr\u1ecdng, m\u00e1y \u0111\u01b0\u1ee3c thi\u1ebft k\u1ebf ph\u00f9 h\u1ee3p v\u1edbi v\u00f3c d\u00e1ng v\u00e0 k\u00edch th\u01b0\u1edbc c\u1ee7a m\u1ecdi ng\u01b0\u1eddi, ngo\u00e0i ra Phi Thuy\u1ec1n c\u00f2n \u0111\u01b0\u1ee3c s\u1eed d\u1ee5ng c\u00f4ng ngh\u1ec7 \u00e1nh s\u00e1ng h\u1ed3ng ngo\u1ea1i gi\u00fap cho th\u1ea9m th\u1ea5u nhanh v\u00e0 s\u00e2u d\u01b0\u1ee1ng ch\u1ea5t nu\u00f4i d\u01b0\u1ee1ng v\u00e0o t\u1ebf b\u00e0o da","og_url":"https:\/\/wontechthietbispa.com\/index.php\/product\/phi-thuyen-tam-trang-collagen\/","og_site_name":"WONTECH THI\u1ebeT B\u1eca SPA","article_modified_time":"2024-08-28T07:21:38+00:00","og_image":[{"width":700,"height":800,"url":"http:\/\/wontechthietbispa.com\/wp-content\/uploads\/2023\/11\/Untitled-1-55.png","type":"image\/png"}],"twitter_card":"summary_large_image","twitter_misc":{"Est. reading time":"2 minutes"},"schema":{"@context":"https:\/\/schema.org","@graph":[{"@type":"WebPage","@id":"https:\/\/wontechthietbispa.com\/index.php\/product\/phi-thuyen-tam-trang-collagen\/","url":"https:\/\/wontechthietbispa.com\/index.php\/product\/phi-thuyen-tam-trang-collagen\/","name":"PHI THUY\u1ec0N COLLAGEN - WONTECH THI\u1ebeT B\u1eca SPA","isPartOf":{"@id":"https:\/\/wontechthietbispa.com\/#website"},"datePublished":"2023-12-01T10:00:14+00:00","dateModified":"2024-08-28T07:21:38+00:00","breadcrumb":{"@id":"https:\/\/wontechthietbispa.com\/index.php\/product\/phi-thuyen-tam-trang-collagen\/#breadcrumb"},"inLanguage":"en-US","potentialAction":[{"@type":"ReadAction","target":["https:\/\/wontechthietbispa.com\/index.php\/product\/phi-thuyen-tam-trang-collagen\/"]}]},{"@type":"BreadcrumbList","@id":"https:\/\/wontechthietbispa.com\/index.php\/product\/phi-thuyen-tam-trang-collagen\/#breadcrumb","itemListElement":[{"@type":"ListItem","position":1,"name":"Home","item":"https:\/\/wontechthietbispa.com\/"},{"@type":"ListItem","position":2,"name":"Shop","item":"https:\/\/wontechthietbispa.com\/index.php\/shop\/"},{"@type":"ListItem","position":3,"name":"PHI THUY\u1ec0N COLLAGEN"}]},{"@type":"WebSite","@id":"https:\/\/wontechthietbispa.com\/#website","url":"https:\/\/wontechthietbispa.com\/","name":"WONTECH THI\u1ebeT B\u1eca SPA","description":"WONTECH THI\u1ebeT B\u1eca SPA","potentialAction":[{"@type":"SearchAction","target":{"@type":"EntryPoint","urlTemplate":"https:\/\/wontechthietbispa.com\/?s={search_term_string}"},"query-input":"required name=search_term_string"}],"inLanguage":"en-US"}]}},"jetpack_sharing_enabled":true,"_links":{"self":[{"href":"https:\/\/wontechthietbispa.com\/index.php\/wp-json\/wp\/v2\/product\/16439"}],"collection":[{"href":"https:\/\/wontechthietbispa.com\/index.php\/wp-json\/wp\/v2\/product"}],"about":[{"href":"https:\/\/wontechthietbispa.com\/index.php\/wp-json\/wp\/v2\/types\/product"}],"replies":[{"embeddable":true,"href":"https:\/\/wontechthietbispa.com\/index.php\/wp-json\/wp\/v2\/comments?post=16439"}],"version-history":[{"count":2,"href":"https:\/\/wontechthietbispa.com\/index.php\/wp-json\/wp\/v2\/product\/16439\/revisions"}],"predecessor-version":[{"id":17018,"href":"https:\/\/wontechthietbispa.com\/index.php\/wp-json\/wp\/v2\/product\/16439\/revisions\/17018"}],"wp:featuredmedia":[{"embeddable":true,"href":"https:\/\/wontechthietbispa.com\/index.php\/wp-json\/wp\/v2\/media\/15939"}],"wp:attachment":[{"href":"https:\/\/wontechthietbispa.com\/index.php\/wp-json\/wp\/v2\/media?parent=16439"}],"wp:term":[{"taxonomy":"product_cat","embeddable":true,"href":"https:\/\/wontechthietbispa.com\/index.php\/wp-json\/wp\/v2\/product_cat?post=16439"},{"taxonomy":"product_tag","embeddable":true,"href":"https:\/\/wontechthietbispa.com\/index.php\/wp-json\/wp\/v2\/product_tag?post=16439"}],"curies":[{"name":"wp","href":"https:\/\/api.w.org\/{rel}","templated":true}]}}