{"id":16437,"date":"2023-12-01T16:57:51","date_gmt":"2023-12-01T09:57:51","guid":{"rendered":"https:\/\/wontechthietbispa.com\/?post_type=product&#038;p=16437"},"modified":"2024-08-28T14:21:28","modified_gmt":"2024-08-28T07:21:28","slug":"phi-thuyen-tam-trang-hoang-gia","status":"publish","type":"product","link":"https:\/\/wontechthietbispa.com\/index.php\/product\/phi-thuyen-tam-trang-hoang-gia\/","title":{"rendered":"PHI THUY\u1ec0N HO\u00c0NG GIA"},"content":{"rendered":"<p>Phi thuy\u1ec1n t\u1eafm tr\u1eafng ho\u00e0ng gia\u00a0l\u00e0 m\u1ed9t trong nh\u1eefng thi\u1ebft b\u1ecb c\u00f4ng ngh\u1ec7 cao \u0111ang \u0111\u01b0\u1ee3c nhi\u1ec1u spa quan t\u00e2m. Ch\u00ednh v\u00ec th\u1ebf r\u1ea5t nhi\u1ec1u s\u1ef1 l\u1ef1a ch\u1ecdn phi thuy\u1ec1n t\u1eafm tr\u1eafng tr\u00ean th\u1ecb tr\u01b0\u1eddng hi\u1ec7n nay.<\/p>\n<h3><b>\u0110\u1eb7c t\u00ednh \u0111i\u1ec1u tr\u1ecb:\u00a0<\/b><\/h3>\n<ul>\n<li>Tia h\u1ed3ng ngo\u1ea1i:\n<ul>\n<li style=\"list-style-type: none;\">\n<ul>\n<li>T\u00e1c d\u1ee5ng tr\u1ecb li\u1ec7u: T\u00e1c d\u1ee5ng tr\u1ecb li\u1ec7u tia h\u1ed3ng ngo\u1ea1i l\u00e0 hi\u1ec7u \u1ee9ng \u0111\u1ed9 n\u00f3ng. D\u01b0\u1edbi s\u1ef1 chi\u1ebfu x\u1ea1 c\u1ee7a tia h\u1ed3ng ngo\u1ea1i, nhi\u1ec7t \u0111\u1ed9 t\u1ed5 ch\u1ee9c t\u0103ng cao, m\u1ea1ch m\u00e1u n\u1edf l\u00e0m t\u0103ng \u0111\u1ed9 l\u01b0u th\u00f4ng, qu\u00e1 tr\u00ecnh trao \u0111\u1ed5i ch\u1ea5t \u0111\u01b0\u1ee3c t\u0103ng c\u01b0\u1eddng, t\u1ed5 ch\u1ee9c t\u1ebf b\u00e0o nhi\u1ec1u s\u1ee9c s\u1ed1ng n\u00e2ng cao kh\u1ea3 n\u0103ng t\u00e1i sinh.<\/li>\n<li>T\u00e1c d\u1ee5ng th\u1ea9m m\u1ef9: L\u00e0m \u0111\u1eb9p, l\u00e0m \u1ed1m, th\u1ea3i ch\u1ea5t \u0111\u1ed9c, gi\u1ea3m c\u0103ng th\u1eb3ng, c\u1ea3i thi\u1ec7n t\u00ecnh tr\u1ea1ng m\u1ea5t ng\u1ee7.<\/li>\n<\/ul>\n<\/li>\n<\/ul>\n<\/li>\n<li>M\u00e0u s\u1eafc:\n<ul>\n<li style=\"list-style-type: none;\">\n<ul>\n<li>M\u00e0u v\u00e0ng: K\u00edch th\u00edch h\u1ec7 th\u1ea7n kinh, ti\u00eau h\u00f3a, c\u1ea3i thi\u1ec7n c\u00f4ng n\u0103ng gi\u1ea3i \u0111\u1ed9c gan, b\u00e0ng quang. Ch\u1ed1ng nh\u0103n, d\u1ecb \u1ee9ng v\u00e0 vi\u00eam nang l\u00f4ng.<\/li>\n<li>M\u00e0u l\u1ee5c: C\u00f3 t\u00e1c d\u1ee5ng tr\u1ef1c ti\u1ebfp \u0111\u1ebfn h\u1ec7 th\u1ea7n kinh, \u0111i\u1ec1u h\u00f2a l\u01b0\u1ee3ng m\u1ee1 th\u1eeba.<\/li>\n<li>M\u00e0u xanh lam: Gi\u1ea3m c\u0103ng th\u1eb3ng, m\u1ea5t ng\u1ee7, l\u00e0m tan c\u00e1c v\u1ebft m\u1eabn \u0111\u1ecf, m\u1ee1 da.<\/li>\n<li>\u0110i\u1ec7n c\u1ef1c: 12 c\u1eb7p \u0111i\u1ec7n c\u1ef1c \u0111\u01b0\u1ee3c s\u1eed d\u1ee5ng l\u00e0m \u1ed1m.<\/li>\n<\/ul>\n<\/li>\n<\/ul>\n<\/li>\n<\/ul>\n<figure id=\"attachment_23864\" class=\"wp-caption aligncenter\" aria-describedby=\"caption-attachment-23864\"><figcaption id=\"caption-attachment-23864\" class=\"wp-caption-text\">Phi thuy\u1ec1n t\u1eafm tr\u1eafng ho\u00e0ng gia<\/figcaption><\/figure>\n<p><b><i>Hi\u1ec7u qu\u1ea3 \u0111i\u1ec1u tr\u1ecb<\/i><\/b><i>:\u00a0<\/i><\/p>\n<ul>\n<li>\u0110i\u1ec1u tr\u1ecb tan m\u1ee1: 15 ph\u00fat chi\u1ebfu tia h\u1ed3ng ngo\u1ea1i v\u00e0 s\u1eed d\u1ee5ng \u0111i\u1ec7n c\u1ef1c c\u00f3 kh\u1ea3 n\u0103ng ti\u00eau h\u1ee7y 600-800 calo, t\u01b0\u01a1ng \u0111\u01b0\u01a1ng ch\u1ea1y b\u1ed9\/ di chuy\u1ec3n 3 gi\u1edd li\u1ec1n ho\u1eb7c t\u1eafm h\u01a1i 6 gi\u1edd.<\/li>\n<li>M\u1ed9t li\u1ec7u tr\u00ecnh l\u00e0m \u1ed1m c\u00f3 th\u1ec3 gi\u1ea3m v\u00f2ng eo t\u1eeb 2 ~ 3 cm v\u00e0 gi\u1ea3m tr\u1ecdng l\u01b0\u1ee3ng t\u1eeb 2~9 Kg.<\/li>\n<li>M\u1ed9t li\u1ec7u tr\u00ecnh \u0111i\u1ec1u tr\u1ecb t\u1eeb 40-60 ph\u00fat (t\u00f9y theo v\u00f9ng l\u00e0m \u1ed1m), 1 tu\u1ea7n \u0111i\u1ec1u tr\u1ecb t\u1eeb 2-3 l\u1ea7n, m\u1ed9t li\u1ec7u tr\u00ecnh t\u1eeb 3-4 tu\u1ea7n (t\u00f9y theo t\u1eebng ng\u01b0\u1eddi). Sau \u0111\u00f3 c\u00f3 th\u1ec3 duy tr\u00ec 1 th\u00e1ng 1-2 l\u1ea7n.<\/li>\n<\/ul>\n<h3><b>Th\u00f4ng s\u1ed1 k\u1ef9 thu\u1eadt\u00a0Phi Thuy\u1ec1n T\u1eafm Tr\u1eafng\u00a0Ho\u00e0ng Gia<\/b>:<\/h3>\n<ul>\n<li style=\"list-style-type: none;\">\n<ul>\n<li>M\u00e0u s\u1eafc c\u1ee7a phi thuy\u1ec1n:\u00a0M\u00e0u tr\u1eafng.<\/li>\n<li>C\u00f4ng su\u1ea5t:\u00a02250W<\/li>\n<li>Ngu\u1ed3n c\u1ea5p:\u00a0220 VAC, 50Hz<\/li>\n<li>K\u00edch th\u01b0\u1edbc \u2013 Tr\u1ecdng l\u01b0\u1ee3ng:\u00a0242\u00a0 x 128\u00a0 x 168 (cm) \u2013 120Kg<\/li>\n<\/ul>\n<\/li>\n<\/ul>\n","protected":false},"excerpt":{"rendered":"<p>T\u00e1c d\u1ee5ng tr\u1ecb li\u1ec7u tia h\u1ed3ng ngo\u1ea1i l\u00e0 hi\u1ec7u \u1ee9ng \u0111\u1ed9 n\u00f3ng. D\u01b0\u1edbi s\u1ef1 chi\u1ebfu x\u1ea1 c\u1ee7a tia h\u1ed3ng ngo\u1ea1i, nhi\u1ec7t \u0111\u1ed9 t\u1ed5 ch\u1ee9c t\u0103ng cao, m\u1ea1ch m\u00e1u n\u1edf l\u00e0m t\u0103ng \u0111\u1ed9 l\u01b0u th\u00f4ng, qu\u00e1 tr\u00ecnh trao \u0111\u1ed5i ch\u1ea5t \u0111\u01b0\u1ee3c t\u0103ng c\u01b0\u1eddng, t\u1ed5 ch\u1ee9c t\u1ebf b\u00e0o nhi\u1ec1u s\u1ee9c s\u1ed1ng n\u00e2ng cao kh\u1ea3 n\u0103ng t\u00e1i sinh.<\/p>\n","protected":false},"featured_media":15941,"comment_status":"open","ping_status":"closed","template":"","meta":[],"product_cat":[88],"product_tag":[],"yoast_head":"<!-- This site is optimized with the Yoast SEO plugin v21.5 - https:\/\/yoast.com\/wordpress\/plugins\/seo\/ -->\n<title>PHI THUY\u1ec0N HO\u00c0NG GIA - WONTECH THI\u1ebeT B\u1eca SPA<\/title>\n<meta name=\"robots\" content=\"index, follow, max-snippet:-1, max-image-preview:large, max-video-preview:-1\" \/>\n<link rel=\"canonical\" href=\"https:\/\/wontechthietbispa.com\/index.php\/product\/phi-thuyen-tam-trang-hoang-gia\/\" \/>\n<meta property=\"og:locale\" content=\"en_US\" \/>\n<meta property=\"og:type\" content=\"article\" \/>\n<meta property=\"og:title\" content=\"PHI THUY\u1ec0N HO\u00c0NG GIA - WONTECH THI\u1ebeT B\u1eca SPA\" \/>\n<meta property=\"og:description\" content=\"T\u00e1c d\u1ee5ng tr\u1ecb li\u1ec7u tia h\u1ed3ng ngo\u1ea1i l\u00e0 hi\u1ec7u \u1ee9ng \u0111\u1ed9 n\u00f3ng. D\u01b0\u1edbi s\u1ef1 chi\u1ebfu x\u1ea1 c\u1ee7a tia h\u1ed3ng ngo\u1ea1i, nhi\u1ec7t \u0111\u1ed9 t\u1ed5 ch\u1ee9c t\u0103ng cao, m\u1ea1ch m\u00e1u n\u1edf l\u00e0m t\u0103ng \u0111\u1ed9 l\u01b0u th\u00f4ng, qu\u00e1 tr\u00ecnh trao \u0111\u1ed5i ch\u1ea5t \u0111\u01b0\u1ee3c t\u0103ng c\u01b0\u1eddng, t\u1ed5 ch\u1ee9c t\u1ebf b\u00e0o nhi\u1ec1u s\u1ee9c s\u1ed1ng n\u00e2ng cao kh\u1ea3 n\u0103ng t\u00e1i sinh.\" \/>\n<meta property=\"og:url\" content=\"https:\/\/wontechthietbispa.com\/index.php\/product\/phi-thuyen-tam-trang-hoang-gia\/\" \/>\n<meta property=\"og:site_name\" content=\"WONTECH THI\u1ebeT B\u1eca SPA\" \/>\n<meta property=\"article:modified_time\" content=\"2024-08-28T07:21:28+00:00\" \/>\n<meta property=\"og:image\" content=\"http:\/\/wontechthietbispa.com\/wp-content\/uploads\/2023\/11\/Untitled-1-57.png\" \/>\n\t<meta property=\"og:image:width\" content=\"700\" \/>\n\t<meta property=\"og:image:height\" content=\"800\" \/>\n\t<meta property=\"og:image:type\" content=\"image\/png\" \/>\n<meta name=\"twitter:card\" content=\"summary_large_image\" \/>\n<meta name=\"twitter:label1\" content=\"Est. reading time\" \/>\n\t<meta name=\"twitter:data1\" content=\"2 minutes\" \/>\n<script type=\"application\/ld+json\" class=\"yoast-schema-graph\">{\"@context\":\"https:\/\/schema.org\",\"@graph\":[{\"@type\":\"WebPage\",\"@id\":\"https:\/\/wontechthietbispa.com\/index.php\/product\/phi-thuyen-tam-trang-hoang-gia\/\",\"url\":\"https:\/\/wontechthietbispa.com\/index.php\/product\/phi-thuyen-tam-trang-hoang-gia\/\",\"name\":\"PHI THUY\u1ec0N HO\u00c0NG GIA - WONTECH THI\u1ebeT B\u1eca SPA\",\"isPartOf\":{\"@id\":\"https:\/\/wontechthietbispa.com\/#website\"},\"datePublished\":\"2023-12-01T09:57:51+00:00\",\"dateModified\":\"2024-08-28T07:21:28+00:00\",\"breadcrumb\":{\"@id\":\"https:\/\/wontechthietbispa.com\/index.php\/product\/phi-thuyen-tam-trang-hoang-gia\/#breadcrumb\"},\"inLanguage\":\"en-US\",\"potentialAction\":[{\"@type\":\"ReadAction\",\"target\":[\"https:\/\/wontechthietbispa.com\/index.php\/product\/phi-thuyen-tam-trang-hoang-gia\/\"]}]},{\"@type\":\"BreadcrumbList\",\"@id\":\"https:\/\/wontechthietbispa.com\/index.php\/product\/phi-thuyen-tam-trang-hoang-gia\/#breadcrumb\",\"itemListElement\":[{\"@type\":\"ListItem\",\"position\":1,\"name\":\"Home\",\"item\":\"https:\/\/wontechthietbispa.com\/\"},{\"@type\":\"ListItem\",\"position\":2,\"name\":\"Shop\",\"item\":\"https:\/\/wontechthietbispa.com\/index.php\/shop\/\"},{\"@type\":\"ListItem\",\"position\":3,\"name\":\"PHI THUY\u1ec0N HO\u00c0NG GIA\"}]},{\"@type\":\"WebSite\",\"@id\":\"https:\/\/wontechthietbispa.com\/#website\",\"url\":\"https:\/\/wontechthietbispa.com\/\",\"name\":\"WONTECH THI\u1ebeT B\u1eca SPA\",\"description\":\"WONTECH THI\u1ebeT B\u1eca SPA\",\"potentialAction\":[{\"@type\":\"SearchAction\",\"target\":{\"@type\":\"EntryPoint\",\"urlTemplate\":\"https:\/\/wontechthietbispa.com\/?s={search_term_string}\"},\"query-input\":\"required name=search_term_string\"}],\"inLanguage\":\"en-US\"}]}<\/script>\n<!-- \/ Yoast SEO plugin. -->","yoast_head_json":{"title":"PHI THUY\u1ec0N HO\u00c0NG GIA - WONTECH THI\u1ebeT B\u1eca SPA","robots":{"index":"index","follow":"follow","max-snippet":"max-snippet:-1","max-image-preview":"max-image-preview:large","max-video-preview":"max-video-preview:-1"},"canonical":"https:\/\/wontechthietbispa.com\/index.php\/product\/phi-thuyen-tam-trang-hoang-gia\/","og_locale":"en_US","og_type":"article","og_title":"PHI THUY\u1ec0N HO\u00c0NG GIA - WONTECH THI\u1ebeT B\u1eca SPA","og_description":"T\u00e1c d\u1ee5ng tr\u1ecb li\u1ec7u tia h\u1ed3ng ngo\u1ea1i l\u00e0 hi\u1ec7u \u1ee9ng \u0111\u1ed9 n\u00f3ng. D\u01b0\u1edbi s\u1ef1 chi\u1ebfu x\u1ea1 c\u1ee7a tia h\u1ed3ng ngo\u1ea1i, nhi\u1ec7t \u0111\u1ed9 t\u1ed5 ch\u1ee9c t\u0103ng cao, m\u1ea1ch m\u00e1u n\u1edf l\u00e0m t\u0103ng \u0111\u1ed9 l\u01b0u th\u00f4ng, qu\u00e1 tr\u00ecnh trao \u0111\u1ed5i ch\u1ea5t \u0111\u01b0\u1ee3c t\u0103ng c\u01b0\u1eddng, t\u1ed5 ch\u1ee9c t\u1ebf b\u00e0o nhi\u1ec1u s\u1ee9c s\u1ed1ng n\u00e2ng cao kh\u1ea3 n\u0103ng t\u00e1i sinh.","og_url":"https:\/\/wontechthietbispa.com\/index.php\/product\/phi-thuyen-tam-trang-hoang-gia\/","og_site_name":"WONTECH THI\u1ebeT B\u1eca SPA","article_modified_time":"2024-08-28T07:21:28+00:00","og_image":[{"width":700,"height":800,"url":"http:\/\/wontechthietbispa.com\/wp-content\/uploads\/2023\/11\/Untitled-1-57.png","type":"image\/png"}],"twitter_card":"summary_large_image","twitter_misc":{"Est. reading time":"2 minutes"},"schema":{"@context":"https:\/\/schema.org","@graph":[{"@type":"WebPage","@id":"https:\/\/wontechthietbispa.com\/index.php\/product\/phi-thuyen-tam-trang-hoang-gia\/","url":"https:\/\/wontechthietbispa.com\/index.php\/product\/phi-thuyen-tam-trang-hoang-gia\/","name":"PHI THUY\u1ec0N HO\u00c0NG GIA - WONTECH THI\u1ebeT B\u1eca SPA","isPartOf":{"@id":"https:\/\/wontechthietbispa.com\/#website"},"datePublished":"2023-12-01T09:57:51+00:00","dateModified":"2024-08-28T07:21:28+00:00","breadcrumb":{"@id":"https:\/\/wontechthietbispa.com\/index.php\/product\/phi-thuyen-tam-trang-hoang-gia\/#breadcrumb"},"inLanguage":"en-US","potentialAction":[{"@type":"ReadAction","target":["https:\/\/wontechthietbispa.com\/index.php\/product\/phi-thuyen-tam-trang-hoang-gia\/"]}]},{"@type":"BreadcrumbList","@id":"https:\/\/wontechthietbispa.com\/index.php\/product\/phi-thuyen-tam-trang-hoang-gia\/#breadcrumb","itemListElement":[{"@type":"ListItem","position":1,"name":"Home","item":"https:\/\/wontechthietbispa.com\/"},{"@type":"ListItem","position":2,"name":"Shop","item":"https:\/\/wontechthietbispa.com\/index.php\/shop\/"},{"@type":"ListItem","position":3,"name":"PHI THUY\u1ec0N HO\u00c0NG GIA"}]},{"@type":"WebSite","@id":"https:\/\/wontechthietbispa.com\/#website","url":"https:\/\/wontechthietbispa.com\/","name":"WONTECH THI\u1ebeT B\u1eca SPA","description":"WONTECH THI\u1ebeT B\u1eca SPA","potentialAction":[{"@type":"SearchAction","target":{"@type":"EntryPoint","urlTemplate":"https:\/\/wontechthietbispa.com\/?s={search_term_string}"},"query-input":"required name=search_term_string"}],"inLanguage":"en-US"}]}},"jetpack_sharing_enabled":true,"_links":{"self":[{"href":"https:\/\/wontechthietbispa.com\/index.php\/wp-json\/wp\/v2\/product\/16437"}],"collection":[{"href":"https:\/\/wontechthietbispa.com\/index.php\/wp-json\/wp\/v2\/product"}],"about":[{"href":"https:\/\/wontechthietbispa.com\/index.php\/wp-json\/wp\/v2\/types\/product"}],"replies":[{"embeddable":true,"href":"https:\/\/wontechthietbispa.com\/index.php\/wp-json\/wp\/v2\/comments?post=16437"}],"version-history":[{"count":2,"href":"https:\/\/wontechthietbispa.com\/index.php\/wp-json\/wp\/v2\/product\/16437\/revisions"}],"predecessor-version":[{"id":17023,"href":"https:\/\/wontechthietbispa.com\/index.php\/wp-json\/wp\/v2\/product\/16437\/revisions\/17023"}],"wp:featuredmedia":[{"embeddable":true,"href":"https:\/\/wontechthietbispa.com\/index.php\/wp-json\/wp\/v2\/media\/15941"}],"wp:attachment":[{"href":"https:\/\/wontechthietbispa.com\/index.php\/wp-json\/wp\/v2\/media?parent=16437"}],"wp:term":[{"taxonomy":"product_cat","embeddable":true,"href":"https:\/\/wontechthietbispa.com\/index.php\/wp-json\/wp\/v2\/product_cat?post=16437"},{"taxonomy":"product_tag","embeddable":true,"href":"https:\/\/wontechthietbispa.com\/index.php\/wp-json\/wp\/v2\/product_tag?post=16437"}],"curies":[{"name":"wp","href":"https:\/\/api.w.org\/{rel}","templated":true}]}}