{"id":16432,"date":"2023-12-01T16:36:46","date_gmt":"2023-12-01T09:36:46","guid":{"rendered":"https:\/\/wontechthietbispa.com\/?post_type=product&#038;p=16432"},"modified":"2024-08-28T14:21:10","modified_gmt":"2024-08-28T07:21:10","slug":"may-giam-beo-liposonix","status":"publish","type":"product","link":"https:\/\/wontechthietbispa.com\/index.php\/product\/may-giam-beo-liposonix\/","title":{"rendered":"GI\u1ea2M B\u00c9O LIPOSONIX"},"content":{"rendered":"<ul>\n<li style=\"font-weight: 400;\" aria-level=\"1\">\n<h2 id=\"liposonix_la_gi\"><strong>LIPOSONIX L\u00c0 G\u00cc?<\/strong><\/h2>\n<p>Liposonix l\u00e0 h\u1ec7 th\u1ed1ng duy nh\u1ea5t \u1ee9ng d\u1ee5ng c\u00f4ng ngh\u1ec7 c\u1ea3i ti\u1ebfn c\u1ee7a s\u00f3ng si\u00eau \u00e2m h\u1ed9i t\u1ee5 c\u01b0\u1eddng \u0111\u1ed9 cao (HIFU) trong \u0111i\u1ec1u tr\u1ecb thon g\u1ecdn c\u01a1 th\u1ec3 v\u1edbi k\u1ebft qu\u1ea3 \u0111i\u1ec1u tr\u1ecb \u0111\u00e3 \u0111\u01b0\u1ee3c ch\u1ee9ng minh tr\u00ean l\u00e2m s\u00e0ng. C\u00f4ng ngh\u1ec7 HIFU d\u1ef1a tr\u00ean th\u1ef1c t\u1ebf nghi\u00ean c\u1ee9u r\u1eb1ng khi nhi\u1ec7t \u0111\u1ed9 \u0111\u1ea1t ng\u01b0\u1ee1ng 56 \u0111\u1ed9 C (tr\u00ean 1 gi\u00e2y) n\u0103ng l\u01b0\u1ee3ng s\u00f3ng si\u00eau \u00e2m s\u1ebd l\u00e0m ho\u1ea1i t\u1eed m\u1ed9t c\u00e1ch hi\u1ec7u qu\u1ea3 m\u00f4 m\u1ee1 n\u1eb1m d\u01b0\u1edbi da.<\/p>\n<p>Si\u00eau \u00e2m t\u1eadp trung c\u01b0\u1eddng \u0111\u1ed9 cao xuy\u00ean qua n\u0103ng l\u01b0\u1ee3ng si\u00eau \u00e2m t\u1eadp trung v\u00e0 th\u1ec3 t\u00edch t\u1ea1i \u0110\u1ed9 s\u00e2u ch\u00ednh x\u00e1c (1,2 cm) trong c\u00e1c l\u1edbp ch\u1ea5t b\u00e9o d\u01b0\u1edbi da nh\u1eb1m v\u00e0o c\u00e1c m\u00f4 m\u1ee1 g\u00e2y ra t\u00ecnh tr\u1ea1ng kh\u00f4ng c\u00f3 \u1ea3nh h\u01b0\u1edfng \u0111\u1ebfn nhi\u1ec7t \u0111\u1ed9. C\u00e1c c\u1ea5u tr\u00fac xung quanh nh\u01b0 l\u1edbp bi\u1ec3u b\u00ec, m\u1ea1ch m\u00e1u v\u00e0 d\u00e2y th\u1ea7n kinh s\u1ebd kh\u00f4ng b\u1ecb h\u01b0 h\u1ecfng. Trong khi \u0111\u00f3 c\u00e1c ch\u1ea5t chuy\u1ec3n h\u00f3a (triglyceride, acid b\u00e9o) c\u1ee7a t\u1ebf b\u00e0o b\u00ean trong c\u01a1 th\u1ec3 willexcrete t\u1ef1 \u0111\u1ed9ng th\u00f4ng qua l\u01b0u th\u00f4ng m\u00e1u v\u00e0 tho\u00e1t n\u01b0\u1edbc b\u1ea1ch huy\u1ebft m\u00e0 kh\u00f4ng g\u00e2y h\u1ea1i cho c\u01a1 th\u1ec3 con ng\u01b0\u1eddi.<\/p>\n<h2 id=\"pham_tru_dieu_tri_cua_may_giam_beo_liposonix\"><strong>PH\u1ea0M TR\u00d9 \u0110I\u1ec2U TR\u1eca C\u1ee6A M\u00c1Y GI\u1ea2M B\u00c9O LIPOSONIX<\/strong><\/h2>\n<ul>\n<li>L\u00e0m thon g\u1ecdn c\u01a1 th\u1ec3<\/li>\n<li>Gi\u1ea3m v\u00f2ng tr\u00f2n c\u01a1 th\u1ec3<\/li>\n<li>Gi\u1ea3m m\u1ee1 c\u1ee9ng ( Cellulite)<\/li>\n<li>L\u00e0m c\u0103ng da<\/li>\n<li>X\u00f3a n\u1ebfp nh\u0103n<\/li>\n<li>L\u00e0m m\u1ec1m m\u1ea1i b\u1ec1 m\u1eb7t da<\/li>\n<\/ul>\n<h3 id=\"cac_buoc_dot_pha_tu_liposonix_\u2013_cong_nghe_giam_beo_nhanh_voi_1_lan_duy_nhat\"><strong>C\u00c1C B\u01af\u1edaC \u0110\u1ed8T PH\u00c1 T\u1eea LIPOSONIX \u2013 C\u00d4NG NGH\u1ec6 GI\u1ea2M B\u00c9O NHANH V\u1edaI 1 L\u1ea6N DUY NH\u1ea4T<\/strong><\/h3>\n<p>Liposonix ph\u00f9 h\u1ee3p v\u1edbi nh\u1eefng ng\u01b0\u1eddi b\u1eadn r\u1ed9n v\u00e0 kh\u00f4ng c\u00f3 nhi\u1ec1u th\u1eddi gian. C\u00e1c ph\u01b0\u01a1ng ph\u00e1p gi\u1ea3m b\u00e9o th\u00f4ng th\u01b0\u1eddng nh\u01b0 t\u1eadp th\u1ec3 d\u1ee5c, \u0103n ki\u00eang, nh\u1ecbn \u0103n, massage,\u2026 \u0111\u00f2i h\u1ecfi th\u1eddi gian l\u00e2u d\u00e0i v\u00e0 c\u01b0\u1eddng \u0111\u1ed9 cao m\u1edbi c\u00f3 k\u1ebft qu\u1ea3 nh\u01b0ng n\u1ebfu kh\u00f4ng duy tr\u00ec th\u01b0\u1eddng xuy\u00ean v\u00e0 li\u00ean t\u1ee5c, v\u00f2ng b\u1ee5ng s\u1ebd ng\u1ea5n m\u1ee1 nhanh ch\u00f3ng tr\u1edf l\u1ea1i. Ngo\u00e0i ra, kh\u00f4ng ph\u1ea3i ai c\u0169ng s\u1eb5n s\u00e0ng ch\u1ecbu \u0111au \u0111\u1edbn v\u1edbi ph\u01b0\u01a1ng ph\u00e1p h\u00fat m\u1ee1 b\u1ee5ng, v\u1ed1n kh\u00f4ng ch\u1eafc ch\u1eafn v\u1ec1 \u0111\u1ed9 an to\u00e0n c\u0169ng nh\u01b0 hi\u1ec7u qu\u1ea3 l\u00e2u d\u00e0i, l\u1ea1i c\u00f3 th\u1ec3 g\u00e2y ra bi\u1ebfn ch\u1ee9ng kh\u00f4ng mong mu\u1ed1n.<\/p>\n<h3 id=\"liposonix_duoc_chung_minh_co_nhung_buoc_dot_pha_nhu_sau\"><strong>LIPOSONIX \u0110\u01af\u1ee2C CH\u1ee8NG MINH C\u00d3 NH\u1eeeNG B\u01af\u1edaC \u0110\u1ed8T PH\u00c1 NH\u01af SAU<\/strong><\/h3>\n<p>C\u00f4ng ngh\u1ec7 gi\u1ea3m b\u00e9o Liposonix \u1ee9ng d\u1ee5ng m\u1ed9t lo\u1ea1i s\u00f3ng si\u00eau \u00e2m l\u00e0 HIFU. \u0110\u00e2y l\u00e0 lo\u1ea1i s\u00f3ng si\u00eau \u00e2m h\u1ed9i t\u1ee5 c\u01b0\u1eddng \u0111\u1ed9 cao, c\u00f3 th\u1ec3 th\u00e2m nh\u1eadp qua c\u00e1c l\u1edbp da, ph\u00e1 h\u1ee7y v\u0129nh vi\u1ec5n c\u00e1c t\u1ebf b\u00e0o m\u1ee1 m\u00f4 \u0111\u00edch, gi\u00fap gi\u1ea3m v\u00f9ng m\u1ee1 m\u1ed9t c\u00e1ch hi\u1ec7u qu\u1ea3, \u0111em l\u1ea1i v\u00f2ng eo thon g\u1ecdn, ch\u1eafc ch\u1eafn.<\/p>\n<p>&nbsp;<\/p>\n<h3 id=\"dau_dieu_tri_liposonix_di_chuyen_tren_vung_mo_can_giam\"><strong>\u0110\u1ea6U \u0110I\u1ec0U TR\u1eca LIPOSONIX DI CHUY\u1ec2N TR\u00caN V\u00d9NG M\u1ee0 C\u1ea6N GI\u1ea2M<\/strong><\/h3>\n<p>Liposonix kh\u1eafc ph\u1ee5c \u0111\u01b0\u1ee3c nh\u1eefng nh\u01b0\u1ee3c \u0111i\u1ec3m c\u1ee7a c\u00e1c ph\u01b0\u01a1ng ph\u00e1p gi\u1ea3m b\u00e9o kh\u00f4ng x\u00e2m l\u1ea5n truy\u1ec1n th\u1ed1ng nh\u01b0 s\u00f3ng t\u1ea7n s\u1ed1 v\u00f4 tuy\u1ebfn v\u00e0 laser. S\u00f3ng si\u00eau \u00e2m h\u1ed9i t\u1ee5 ch\u1ec9 nh\u1eafm \u0111\u1ebfn \u0111\u00edch l\u00e0 c\u00e1c m\u00f4 m\u1ee1 v\u00e0 cho ph\u00e9p ki\u1ec3m so\u00e1t ch\u00ednh x\u00e1c n\u0103ng l\u01b0\u1ee3ng ph\u00e1t ra, v\u00ec th\u1ebf s\u1ebd b\u1ea3o v\u1ec7 v\u00f9ng da xung quanh kh\u00f4ng b\u1ecb th\u01b0\u01a1ng t\u1ed5n b\u1edfi s\u1ef1 ph\u00e1t t\u00e1n c\u1ee7a n\u0103ng l\u01b0\u1ee3ng.<\/p>\n<p><strong>\u01afu \u0111i\u1ec3m:<\/strong><\/p>\n<ul>\n<li>\u0110i\u1ec1u tr\u1ecb kh\u00f4ng ph\u1eabu thu\u1eadt: kh\u00f4ng ti\u00eam, kh\u00f4ng v\u1ebft th\u01b0\u01a1ng, kh\u00f4ng d\u00f9ng thu\u1ed1c, kh\u00f4ng g\u00e2y t\u00ea trong to\u00e0n b\u1ed9 qu\u00e1 tr\u00ecnh \u0111i\u1ec1u tr\u1ecb.<\/li>\n<li>An to\u00e0n: n\u00f3 l\u1ef1a ch\u1ecdn c\u00f3 t\u00e1c d\u1ee5ng l\u00ean c\u00e1c t\u1ebf b\u00e0o m\u1ee1 m\u1ee5c ti\u00eau, ph\u00e1 h\u1ee7y c\u00e1c t\u1ebf b\u00e0o m\u1ee1 ho\u00e0n to\u00e0n, v\u00e0 sau \u0111\u00f3 c\u00e1c t\u1ebf b\u00e0o ch\u1ea5t b\u00e9o \u0111\u01b0\u1ee3c lo\u1ea1i b\u1ecf b\u1edfi s\u1ef1 h\u1ea5p th\u1ee5 v\u00e0 ph\u00e2n h\u1ee7y chuy\u1ec3n h\u00f3a n\u1ed9i t\u1ea1i t\u1ef1 nhi\u00ean c\u1ee7a c\u01a1 th\u1ec3 con ng\u01b0\u1eddi.Trong khi \u0111\u00f3, xung quanh bi\u1ec3u b\u00ec, m\u1ea1ch m\u00e1u v\u00e0 D\u00e2y th\u1ea7n kinh kh\u00f4ng b\u1ecb t\u1ed5n th\u01b0\u01a1ng. Kh\u00f4ng c\u00f3 nguy c\u01a1 nhi\u1ec5m tr\u00f9ng v\u00e0 ch\u1ea5n th\u01b0\u01a1ng. M\u1ed9t h\u00ecnh d\u1ea1ng c\u01a1 th\u1ec3 an to\u00e0n \u0111\u01b0\u1ee3c h\u1ee9a h\u1eb9n.<\/li>\n<\/ul>\n<p>&nbsp;<\/p>\n<ul>\n<li>Thi\u1ebft k\u1ebf th\u00f4ng minh: Ki\u1ec3m so\u00e1t th\u00f4ng minh, li\u00ean l\u1ea1c ho\u1ea1t \u0111\u1ed9ng, giao di\u1ec7n tr\u1ef1c quan, d\u1ec5 h\u1ecdc, an to\u00e0n v\u00e0 ti\u1ec7n l\u1ee3i.<\/li>\n<li>Thu\u1eadn ti\u1ec7n: To\u00e0n b\u1ed9 \u0111i\u1ec1u tr\u1ecb \u0111\u01b0\u1ee3c tho\u1ea3i m\u00e1i, kh\u00f4ng c\u1ea7n ph\u1ea3i m\u1eb7c m\u1ed9t corset shaper, kh\u00f4ng xu\u1ed1ng th\u1eddi gian, m\u00e0 kh\u00f4ng c\u00f3 b\u1ea5t k\u1ef3 \u1ea3nh h\u01b0\u1edfng \u0111\u1ebfn cu\u1ed9c s\u1ed1ng b\u00ecnh th\u01b0\u1eddng v\u00e0 l\u00e0m vi\u1ec7c.<\/li>\n<\/ul>\n<p>K\u1ebft qu\u1ea3 gi\u1ea3m b\u00e9o v\u00e0 \u0111\u1ed9 an to\u00e0n \u0111\u01b0\u1ee3c c\u00f4ng nh\u1eadn b\u1edfi C\u1ee5c qu\u1ea3n l\u00fd th\u1ef1c ph\u1ea9m v\u00e0 d\u01b0\u1ee3c ph\u1ea9m Hoa K\u1ef3 FDA. Liposonix ph\u00e1 h\u1ee7y v\u0129nh vi\u1ec5n c\u00e1c m\u00f4 m\u1ee1 th\u1eeba v\u00f9ng b\u1ee5ng m\u00e0 kh\u00f4ng g\u00e2y h\u1ea1i \u0111\u1ebfn c\u00e1c m\u00f4 xung quanh. C\u00e1c th\u1eed nghi\u1ec7m v\u00e0 ch\u1ee9ng minh c\u0169ng \u0111i \u0111\u1ebfn k\u1ebft lu\u1eadn r\u1eb1ng \u0111i\u1ec1u tr\u1ecb b\u1eb1ng Liposonix kh\u00f4ng h\u1ec1 g\u00e2y ra hi\u1ec7n t\u01b0\u1ee3ng t\u00edch t\u1ee5 m\u1ee1 trong m\u00e1u khi c\u00e1c t\u1ebf b\u00e0o m\u1ee1 b\u1ecb ph\u00e2n h\u1ee7y.<\/p>\n<h2 id=\"dieu_kien_de_ap_dung_lieu_phap_giam_beo_mot_lan_duy_nhat_liposonix\"><strong>\u0110I\u1ec0U KI\u1ec6N \u0110\u1ec2 \u00c1P D\u1ee4NG LI\u1ec6U PH\u00c1P GI\u1ea2M B\u00c9O M\u1ed8T L\u1ea6N DUY NH\u1ea4T LIPOSONIX<\/strong><\/h2>\n<p>V\u00f2ng b\u1ee5ng c\u1ee7a b\u1ea1n th\u01b0\u1eddng tr\u1edf n\u00ean qu\u00e1 kh\u1ed5 do t\u00edch m\u1ee1 sau qu\u00e1 tr\u00ecnh mang thai v\u00e0 sinh em b\u00e9 ho\u1eb7c do t\u00ednh ch\u1ea5t c\u00f4ng vi\u1ec7c ng\u1ed3i nhi\u1ec1u, \u00edt v\u1eadn \u0111\u1ed9ng. Tuy nhi\u00ean, b\u1ea1n c\u1ea7n l\u01b0u \u00fd m\u1ed9t s\u1ed1 \u0111i\u1ec1u ki\u1ec7n \u0111\u1ec3 bi\u1ebft c\u01a1 th\u1ec3 m\u00ecnh c\u00f3 th\u00edch h\u1ee3p v\u1edbi ph\u01b0\u01a1ng ph\u00e1p gi\u1ea3m b\u00e9o b\u1eb1ng Liposonix hay kh\u00f4ng. C\u00e1c chuy\u00ean gia c\u1ee7a c\u00e1c c\u01a1 s\u1edf th\u1ea9m m\u1ef9 uy t\u00edn s\u1ebd gi\u00fap b\u1ea1n x\u00e1c \u0111\u1ecbnh nh\u1eefng y\u1ebfu t\u1ed1 d\u01b0\u1edbi \u0111\u00e2y:<\/p>\n<ul>\n<li>V\u00f9ng m\u1ee1 c\u00f3 \u0111\u1ed9 d\u00e0y t\u1ed1i thi\u1ec3u 1,3cm<\/li>\n<li>Ch\u1ec9 s\u1ed1 BMI \u2264 30<\/li>\n<li>S\u1ee9c kh\u1ecfe t\u1ed1t<\/li>\n<\/ul>\n<p>\u0110\u1eb7c bi\u1ec7t, kh\u00f4ng s\u1eed d\u1ee5ng ph\u01b0\u01a1ng ph\u00e1p Liposonix \u0111\u1ed1i v\u1edbi nh\u1eefng ng\u01b0\u1eddi m\u1eafc b\u1ec7nh m\u00e1u kh\u00f3 \u0111\u00f4ng, \u0111ang s\u1eed d\u1ee5ng c\u00e1c lo\u1ea1i thu\u1ed1c l\u00e0m lo\u00e3ng m\u00e1u ho\u1eb7c ng\u0103n \u0111\u00f4ng m\u00e1u, c\u00f3 ti\u1ec1n s\u1eed ph\u1eabu thu\u1eadt t\u1ea1i khu v\u1ef1c \u0111i\u1ec1u tr\u1ecb ho\u1eb7c s\u1eed d\u1ee5ng thi\u1ebft b\u1ecb c\u1ea5y gh\u00e9p \u0111i\u1ec7n nh\u01b0 m\u00e1y t\u1ea1o nh\u1ecbp tim.<\/p>\n<p>\u0110\u1ed1i v\u1edbi ph\u1ee5 n\u1eef \u0111ang mang thai ch\u1ec9 \u0111\u01b0\u1ee3c \u0111i\u1ec1u tr\u1ecb gi\u1ea3m b\u00e9o b\u1eb1ng Liposonix sau khi sinh \u00edt nh\u1ea5t 6 tu\u1ea7n.<\/p>\n<h3 id=\"tien_trinh_dieu_tri_bang_liposonix\"><strong>Ti\u1ebfn tr\u00ecnh \u0111i\u1ec1u tr\u1ecb b\u1eb1ng Liposonix:<\/strong><\/h3>\n<p>Tr\u01b0\u1edbc ti\u00ean, c\u00e1c b\u00e1c s\u0129 , K\u1ef9 thu\u1eadt Vi\u00ean s\u1ebd ti\u1ebfn h\u00e0nh ki\u1ec3m tra t\u1ed5ng qu\u00e1t v\u00f9ng m\u1ee1 th\u1eeba, x\u00e1c \u0111\u1ecbnh c\u00e1c y\u1ebfu t\u1ed1 c\u1ee7a c\u01a1 th\u1ec3 c\u00f3 ph\u00f9 h\u1ee3p v\u1edbi ph\u01b0\u01a1ng ph\u00e1p Liposonix hay kh\u00f4ng v\u00e0 t\u01b0 v\u1ea5n v\u1ec1 t\u00ecnh tr\u1ea1ng c\u1ee7a c\u01a1 th\u1ec3 kh\u00e1ch h\u00e0ng.<\/p>\n<h3 id=\"cac_buoc_hoat_dong_cua_liposonix\"><strong>C\u00e1c b\u01b0\u1edbc ho\u1ea1t \u0111\u1ed9ng c\u1ee7a Liposonix<\/strong><\/h3>\n<ul>\n<li>N\u1ebfu t\u1ea5t c\u1ea3 c\u00e1c \u0111i\u1ec1u ki\u1ec7n \u00e1p d\u1ee5ng ph\u01b0\u01a1ng ph\u00e1p \u0111\u1ec1u ph\u00f9 h\u1ee3p, b\u00e1c s\u0129 s\u1ebd ti\u1ebfn h\u00e0nh tr\u1ecb li\u1ec7u b\u1eb1ng Liposonix. N\u0103ng l\u01b0\u1ee3ng s\u00f3ng si\u00eau \u00e2m h\u1ed9i t\u1ee5 c\u01b0\u1eddng \u0111\u1ed9 cao s\u1ebd t\u1eadp trung t\u00e1c \u0111\u1ed9ng nhi\u1ec7t v\u00e0o m\u00f4 m\u1ee1 \u1edf \u0111\u1ed9 s\u00e2u d\u01b0\u1edbi 1,3 cm d\u01b0\u1edbi da v\u00e0 ph\u00e1 h\u1ee7y c\u00e1c m\u00f4 m\u1ee1 \u0111\u00edch.<\/li>\n<li>Nhi\u1ec7t t\u00e1c \u0111\u1ed9ng t\u1eadp trung ph\u00e1 h\u1ee7y m\u00f4 m\u1ee1 trong khi v\u00f9ng da v\u00e0 m\u00f4 xung quanh kh\u00f4ng b\u1ecb th\u01b0\u01a1ng t\u1ed5n.<\/li>\n<\/ul>\n<p><strong>K\u1ebft qu\u1ea3<\/strong><\/p>\n<ul>\n<li>Ch\u1ec9\u00a0sau 60 ph\u00fat \u0111i\u1ec1u tr\u1ecb s\u1ebd gi\u1ea3m \u00edt nh\u1ea5t 2,5cm t\u01b0\u01a1ng \u1ee9ng 1 size qu\u1ea7n.<\/li>\n<li>Trong v\u00f2ng 8-12 tu\u1ea7n sau \u0111\u00f3, c\u00e1c m\u00f4 m\u1ee1 b\u1ecb ph\u00e1 h\u1ee7y s\u1ebd ti\u1ebfp t\u1ee5c \u0111\u01b0\u1ee3c \u0111\u00e0o th\u1ea3i d\u1ea7n d\u1ea7n ra kh\u1ecfi c\u01a1 th\u1ec3 theo qu\u00e1 tr\u00ecnh t\u1ef1 nhi\u00ean.<\/li>\n<li>K\u1ebft qu\u1ea3, b\u1ea1n s\u1ebd l\u1ea5y l\u1ea1i \u0111\u01b0\u1ee3c v\u00f2ng eo s\u0103n ch\u1eafc, r\u00fat ng\u1eafn th\u1eddi gian t\u1eadp th\u1ec3 d\u1ee5c c\u0169ng nh\u01b0 kh\u00f4ng c\u1ea7n ch\u1ebf \u0111\u1ed9 \u0103n ki\u00eang qu\u00e1 kh\u1eaft khe.<\/li>\n<li>Sau qu\u00e1 tr\u00ecnh \u0111i\u1ec1u tr\u1ecb v\u1edbi Liposonix, b\u1ea1n s\u1ebd kh\u00f4ng m\u1ea5t qu\u00e1 nhi\u1ec1u th\u1eddi gian ngh\u1ec9 d\u01b0\u1ee1ng v\u00ec \u0111\u00e2y l\u00e0 ph\u01b0\u01a1ng ph\u00e1p kh\u00f4ng x\u00e2m l\u1ea5n, b\u1ea3o \u0111\u1ea3m an to\u00e0n tuy\u1ec7t \u0111\u1ed1i trong su\u1ed1t qu\u00e1 tr\u00ecnh \u0111i\u1ec1u tr\u1ecb. Tuy nhi\u00ean, \u0111\u1ec3 duy tr\u00ec k\u1ebft qu\u1ea3 t\u1ed1t nh\u1ea5t v\u00e0 l\u00e2u d\u00e0i, sau khi \u0111i\u1ec1u tr\u1ecb v\u1edbi Liposonix, b\u1ea1n n\u00ean k\u1ebft h\u1ee3p v\u1edbi ch\u1ebf \u0111\u1ed9 dinh d\u01b0\u1ee1ng v\u00e0 l\u1ed1i s\u1ed1ng l\u00e0nh m\u1ea1nh<\/li>\n<\/ul>\n<ul>\n<li><strong>\u00a0K\u1ebft qu\u1ea3 hi\u1ec7u qu\u1ea3:<\/strong>\u00a0Sau khi \u0111i\u1ec1u tr\u1ecb m\u1ed9t, ch\u1ea5t b\u00e9o 2cm s\u1ebd gi\u1ea3m; Sau 3 l\u1ea7n \u0111i\u1ec1u tr\u1ecb, ch\u1ea5t b\u00e9o 5-8cm s\u1ebd \u0111\u01b0\u1ee3c lo\u1ea1i b\u1ecf. K\u1ebft qu\u1ea3 gi\u1ea3m b\u00e9o \u0111\u00e1ng ch\u00fa \u00fd m\u00e0 kh\u00f4ng b\u1ecb tr\u1ea3 l\u1ea1i<\/li>\n<\/ul>\n<p>&nbsp;<\/p>\n<ul>\n<li>C\u00e1c li\u1ec7u tr\u00ecnh gi\u1ea3m b\u00e9o x\u00e2m l\u1ea5n nh\u01b0 h\u00fat m\u1ee1 th\u01b0\u1eddng \u0111em l\u1ea1i nh\u1eefng r\u1ee7i ro nh\u1ea5t \u0111\u1ecbnh v\u00e0 m\u1ea5t th\u1eddi gian h\u1ed3i ph\u1ee5c sau \u0111i\u1ec1u tr\u1ecb \u0111\u00e1ng k\u1ec3. Tuy c\u1ea3i ti\u1ebfn h\u01a1n, nh\u01b0ng nh\u1eefng k\u1ef9 thu\u1eadt x\u00e2m l\u1ea5n t\u1ed1i thi\u1ec3u n\u00f3i chung v\u1eabn l\u00e0 li\u1ec7u tr\u00ecnh c\u1ea7n \u0111\u1ebfn ph\u1eabu thu\u1eadt. Kh\u00f4ng gi\u1ed1ng nh\u01b0 c\u00e1c li\u1ec7u tr\u00ecnh gi\u1ea3m b\u00e9o n\u00e0y, ph\u01b0\u01a1ng ph\u00e1p \u0111i\u1ec1u tr\u1ecb v\u1edbi Liposonix l\u00e0 kh\u00f4ng x\u00e2m l\u1ea5n v\u00e0 b\u1ec7nh nh\u00e2n c\u00f3 th\u1ec3 ti\u1ebfp t\u1ee5c c\u00e1c ho\u1ea1t \u0111\u1ed9ng sinh ho\u1ea1t th\u01b0\u1eddng ng\u00e0y ngay l\u1eadp t\u1ee9c sau khi \u0111i\u1ec1u tr\u1ecb m\u00e0 kh\u00f4ng c\u1ea7n ngh\u1ec9 d\u01b0\u1ee1ng.<\/li>\n<li>K\u1ebft qu\u1ea3 c\u00f3 th\u1ec3 nh\u00ecn th\u1ea5y trong v\u00f2ng 8 \u0111\u1ebfn 12 tu\u1ea7n (\u0111\u00e2y l\u00e0 kho\u1ea3ng th\u1eddi gian c\u1ea7n thi\u1ebft \u0111\u1ec3 c\u01a1 th\u1ec3 th\u1ef1c hi\u1ec7n qu\u00e1 tr\u00ecnh chuy\u1ec3n h\u00f3a t\u1ef1 nhi\u00ean c\u00e1c t\u1ebf b\u00e0o m\u1ee1 \u0111\u01b0\u1ee3c \u0111i\u1ec1u atr\u1ecb).<\/li>\n<\/ul>\n<p>&nbsp;<\/p>\n<p><em>K\u1ebft qu\u1ea3 sau qu\u00e1 tr\u00ecnh \u0111i\u1ec1u tr\u1ecb Liposonix<\/em><\/p>\n<ul>\n<li>Sau \u0111i\u1ec1u tr\u1ecb; C\u01a1 th\u1ec3 c\u1ee7a b\u1ea1n t\u1ef1 nhi\u00ean x\u1eed l\u00fd v\u00e0 lo\u1ea1i b\u1ecf c\u00e1c m\u00f4 m\u1ee1 b\u1ecb ph\u00e1 h\u1ee7y. V\u1edbi \u00edt ch\u1ea5t b\u00e9o h\u01a1n, c\u01a1 th\u1ec3 c\u1ee7a b\u1ea1n t\u1ef1 nhi\u00ean m\u1ea3nh mai, v\u1edbi m\u1ed9t sleeker, th\u00eam \u0111\u01b0\u1eddng vi\u1ec1n \u0111\u01b0\u1eddng vi\u1ec1n. Sau khi \u0111i\u1ec1u tr\u1ecb, c\u00f3 th\u1ec3 c\u00f3 m\u1ed9t s\u1ed1 kh\u00f3 ch\u1ecbu (\u0111au), \u0111\u1ecf ho\u1eb7c s\u01b0ng, th\u01b0\u1eddng \u0111\u01b0\u1ee3c m\u00f4 t\u1ea3 l\u00e0 nh\u1eb9.<\/li>\n<\/ul>\n<p>&nbsp;<\/p>\n<p>Liposonix kh\u00f4ng ph\u1ea3i l\u00e0 qu\u00e1 tr\u00ecnh h\u00fat m\u1ee1 hay ph\u1eabu thu\u1eadt, kh\u00f4ng thay th\u1ebf cho vi\u1ec7c t\u1eadp luy\u1ec7n v\u00e0 ch\u1ebf \u0111\u1ed9 sinh ho\u1ea1t l\u00e0nh m\u1ea1nh, v\u00e0 kh\u00f4ng ph\u1ea3i l\u00e0 bi\u1ec7n ph\u00e1p \u0111\u1ec3 gi\u1ea3m c\u00e2n. Nh\u01b0ng \u0111\u00e2y l\u00e0 ph\u01b0\u01a1ng ph\u00e1p d\u1ec5 d\u00e0ng v\u00e0 nhanh ch\u00f3ng \u0111\u1ec3 gi\u00fap b\u1ea1n gi\u1ea3m eo v\u00e0 \u0111\u1ea1t \u0111\u01b0\u1ee3c m\u1ee5c ti\u00eau th\u00e2n h\u00ecnh l\u00fd t\u01b0\u1edfng c\u1ee7a m\u00ecnh.<\/li>\n<\/ul>\n","protected":false},"excerpt":{"rendered":"<p>L\u00e0 c\u00f4ng ngh\u1ec7 gi\u1ea3m b\u00e9o \u0111\u01b0\u1ee3c \u01b0a chu\u1ed9ng h\u00e0ng \u0111\u1ea7u t\u1ea1i nh\u1eefng th\u1ecb tr\u01b0\u1eddng qu\u1ed1c t\u1ebf nh\u01b0 M\u1ef9, Anh, H\u00e0n Qu\u1ed1c,\u2026C\u00f4ng ngh\u1ec7 gi\u1ea3m b\u00e9o m\u1ed9t l\u1ea7n duy nh\u1ea5t ch\u1ec9 trong 1 gi\u1edd \u0111i\u1ec1u tr\u1ecb c\u00f3 th\u1ec3 gi\u1ea3m ngay 1 size qu\u1ea7n (kho\u1ea3ng 2,5cm), an to\u00e0n, kh\u00f4ng x\u00e2m l\u1ea5n.<\/p>\n","protected":false},"featured_media":16039,"comment_status":"open","ping_status":"closed","template":"","meta":[],"product_cat":[32],"product_tag":[],"yoast_head":"<!-- This site is optimized with the Yoast SEO plugin v21.5 - https:\/\/yoast.com\/wordpress\/plugins\/seo\/ -->\n<title>GI\u1ea2M B\u00c9O LIPOSONIX - WONTECH THI\u1ebeT B\u1eca SPA<\/title>\n<meta name=\"robots\" content=\"index, follow, max-snippet:-1, max-image-preview:large, max-video-preview:-1\" \/>\n<link rel=\"canonical\" href=\"https:\/\/wontechthietbispa.com\/index.php\/product\/may-giam-beo-liposonix\/\" \/>\n<meta property=\"og:locale\" content=\"en_US\" \/>\n<meta property=\"og:type\" content=\"article\" \/>\n<meta property=\"og:title\" content=\"GI\u1ea2M B\u00c9O LIPOSONIX - WONTECH THI\u1ebeT B\u1eca SPA\" \/>\n<meta property=\"og:description\" content=\"L\u00e0 c\u00f4ng ngh\u1ec7 gi\u1ea3m b\u00e9o \u0111\u01b0\u1ee3c \u01b0a chu\u1ed9ng h\u00e0ng \u0111\u1ea7u t\u1ea1i nh\u1eefng th\u1ecb tr\u01b0\u1eddng qu\u1ed1c t\u1ebf nh\u01b0 M\u1ef9, Anh, H\u00e0n Qu\u1ed1c,\u2026C\u00f4ng ngh\u1ec7 gi\u1ea3m b\u00e9o m\u1ed9t l\u1ea7n duy nh\u1ea5t ch\u1ec9 trong 1 gi\u1edd \u0111i\u1ec1u tr\u1ecb c\u00f3 th\u1ec3 gi\u1ea3m ngay 1 size qu\u1ea7n (kho\u1ea3ng 2,5cm), an to\u00e0n, kh\u00f4ng x\u00e2m l\u1ea5n.\" \/>\n<meta property=\"og:url\" content=\"https:\/\/wontechthietbispa.com\/index.php\/product\/may-giam-beo-liposonix\/\" \/>\n<meta property=\"og:site_name\" content=\"WONTECH THI\u1ebeT B\u1eca SPA\" \/>\n<meta property=\"article:modified_time\" content=\"2024-08-28T07:21:10+00:00\" \/>\n<meta property=\"og:image\" content=\"http:\/\/wontechthietbispa.com\/wp-content\/uploads\/2023\/11\/Untitled-1-155.png\" \/>\n\t<meta property=\"og:image:width\" content=\"700\" \/>\n\t<meta property=\"og:image:height\" content=\"800\" \/>\n\t<meta property=\"og:image:type\" content=\"image\/png\" \/>\n<meta name=\"twitter:card\" content=\"summary_large_image\" \/>\n<meta name=\"twitter:label1\" content=\"Est. reading time\" \/>\n\t<meta name=\"twitter:data1\" content=\"7 minutes\" \/>\n<script type=\"application\/ld+json\" class=\"yoast-schema-graph\">{\"@context\":\"https:\/\/schema.org\",\"@graph\":[{\"@type\":\"WebPage\",\"@id\":\"https:\/\/wontechthietbispa.com\/index.php\/product\/may-giam-beo-liposonix\/\",\"url\":\"https:\/\/wontechthietbispa.com\/index.php\/product\/may-giam-beo-liposonix\/\",\"name\":\"GI\u1ea2M B\u00c9O LIPOSONIX - WONTECH THI\u1ebeT B\u1eca SPA\",\"isPartOf\":{\"@id\":\"https:\/\/wontechthietbispa.com\/#website\"},\"datePublished\":\"2023-12-01T09:36:46+00:00\",\"dateModified\":\"2024-08-28T07:21:10+00:00\",\"breadcrumb\":{\"@id\":\"https:\/\/wontechthietbispa.com\/index.php\/product\/may-giam-beo-liposonix\/#breadcrumb\"},\"inLanguage\":\"en-US\",\"potentialAction\":[{\"@type\":\"ReadAction\",\"target\":[\"https:\/\/wontechthietbispa.com\/index.php\/product\/may-giam-beo-liposonix\/\"]}]},{\"@type\":\"BreadcrumbList\",\"@id\":\"https:\/\/wontechthietbispa.com\/index.php\/product\/may-giam-beo-liposonix\/#breadcrumb\",\"itemListElement\":[{\"@type\":\"ListItem\",\"position\":1,\"name\":\"Home\",\"item\":\"https:\/\/wontechthietbispa.com\/\"},{\"@type\":\"ListItem\",\"position\":2,\"name\":\"Shop\",\"item\":\"https:\/\/wontechthietbispa.com\/index.php\/shop\/\"},{\"@type\":\"ListItem\",\"position\":3,\"name\":\"GI\u1ea2M B\u00c9O LIPOSONIX\"}]},{\"@type\":\"WebSite\",\"@id\":\"https:\/\/wontechthietbispa.com\/#website\",\"url\":\"https:\/\/wontechthietbispa.com\/\",\"name\":\"WONTECH THI\u1ebeT B\u1eca SPA\",\"description\":\"WONTECH THI\u1ebeT B\u1eca SPA\",\"potentialAction\":[{\"@type\":\"SearchAction\",\"target\":{\"@type\":\"EntryPoint\",\"urlTemplate\":\"https:\/\/wontechthietbispa.com\/?s={search_term_string}\"},\"query-input\":\"required name=search_term_string\"}],\"inLanguage\":\"en-US\"}]}<\/script>\n<!-- \/ Yoast SEO plugin. -->","yoast_head_json":{"title":"GI\u1ea2M B\u00c9O LIPOSONIX - WONTECH THI\u1ebeT B\u1eca SPA","robots":{"index":"index","follow":"follow","max-snippet":"max-snippet:-1","max-image-preview":"max-image-preview:large","max-video-preview":"max-video-preview:-1"},"canonical":"https:\/\/wontechthietbispa.com\/index.php\/product\/may-giam-beo-liposonix\/","og_locale":"en_US","og_type":"article","og_title":"GI\u1ea2M B\u00c9O LIPOSONIX - WONTECH THI\u1ebeT B\u1eca SPA","og_description":"L\u00e0 c\u00f4ng ngh\u1ec7 gi\u1ea3m b\u00e9o \u0111\u01b0\u1ee3c \u01b0a chu\u1ed9ng h\u00e0ng \u0111\u1ea7u t\u1ea1i nh\u1eefng th\u1ecb tr\u01b0\u1eddng qu\u1ed1c t\u1ebf nh\u01b0 M\u1ef9, Anh, H\u00e0n Qu\u1ed1c,\u2026C\u00f4ng ngh\u1ec7 gi\u1ea3m b\u00e9o m\u1ed9t l\u1ea7n duy nh\u1ea5t ch\u1ec9 trong 1 gi\u1edd \u0111i\u1ec1u tr\u1ecb c\u00f3 th\u1ec3 gi\u1ea3m ngay 1 size qu\u1ea7n (kho\u1ea3ng 2,5cm), an to\u00e0n, kh\u00f4ng x\u00e2m l\u1ea5n.","og_url":"https:\/\/wontechthietbispa.com\/index.php\/product\/may-giam-beo-liposonix\/","og_site_name":"WONTECH THI\u1ebeT B\u1eca SPA","article_modified_time":"2024-08-28T07:21:10+00:00","og_image":[{"width":700,"height":800,"url":"http:\/\/wontechthietbispa.com\/wp-content\/uploads\/2023\/11\/Untitled-1-155.png","type":"image\/png"}],"twitter_card":"summary_large_image","twitter_misc":{"Est. reading time":"7 minutes"},"schema":{"@context":"https:\/\/schema.org","@graph":[{"@type":"WebPage","@id":"https:\/\/wontechthietbispa.com\/index.php\/product\/may-giam-beo-liposonix\/","url":"https:\/\/wontechthietbispa.com\/index.php\/product\/may-giam-beo-liposonix\/","name":"GI\u1ea2M B\u00c9O LIPOSONIX - WONTECH THI\u1ebeT B\u1eca SPA","isPartOf":{"@id":"https:\/\/wontechthietbispa.com\/#website"},"datePublished":"2023-12-01T09:36:46+00:00","dateModified":"2024-08-28T07:21:10+00:00","breadcrumb":{"@id":"https:\/\/wontechthietbispa.com\/index.php\/product\/may-giam-beo-liposonix\/#breadcrumb"},"inLanguage":"en-US","potentialAction":[{"@type":"ReadAction","target":["https:\/\/wontechthietbispa.com\/index.php\/product\/may-giam-beo-liposonix\/"]}]},{"@type":"BreadcrumbList","@id":"https:\/\/wontechthietbispa.com\/index.php\/product\/may-giam-beo-liposonix\/#breadcrumb","itemListElement":[{"@type":"ListItem","position":1,"name":"Home","item":"https:\/\/wontechthietbispa.com\/"},{"@type":"ListItem","position":2,"name":"Shop","item":"https:\/\/wontechthietbispa.com\/index.php\/shop\/"},{"@type":"ListItem","position":3,"name":"GI\u1ea2M B\u00c9O LIPOSONIX"}]},{"@type":"WebSite","@id":"https:\/\/wontechthietbispa.com\/#website","url":"https:\/\/wontechthietbispa.com\/","name":"WONTECH THI\u1ebeT B\u1eca SPA","description":"WONTECH THI\u1ebeT B\u1eca SPA","potentialAction":[{"@type":"SearchAction","target":{"@type":"EntryPoint","urlTemplate":"https:\/\/wontechthietbispa.com\/?s={search_term_string}"},"query-input":"required name=search_term_string"}],"inLanguage":"en-US"}]}},"jetpack_sharing_enabled":true,"_links":{"self":[{"href":"https:\/\/wontechthietbispa.com\/index.php\/wp-json\/wp\/v2\/product\/16432"}],"collection":[{"href":"https:\/\/wontechthietbispa.com\/index.php\/wp-json\/wp\/v2\/product"}],"about":[{"href":"https:\/\/wontechthietbispa.com\/index.php\/wp-json\/wp\/v2\/types\/product"}],"replies":[{"embeddable":true,"href":"https:\/\/wontechthietbispa.com\/index.php\/wp-json\/wp\/v2\/comments?post=16432"}],"version-history":[{"count":2,"href":"https:\/\/wontechthietbispa.com\/index.php\/wp-json\/wp\/v2\/product\/16432\/revisions"}],"predecessor-version":[{"id":17024,"href":"https:\/\/wontechthietbispa.com\/index.php\/wp-json\/wp\/v2\/product\/16432\/revisions\/17024"}],"wp:featuredmedia":[{"embeddable":true,"href":"https:\/\/wontechthietbispa.com\/index.php\/wp-json\/wp\/v2\/media\/16039"}],"wp:attachment":[{"href":"https:\/\/wontechthietbispa.com\/index.php\/wp-json\/wp\/v2\/media?parent=16432"}],"wp:term":[{"taxonomy":"product_cat","embeddable":true,"href":"https:\/\/wontechthietbispa.com\/index.php\/wp-json\/wp\/v2\/product_cat?post=16432"},{"taxonomy":"product_tag","embeddable":true,"href":"https:\/\/wontechthietbispa.com\/index.php\/wp-json\/wp\/v2\/product_tag?post=16432"}],"curies":[{"name":"wp","href":"https:\/\/api.w.org\/{rel}","templated":true}]}}