{"id":16430,"date":"2023-12-01T16:34:19","date_gmt":"2023-12-01T09:34:19","guid":{"rendered":"https:\/\/wontechthietbispa.com\/?post_type=product&#038;p=16430"},"modified":"2024-08-28T14:21:02","modified_gmt":"2024-08-28T07:21:02","slug":"may-giam-beo-sculpsure","status":"publish","type":"product","link":"https:\/\/wontechthietbispa.com\/index.php\/product\/may-giam-beo-sculpsure\/","title":{"rendered":"GI\u1ea2M B\u00c9O SCULPSURE"},"content":{"rendered":"<ul>\n<li style=\"font-weight: 400;\" aria-level=\"1\">M\u00e1y Gi\u1ea3m b\u00e9o SculpSure\u00a0l\u00e0 m\u1ed9t b\u01b0\u1edbc \u0111\u1ed9t ph\u00e1 trong c\u00f4ng ngh\u1ec7 gi\u1ea3m m\u1ee1 kh\u00f4ng ph\u1eabu thu\u1eadt v\u00e0 \u0111i\u00eau kh\u1eafc body, k\u00edch th\u00edch c\u01a1 b\u1eafp b\u1eb1ng laser c\u00f4ng su\u1ea5t cao \u0111\u1ea7u ti\u00ean tr\u00ean th\u1ebf gi\u1edbi. B\u1ea1n ch\u1ec9 c\u1ea7n 25 ph\u00fat n\u1eb1m th\u01b0 gi\u00e3n, 4 \u0111\u1ea7u m\u00e1y l\u00e0m n\u00f3ng c\u1ee5c b\u1ed9 v\u1edbi b\u01b0\u1edbc s\u00f3ng 1.060nm s\u1ebd ph\u00e1 h\u1ee7y 1\/4 l\u01b0\u1ee3ng m\u1ee1 th\u1eeba ngay sau 1 l\u1ea7n th\u1ef1c hi\u1ec7n m\u00e0 kh\u00f4ng ph\u1ea3i \u0111\u1ee5ng \u0111\u1ebfn dao k\u00e9o.<br \/>\n<h2>Gi\u1edbi thi\u1ec7u v\u1ec1 M\u00e1y Gi\u1ea3m b\u00e9o SculpSure<\/h2>\n<p>SculpSures kh\u00f4ng ph\u00e1 h\u1ee7y l\u1edbp m\u00f4 \u1edf bi\u1ec3u b\u00ec v\u00ec v\u1eady c\u00f3 th\u1ec3 \u0111\u01b0\u1ee3c s\u1eed d\u1ee5ng tr\u00ean t\u1ea5t c\u1ea3 c\u00e1c d\u1ea1ng da, ph\u00f9 h\u1ee3p cho c\u1ea3 nam v\u00e0 n\u1eef. Ngo\u00e0i s\u1ef1 ph\u00e1 h\u1ee7y c\u00e1c t\u1ebf b\u00e0o m\u1ee1 d\u01b0\u1edbi da, n\u0103ng l\u01b0\u1ee3ng nhi\u1ec7t c\u1ee7a laser diode c\u00f2n gi\u00fap k\u00edch th\u00edch s\u1ea3n sinh collagen v\u00e0 elastin \u0111\u1ec3 gi\u00fap v\u00f9ng \u0111i\u1ec1u tr\u1ecb tr\u1edf n\u00ean s\u0103n ch\u1eafc h\u01a1n v\u00e0 tr\u00f4ng tr\u1ebb h\u01a1n.<\/p>\n<p>Li\u1ec7u tr\u00ecnh \u0111i\u1ec1u tr\u1ecb t\u1eeb 3-4 l\u1ea7n, kho\u1ea3ng c\u00e1ch gi\u1eefa 2 l\u1ea7n \u0111i\u1ec1u tr\u1ecb l\u00e0 6 \u2013 12 tu\u1ea7n, hi\u1ec7u qu\u1ea3 c\u00f3 th\u1ec3 th\u1ea5y ngay sau 1 l\u1ea7n \u0111i\u1ec1u tr\u1ecb. K\u1ebft qu\u1ea3 \u0111i\u1ec1u tr\u1ecb c\u00f3 th\u1ec3 th\u1ea5y sau kho\u1ea3ng 6 tu\u1ea7n, sau khi c\u01a1 th\u1ec3 chuy\u1ec3n h\u00f3a v\u00e0 \u0111\u00e0o th\u1ea3i m\u1ed9t c\u00e1ch t\u1ef1 nhi\u00ean c\u00e1c t\u1ebf b\u00e0o m\u1ee1 b\u1ecb ph\u00e1 h\u1ee7y (Hi\u1ec7u qu\u1ea3 c\u00f3 th\u1ec3 kh\u00e1c nhau tu\u1ef3 c\u01a1 \u0111\u1ecba, ch\u1ebf \u0111\u1ed9 \u0103n, ch\u1ebf \u0111\u1ed9 t\u1eadp luy\u1ec7n\u2026 c\u1ee7a kh\u00e1ch h\u00e0ng).<\/li>\n<\/ul>\n<p>M\u00e1y gi\u1ea3m b\u00e9o c\u00f4ng ngh\u1ec7 SculpSure c\u00f3 th\u1ec3 l\u1ea5y \u0111i 24% l\u1edbp m\u1ee1 th\u1eeba ch\u1ec9 trong th\u1eddi gian \u0111i\u1ec1u tr\u1ecb 25 ph\u00fat m\u00e0 kh\u00f4ng c\u1ea7n ph\u1eabu thu\u1eadt! \u0110i\u1ec1u n\u00e0y \u0111\u00e3 \u0111\u01b0\u1ee3c B\u1ed9 Y T\u1ebf M\u1ef9 ki\u1ec3m tra v\u00e0 x\u00e1c nh\u1eadn (US FDA Approved)<\/p>\n<p>M\u00e1y gi\u1ea3m b\u00e9o c\u00f4ng ngh\u1ec7 SculpSure l\u00e0 ph\u01b0\u01a1ng ph\u00e1p \u0111i\u1ec1u tr\u1ecb l\u00e0m ph\u00e2n h\u1ee7y m\u1ee1, l\u00e0m thon g\u1ecdn c\u01a1 th\u1ec3 b\u1eb1ng laser \u0111\u1ea7u ti\u00ean tr\u00ean th\u1ebf gi\u1edbi \u0111\u01b0\u1ee3c B\u1ed9 Y t\u1ebf M\u1ef9 ch\u1ee9ng nh\u1eadn hi\u1ec7u qu\u1ea3 trong gi\u1ea3m m\u1ee1 v\u00f9ng h\u00f4ng (v\u00f9ng eo) v\u00e0 v\u00f9ng b\u1ee5ng. Laser n\u00e0y c\u0169ng \u0111\u01b0\u1ee3c s\u1eed d\u1ee5ng \u0111\u1ec3 gi\u1ea3m m\u1ee1 c\u00e1c v\u00f9ng kh\u00e1c nh\u01b0 v\u00f9ng b\u1eafp tay, v\u00f9ng \u0111\u00f9i v\u00e0 \u0111\u1ea7u g\u1ed1i&#8230; \u0110\u00e2y l\u00e0 m\u1ed9t ti\u1ebfn tr\u00ecnh ho\u00e0n to\u00e0n kh\u00f4ng x\u00e2m l\u1ea5n, kh\u00f4ng m\u1ea5t th\u1eddi gian ngh\u1ec9 d\u01b0\u1ee1ng sau \u0111i\u1ec1u tr\u1ecb, th\u1eddi gian \u0111i\u1ec1u tr\u1ecb ng\u1eafn v\u00e0 k\u1ebft qu\u1ea3 \u0111i\u1ec1u tr\u1ecb c\u00f3 th\u1ec3 \u0111o l\u01b0\u1eddng \u0111\u01b0\u1ee3c.<\/p>\n<p><img fetchpriority=\"high\" decoding=\"async\" title=\"c\u00e1c v\u00f9ng \u0111i\u1ec1u tr\u1ecb sculpsure\" src=\"https:\/\/i0.wp.com\/maythammycongnghecao.com\/upload\/data\/cac%20vung%20dieu%20tri%20sculpsure.jpg?resize=600%2C462&#038;ssl=1\" alt=\"cac vung dieu tri sculpsure.jpg (107 KB)\" width=\"600\" height=\"462\" data-recalc-dims=\"1\" \/><\/p>\n<p><em>C\u00e1c v\u00f9ng \u0111i\u1ec1u tr\u1ecb c\u1ee7a m<\/em><em>\u00e1y gi\u1ea3m b\u00e9o c\u00f4ng ngh\u1ec7 SculpSure<\/em><\/p>\n<p>&nbsp;<\/p>\n<p>M\u00e1y gi\u1ea3m b\u00e9o c\u00f4ng ngh\u1ec7 SculpSure s\u1eed d\u1ee5ng laser b\u01b0\u1edbc s\u00f3ng 1060nm \u0111\u1ec3 l\u00e0m gi\u1ea3m m\u1ee1 b\u1eb1ng c\u00e1ch ph\u00e1 v\u1ee1 kh\u00f4ng x\u00e2m l\u1ea5n c\u00e1c t\u1ebf b\u00e0o m\u1ee1 d\u01b0\u1edbi da. C\u01a1 ch\u1ebf t\u00e1c \u0111\u1ed9ng b\u1eb1ng c\u00e1ch n\u00e2ng nhi\u1ec7t \u0111\u1ed9 c\u1ee7a m\u00f4 m\u1ee1 l\u00ean \u0111\u1ebfn m\u1ee9c t\u1eeb 42<sup>0<\/sup>C \u2013 47<sup>0<\/sup>C m\u00e0 kh\u00f4ng l\u00e0m t\u1ed5n th\u01b0\u01a1ng c\u00e1c v\u00f9ng m\u00f4 xung quanh. \u0110\u00e2y l\u00e0 c\u00f4ng ngh\u1ec7 laser hyperthermic \u0111\u1ea7u ti\u00ean trong \u0111i\u1ec1u tr\u1ecb gi\u1ea3m b\u00e9o kh\u00f4ng x\u00e2m l\u1ea5n, M\u00e1y gi\u1ea3m b\u00e9o c\u00f4ng ngh\u1ec7 SculpSure m\u1edf ra m\u1ed9t ti\u1ebfp c\u1eadn \u0111i\u1ec1u tr\u1ecb th\u1ea9m m\u1ef9 ho\u00e0n to\u00e0n m\u1edbi \u0111\u1ec3 l\u00e0m g\u1ecdn c\u01a1 th\u1ec3 kh\u00f4ng c\u1ea7n ph\u1eabu thu\u1eadt. Trong c\u00e1c th\u1eed nghi\u1ec7m l\u00e2m s\u00e0ng v\u1edbi tr\u00ean 100 b\u1ec7nh nh\u00e2n, ghi nh\u1eadn \u0111\u01b0\u1ee3c t\u1ec9 l\u1ec7 gi\u1ea3m m\u1ee1 t\u1edbi 24% \u1edf c\u00e1c v\u00f9ng m\u1ee1 c\u1ee9ng \u0111\u1ea7u kh\u00f3 \u0111i\u1ec1u tr\u1ecb, v\u1edbi tr\u00ean 90% b\u1ec7nh nh\u00e2n h\u00e0i l\u00f2ng v\u1edbi k\u1ebft qu\u1ea3 \u0111i\u1ec1u tr\u1ecb.<\/p>\n<p><img decoding=\"async\" title=\"gi\u1ea3m b\u00e9o b\u1ee5ng m\u00e1y sculsure\" src=\"https:\/\/i0.wp.com\/maythammycongnghecao.com\/upload\/data\/giam%20beo%20sculpsure.jpg?resize=600%2C529&#038;ssl=1\" alt=\"giam beo sculpsure.jpg (144 KB)\" width=\"600\" height=\"529\" data-recalc-dims=\"1\" \/><\/p>\n<p><em>Gi\u1ea3m b\u00e9o b\u1ee5ng c\u1ee7a m<\/em><em>\u00e1y gi\u1ea3m b\u00e9o c\u00f4ng ngh\u1ec7 SculpSure<\/em><\/p>\n<p><em><img decoding=\"async\" title=\"gi\u1ea3m b\u00e9o v\u00f9ng h\u00f4ng c\u1ee7a m\u00e1y sculpsure\" src=\"https:\/\/i0.wp.com\/maythammycongnghecao.com\/upload\/data\/giam%20beo%20sculpsure%201.jpg?resize=600%2C466&#038;ssl=1\" alt=\"giam beo sculpsure 1.jpg (124 KB)\" width=\"600\" height=\"466\" data-recalc-dims=\"1\" \/><\/em><\/p>\n<p><em>Gi\u1ea3m b\u00e9o b\u00e9o v\u00f9ng h\u00f4ng v\u00e0 \u0111\u00f9i c\u1ee7a m<\/em><em>\u00e1y gi\u1ea3m b\u00e9o c\u00f4ng ngh\u1ec7 SculpSure<\/em><\/p>\n<p>&nbsp;<\/p>\n<p>Theo chia s\u1ebb c\u1ee7a B\u00e1c s\u0129 ph\u1eabu thu\u1eadt t\u1ea1o h\u00ecnh \u1edf Sydney, b\u00e1c s\u1ef9 Steven Liew, l\u00e0 b\u00e1c s\u1ef9 \u0111\u1ea7u ti\u00ean \u1ee9ng d\u1ee5ng c\u00f4ng ngh\u1ec7 m\u1edbi n\u00e0y t\u1ea1i ph\u00f2ng kh\u00e1m Darlinghurst: &#8220;Trong th\u1ea9m m\u1ef9 n\u1ed9i khoa ch\u00fang ta hy v\u1ecdng c\u00e1c li\u1ec7u tr\u00ecnh \u0111i\u1ec1u tr\u1ecb \u0111\u01a1n gi\u1ea3n v\u00e0 kh\u00f4ng x\u00e2m l\u1ea5n nh\u01b0ng v\u1eabn c\u00f3 th\u1ec3 lo\u1ea1i b\u1ecf c\u00e1c v\u00f9ng m\u1ee1 c\u1ee9ng \u0111\u1ea7u. Ng\u00e0y \u0111\u00f3 \u0111\u00e3 \u0111\u1ebfn v\u00e0 \u0111\u00f3 ch\u00ednh l\u00e0 ng\u00e0y c\u00f4ng ngh\u1ec7 SculpSure xu\u1ea5t hi\u1ec7n&#8221;. B\u00e1c s\u1ef9 Liew nh\u1eadn x\u00e9t th\u00eam: &#8220;Ng\u00e0y nay b\u1ec7nh nh\u00e2n s\u00e1ng su\u1ed1t h\u01a1n v\u00e0 y\u00eau c\u1ea7u nhi\u1ec1u h\u01a1n n\u00ean ti\u1ebfn tr\u00ecnh \u0111i\u1ec1u tr\u1ecb ph\u1ea3i hi\u1ec7u qu\u1ea3, nhanh ch\u00f3ng v\u00e0 c\u00f3 th\u1ec3 \u0111i\u1ec1u tr\u1ecb nhi\u1ec1u v\u00f9ng kh\u00e1c nhau c\u00f9ng 1 l\u00fac. Ti\u1ebfn tr\u00ecnh \u0111i\u1ec1u tr\u1ecb c\u1ea7n tho\u1ea3i m\u00e1i v\u00e0 kh\u00f4ng m\u1ea5t th\u1eddi gian h\u1ed3i ph\u1ee5c hay ngh\u1ec9 d\u01b0\u1ee1ng sau \u0111i\u1ec1u tr\u1ecb. SculpSure \u0111\u00e1p \u1ee9ng t\u1ea5t c\u1ea3 c\u00e1c y\u00eau c\u1ea7u n\u00e0y&#8221;<\/p>\n","protected":false},"excerpt":{"rendered":"<p>M\u00e1y Gi\u1ea3m b\u00e9o SculpSure l\u00e0 m\u1ed9t b\u01b0\u1edbc \u0111\u1ed9t ph\u00e1 trong c\u00f4ng ngh\u1ec7 gi\u1ea3m m\u1ee1 kh\u00f4ng ph\u1eabu thu\u1eadt v\u00e0 \u0111i\u00eau kh\u1eafc body, k\u00edch th\u00edch c\u01a1 b\u1eafp b\u1eb1ng laser c\u00f4ng su\u1ea5t cao \u0111\u1ea7u ti\u00ean tr\u00ean th\u1ebf gi\u1edbi. B\u1ea1n ch\u1ec9 c\u1ea7n 25 ph\u00fat n\u1eb1m th\u01b0 gi\u00e3n, 4 \u0111\u1ea7u m\u00e1y l\u00e0m n\u00f3ng c\u1ee5c b\u1ed9 v\u1edbi b\u01b0\u1edbc s\u00f3ng 1.060nm s\u1ebd ph\u00e1 h\u1ee7y 1\/4 l\u01b0\u1ee3ng m\u1ee1 th\u1eeba ngay sau 1 l\u1ea7n th\u1ef1c hi\u1ec7n m\u00e0 kh\u00f4ng ph\u1ea3i \u0111\u1ee5ng \u0111\u1ebfn dao k\u00e9o.<\/p>\n","protected":false},"featured_media":16038,"comment_status":"open","ping_status":"closed","template":"","meta":[],"product_cat":[32],"product_tag":[],"yoast_head":"<!-- This site is optimized with the Yoast SEO plugin v21.5 - https:\/\/yoast.com\/wordpress\/plugins\/seo\/ -->\n<title>GI\u1ea2M B\u00c9O SCULPSURE - WONTECH THI\u1ebeT B\u1eca SPA<\/title>\n<meta name=\"robots\" content=\"index, follow, max-snippet:-1, max-image-preview:large, max-video-preview:-1\" \/>\n<link rel=\"canonical\" href=\"https:\/\/wontechthietbispa.com\/index.php\/product\/may-giam-beo-sculpsure\/\" \/>\n<meta property=\"og:locale\" content=\"en_US\" \/>\n<meta property=\"og:type\" content=\"article\" \/>\n<meta property=\"og:title\" content=\"GI\u1ea2M B\u00c9O SCULPSURE - WONTECH THI\u1ebeT B\u1eca SPA\" \/>\n<meta property=\"og:description\" content=\"M\u00e1y Gi\u1ea3m b\u00e9o SculpSure l\u00e0 m\u1ed9t b\u01b0\u1edbc \u0111\u1ed9t ph\u00e1 trong c\u00f4ng ngh\u1ec7 gi\u1ea3m m\u1ee1 kh\u00f4ng ph\u1eabu thu\u1eadt v\u00e0 \u0111i\u00eau kh\u1eafc body, k\u00edch th\u00edch c\u01a1 b\u1eafp b\u1eb1ng laser c\u00f4ng su\u1ea5t cao \u0111\u1ea7u ti\u00ean tr\u00ean th\u1ebf gi\u1edbi. B\u1ea1n ch\u1ec9 c\u1ea7n 25 ph\u00fat n\u1eb1m th\u01b0 gi\u00e3n, 4 \u0111\u1ea7u m\u00e1y l\u00e0m n\u00f3ng c\u1ee5c b\u1ed9 v\u1edbi b\u01b0\u1edbc s\u00f3ng 1.060nm s\u1ebd ph\u00e1 h\u1ee7y 1\/4 l\u01b0\u1ee3ng m\u1ee1 th\u1eeba ngay sau 1 l\u1ea7n th\u1ef1c hi\u1ec7n m\u00e0 kh\u00f4ng ph\u1ea3i \u0111\u1ee5ng \u0111\u1ebfn dao k\u00e9o.\" \/>\n<meta property=\"og:url\" content=\"https:\/\/wontechthietbispa.com\/index.php\/product\/may-giam-beo-sculpsure\/\" \/>\n<meta property=\"og:site_name\" content=\"WONTECH THI\u1ebeT B\u1eca SPA\" \/>\n<meta property=\"article:modified_time\" content=\"2024-08-28T07:21:02+00:00\" \/>\n<meta property=\"og:image\" content=\"http:\/\/wontechthietbispa.com\/wp-content\/uploads\/2023\/11\/Untitled-1-154.png\" \/>\n\t<meta property=\"og:image:width\" content=\"700\" \/>\n\t<meta property=\"og:image:height\" content=\"800\" \/>\n\t<meta property=\"og:image:type\" content=\"image\/png\" \/>\n<meta name=\"twitter:card\" content=\"summary_large_image\" \/>\n<meta name=\"twitter:label1\" content=\"Est. reading time\" \/>\n\t<meta name=\"twitter:data1\" content=\"4 minutes\" \/>\n<script type=\"application\/ld+json\" class=\"yoast-schema-graph\">{\"@context\":\"https:\/\/schema.org\",\"@graph\":[{\"@type\":\"WebPage\",\"@id\":\"https:\/\/wontechthietbispa.com\/index.php\/product\/may-giam-beo-sculpsure\/\",\"url\":\"https:\/\/wontechthietbispa.com\/index.php\/product\/may-giam-beo-sculpsure\/\",\"name\":\"GI\u1ea2M B\u00c9O SCULPSURE - WONTECH THI\u1ebeT B\u1eca SPA\",\"isPartOf\":{\"@id\":\"https:\/\/wontechthietbispa.com\/#website\"},\"datePublished\":\"2023-12-01T09:34:19+00:00\",\"dateModified\":\"2024-08-28T07:21:02+00:00\",\"breadcrumb\":{\"@id\":\"https:\/\/wontechthietbispa.com\/index.php\/product\/may-giam-beo-sculpsure\/#breadcrumb\"},\"inLanguage\":\"en-US\",\"potentialAction\":[{\"@type\":\"ReadAction\",\"target\":[\"https:\/\/wontechthietbispa.com\/index.php\/product\/may-giam-beo-sculpsure\/\"]}]},{\"@type\":\"BreadcrumbList\",\"@id\":\"https:\/\/wontechthietbispa.com\/index.php\/product\/may-giam-beo-sculpsure\/#breadcrumb\",\"itemListElement\":[{\"@type\":\"ListItem\",\"position\":1,\"name\":\"Home\",\"item\":\"https:\/\/wontechthietbispa.com\/\"},{\"@type\":\"ListItem\",\"position\":2,\"name\":\"Shop\",\"item\":\"https:\/\/wontechthietbispa.com\/index.php\/shop\/\"},{\"@type\":\"ListItem\",\"position\":3,\"name\":\"GI\u1ea2M B\u00c9O SCULPSURE\"}]},{\"@type\":\"WebSite\",\"@id\":\"https:\/\/wontechthietbispa.com\/#website\",\"url\":\"https:\/\/wontechthietbispa.com\/\",\"name\":\"WONTECH THI\u1ebeT B\u1eca SPA\",\"description\":\"WONTECH THI\u1ebeT B\u1eca SPA\",\"potentialAction\":[{\"@type\":\"SearchAction\",\"target\":{\"@type\":\"EntryPoint\",\"urlTemplate\":\"https:\/\/wontechthietbispa.com\/?s={search_term_string}\"},\"query-input\":\"required name=search_term_string\"}],\"inLanguage\":\"en-US\"}]}<\/script>\n<!-- \/ Yoast SEO plugin. -->","yoast_head_json":{"title":"GI\u1ea2M B\u00c9O SCULPSURE - WONTECH THI\u1ebeT B\u1eca SPA","robots":{"index":"index","follow":"follow","max-snippet":"max-snippet:-1","max-image-preview":"max-image-preview:large","max-video-preview":"max-video-preview:-1"},"canonical":"https:\/\/wontechthietbispa.com\/index.php\/product\/may-giam-beo-sculpsure\/","og_locale":"en_US","og_type":"article","og_title":"GI\u1ea2M B\u00c9O SCULPSURE - WONTECH THI\u1ebeT B\u1eca SPA","og_description":"M\u00e1y Gi\u1ea3m b\u00e9o SculpSure l\u00e0 m\u1ed9t b\u01b0\u1edbc \u0111\u1ed9t ph\u00e1 trong c\u00f4ng ngh\u1ec7 gi\u1ea3m m\u1ee1 kh\u00f4ng ph\u1eabu thu\u1eadt v\u00e0 \u0111i\u00eau kh\u1eafc body, k\u00edch th\u00edch c\u01a1 b\u1eafp b\u1eb1ng laser c\u00f4ng su\u1ea5t cao \u0111\u1ea7u ti\u00ean tr\u00ean th\u1ebf gi\u1edbi. B\u1ea1n ch\u1ec9 c\u1ea7n 25 ph\u00fat n\u1eb1m th\u01b0 gi\u00e3n, 4 \u0111\u1ea7u m\u00e1y l\u00e0m n\u00f3ng c\u1ee5c b\u1ed9 v\u1edbi b\u01b0\u1edbc s\u00f3ng 1.060nm s\u1ebd ph\u00e1 h\u1ee7y 1\/4 l\u01b0\u1ee3ng m\u1ee1 th\u1eeba ngay sau 1 l\u1ea7n th\u1ef1c hi\u1ec7n m\u00e0 kh\u00f4ng ph\u1ea3i \u0111\u1ee5ng \u0111\u1ebfn dao k\u00e9o.","og_url":"https:\/\/wontechthietbispa.com\/index.php\/product\/may-giam-beo-sculpsure\/","og_site_name":"WONTECH THI\u1ebeT B\u1eca SPA","article_modified_time":"2024-08-28T07:21:02+00:00","og_image":[{"width":700,"height":800,"url":"http:\/\/wontechthietbispa.com\/wp-content\/uploads\/2023\/11\/Untitled-1-154.png","type":"image\/png"}],"twitter_card":"summary_large_image","twitter_misc":{"Est. reading time":"4 minutes"},"schema":{"@context":"https:\/\/schema.org","@graph":[{"@type":"WebPage","@id":"https:\/\/wontechthietbispa.com\/index.php\/product\/may-giam-beo-sculpsure\/","url":"https:\/\/wontechthietbispa.com\/index.php\/product\/may-giam-beo-sculpsure\/","name":"GI\u1ea2M B\u00c9O SCULPSURE - WONTECH THI\u1ebeT B\u1eca SPA","isPartOf":{"@id":"https:\/\/wontechthietbispa.com\/#website"},"datePublished":"2023-12-01T09:34:19+00:00","dateModified":"2024-08-28T07:21:02+00:00","breadcrumb":{"@id":"https:\/\/wontechthietbispa.com\/index.php\/product\/may-giam-beo-sculpsure\/#breadcrumb"},"inLanguage":"en-US","potentialAction":[{"@type":"ReadAction","target":["https:\/\/wontechthietbispa.com\/index.php\/product\/may-giam-beo-sculpsure\/"]}]},{"@type":"BreadcrumbList","@id":"https:\/\/wontechthietbispa.com\/index.php\/product\/may-giam-beo-sculpsure\/#breadcrumb","itemListElement":[{"@type":"ListItem","position":1,"name":"Home","item":"https:\/\/wontechthietbispa.com\/"},{"@type":"ListItem","position":2,"name":"Shop","item":"https:\/\/wontechthietbispa.com\/index.php\/shop\/"},{"@type":"ListItem","position":3,"name":"GI\u1ea2M B\u00c9O SCULPSURE"}]},{"@type":"WebSite","@id":"https:\/\/wontechthietbispa.com\/#website","url":"https:\/\/wontechthietbispa.com\/","name":"WONTECH THI\u1ebeT B\u1eca SPA","description":"WONTECH THI\u1ebeT B\u1eca SPA","potentialAction":[{"@type":"SearchAction","target":{"@type":"EntryPoint","urlTemplate":"https:\/\/wontechthietbispa.com\/?s={search_term_string}"},"query-input":"required name=search_term_string"}],"inLanguage":"en-US"}]}},"jetpack_sharing_enabled":true,"_links":{"self":[{"href":"https:\/\/wontechthietbispa.com\/index.php\/wp-json\/wp\/v2\/product\/16430"}],"collection":[{"href":"https:\/\/wontechthietbispa.com\/index.php\/wp-json\/wp\/v2\/product"}],"about":[{"href":"https:\/\/wontechthietbispa.com\/index.php\/wp-json\/wp\/v2\/types\/product"}],"replies":[{"embeddable":true,"href":"https:\/\/wontechthietbispa.com\/index.php\/wp-json\/wp\/v2\/comments?post=16430"}],"version-history":[{"count":2,"href":"https:\/\/wontechthietbispa.com\/index.php\/wp-json\/wp\/v2\/product\/16430\/revisions"}],"predecessor-version":[{"id":17025,"href":"https:\/\/wontechthietbispa.com\/index.php\/wp-json\/wp\/v2\/product\/16430\/revisions\/17025"}],"wp:featuredmedia":[{"embeddable":true,"href":"https:\/\/wontechthietbispa.com\/index.php\/wp-json\/wp\/v2\/media\/16038"}],"wp:attachment":[{"href":"https:\/\/wontechthietbispa.com\/index.php\/wp-json\/wp\/v2\/media?parent=16430"}],"wp:term":[{"taxonomy":"product_cat","embeddable":true,"href":"https:\/\/wontechthietbispa.com\/index.php\/wp-json\/wp\/v2\/product_cat?post=16430"},{"taxonomy":"product_tag","embeddable":true,"href":"https:\/\/wontechthietbispa.com\/index.php\/wp-json\/wp\/v2\/product_tag?post=16430"}],"curies":[{"name":"wp","href":"https:\/\/api.w.org\/{rel}","templated":true}]}}