{"id":16427,"date":"2023-12-01T16:30:44","date_gmt":"2023-12-01T09:30:44","guid":{"rendered":"https:\/\/wontechthietbispa.com\/?post_type=product&#038;p=16427"},"modified":"2024-08-28T14:20:55","modified_gmt":"2024-08-28T07:20:55","slug":"may-tang-co-giam-beo-emsculpt","status":"publish","type":"product","link":"https:\/\/wontechthietbispa.com\/index.php\/product\/may-tang-co-giam-beo-emsculpt\/","title":{"rendered":"GI\u1ea2M B\u00c9O EMSCULPT"},"content":{"rendered":"<ul>\n<li style=\"font-weight: 400;\" aria-level=\"1\">Emsculpt l\u00e0 c\u00f4ng ngh\u1ec7 t\u0103ng c\u01a1 h\u1ee7y m\u1ee1 \u0111\u00e3 \u0111\u01b0\u1ee3c FDA Hoa K\u1ef3 ki\u1ec3m ch\u1ee9ng an to\u00e0n v\u00e0 hi\u1ec7u qu\u1ea3 cho ng\u01b0\u1eddi th\u1ef1c hi\u1ec7n. Gi\u1edd \u0111\u00e2y, kh\u00e1ch h\u00e0ng c\u1ee7a b\u1ea1n kh\u00f4ng c\u1ea7n ph\u1ea3i t\u1ed1n th\u1eddi gian, c\u00f4ng s\u1ee9c t\u1eadp luy\u1ec7n t\u1ea1i c\u00e1c ph\u00f2ng gym hay t\u1ed1n nhi\u1ec1u chi ph\u00ed v\u00e0o ph\u1eabu thu\u1eadt th\u1ea9m m\u1ef9 m\u00e0 ch\u01b0a ch\u1eafc mang l\u1ea1i hi\u1ec7u qu\u1ea3 t\u1ed1t. Ch\u1ec9 v\u1edbi 30 ph\u00fat cho 1 l\u1ea7n th\u1ef1c hi\u1ec7n li\u1ec7u tr\u00ecnh v\u1edbi\u00a0<strong>M\u00e1y t\u0103ng c\u01a1 gi\u1ea3m b\u00e9o Emsculpt<\/strong>, kh\u00e1ch h\u00e0ng ch\u1ec9 c\u1ea7n th\u1ea3nh th\u01a1i n\u1eb1m th\u01b0 gi\u00e3n tr\u00ean g\u1ed1i v\u00e0 n\u1ec7m \u00eam, nh\u00e2n vi\u00ean spa s\u1ebd \u0111\u1eb7t \u0111\u1ea7u m\u00e1y Emsculpt v\u00e0 c\u1ed1 \u0111\u1ecbnh b\u1eb1ng \u0111ai n\u1ecbt v\u00e0o v\u00f9ng c\u1ea7n tr\u1ecb li\u1ec7u nh\u01b0 b\u1ee5ng ho\u1eb7c m\u00f4ng. Sau \u0111\u00f3, \u0111i\u1ec1u ch\u1ec9nh t\u1ea7n s\u1ed1 s\u00f3ng \u0111i\u1ec7n t\u1eeb ph\u00f9 h\u1ee3p v\u1edbi kh\u1ea3 n\u0103ng ch\u1ecbu \u0111\u1ef1ng c\u1ee7a m\u1ed7i kh\u00e1ch h\u00e0ng.\n<p><em>M\u00e1y t\u0103ng c\u01a1 gi\u1ea3m b\u00e9o Emsculpt<\/em><\/p>\n<p>C\u00e1c thi\u1ebft b\u1ecb gi\u1ea3m b\u00e9o hi\u1ec7n nay h\u1ea7u nh\u01b0 ch\u1ec9 gi\u00fap gi\u1ea3m b\u00e9o m\u00e0 kh\u00f4ng l\u00e0m s\u0103n ch\u1eafc c\u01a1 b\u1eafp\u00a0th\u00ec Emsculpt l\u00e0 gi\u1ea3i ph\u00e1p thay th\u1ebf ho\u00e0n h\u1ea3o.\u00a0<strong>M\u00e1y t\u0103ng c\u01a1 gi\u1ea3m b\u00e9o Emsculpt<\/strong>\u00a0l\u00e0m gi\u1ea3m l\u01b0\u1ee3ng m\u1ee1 th\u1eeba v\u00e0 t\u0103ng l\u01b0\u1ee3ng c\u01a1 b\u1eafp\u00a0mang l\u1ea1i th\u00e2n h\u00ecnh \u0111\u00e1ng m\u01a1 \u01b0\u1edbc cho kh\u00e1ch h\u00e0ng c\u1ee7a b\u1ea1n. \u0110\u00e2y l\u00e0 \u0111i\u1ec1u m\u00e0 nh\u1eefng ng\u01b0\u1eddi t\u1eadp gym th\u01b0\u1eddng xuy\u00ean lu\u00f4n mong mu\u1ed1n m\u00e0 ch\u01b0a ch\u1eafc \u0111\u1ea1t \u0111\u01b0\u1ee3c.<\/p>\n<p>\u01afu \u0111i\u1ec3m v\u01b0\u1ee3t tr\u1ed9i\u00a0<strong>M\u00e1y t\u0103ng c\u01a1 gi\u1ea3m b\u00e9o Emsculpt<\/strong>:<\/p>\n<ul>\n<li>T\u0103ng c\u01a1 v\u00e0 gi\u1ea3m b\u00e9o c\u00f9ng 1 l\u00fac m\u00e0 kh\u00f4ng c\u1ea7n dao k\u00e9o, kh\u00f4ng g\u00e2y t\u1ed5n th\u01b0\u01a1ng tr\u00ean b\u1ec1 m\u1eb7t da, kh\u00f4ng c\u1ea7n t\u1ed1n th\u1eddi gian c\u0169ng nh\u01b0 c\u00f4ng s\u1ee9c t\u1eadp gym m\u1ed7i ng\u00e0y.<\/li>\n<li>Kh\u00f4ng ion h\u00f3a, kh\u00f4ng b\u1ee9c x\u1ea1, kh\u00f4ng \u1ea3nh h\u01b0\u1edfng th\u1ea7n kinh c\u1ea3m gi\u00e1c, n\u00ean an to\u00e0n tuy\u1ec7t \u0111\u1ed1i..<\/li>\n<li>Ch\u1ec9 30 ph\u00fat cho 1 l\u1ea7n th\u1ef1c\u00a0hi\u1ec7n, gi\u00fap\u00a0ti\u1ebft ki\u1ec7m t\u1ed1i \u0111a th\u1eddi gian t\u1eadp luy\u1ec7n.<\/li>\n<li>Gi\u00fap cho c\u00e1c qu\u00fd \u00f4ng t\u1eadp th\u1ec3 h\u00ecnh m\u00e0 ch\u01b0a \u0111\u1ea1t \u0111\u01b0\u1ee3c c\u01a1 6 m\u00fai s\u1ebd \u0111\u01b0\u1ee3c s\u1edf h\u1eefu body s\u0103n ch\u1eafc.<\/li>\n<li>Gi\u00fap cho ph\u1ee5 n\u1eef c\u00f3 v\u00f2ng eo thon g\u1ecdn, kh\u00f4ng m\u1ee1 b\u1ee5ng v\u00e0 b\u1edd m\u00f4ng c\u0103ng tr\u00f2n g\u1ee3i c\u1ea3m, m\u00e0 kh\u00f4ng c\u1ea7n \u0111\u1ee5ng \u0111\u1ebfn dao k\u00e9o ph\u1eabu thu\u1eadt.<\/li>\n<\/ul>\n<p>&nbsp;<\/p>\n<p>Th\u00f4ng s\u1ed1 k\u1ef9 thu\u1eadt\u00a0<strong>M\u00e1y t\u0103ng c\u01a1 gi\u1ea3m b\u00e9o Emsculpt<\/strong>\u00a0:<\/p>\n<ul>\n<li>\u0110i\u1ec7n \u00e1p : 220V 50-60 Hz<\/li>\n<li>C\u01b0\u1eddng \u0111\u1ed9 \u0111\u1ea7u ra : 0-7<\/li>\n<li>C\u00f4ng ngh\u1ec7 \u0111i\u1ec7n t\u1eeb t\u1eadp trung c\u01b0\u1eddng \u0111\u1ed9 cao : HI-EMT<\/li>\n<li>Xung : 300\u00b5s<\/li>\n<li>K\u00edch th\u01b0\u1edbc : 570x510x1350 (mm)<\/li>\n<li>Tr\u1ecdng l\u01b0\u1ee3ng : 35k<\/li>\n<\/ul>\n<\/li>\n<\/ul>\n","protected":false},"excerpt":{"rendered":"<p>M\u00e1y t\u0103ng c\u01a1 gi\u1ea3m b\u00e9o Emsculpt l\u00e0m gi\u1ea3m l\u01b0\u1ee3ng m\u1ee1 th\u1eeba v\u00e0 t\u0103ng l\u01b0\u1ee3ng c\u01a1 b\u1eafp mang l\u1ea1i th\u00e2n h\u00ecnh \u0111\u00e1ng m\u01a1 \u01b0\u1edbc cho kh\u00e1ch h\u00e0ng. \u0110\u1ea7u t\u01b0 v\u00e0o M\u00e1y t\u0103ng c\u01a1 gi\u1ea3m b\u00e9o Emsculpt gi\u00fap Spa c\u1ee7a b\u1ea1n gia t\u0103ng doanh thu nhanh ch\u00f3ng.<\/p>\n","protected":false},"featured_media":16428,"comment_status":"open","ping_status":"closed","template":"","meta":[],"product_cat":[32],"product_tag":[],"yoast_head":"<!-- This site is optimized with the Yoast SEO plugin v21.5 - https:\/\/yoast.com\/wordpress\/plugins\/seo\/ -->\n<title>GI\u1ea2M B\u00c9O EMSCULPT - WONTECH THI\u1ebeT B\u1eca SPA<\/title>\n<meta name=\"robots\" content=\"index, follow, max-snippet:-1, max-image-preview:large, max-video-preview:-1\" \/>\n<link rel=\"canonical\" href=\"https:\/\/wontechthietbispa.com\/index.php\/product\/may-tang-co-giam-beo-emsculpt\/\" \/>\n<meta property=\"og:locale\" content=\"en_US\" \/>\n<meta property=\"og:type\" content=\"article\" \/>\n<meta property=\"og:title\" content=\"GI\u1ea2M B\u00c9O EMSCULPT - WONTECH THI\u1ebeT B\u1eca SPA\" \/>\n<meta property=\"og:description\" content=\"M\u00e1y t\u0103ng c\u01a1 gi\u1ea3m b\u00e9o Emsculpt l\u00e0m gi\u1ea3m l\u01b0\u1ee3ng m\u1ee1 th\u1eeba v\u00e0 t\u0103ng l\u01b0\u1ee3ng c\u01a1 b\u1eafp mang l\u1ea1i th\u00e2n h\u00ecnh \u0111\u00e1ng m\u01a1 \u01b0\u1edbc cho kh\u00e1ch h\u00e0ng. \u0110\u1ea7u t\u01b0 v\u00e0o M\u00e1y t\u0103ng c\u01a1 gi\u1ea3m b\u00e9o Emsculpt gi\u00fap Spa c\u1ee7a b\u1ea1n gia t\u0103ng doanh thu nhanh ch\u00f3ng.\" \/>\n<meta property=\"og:url\" content=\"https:\/\/wontechthietbispa.com\/index.php\/product\/may-tang-co-giam-beo-emsculpt\/\" \/>\n<meta property=\"og:site_name\" content=\"WONTECH THI\u1ebeT B\u1eca SPA\" \/>\n<meta property=\"article:modified_time\" content=\"2024-08-28T07:20:55+00:00\" \/>\n<meta property=\"og:image\" content=\"http:\/\/wontechthietbispa.com\/wp-content\/uploads\/2023\/12\/Untitled-1-4.png\" \/>\n\t<meta property=\"og:image:width\" content=\"700\" \/>\n\t<meta property=\"og:image:height\" content=\"800\" \/>\n\t<meta property=\"og:image:type\" content=\"image\/png\" \/>\n<meta name=\"twitter:card\" content=\"summary_large_image\" \/>\n<meta name=\"twitter:label1\" content=\"Est. reading time\" \/>\n\t<meta name=\"twitter:data1\" content=\"2 minutes\" \/>\n<script type=\"application\/ld+json\" class=\"yoast-schema-graph\">{\"@context\":\"https:\/\/schema.org\",\"@graph\":[{\"@type\":\"WebPage\",\"@id\":\"https:\/\/wontechthietbispa.com\/index.php\/product\/may-tang-co-giam-beo-emsculpt\/\",\"url\":\"https:\/\/wontechthietbispa.com\/index.php\/product\/may-tang-co-giam-beo-emsculpt\/\",\"name\":\"GI\u1ea2M B\u00c9O EMSCULPT - WONTECH THI\u1ebeT B\u1eca SPA\",\"isPartOf\":{\"@id\":\"https:\/\/wontechthietbispa.com\/#website\"},\"datePublished\":\"2023-12-01T09:30:44+00:00\",\"dateModified\":\"2024-08-28T07:20:55+00:00\",\"breadcrumb\":{\"@id\":\"https:\/\/wontechthietbispa.com\/index.php\/product\/may-tang-co-giam-beo-emsculpt\/#breadcrumb\"},\"inLanguage\":\"en-US\",\"potentialAction\":[{\"@type\":\"ReadAction\",\"target\":[\"https:\/\/wontechthietbispa.com\/index.php\/product\/may-tang-co-giam-beo-emsculpt\/\"]}]},{\"@type\":\"BreadcrumbList\",\"@id\":\"https:\/\/wontechthietbispa.com\/index.php\/product\/may-tang-co-giam-beo-emsculpt\/#breadcrumb\",\"itemListElement\":[{\"@type\":\"ListItem\",\"position\":1,\"name\":\"Home\",\"item\":\"https:\/\/wontechthietbispa.com\/\"},{\"@type\":\"ListItem\",\"position\":2,\"name\":\"Shop\",\"item\":\"https:\/\/wontechthietbispa.com\/index.php\/shop\/\"},{\"@type\":\"ListItem\",\"position\":3,\"name\":\"GI\u1ea2M B\u00c9O EMSCULPT\"}]},{\"@type\":\"WebSite\",\"@id\":\"https:\/\/wontechthietbispa.com\/#website\",\"url\":\"https:\/\/wontechthietbispa.com\/\",\"name\":\"WONTECH THI\u1ebeT B\u1eca SPA\",\"description\":\"WONTECH THI\u1ebeT B\u1eca SPA\",\"potentialAction\":[{\"@type\":\"SearchAction\",\"target\":{\"@type\":\"EntryPoint\",\"urlTemplate\":\"https:\/\/wontechthietbispa.com\/?s={search_term_string}\"},\"query-input\":\"required name=search_term_string\"}],\"inLanguage\":\"en-US\"}]}<\/script>\n<!-- \/ Yoast SEO plugin. -->","yoast_head_json":{"title":"GI\u1ea2M B\u00c9O EMSCULPT - WONTECH THI\u1ebeT B\u1eca SPA","robots":{"index":"index","follow":"follow","max-snippet":"max-snippet:-1","max-image-preview":"max-image-preview:large","max-video-preview":"max-video-preview:-1"},"canonical":"https:\/\/wontechthietbispa.com\/index.php\/product\/may-tang-co-giam-beo-emsculpt\/","og_locale":"en_US","og_type":"article","og_title":"GI\u1ea2M B\u00c9O EMSCULPT - WONTECH THI\u1ebeT B\u1eca SPA","og_description":"M\u00e1y t\u0103ng c\u01a1 gi\u1ea3m b\u00e9o Emsculpt l\u00e0m gi\u1ea3m l\u01b0\u1ee3ng m\u1ee1 th\u1eeba v\u00e0 t\u0103ng l\u01b0\u1ee3ng c\u01a1 b\u1eafp mang l\u1ea1i th\u00e2n h\u00ecnh \u0111\u00e1ng m\u01a1 \u01b0\u1edbc cho kh\u00e1ch h\u00e0ng. \u0110\u1ea7u t\u01b0 v\u00e0o M\u00e1y t\u0103ng c\u01a1 gi\u1ea3m b\u00e9o Emsculpt gi\u00fap Spa c\u1ee7a b\u1ea1n gia t\u0103ng doanh thu nhanh ch\u00f3ng.","og_url":"https:\/\/wontechthietbispa.com\/index.php\/product\/may-tang-co-giam-beo-emsculpt\/","og_site_name":"WONTECH THI\u1ebeT B\u1eca SPA","article_modified_time":"2024-08-28T07:20:55+00:00","og_image":[{"width":700,"height":800,"url":"http:\/\/wontechthietbispa.com\/wp-content\/uploads\/2023\/12\/Untitled-1-4.png","type":"image\/png"}],"twitter_card":"summary_large_image","twitter_misc":{"Est. reading time":"2 minutes"},"schema":{"@context":"https:\/\/schema.org","@graph":[{"@type":"WebPage","@id":"https:\/\/wontechthietbispa.com\/index.php\/product\/may-tang-co-giam-beo-emsculpt\/","url":"https:\/\/wontechthietbispa.com\/index.php\/product\/may-tang-co-giam-beo-emsculpt\/","name":"GI\u1ea2M B\u00c9O EMSCULPT - WONTECH THI\u1ebeT B\u1eca SPA","isPartOf":{"@id":"https:\/\/wontechthietbispa.com\/#website"},"datePublished":"2023-12-01T09:30:44+00:00","dateModified":"2024-08-28T07:20:55+00:00","breadcrumb":{"@id":"https:\/\/wontechthietbispa.com\/index.php\/product\/may-tang-co-giam-beo-emsculpt\/#breadcrumb"},"inLanguage":"en-US","potentialAction":[{"@type":"ReadAction","target":["https:\/\/wontechthietbispa.com\/index.php\/product\/may-tang-co-giam-beo-emsculpt\/"]}]},{"@type":"BreadcrumbList","@id":"https:\/\/wontechthietbispa.com\/index.php\/product\/may-tang-co-giam-beo-emsculpt\/#breadcrumb","itemListElement":[{"@type":"ListItem","position":1,"name":"Home","item":"https:\/\/wontechthietbispa.com\/"},{"@type":"ListItem","position":2,"name":"Shop","item":"https:\/\/wontechthietbispa.com\/index.php\/shop\/"},{"@type":"ListItem","position":3,"name":"GI\u1ea2M B\u00c9O EMSCULPT"}]},{"@type":"WebSite","@id":"https:\/\/wontechthietbispa.com\/#website","url":"https:\/\/wontechthietbispa.com\/","name":"WONTECH THI\u1ebeT B\u1eca SPA","description":"WONTECH THI\u1ebeT B\u1eca SPA","potentialAction":[{"@type":"SearchAction","target":{"@type":"EntryPoint","urlTemplate":"https:\/\/wontechthietbispa.com\/?s={search_term_string}"},"query-input":"required name=search_term_string"}],"inLanguage":"en-US"}]}},"jetpack_sharing_enabled":true,"_links":{"self":[{"href":"https:\/\/wontechthietbispa.com\/index.php\/wp-json\/wp\/v2\/product\/16427"}],"collection":[{"href":"https:\/\/wontechthietbispa.com\/index.php\/wp-json\/wp\/v2\/product"}],"about":[{"href":"https:\/\/wontechthietbispa.com\/index.php\/wp-json\/wp\/v2\/types\/product"}],"replies":[{"embeddable":true,"href":"https:\/\/wontechthietbispa.com\/index.php\/wp-json\/wp\/v2\/comments?post=16427"}],"version-history":[{"count":2,"href":"https:\/\/wontechthietbispa.com\/index.php\/wp-json\/wp\/v2\/product\/16427\/revisions"}],"predecessor-version":[{"id":17026,"href":"https:\/\/wontechthietbispa.com\/index.php\/wp-json\/wp\/v2\/product\/16427\/revisions\/17026"}],"wp:featuredmedia":[{"embeddable":true,"href":"https:\/\/wontechthietbispa.com\/index.php\/wp-json\/wp\/v2\/media\/16428"}],"wp:attachment":[{"href":"https:\/\/wontechthietbispa.com\/index.php\/wp-json\/wp\/v2\/media?parent=16427"}],"wp:term":[{"taxonomy":"product_cat","embeddable":true,"href":"https:\/\/wontechthietbispa.com\/index.php\/wp-json\/wp\/v2\/product_cat?post=16427"},{"taxonomy":"product_tag","embeddable":true,"href":"https:\/\/wontechthietbispa.com\/index.php\/wp-json\/wp\/v2\/product_tag?post=16427"}],"curies":[{"name":"wp","href":"https:\/\/api.w.org\/{rel}","templated":true}]}}