{"id":16417,"date":"2023-12-01T16:24:20","date_gmt":"2023-12-01T09:24:20","guid":{"rendered":"https:\/\/wontechthietbispa.com\/?post_type=product&#038;p=16417"},"modified":"2024-08-28T14:20:07","modified_gmt":"2024-08-28T07:20:07","slug":"may-giam-beo-quang-dong-4d","status":"publish","type":"product","link":"https:\/\/wontechthietbispa.com\/index.php\/product\/may-giam-beo-quang-dong-4d\/","title":{"rendered":"GI\u1ea2M B\u00c9O QUANG \u0110\u00d4NG"},"content":{"rendered":"<p>V\u1edbi c\u00f4ng ngh\u1ec7 gi\u1ea3m b\u00e9o QUANG \u0110\u00d4NG 4D kh\u00f4ng g\u00e2y x\u00e2m l\u1ea5n. Ch\u00fang t\u00e1c \u0111\u1ed9ng l\u00ean c\u00e1c t\u1ebf b\u00e0o m\u1ee1 v\u00e0 ph\u00e1 h\u1ee7y t\u1ebf ch\u00fang t\u1eeb t\u1eeb m\u00e0 kh\u00f4ng g\u00e2y \u1ea3nh h\u01b0\u1edfng \u0111\u1ebfn c\u00e1c v\u00f9ng m\u00f4 xung quanh. M\u1ee1 th\u1eeba tr\u00ean c\u01a1 th\u1ec3 \u0111\u01b0\u1ee3c lo\u1ea1i b\u1ecf m\u1ed9t c\u00e1ch nh\u1eb9 nh\u00e0ng v\u00e0 hi\u1ec7u qu\u1ea3.<\/p>\n<p>C\u00f4ng ngh\u1ec7 n\u00e0y ph\u00f9 h\u1ee3p cho m\u1ecdi \u0111\u1ed1i t\u01b0\u1ee3ng, t\u1eeb nh\u1eefng ng\u01b0\u1eddi b\u1ecb b\u00e9o b\u1ee5ng \u0111\u1ebfn b\u00e9o c\u1ee5c b\u1ed9, \u0111\u00e3 \u0103n ki\u00eang v\u00e0 th\u01b0\u1eddng xuy\u00ean t\u1eadp th\u1ec3 d\u1ee5c m\u00e0 v\u1eabn kh\u00f4ng th\u1ec3 l\u00e0m gi\u1ea3m \u0111\u01b0\u1ee3c v\u00f9ng m\u1ee1 th\u1eeba tr\u00ean c\u01a1 th\u1ec3.<\/p>\n<figure id=\"attachment_7097\" class=\"wp-caption aligncenter\" aria-describedby=\"caption-attachment-7097\"><figcaption id=\"caption-attachment-7097\" class=\"wp-caption-text\">Gi\u1edbi thi\u1ec7u s\u01a1 l\u01b0\u1ee3c v\u1ec1 m\u00e1y M\u00e1y QUANG \u0110\u00d4NG 4D<\/figcaption><\/figure>\n<h2 id=\"ftoc-heading-2\" class=\"ftwp-heading\"><b>Nguy\u00ean l\u00fd ho\u1ea1t \u0111\u1ed9ng c\u1ee7a M\u00e1y QUANG \u0110\u00d4NG 4D<\/b><\/h2>\n<p>Nguy\u00ean l\u00fd ho\u1ea1t \u0111\u1ed9ng c\u1ee7a d\u00f2ng\u00a0<b>m\u00e1y gi\u1ea3m b\u00e9o quang \u0111\u00f4ng h\u1ee7y m\u1ee1\u00a0<\/b>n\u00e0y c\u1ee5 th\u1ec3 nh\u01b0 sau:<\/p>\n<ul>\n<li>M\u00e1y QUANG \u0110\u00d4NG 4D h\u1ee7y m\u1ee1 b\u1eb1ng nhi\u1ec7t l\u1ea1nh. Theo nh\u01b0 khoa h\u1ecdc \u0111\u00e3 ch\u1ee9ng minh c\u00e1c t\u1ebf b\u00e0o m\u1ee1 khi ti\u1ebfp x\u00fac v\u1edbi nhi\u1ec7t l\u1ea1nh th\u1ea5p h\u01a1n nhi\u1ec7t \u0111\u1ed9 b\u00ecnh th\u01b0\u1eddng c\u1ee7a c\u01a1 th\u1ec3 th\u00ec ch\u00fang s\u1ebd b\u1ecb ch\u1ebft.<\/li>\n<li>Sau khi x\u00e1c \u0111\u1ecbnh \u0111\u01b0\u1ee3c v\u00f9ng \u0111i\u1ec1u tr\u1ecb, h\u1ec7 th\u1ed1ng l\u00e0m l\u1ea1nh CRYO TECH s\u1ebd t\u00e1c \u0111\u1ed9ng nhi\u1ec7t l\u1ea1nh v\u00e0o ch\u00fang. M\u1ee1 s\u1ebd t\u1ef1 \u0111\u1ed9ng chuy\u1ec3n th\u00e0nh d\u1ea1ng r\u1eafn v\u00e0 k\u00edch ho\u1ea1t m\u1ed9t ti\u1ebfn tr\u00ecnh ph\u00e2n h\u1ee7y m\u1ee1 t\u1ef1 nhi\u00ean. L\u00e0m cho \u0111\u1ed9 d\u00e0y c\u1ee7a m\u1ee1 d\u1ea7n gi\u1ea3m xu\u1ed1ng.<\/li>\n<li>Trong su\u1ed1t qu\u00e1 tr\u00ecnh trao \u0111\u1ed5i ch\u1ea5t, c\u00e1c t\u1ebf b\u00e0o m\u1ee1 trong v\u00f9ng \u0111i\u1ec1u tr\u1ecb s\u1ebd ch\u1ebft \u0111i v\u00e0 \u0111\u00e0o th\u1ea3i ra kh\u1ecfi c\u01a1 th\u1ec3 theo h\u1ec7 th\u1ed1ng b\u1ea1ch huy\u1ebft.<\/li>\n<li>C\u00f4ng ngh\u1ec7 gi\u1ea3m b\u00e9o QUANG \u0110\u00d4NG 4D t\u00e1c \u0111\u1ed9ng l\u00ean v\u00f9ng \u0111i\u1ec1u tr\u1ecb gi\u00fap ph\u00e2n t\u00e1ch m\u00e1u v\u00e0 m\u1ee1. K\u1ebft h\u1ee3p v\u1edbi c\u00f4ng ngh\u1ec7 ph\u1ea3n \u1ee9ng quang h\u1ecdc gi\u00fap gi\u1ea3m thi\u1ec3u \u0111\u01b0\u1ee3c nguy h\u1ea1i cho v\u00f9ng m\u00f4 xung quanh.<\/li>\n<\/ul>\n<figure id=\"attachment_7169\" class=\"wp-caption aligncenter\" aria-describedby=\"caption-attachment-7169\"><figcaption id=\"caption-attachment-7169\" class=\"wp-caption-text\">m\u00e1y gi\u1ea3m b\u00e9o cryo tech quang \u0111\u00f4ng hu\u1ef7 m\u1ee1<\/figcaption><\/figure>\n<h2 id=\"ftoc-heading-3\" class=\"ftwp-heading\"><b>\u01afu \u0111i\u1ec3m c\u1ee7a M\u00e1y Gi\u1ea3m B\u00e9o QUANG \u0110\u00d4NG 4D<\/b><\/h2>\n<p>Kh\u00e1c v\u1edbi c\u00e1c thi\u1ebft b\u1ecb gi\u1ea3m m\u1ee1 th\u00f4ng th\u01b0\u1eddng<b> M\u00e1y Gi\u1ea3m B\u00e9o QUANG \u0110\u00d4NG 4D<\/b>\u00a0s\u1eed d\u1ee5ng nhi\u1ec7t l\u1ea1nh \u0111\u1ec3 \u0111\u00f4ng h\u1ee7y m\u1ee1. Gi\u00fap cho c\u00e1c t\u1ebf b\u00e0o m\u1ee1 \u0111\u01b0\u1ee3c lo\u1ea1i b\u1ecf ho\u00e0n to\u00e0n v\u00e0 l\u01b0\u1ee3ng m\u1ee1 \u0111\u01b0\u1ee3c lo\u1ea1i b\u1ecf l\u00e2u d\u00e0i h\u01a1n. Sau \u0111\u00e2y l\u00e0 m\u1ed9t s\u1ed1 \u01b0u \u0111i\u1ec3m do\u00a0<b>m\u00e1y gi\u1ea3m m\u1ee1<\/b> QUANG \u0110\u00d4NG 4D mang l\u1ea1i.<\/p>\n<ul>\n<li>Kh\u00f4ng s\u1eed d\u1ee5ng kim ti\u00eam, kh\u00f4ng x\u00e2m l\u1ea5n v\u00e0 kh\u00f4ng g\u00e2y t\u1ed5n th\u01b0\u01a1ng cho da, m\u1ea1ch m\u00e1u v\u00e0 d\u00e2y th\u1ea7n kinh.<\/li>\n<li>Sau khi \u0111i\u1ec1u tr\u1ecb kh\u00f4ng c\u1ea7n ngh\u1ec9 d\u01b0\u1ee1ng, kh\u00f4ng \u0111\u1ec3 l\u1ea1i bi\u1ebfn ch\u1ee9ng v\u00e0 l\u1edbp m\u1ee1 s\u1ebd d\u1ea7n ti\u00eau bi\u1ebfn sau 3-4 th\u00e1ng. L\u01b0\u1ee3ng m\u1ee1 th\u1eeba \u0111\u01b0\u1ee3c ph\u00e2n h\u1ee7y kho\u1ea3ng tr\u00ean 25% sau 12 tu\u1ea7n.<\/li>\n<li>Gi\u1ea3m m\u1ee1 theo t\u1eebng v\u00f9ng, kh\u00f4ng \u1ea3nh h\u01b0\u1edfng \u0111\u1ebfn c\u00e1c v\u00f9ng xung quanh.<\/li>\n<li>Hi\u1ec7u qu\u1ea3 \u0111i\u1ec1u tr\u1ecb l\u00e2u d\u00e0i, ng\u0103n ng\u1eeba t\u00ecnh tr\u1ea1ng m\u1ee1 t\u00e1i t\u1ea1o tr\u1edf l\u1ea1i.<\/li>\n<li>\u0110\u1ea1t chu\u1ea9n CE &amp; KFDA.<\/li>\n<li>S\u1eed d\u1ee5ng h\u1ec7 th\u1ed1ng l\u00e0m m\u00e1t b\u1eb1ng kh\u00f4ng kh\u00ed \u0111\u1ec3 h\u1ee7y m\u1ee1 v\u00e0 kh\u00f4ng t\u1ea1o ra ti\u1ebfng \u1ed3n.<\/li>\n<li>Mi\u1ebfng ti\u1ebfp x\u00fac \u0111a d\u1ea1ng v\u1ec1 k\u00edch c\u1ee1 &amp; khu\u00f4n \u0111\u1ecbnh h\u00ecnh.<\/li>\n<li>M\u00e1y s\u1eed d\u1ee5ng mi\u1ebfng d\u00e1n &amp; kem Cryo gi\u00fap cho li\u1ec7u tr\u00ecnh \u0111i\u1ec1u tr\u1ecb an to\u00e0n v\u00e0 hi\u1ec7u qu\u1ea3.<\/li>\n<\/ul>\n<figure id=\"attachment_7172\" class=\"wp-caption aligncenter\" aria-describedby=\"caption-attachment-7172\"><figcaption id=\"caption-attachment-7172\" class=\"wp-caption-text\">m\u00e1y gi\u1ea3m b\u00e9o cryo tech quang \u0111\u00f4ng hu\u1ef7 m\u1ee1<\/figcaption><\/figure>\n<h2 id=\"ftoc-heading-4\" class=\"ftwp-heading\"><b>Th\u00f4ng s\u1ed1 k\u1ef9 thu\u1eadt c\u1ee7a m\u00e1y gi\u1ea3m b\u00e9o QUANG \u0110\u00d4NG 4D h\u1ee7y m\u1ee1<\/b><\/h2>\n<p>\u0110\u1ec3 hi\u1ec3u h\u01a1n v\u1ec1\u00a0<b>m\u00e1y gi\u1ea3m b\u00e9o quang \u0111\u00f4ng h\u1ee7y m\u1ee1<\/b>\u00a0th\u00ec c\u00e1c b\u1ea1n c\u00f3 th\u1ec3 tham kh\u1ea3o qua m\u1ed9t s\u1ed1 th\u00f4ng s\u1ed1 k\u1ef9 thu\u1eadt sau:<\/p>\n<ul>\n<li>N\u0103ng su\u1ea5t ho\u1ea1t \u0111\u1ed9ng: 660W.<\/li>\n<li>C\u00f4ng ngh\u1ec7: Cryolipolysis + LED + ch\u00e2n.<\/li>\n<li>B\u01a1m h\u00fat: 25cub.m\/gi\u1edd.<\/li>\n<li>\u0110\u00e8n h\u1ed3ng ngo\u1ea1i: 20W.<\/li>\n<li>Spectrum \u00e1nh s\u00e1ng: 640nm\u00a0 \u0111\u1ed1i v\u1edbi tia h\u1ed3ng ngo\u1ea1i v\u00e0 690nm \u0111\u1ed1i v\u1edbi \u0111\u00e8n LED.<\/li>\n<li>Tay khoan: Ch\u00e2n kh\u00f4ng (185x80x60mm) + 1 \u00d7 Cryolipolysis.<\/li>\n<li>L\u00e0m m\u00e1t: Li\u00ean t\u1ee5c t\u1eeb -9 \u2103 \u0111\u1ebfn 5 \u2103, li\u00ean t\u1ee5c trong 18 gi\u1edd.<\/li>\n<li>M\u00e0n h\u00ecnh: C\u1ea3m \u1ee9ng 10.4 inch.<\/li>\n<li>\u0110i\u1ec7n n\u0103ng: 100VAC-240VAC, 50\/60Hz.<\/li>\n<li>N\u1eb7ng: 53 kg.<\/li>\n<li>K\u00edch th\u01b0\u1edbc (DxRxC): 48cm * 40cm * 104cm.<\/li>\n<\/ul>\n","protected":false},"excerpt":{"rendered":"<p><b>M\u00e1y Gi\u1ea3m B\u00e9o Quang \u0110\u00f4ng<\/b>\u00a0\u00e1p d\u1ee5ng ph\u01b0\u01a1ng ph\u00e1p \u0111\u00f4ng h\u1ee7y m\u1ee1 b\u1eb1ng nhi\u1ec7t l\u1ea1nh c\u1ee7a thi\u1ebft b\u1ecb CoolSculpting. Thi\u1ebft b\u1ecb n\u00e0y \u0111\u00e3 \u0111\u01b0\u1ee3c C\u1ee5c Qu\u1ea3n l\u00fd Th\u1ef1c \u2013 D\u01b0\u1ee3c ph\u1ea9m c\u1ee7a M\u1ef9 (US FDA) ki\u1ec3m \u0111\u1ecbnh ch\u1ea5t l\u01b0\u1ee3ng.<\/p>\n","protected":false},"featured_media":15953,"comment_status":"open","ping_status":"closed","template":"","meta":[],"product_cat":[32],"product_tag":[],"yoast_head":"<!-- This site is optimized with the Yoast SEO plugin v21.5 - https:\/\/yoast.com\/wordpress\/plugins\/seo\/ -->\n<title>GI\u1ea2M B\u00c9O QUANG \u0110\u00d4NG - WONTECH THI\u1ebeT B\u1eca SPA<\/title>\n<meta name=\"robots\" content=\"index, follow, max-snippet:-1, max-image-preview:large, max-video-preview:-1\" \/>\n<link rel=\"canonical\" href=\"https:\/\/wontechthietbispa.com\/index.php\/product\/may-giam-beo-quang-dong-4d\/\" \/>\n<meta property=\"og:locale\" content=\"en_US\" \/>\n<meta property=\"og:type\" content=\"article\" \/>\n<meta property=\"og:title\" content=\"GI\u1ea2M B\u00c9O QUANG \u0110\u00d4NG - WONTECH THI\u1ebeT B\u1eca SPA\" \/>\n<meta property=\"og:description\" content=\"M\u00e1y Gi\u1ea3m B\u00e9o Quang \u0110\u00f4ng\u00a0\u00e1p d\u1ee5ng ph\u01b0\u01a1ng ph\u00e1p \u0111\u00f4ng h\u1ee7y m\u1ee1 b\u1eb1ng nhi\u1ec7t l\u1ea1nh c\u1ee7a thi\u1ebft b\u1ecb CoolSculpting. Thi\u1ebft b\u1ecb n\u00e0y \u0111\u00e3 \u0111\u01b0\u1ee3c C\u1ee5c Qu\u1ea3n l\u00fd Th\u1ef1c \u2013 D\u01b0\u1ee3c ph\u1ea9m c\u1ee7a M\u1ef9 (US FDA) ki\u1ec3m \u0111\u1ecbnh ch\u1ea5t l\u01b0\u1ee3ng.\" \/>\n<meta property=\"og:url\" content=\"https:\/\/wontechthietbispa.com\/index.php\/product\/may-giam-beo-quang-dong-4d\/\" \/>\n<meta property=\"og:site_name\" content=\"WONTECH THI\u1ebeT B\u1eca SPA\" \/>\n<meta property=\"article:modified_time\" content=\"2024-08-28T07:20:07+00:00\" \/>\n<meta property=\"og:image\" content=\"http:\/\/wontechthietbispa.com\/wp-content\/uploads\/2023\/11\/Untitled-1-69.png\" \/>\n\t<meta property=\"og:image:width\" content=\"700\" \/>\n\t<meta property=\"og:image:height\" content=\"800\" \/>\n\t<meta property=\"og:image:type\" content=\"image\/png\" \/>\n<meta name=\"twitter:card\" content=\"summary_large_image\" \/>\n<meta name=\"twitter:label1\" content=\"Est. reading time\" \/>\n\t<meta name=\"twitter:data1\" content=\"3 minutes\" \/>\n<script type=\"application\/ld+json\" class=\"yoast-schema-graph\">{\"@context\":\"https:\/\/schema.org\",\"@graph\":[{\"@type\":\"WebPage\",\"@id\":\"https:\/\/wontechthietbispa.com\/index.php\/product\/may-giam-beo-quang-dong-4d\/\",\"url\":\"https:\/\/wontechthietbispa.com\/index.php\/product\/may-giam-beo-quang-dong-4d\/\",\"name\":\"GI\u1ea2M B\u00c9O QUANG \u0110\u00d4NG - WONTECH THI\u1ebeT B\u1eca SPA\",\"isPartOf\":{\"@id\":\"https:\/\/wontechthietbispa.com\/#website\"},\"datePublished\":\"2023-12-01T09:24:20+00:00\",\"dateModified\":\"2024-08-28T07:20:07+00:00\",\"breadcrumb\":{\"@id\":\"https:\/\/wontechthietbispa.com\/index.php\/product\/may-giam-beo-quang-dong-4d\/#breadcrumb\"},\"inLanguage\":\"en-US\",\"potentialAction\":[{\"@type\":\"ReadAction\",\"target\":[\"https:\/\/wontechthietbispa.com\/index.php\/product\/may-giam-beo-quang-dong-4d\/\"]}]},{\"@type\":\"BreadcrumbList\",\"@id\":\"https:\/\/wontechthietbispa.com\/index.php\/product\/may-giam-beo-quang-dong-4d\/#breadcrumb\",\"itemListElement\":[{\"@type\":\"ListItem\",\"position\":1,\"name\":\"Home\",\"item\":\"https:\/\/wontechthietbispa.com\/\"},{\"@type\":\"ListItem\",\"position\":2,\"name\":\"Shop\",\"item\":\"https:\/\/wontechthietbispa.com\/index.php\/shop\/\"},{\"@type\":\"ListItem\",\"position\":3,\"name\":\"GI\u1ea2M B\u00c9O QUANG \u0110\u00d4NG\"}]},{\"@type\":\"WebSite\",\"@id\":\"https:\/\/wontechthietbispa.com\/#website\",\"url\":\"https:\/\/wontechthietbispa.com\/\",\"name\":\"WONTECH THI\u1ebeT B\u1eca SPA\",\"description\":\"WONTECH THI\u1ebeT B\u1eca SPA\",\"potentialAction\":[{\"@type\":\"SearchAction\",\"target\":{\"@type\":\"EntryPoint\",\"urlTemplate\":\"https:\/\/wontechthietbispa.com\/?s={search_term_string}\"},\"query-input\":\"required name=search_term_string\"}],\"inLanguage\":\"en-US\"}]}<\/script>\n<!-- \/ Yoast SEO plugin. -->","yoast_head_json":{"title":"GI\u1ea2M B\u00c9O QUANG \u0110\u00d4NG - WONTECH THI\u1ebeT B\u1eca SPA","robots":{"index":"index","follow":"follow","max-snippet":"max-snippet:-1","max-image-preview":"max-image-preview:large","max-video-preview":"max-video-preview:-1"},"canonical":"https:\/\/wontechthietbispa.com\/index.php\/product\/may-giam-beo-quang-dong-4d\/","og_locale":"en_US","og_type":"article","og_title":"GI\u1ea2M B\u00c9O QUANG \u0110\u00d4NG - WONTECH THI\u1ebeT B\u1eca SPA","og_description":"M\u00e1y Gi\u1ea3m B\u00e9o Quang \u0110\u00f4ng\u00a0\u00e1p d\u1ee5ng ph\u01b0\u01a1ng ph\u00e1p \u0111\u00f4ng h\u1ee7y m\u1ee1 b\u1eb1ng nhi\u1ec7t l\u1ea1nh c\u1ee7a thi\u1ebft b\u1ecb CoolSculpting. Thi\u1ebft b\u1ecb n\u00e0y \u0111\u00e3 \u0111\u01b0\u1ee3c C\u1ee5c Qu\u1ea3n l\u00fd Th\u1ef1c \u2013 D\u01b0\u1ee3c ph\u1ea9m c\u1ee7a M\u1ef9 (US FDA) ki\u1ec3m \u0111\u1ecbnh ch\u1ea5t l\u01b0\u1ee3ng.","og_url":"https:\/\/wontechthietbispa.com\/index.php\/product\/may-giam-beo-quang-dong-4d\/","og_site_name":"WONTECH THI\u1ebeT B\u1eca SPA","article_modified_time":"2024-08-28T07:20:07+00:00","og_image":[{"width":700,"height":800,"url":"http:\/\/wontechthietbispa.com\/wp-content\/uploads\/2023\/11\/Untitled-1-69.png","type":"image\/png"}],"twitter_card":"summary_large_image","twitter_misc":{"Est. reading time":"3 minutes"},"schema":{"@context":"https:\/\/schema.org","@graph":[{"@type":"WebPage","@id":"https:\/\/wontechthietbispa.com\/index.php\/product\/may-giam-beo-quang-dong-4d\/","url":"https:\/\/wontechthietbispa.com\/index.php\/product\/may-giam-beo-quang-dong-4d\/","name":"GI\u1ea2M B\u00c9O QUANG \u0110\u00d4NG - WONTECH THI\u1ebeT B\u1eca SPA","isPartOf":{"@id":"https:\/\/wontechthietbispa.com\/#website"},"datePublished":"2023-12-01T09:24:20+00:00","dateModified":"2024-08-28T07:20:07+00:00","breadcrumb":{"@id":"https:\/\/wontechthietbispa.com\/index.php\/product\/may-giam-beo-quang-dong-4d\/#breadcrumb"},"inLanguage":"en-US","potentialAction":[{"@type":"ReadAction","target":["https:\/\/wontechthietbispa.com\/index.php\/product\/may-giam-beo-quang-dong-4d\/"]}]},{"@type":"BreadcrumbList","@id":"https:\/\/wontechthietbispa.com\/index.php\/product\/may-giam-beo-quang-dong-4d\/#breadcrumb","itemListElement":[{"@type":"ListItem","position":1,"name":"Home","item":"https:\/\/wontechthietbispa.com\/"},{"@type":"ListItem","position":2,"name":"Shop","item":"https:\/\/wontechthietbispa.com\/index.php\/shop\/"},{"@type":"ListItem","position":3,"name":"GI\u1ea2M B\u00c9O QUANG \u0110\u00d4NG"}]},{"@type":"WebSite","@id":"https:\/\/wontechthietbispa.com\/#website","url":"https:\/\/wontechthietbispa.com\/","name":"WONTECH THI\u1ebeT B\u1eca SPA","description":"WONTECH THI\u1ebeT B\u1eca SPA","potentialAction":[{"@type":"SearchAction","target":{"@type":"EntryPoint","urlTemplate":"https:\/\/wontechthietbispa.com\/?s={search_term_string}"},"query-input":"required name=search_term_string"}],"inLanguage":"en-US"}]}},"jetpack_sharing_enabled":true,"_links":{"self":[{"href":"https:\/\/wontechthietbispa.com\/index.php\/wp-json\/wp\/v2\/product\/16417"}],"collection":[{"href":"https:\/\/wontechthietbispa.com\/index.php\/wp-json\/wp\/v2\/product"}],"about":[{"href":"https:\/\/wontechthietbispa.com\/index.php\/wp-json\/wp\/v2\/types\/product"}],"replies":[{"embeddable":true,"href":"https:\/\/wontechthietbispa.com\/index.php\/wp-json\/wp\/v2\/comments?post=16417"}],"version-history":[{"count":3,"href":"https:\/\/wontechthietbispa.com\/index.php\/wp-json\/wp\/v2\/product\/16417\/revisions"}],"predecessor-version":[{"id":17032,"href":"https:\/\/wontechthietbispa.com\/index.php\/wp-json\/wp\/v2\/product\/16417\/revisions\/17032"}],"wp:featuredmedia":[{"embeddable":true,"href":"https:\/\/wontechthietbispa.com\/index.php\/wp-json\/wp\/v2\/media\/15953"}],"wp:attachment":[{"href":"https:\/\/wontechthietbispa.com\/index.php\/wp-json\/wp\/v2\/media?parent=16417"}],"wp:term":[{"taxonomy":"product_cat","embeddable":true,"href":"https:\/\/wontechthietbispa.com\/index.php\/wp-json\/wp\/v2\/product_cat?post=16417"},{"taxonomy":"product_tag","embeddable":true,"href":"https:\/\/wontechthietbispa.com\/index.php\/wp-json\/wp\/v2\/product_tag?post=16417"}],"curies":[{"name":"wp","href":"https:\/\/api.w.org\/{rel}","templated":true}]}}