{"id":16300,"date":"2023-12-01T12:30:33","date_gmt":"2023-12-01T05:30:33","guid":{"rendered":"https:\/\/wontechthietbispa.com\/?post_type=product&#038;p=16300"},"modified":"2024-08-28T14:14:20","modified_gmt":"2024-08-28T07:14:20","slug":"may-tre-hoa-am-dao-hifu-2in1","status":"publish","type":"product","link":"https:\/\/wontechthietbispa.com\/index.php\/product\/may-tre-hoa-am-dao-hifu-2in1\/","title":{"rendered":"M\u00c1Y 2IN1 HIFU \u00c2M \u0110\u1ea0O"},"content":{"rendered":"<p><em><strong>M\u00e1y N\u00e2ng C\u01a1 Tr\u1ebb H\u00f3a \u00c2m \u0110\u1ea1o 2In1<\/strong>\u00a0l\u00e0 s\u1ea3n ph\u1ea9m ho\u00e0n to\u00e0n m\u1edbi, c\u00f3 s\u1eed d\u1ee5ng nh\u1eefng c\u00f4ng ngh\u1ec7 hi\u1ec7n \u0111\u1ea1i v\u00e0 vi\u1ec7c n\u00e2ng c\u01a1 t\u1ea1o v\u00f3c d\u00e1ng, t\u1ea1o vline \u0111\u1ed3ng th\u1eddi m\u00e1y c\u0169ng h\u1ed7 tr\u1ee3 nhi\u1ec1u v\u00e0o vi\u1ec7c tr\u1ebb h\u00f3a \u00e2m \u0111\u1ea1o, th\u00edch h\u1ee3p cho spa v\u00e0 th\u1ea9m m\u1ef9. Si\u00eau ph\u1ea9m n\u00e0y hi\u1ec7n \u0111ang \u0111\u01b0\u1ee3c\u00a0c\u00f4ng ty\u00a0Thi\u1ebft b\u1ecb\u00a0 m\u00e1y th\u1ea9m m\u1ef9 Oppamed\u00a0ph\u00e2n ph\u1ed1i v\u00e0 b\u1ea3o h\u00e0nh to\u00e0n qu\u1ed1c.<\/em><\/p>\n<h2><strong>2.C\u1ea5u t\u1ea1o m\u00e1y tr\u1ebb h\u00f3a Hionric 2in1 n\u00e2ng c\u01a1 m\u1eb7t v\u00e0 se kh\u00edt v\u00f9ng k\u00edn.<\/strong><\/h2>\n<p>M\u00e1y Tionric 2in1 n\u00e2ng c\u01a1 m\u1eb7t, tr\u1ebb h\u00f3a \u00e2m \u0111\u1ea1o v\u1edbi 2 ph\u1ea7n t\u00e1ch r\u1eddi: Th\u00e2n m\u00e1y v\u00e0 \u0111\u1ea7u m\u00e1y. C\u00f9ng 2 \u0111\u1ea7u \u0111i\u1ec1u tr\u1ecb:<\/p>\n<ul>\n<li>01 cho v\u00f9ng m\u1eb7t gi\u00fap tr\u1ebb h\u00f3a, n\u00e2ng c\u01a1.<\/li>\n<li>01 cho v\u00f9ng k\u00edn, gi\u00fap se kh\u00edt, tr\u1ebb h\u00f3a \u00e2m \u0111\u1ea1o.<\/li>\n<\/ul>\n<p>M\u00e1y c\u00f2n \u0111\u01b0\u1ee3c trang b\u1ecb 4 \u0111\u1ea7u d\u00f2 kh\u00e1c nhau, trong \u0111\u00f3:<\/p>\n<h3><strong>02 \u0111\u1ea7u d\u00f2 v\u1edbi ch\u1ee9c n\u0103ng l\u00e0m \u0111\u1eb9p da:<\/strong><\/h3>\n<ul>\n<li>\u0110\u1ea7u DS-3.0: T\u00e1c \u0111\u1ed9ng ch\u1ee7 y\u1ebfu t\u1eadp trung v\u00e0o l\u1edbp h\u1ea1 b\u00ec c\u1ee7a m\u00f4 da. Cho ph\u00e9p si\u00eau \u00e2m \u0111\u1ebfn \u0111\u1ed9 s\u00e2u 3.00mm d\u01b0\u1edbi da m\u00e0 kh\u00f4ng h\u1ec1 \u0111au \u0111\u1edbn. Gi\u00fap k\u00edch ho\u1ea1t l\u1edbp collagen c\u1ee7a da, gi\u1ea3m n\u1ebfp nh\u0103n v\u00e0 n\u00e2ng c\u01a1 m\u1eb7t.<\/li>\n<li>\u0110\u1ea7u DS-1.5 t\u1ea7n s\u1ed1 10MHz ch\u1ee7 y\u1ebfu l\u00e0 th\u00e2m nh\u1eadp v\u00e0o l\u1edbp bi\u1ec3u b\u00ec \u1edf kho\u1ea3ng 1.5mm.<\/li>\n<\/ul>\n<h3><strong>02 \u0111\u1ea7u d\u00f2 v\u1edbi ch\u1ee9c n\u0103ng tr\u1ebb h\u00f3a \u00e2m \u0111\u1ea1o:<\/strong><\/h3>\n<p><a href=\"https:\/\/i0.wp.com\/oppamed.com\/wp-content\/uploads\/2021\/07\/co-che-dieu-tri-may-tre-hoa-am-dao-2in1-oppamed.jpg?ssl=1\"><img fetchpriority=\"high\" decoding=\"async\" class=\"alignnone wp-image-12581\" src=\"https:\/\/i0.wp.com\/oppamed.com\/wp-content\/uploads\/2021\/07\/co-che-dieu-tri-may-tre-hoa-am-dao-2in1-oppamed.jpg?resize=551%2C367&#038;ssl=1\" sizes=\"(max-width: 551px) 100vw, 551px\" srcset=\"https:\/\/i0.wp.com\/oppamed.com\/wp-content\/uploads\/2021\/07\/co-che-dieu-tri-may-tre-hoa-am-dao-2in1-oppamed.jpg?resize=551%2C367&#038;ssl=1 600w, https:\/\/oppamed.com\/wp-content\/uploads\/2021\/07\/co-che-dieu-tri-may-tre-hoa-am-dao-2in1-oppamed-300x200.jpg 300w\" alt=\"\" width=\"551\" height=\"367\" data-recalc-dims=\"1\" \/><\/a><\/p>\n<ul>\n<li>\u0110\u1ea7u 4,5 mm: T\u1ea1o n\u0103ng l\u01b0\u1ee3ng si\u00eau \u00e2m t\u1eadp trung t\u00e1c \u0111\u1ed9ng tr\u1ef1c ti\u1ebfp v\u00e0o l\u1edbp SMAS \u1edf 65 \u0111\u1ed9 C. G\u00e2y ra c\u00e1c t\u1ed5n th\u01b0\u01a1ng vi m\u00f4 v\u00e0 \u0111\u00f4ng m\u00e1u. Khi\u1ebfn cho l\u1edbp SMAS (l\u1edbp c\u01a1) th\u1eaft ch\u1eb7t v\u00e0 n\u00e2ng l\u00ean. C\u1ea3i thi\u1ec7n c\u1ea5u tr\u00fac c\u01a1 b\u1eafp t\u1eeb s\u00e2u \u0111\u1ebfn n\u00f4ng, ph\u1ee5c h\u1ed3i \u0111\u1ed9 \u0111\u00e0n h\u1ed3i v\u00e0 th\u1eaft ch\u1eb7t c\u1ee7a \u00e2m \u0111\u1ea1o.<\/li>\n<li>\u0110\u1ea7u 3.0mm: T\u1ea1o n\u0103ng l\u01b0\u1ee3ng v\u00e0 nh\u1eafm m\u1ee5c ti\u00eau v\u00e0o m\u00f4 d\u01b0\u1edbi ni\u00eam m\u1ea1c. Gi\u00fap t\u0103ng t\u1ed1c ho\u1ea1t \u0111\u1ed9ng c\u1ee7a t\u1ebf b\u00e0o v\u00e0 qu\u00e1 tr\u00ecnh t\u00e1i t\u1ea1o collagen, t\u00e1i t\u1ea1o v\u00e0 t\u00e1i c\u1ea5u tr\u00fac. T\u0103ng ho\u1ea1t \u0111\u1ed9ng c\u1ee7a ch\u1ea5t nh\u1ea7y, c\u1ea3i thi\u1ec7n \u0111\u1ed9 \u0111\u00e0n h\u1ed3i v\u00e0 l\u00e0m cho c\u01a1 \u00e2m \u0111\u1ea1o th\u1eaft ch\u1eb7t.<\/li>\n<\/ul>\n<h3><em><strong>C\u00f4ng d\u1ee5ng c\u1ee7a M\u00e1y Tr\u1ebb H\u00f3a \u00c2m \u0110\u1ea1o 2in1<\/strong><\/em><\/h3>\n<h4><em><strong>\u00a0Tr\u1ebb h\u00f3a \u00e2m \u0111\u1ea1o:<\/strong><\/em><\/h4>\n<p>V\u1edbi m\u00e1y tr\u1ebb h\u00f3a 2in1 n\u00e2ng c\u01a1 m\u1eb7t, tr\u1ebb h\u00f3a v\u00f9ng k\u00edn. N\u0103ng l\u01b0\u1ee3ng RF sau khi t\u00f9y ch\u1ec9nh th\u00f4ng s\u1ed1 ph\u00f9 h\u1ee3p s\u1ebd \u0111\u01b0\u1ee3c \u0111\u01b0a v\u00e0o v\u00f9ng \u00e2m \u0111\u1ea1o, t\u1ebfp x\u00fac v\u1edbi khu v\u1ef1c b\u00ean ngo\u00e0i v\u00e0 c\u00e1c m\u00f4 ni\u00eam m\u1ea1c b\u1eb1ng ph\u01b0\u01a1ng ph\u00e1p kh\u00f4ng b\u00e0o m\u00f2n. Do \u0111\u00f3 vi\u1ec7c thu nh\u1ecf \u00e2m \u0111\u1ea1o di\u1ec5n ra nhanh ch\u00f3ng, an to\u00e0n v\u00e0 c\u1ef1c k\u1ef3 hi\u1ec7u qu\u1ea3.<\/p>\n<ul>\n<li>S\u00f3ng RF sinh nhi\u1ec7t t\u1eeb 42- 45 \u0111\u1ed9 C gi\u00fap t\u0103ng nhi\u1ec7t n\u0103ng b\u00ean trong v\u00e0 tr\u00ean v\u00f9ng \u00e2m \u0111\u1ea1o. Gi\u00fap c\u1ea3i thi\u1ec7n \u0111\u00e1ng k\u1ec3 vi\u1ec7c l\u01b0u th\u00f4ng m\u00e1u v\u00e0 t\u00e1i t\u1ea1o collagen, th\u1eb7t ch\u1eb7t c\u00e1c b\u00f3 c\u01a1 th\u00e0nh \u00e2m \u0111\u1ea1o.<\/li>\n<li>Kh\u00e1c v\u1edbi vi\u1ec7c tr\u1ebb h\u00f3a v\u00f9ng k\u00edn b\u1eb1ng laser hay c\u00e1c c\u00f4ng ngh\u1ec7 x\u00e2m l\u1ea5n kh\u00e1c. C\u00f4ng ngh\u1ec7 RF \u1ee9ng d\u1ee5ng trong m\u00e1y Tironic 2in1 l\u00e0 c\u00f4ng ngh\u1ec7 kh\u00f4ng x\u00e2m l\u1ea5n, kh\u00f4ng g\u00e2y \u0111au \u0111\u1edbn v\u00e0 ho\u00e0n to\u00e0n an to\u00e0n v\u1edbi v\u00f9ng \u201cti\u1ec3u eva\u201d khi \u0111i\u1ec1u tr\u1ecb. D\u01b0\u1edbi t\u00e1c \u0111\u1ed9ng nhi\u1ec7t c\u1ee7a s\u00f3ng RF s\u1ebd k\u00edch th\u00edch t\u00e1i t\u1ea1o collagen t\u1ef1 nhi\u00ean. L\u00e0m \u0111\u1ea7y c\u00e1c m\u00f4i \u00e2m h\u1ed9 v\u00e0 l\u00e0m s\u0103n da m\u00f4i \u00e2m h\u1ed9.<\/li>\n<\/ul>\n<p>Nhi\u1ec7t s\u00f3ng RF c\u0169ng s\u1ebd t\u00e1c \u0111\u1ed9ng t\u1edbi c\u00e1c l\u1edbp c\u01a1 v\u00f2ng \u00e2m \u0111\u1ea1o b\u00ean trong. L\u00e0m co cu\u1ed9n v\u00e0 s\u1eafp x\u1ebfp l\u1ea1i c\u00e1c b\u00f3 c\u01a1 c\u1ee7a th\u00e0nh \u00e2m \u0111\u1ea1o. K\u00edch th\u00edch s\u1ea3n sinh collagen m\u1edbi, co th\u1eaft b\u00f3 c\u01a1, \u0111\u1ed3ng th\u1eddi b\u00f3c t\u00e1ch vi \u0111i\u1ec3m ni\u00eam m\u1ea1c \u00e2m \u0111\u1ea1o. Nh\u1edd v\u1eady m\u00e0 c\u00e1c mao m\u1ea1ch m\u1edbi \u0111\u01b0\u1ee3c t\u0103ng sinh, cung c\u1ea5p m\u00e1u cho v\u00f9ng \u00e2m \u0111\u1ea1o.<\/p>\n<h4><em><strong>Tr\u1ebb h\u00f3a, n\u00e2ng c\u01a1 m\u1eb7t:<\/strong><\/em><\/h4>\n<p><em>C\u01a1 ch\u1ebf\u00a0n\u00e2ng c\u01a1 m\u1eb7t\u00a0c\u1ee7a s\u00f3ng RF<\/em><\/p>\n<ul>\n<li>V\u1edbi da m\u1eb7t, s\u00f3ng RF c\u00f3 th\u1ec3 v\u1eeba h\u00fat v\u1eeba \u0111\u1ea9y c\u00e1c ion (+) v\u00e0 ion (-) t\u1eeb ngu\u1ed3n khi\u1ebfn cho c\u00e1c ph\u00e2n t\u1eed c\u1ee7a m\u00f4 di chuy\u1ec3n v\u1edbi s\u1ef1 va ch\u1ea1m gi\u1eefa c\u00e1c ion sinh ra nhi\u1ec7t \u0111\u1ed3ng nh\u1ea5t, l\u00e0m n\u00f3ng d\u1ea7n v\u00f9ng m\u00f4 \u0111i\u1ec1u tr\u1ecb. D\u01b0\u1edbi t\u00e1c \u0111\u1ed9ng c\u1ee7a c\u00f4ng ngh\u1ec7 RF, nhi\u1ec7t \u0111\u1ed9 tr\u00ean b\u1ec1 m\u1eb7t da c\u00f3 th\u1ec3 \u0111\u1ea1t l\u00ean \u0111\u1ebfn kho\u1ea3ng t\u1ed1i thi\u1ec3u 40 \u0111\u1ed9 C v\u00e0 t\u1ed1i \u0111a kh\u00f4ng qu\u00e1 44 \u0111\u1ed9 C. Trong khi nhi\u1ec7t \u0111\u1ed9 \u1edf l\u1edbp m\u1ee1 b\u00ean d\u01b0\u1edbi da c\u00f3 th\u1ec3 l\u00ean \u0111\u1ebfn kho\u1ea3ng 65 \u0111\u1ed9 C. Qu\u00e1 tr\u00ecnh \u201cl\u00e0m n\u00f3ng\u201d n\u00e0y duy tr\u00ec trong v\u00f2ng 1- 2 ph\u00fat, tuy\u1ec7t \u0111\u1ed1i an to\u00e0n cho da.<\/li>\n<li>Nhi\u1ec7t \u0111\u1ed9 t\u0103ng cao trong l\u1edbp s\u00e2u c\u1ee7a da s\u1ebd gi\u00fap c\u00e1c s\u1ee3i collagen t\u0103ng ph\u00e1t tri\u1ec3n. \u0110\u1ed3ng th\u1eddi c\u00e1c t\u1ebf b\u00e0o sinh s\u1ee3i c\u0169ng \u0111\u01b0\u1ee3c k\u00edch th\u00edch m\u1ea1nh m\u1ebd \u0111\u1ec3 s\u1ea3n sinh ra nhi\u1ec1u h\u01a1n nh\u1eefng s\u1ee3i collagen m\u1edbi. K\u1ebft qu\u1ea3 l\u00e0 l\u00e0m t\u0103ng \u0111\u00e1ng k\u1ec3 b\u1ec1 d\u00e0y c\u1ee7a l\u1edbp trung b\u00ec v\u00e0 l\u00e0m cho da \u0111\u00e0n h\u1ed3i, ng\u00e0y c\u00e0ng s\u0103n ch\u1eafc h\u01a1n n\u1eefa trong nhi\u1ec1u tu\u1ea7n ti\u1ebfp theo cho \u0111\u1ebfn 6 th\u00e1ng. V\u00ec v\u1eady m\u00e0 c\u00f4ng ngh\u1ec7 RF gi\u00fap l\u00e0m \u0111\u1ea7y, c\u0103ng da v\u00e0 duy tr\u00ec k\u1ebft qu\u1ea3 \u0111i\u1ec1u tr\u1ecb tr\u1ebb ho\u00e1 da t\u1eeb 3- 6 th\u00e1ng sau khi k\u1ebft th\u00fac \u0111i\u1ec1u tr\u1ecb.<\/li>\n<\/ul>\n<p>T\u00e1c d\u1ee5ng sinh nhi\u1ec7t c\u00f2n gi\u00fap ph\u00e1 v\u1ee1 m\u00e0ng t\u1ebf b\u00e0o m\u1ee1. Gi\u1ea3i ph\u00f3ng c\u00e1c acid b\u00e9o \u0111\u1ec3 c\u01a1 th\u1ec3 s\u1eed d\u1ee5ng cho vi\u1ec7c t\u1ea1o n\u0103ng l\u01b0\u1ee3ng c\u00f3 \u00edch. K\u00edch c\u0169ng k\u00edch th\u00edch t\u0103ng m\u1ea1nh vi tu\u1ea7n ho\u00e0n m\u00e1u, d\u1eabn l\u01b0u b\u1ea1ch huy\u1ebft t\u1ed1t h\u01a1n. L\u00e0n da c\u0169ng c\u00e0ng \u0111\u01b0\u1ee3c nu\u00f4i d\u01b0\u1ee1ng t\u1ed1t v\u00e0 t\u0103ng gi\u1ea3i \u0111\u1ed9c. \u0110em l\u1ea1i s\u1ef1 kho\u1ebb m\u1ea1nh v\u00e0 s\u0103n ch\u1eafc da c\u00e0ng l\u00e2u b\u1ec1n.<\/p>\n<h3><em><strong>\u01afu \u0111i\u1ec3m c\u1ee7a m\u00e1y Tr\u1ebb H\u00f3a \u00c2m \u0110\u1ea1o 2in1<\/strong><\/em><\/h3>\n<ul>\n<li>Kh\u1ea3 n\u0103ng ph\u00e1t x\u1ea1 v\u00e0 \u0111\u1ea7u \u0111i\u1ec1u tr\u1ecb c\u00f3 th\u1ec3 xoay 360 \u0111\u1ed9. Gi\u00fap ch\u0103m s\u00f3c to\u00e0n di\u1ec7n cho \u00e2m \u0111\u1ea1o.<\/li>\n<li>H\u1ec7 th\u1ed1ng \u0111i\u1ec1u ch\u1ec9nh \u0111\u1ed9 s\u00e2u ch\u00ednh x\u00e1c, gi\u00fap t\u00e1c \u0111\u1ed9ng \u0111\u1ebfn v\u00f9ng \u0111\u00edch mong mu\u1ed1n.<\/li>\n<li>\u0110i\u1ec1u tr\u1ecb kh\u00f4ng x\u00e2m l\u1ea5n, kh\u00f4ng c\u00f3 th\u1eddi gian ch\u1ebft, kh\u00f4ng c\u1ea7n ngh\u1ec9 d\u01b0\u1ee1ng. C\u00f3 th\u1ec3 sinh ho\u1ea1t v\u1ee3 ch\u1ed3ng b\u00ecnh th\u01b0\u1eddng ch\u1ec9 sau 7 ng\u00e0y sau khi \u0111i\u1ec1u tr\u1ecb.<\/li>\n<li>H\u1ec7 th\u1ed1ng Hifu si\u00eau \u00e2m t\u1ea1o t\u00e1c d\u1ee5ng nhi\u1ec7t \u0111\u1ed1i v\u1edbi t\u1ea7ng collagen da v\u00e0 s\u1ee3i collagen. \u0110\u1ed3ng th\u1eddi c\u0169ng k\u00edch th\u00edch nhi\u1ec7t tr\u00ean l\u1edbp m\u1ee1 v\u00e0 SMAS.<\/li>\n<li>V\u1eadn h\u00e0nh d\u1ec5 d\u00e0ng, ti\u1ec7n cho qu\u00e1 tr\u00ecnh \u0111i\u1ec1u tr\u1ecb. Kh\u00f4ng y\u00eau c\u1ea7u v\u1eadt ph\u1ea9m ti\u00eau hao, gi\u00fap ti\u1ebft ki\u1ec7m \u0111\u00e1ng k\u1ec3 chi ph\u00ed \u0111i\u1ec1u tr\u1ecb<\/li>\n<\/ul>\n<h3><em><b>L\u1ee3i \u00edch c\u1ee7a m\u00e1y\u00a0<\/b><\/em><\/h3>\n<ul>\n<li>\n<h4><em>Th\u1eddi gian \u0111i\u1ec1u tr\u1ecb nhanh<\/em><\/h4>\n<\/li>\n<\/ul>\n<p>Th\u1eddi gian \u0111i\u1ec1u tr\u1ecb nhanh ch\u00f3ng ch\u1ec9 m\u1ea5t kho\u1ea3ng 20- 30 ph\u00fat th\u1ef1c hi\u1ec7n. Kh\u00f4ng may v\u00e1, kh\u00f4ng c\u1ea7n ph\u1ea3i ph\u1eabu thu\u1eadt v\u00e0 tuy\u1ec7t \u0111\u1ed1i kh\u00f4ng \u0111au.<\/p>\n<p>Kh\u1ea3 n\u0103ng ph\u1ee5c h\u1ed3i nhanh ch\u00f3ng, c\u00f3 th\u1ec3 sinh ho\u1ea1t \u0111\u1eddi s\u1ed1ng v\u1ee3 ch\u1ed3ng b\u00ecnh th\u01b0\u1eddng tr\u1edf l\u1ea1i ch\u1ec9 sau kho\u1ea3ng t\u1eeb 7-10 ng\u00e0y t\u00f9y thu\u1ed9c v\u00e0o c\u01a1 \u0111\u1ecba c\u1ee7a t\u1eebng ng\u01b0\u1eddi.<\/p>\n<ul>\n<li>\n<h4><em>C\u00f4ng ngh\u1ec7 ti\u00ean ti\u1ebfn<\/em><\/h4>\n<\/li>\n<\/ul>\n<p>S\u1eed d\u1ee5ng c\u00f4ng ngh\u1ec7 s\u00f3ng si\u00eau \u00e2m Hifu h\u1ed9i t\u1ee5 kh\u00f4ng g\u00e2y t\u00ea hay g\u00e2y m\u00ea, kh\u00f4ng g\u00e2y ch\u1ea3y m\u00e1u, kh\u00f4ng g\u00e2y \u0111au v\u00e0 ng\u0103n ch\u1eb7n m\u1ecdi lo\u1ea1i vi khu\u1ea9n c\u00f3 th\u1ec3 x\u00e2m chi\u1ebfm.<\/p>\n<p>S\u1eed d\u1ee5ng ph\u01b0\u01a1ng ph\u00e1p hi\u1ec7u \u1ee9ng s\u00f3ng nhi\u1ec7t c\u01a1 kh\u00ed gi\u00fap c\u00e2n m\u1ea1c v\u00e0 thu nh\u1ecf nh\u1eefng l\u1edbp s\u1ee3i.<\/p>\n<ul>\n<li><em>S\u0103n ch\u1eafc \u00e2m \u0111\u1ea1o, tr\u1eafng s\u00e1ng \u00e2m \u0111\u1ea1o<\/em><\/li>\n<\/ul>\n<p><strong>M\u00e1y Hibonic \u2013 Tr\u1ebb h\u00f3a \u00e2m \u0111\u1ea1o\u00a0<\/strong>c\u00f3 kh\u1ea3 n\u0103ng s\u1ea3n sinh elastin v\u00e0 collagen gi\u00fap th\u00e0nh \u00e2m \u0111\u1ea1o tr\u1edf n\u00ean \u0111\u00e0n h\u1ed3i v\u00e0 s\u0103n ch\u1eafc h\u01a1n.<\/p>\n<p>Ph\u1ea7n tia laser chi\u1ebfu v\u00e0o \u00e2m \u0111\u1ea1o c\u00f3 t\u00e1c d\u1ee5ng lo\u1ea1i b\u1ecf c\u00e1c l\u1edbp ni\u00eam m\u1ea1c c\u0169, t\u00e1i t\u1ea1o l\u1edbp ni\u00eam m\u1ea1c m\u1edbi tr\u1edf n\u00ean m\u1ec1m m\u1ea1i v\u00e0 nh\u1ea1y c\u1ea3m h\u01a1n.<\/p>\n<ul>\n<li><em>An to\u00e0n v\u00e0 hi\u1ec7u qu\u1ea3, ti\u1ebft ki\u1ec7m<\/em><\/li>\n<\/ul>\n<p>Ph\u01b0\u01a1ng ph\u00e1p th\u1ef1c hi\u1ec7n r\u1ea5t an to\u00e0n kh\u00f4ng c\u1ea7n ph\u1eabu thu\u1eadt gi\u00fap ti\u1ebft ki\u1ec7m chi ph\u00ed. H\u01a1n n\u1eefa, v\u1edbi ph\u01b0\u01a1ng ph\u00e1p n\u00e0y s\u1ebd kh\u00f4ng \u1ea3nh h\u01b0\u1edfng \u0111\u1ebfn s\u1ee9c kh\u1ecfe \u0111em l\u1ea1i hi\u1ec7u qu\u1ea3 r\u00f5 r\u1ec7t ch\u1ec9 sau 1 l\u1ea7n v\u00e0 kh\u00f4ng \u0111\u1ec3 l\u1ea1i nh\u1eefng bi\u1ebfn ch\u1ee9ng nguy hi\u1ec3m.<\/p>\n<h3><em><strong>\u1ee8ng d\u1ee5ng \u0111i\u1ec1u tr\u1ecb<\/strong><\/em><\/h3>\n<ul>\n<li>Thu nh\u1ecf \u00e2m \u0111\u1ea1o khi b\u1ecb gi\u00e3n r\u1ed9ng do l\u00e3o h\u00f3a, b\u1ea9m sinh hay sinh n\u1edf nhi\u1ec1u g\u00e2y ra.<\/li>\n<li>T\u0103ng kh\u1ea3 n\u0103ng \u0111\u00e0n h\u1ed3i, co th\u1eaft c\u1ee7a \u1ed1ng \u00e2m \u0111\u1ea1o.<\/li>\n<li>T\u0103ng s\u1ef1 s\u0103n ch\u1eafc c\u01a1, t\u1ea1o kh\u0103ng kh\u00edt v\u00f9ng \u00e2m \u0111\u1ea1o.<\/li>\n<li>\u0110i\u1ec1u ch\u1ec9nh \u1ed1ng \u00e2m \u0111\u1ea1o khi \u1ed1ng b\u1ecb sai l\u1ec7ch c\u1ea5u tr\u00fac do sa t\u1eed cung ho\u1eb7c sau giai \u0111o\u1ea1n sinh n\u1edf.<\/li>\n<li>Gi\u1ea3m n\u1ebfp nh\u0103n, kh\u00f4 h\u1ea1n, t\u0103ng \u0111\u1ed9 nh\u1eddn cho v\u00f9ng \u00e2m \u0111\u1ea1o, gi\u00fap l\u00e0m h\u1ed3ng v\u00f9ng k\u00edn.<\/li>\n<li>\u0110i\u1ec1u tr\u1ecb ch\u1ee9ng sa b\u00e0ng quang.<\/li>\n<li>\u0110i\u1ec1u tr\u1ecb c\u00e1c b\u1ec7nh v\u1ec1 vi\u00eam nhi\u1ec5m, t\u1ed5n th\u01b0\u01a1ng \u00e2m \u0111\u1ea1o do ch\u1ea5n th\u01b0\u01a1ng, tai n\u1ea1n.<\/li>\n<li>L\u00e0m h\u1ed3ng m\u00f4i l\u1edbn, m\u00f4i b\u00e9, t\u0103ng t\u00ednh th\u1ea9m m\u1ef9.<\/li>\n<li>Gi\u1ea3m m\u1ee1, n\u00e2ng c\u01a1 m\u1eb7t, tr\u1ebb h\u00f3a da, l\u00e0m c\u0103ng m\u1ecbn da.<\/li>\n<\/ul>\n<h3><em><strong>Th\u00f4ng s\u1ed1 k\u0129 thu\u1eadt<\/strong><\/em><\/h3>\n<table>\n<tbody>\n<tr>\n<td>T\u00ean s\u1ea3n ph\u1ea9m:<\/td>\n<td>M\u00e1y tr\u1ebb ho\u00e1 \u00e2m \u0111\u1ea1o 2in1<\/td>\n<\/tr>\n<tr>\n<td>M\u00e0n h\u00ecnh<\/td>\n<td>15 inchs<\/td>\n<\/tr>\n<tr>\n<td>T\u1ea7n s\u1ed1<\/td>\n<td>4Mhz, 7 MHz, 10Mhz.<\/td>\n<\/tr>\n<tr>\n<td>\u0110\u1ea7u d\u00f2<\/td>\n<td>DS10-1.5, DS4-3.0, DS4- 4.5 , DS4-8.0, DS4-13.0.<\/td>\n<\/tr>\n<tr>\n<td>K\u00edch th\u01b0\u1edbc \u0111i\u1ec3m<\/td>\n<td>5-25 mm<\/td>\n<\/tr>\n<tr>\n<td>Ngu\u1ed3n \u0111i\u1ec7n \u0111\u1ea7u v\u00e0o<\/td>\n<td>AC 110 V ~ 220v ~ 50Hz \/ 60Hz.<\/td>\n<\/tr>\n<tr>\n<td>K\u00edch th\u01b0\u1edbc<\/td>\n<td>69 x 64 x 34 (cm).<\/td>\n<\/tr>\n<tr>\n<td>Tr\u1ecdng l\u01b0\u1ee3ng<\/td>\n<td>20kg.<\/td>\n<\/tr>\n<\/tbody>\n<\/table>\n","protected":false},"excerpt":{"rendered":"<p><strong>M\u00e1y tr\u1ebb h\u00f3a \u00e2m \u0111\u1ea1o Hibonic<\/strong> s\u1eed d\u1ee5ng s\u00f3ng si\u00eau \u00e2m h\u1ed9i t\u1ee5 c\u01b0\u1eddng \u0111\u1ed9 cao th\u00fac \u0111\u1ea9y qu\u00e1 tr\u00ecnh k\u00edch th\u00edch s\u1ea3n sinh ra collagen l\u00e0m s\u0103n ch\u1eafc 2 b\u00ean th\u00e0nh \u00e2m \u0111\u1ea1o, \u00a0gi\u00fap ch\u1ecb e c\u00f3 c\u1ea3m gi\u00e1c t\u1ef1 tin trong \u0111\u1eddi s\u1ed1ng v\u1ee3 ch\u1ed3ng.<\/p>\n","protected":false},"featured_media":15983,"comment_status":"open","ping_status":"closed","template":"","meta":[],"product_cat":[29],"product_tag":[],"yoast_head":"<!-- This site is optimized with the Yoast SEO plugin v21.5 - https:\/\/yoast.com\/wordpress\/plugins\/seo\/ -->\n<title>M\u00c1Y 2IN1 HIFU \u00c2M \u0110\u1ea0O - WONTECH THI\u1ebeT B\u1eca SPA<\/title>\n<meta name=\"robots\" content=\"index, follow, max-snippet:-1, max-image-preview:large, max-video-preview:-1\" \/>\n<link rel=\"canonical\" href=\"https:\/\/wontechthietbispa.com\/index.php\/product\/may-tre-hoa-am-dao-hifu-2in1\/\" \/>\n<meta property=\"og:locale\" content=\"en_US\" \/>\n<meta property=\"og:type\" content=\"article\" \/>\n<meta property=\"og:title\" content=\"M\u00c1Y 2IN1 HIFU \u00c2M \u0110\u1ea0O - WONTECH THI\u1ebeT B\u1eca SPA\" \/>\n<meta property=\"og:description\" content=\"M\u00e1y tr\u1ebb h\u00f3a \u00e2m \u0111\u1ea1o Hibonic s\u1eed d\u1ee5ng s\u00f3ng si\u00eau \u00e2m h\u1ed9i t\u1ee5 c\u01b0\u1eddng \u0111\u1ed9 cao th\u00fac \u0111\u1ea9y qu\u00e1 tr\u00ecnh k\u00edch th\u00edch s\u1ea3n sinh ra collagen l\u00e0m s\u0103n ch\u1eafc 2 b\u00ean th\u00e0nh \u00e2m \u0111\u1ea1o, \u00a0gi\u00fap ch\u1ecb e c\u00f3 c\u1ea3m gi\u00e1c t\u1ef1 tin trong \u0111\u1eddi s\u1ed1ng v\u1ee3 ch\u1ed3ng.\" \/>\n<meta property=\"og:url\" content=\"https:\/\/wontechthietbispa.com\/index.php\/product\/may-tre-hoa-am-dao-hifu-2in1\/\" \/>\n<meta property=\"og:site_name\" content=\"WONTECH THI\u1ebeT B\u1eca SPA\" \/>\n<meta property=\"article:modified_time\" content=\"2024-08-28T07:14:20+00:00\" \/>\n<meta property=\"og:image\" content=\"http:\/\/wontechthietbispa.com\/wp-content\/uploads\/2023\/11\/Untitled-1-99.png\" \/>\n\t<meta property=\"og:image:width\" content=\"700\" \/>\n\t<meta property=\"og:image:height\" content=\"800\" \/>\n\t<meta property=\"og:image:type\" content=\"image\/png\" \/>\n<meta name=\"twitter:card\" content=\"summary_large_image\" \/>\n<meta name=\"twitter:label1\" content=\"Est. reading time\" \/>\n\t<meta name=\"twitter:data1\" content=\"7 minutes\" \/>\n<script type=\"application\/ld+json\" class=\"yoast-schema-graph\">{\"@context\":\"https:\/\/schema.org\",\"@graph\":[{\"@type\":\"WebPage\",\"@id\":\"https:\/\/wontechthietbispa.com\/index.php\/product\/may-tre-hoa-am-dao-hifu-2in1\/\",\"url\":\"https:\/\/wontechthietbispa.com\/index.php\/product\/may-tre-hoa-am-dao-hifu-2in1\/\",\"name\":\"M\u00c1Y 2IN1 HIFU \u00c2M \u0110\u1ea0O - WONTECH THI\u1ebeT B\u1eca SPA\",\"isPartOf\":{\"@id\":\"https:\/\/wontechthietbispa.com\/#website\"},\"datePublished\":\"2023-12-01T05:30:33+00:00\",\"dateModified\":\"2024-08-28T07:14:20+00:00\",\"breadcrumb\":{\"@id\":\"https:\/\/wontechthietbispa.com\/index.php\/product\/may-tre-hoa-am-dao-hifu-2in1\/#breadcrumb\"},\"inLanguage\":\"en-US\",\"potentialAction\":[{\"@type\":\"ReadAction\",\"target\":[\"https:\/\/wontechthietbispa.com\/index.php\/product\/may-tre-hoa-am-dao-hifu-2in1\/\"]}]},{\"@type\":\"BreadcrumbList\",\"@id\":\"https:\/\/wontechthietbispa.com\/index.php\/product\/may-tre-hoa-am-dao-hifu-2in1\/#breadcrumb\",\"itemListElement\":[{\"@type\":\"ListItem\",\"position\":1,\"name\":\"Home\",\"item\":\"https:\/\/wontechthietbispa.com\/\"},{\"@type\":\"ListItem\",\"position\":2,\"name\":\"Shop\",\"item\":\"https:\/\/wontechthietbispa.com\/index.php\/shop\/\"},{\"@type\":\"ListItem\",\"position\":3,\"name\":\"M\u00c1Y 2IN1 HIFU \u00c2M \u0110\u1ea0O\"}]},{\"@type\":\"WebSite\",\"@id\":\"https:\/\/wontechthietbispa.com\/#website\",\"url\":\"https:\/\/wontechthietbispa.com\/\",\"name\":\"WONTECH THI\u1ebeT B\u1eca SPA\",\"description\":\"WONTECH THI\u1ebeT B\u1eca SPA\",\"potentialAction\":[{\"@type\":\"SearchAction\",\"target\":{\"@type\":\"EntryPoint\",\"urlTemplate\":\"https:\/\/wontechthietbispa.com\/?s={search_term_string}\"},\"query-input\":\"required name=search_term_string\"}],\"inLanguage\":\"en-US\"}]}<\/script>\n<!-- \/ Yoast SEO plugin. -->","yoast_head_json":{"title":"M\u00c1Y 2IN1 HIFU \u00c2M \u0110\u1ea0O - WONTECH THI\u1ebeT B\u1eca SPA","robots":{"index":"index","follow":"follow","max-snippet":"max-snippet:-1","max-image-preview":"max-image-preview:large","max-video-preview":"max-video-preview:-1"},"canonical":"https:\/\/wontechthietbispa.com\/index.php\/product\/may-tre-hoa-am-dao-hifu-2in1\/","og_locale":"en_US","og_type":"article","og_title":"M\u00c1Y 2IN1 HIFU \u00c2M \u0110\u1ea0O - WONTECH THI\u1ebeT B\u1eca SPA","og_description":"M\u00e1y tr\u1ebb h\u00f3a \u00e2m \u0111\u1ea1o Hibonic s\u1eed d\u1ee5ng s\u00f3ng si\u00eau \u00e2m h\u1ed9i t\u1ee5 c\u01b0\u1eddng \u0111\u1ed9 cao th\u00fac \u0111\u1ea9y qu\u00e1 tr\u00ecnh k\u00edch th\u00edch s\u1ea3n sinh ra collagen l\u00e0m s\u0103n ch\u1eafc 2 b\u00ean th\u00e0nh \u00e2m \u0111\u1ea1o, \u00a0gi\u00fap ch\u1ecb e c\u00f3 c\u1ea3m gi\u00e1c t\u1ef1 tin trong \u0111\u1eddi s\u1ed1ng v\u1ee3 ch\u1ed3ng.","og_url":"https:\/\/wontechthietbispa.com\/index.php\/product\/may-tre-hoa-am-dao-hifu-2in1\/","og_site_name":"WONTECH THI\u1ebeT B\u1eca SPA","article_modified_time":"2024-08-28T07:14:20+00:00","og_image":[{"width":700,"height":800,"url":"http:\/\/wontechthietbispa.com\/wp-content\/uploads\/2023\/11\/Untitled-1-99.png","type":"image\/png"}],"twitter_card":"summary_large_image","twitter_misc":{"Est. reading time":"7 minutes"},"schema":{"@context":"https:\/\/schema.org","@graph":[{"@type":"WebPage","@id":"https:\/\/wontechthietbispa.com\/index.php\/product\/may-tre-hoa-am-dao-hifu-2in1\/","url":"https:\/\/wontechthietbispa.com\/index.php\/product\/may-tre-hoa-am-dao-hifu-2in1\/","name":"M\u00c1Y 2IN1 HIFU \u00c2M \u0110\u1ea0O - WONTECH THI\u1ebeT B\u1eca SPA","isPartOf":{"@id":"https:\/\/wontechthietbispa.com\/#website"},"datePublished":"2023-12-01T05:30:33+00:00","dateModified":"2024-08-28T07:14:20+00:00","breadcrumb":{"@id":"https:\/\/wontechthietbispa.com\/index.php\/product\/may-tre-hoa-am-dao-hifu-2in1\/#breadcrumb"},"inLanguage":"en-US","potentialAction":[{"@type":"ReadAction","target":["https:\/\/wontechthietbispa.com\/index.php\/product\/may-tre-hoa-am-dao-hifu-2in1\/"]}]},{"@type":"BreadcrumbList","@id":"https:\/\/wontechthietbispa.com\/index.php\/product\/may-tre-hoa-am-dao-hifu-2in1\/#breadcrumb","itemListElement":[{"@type":"ListItem","position":1,"name":"Home","item":"https:\/\/wontechthietbispa.com\/"},{"@type":"ListItem","position":2,"name":"Shop","item":"https:\/\/wontechthietbispa.com\/index.php\/shop\/"},{"@type":"ListItem","position":3,"name":"M\u00c1Y 2IN1 HIFU \u00c2M \u0110\u1ea0O"}]},{"@type":"WebSite","@id":"https:\/\/wontechthietbispa.com\/#website","url":"https:\/\/wontechthietbispa.com\/","name":"WONTECH THI\u1ebeT B\u1eca SPA","description":"WONTECH THI\u1ebeT B\u1eca SPA","potentialAction":[{"@type":"SearchAction","target":{"@type":"EntryPoint","urlTemplate":"https:\/\/wontechthietbispa.com\/?s={search_term_string}"},"query-input":"required name=search_term_string"}],"inLanguage":"en-US"}]}},"jetpack_sharing_enabled":true,"_links":{"self":[{"href":"https:\/\/wontechthietbispa.com\/index.php\/wp-json\/wp\/v2\/product\/16300"}],"collection":[{"href":"https:\/\/wontechthietbispa.com\/index.php\/wp-json\/wp\/v2\/product"}],"about":[{"href":"https:\/\/wontechthietbispa.com\/index.php\/wp-json\/wp\/v2\/types\/product"}],"replies":[{"embeddable":true,"href":"https:\/\/wontechthietbispa.com\/index.php\/wp-json\/wp\/v2\/comments?post=16300"}],"version-history":[{"count":2,"href":"https:\/\/wontechthietbispa.com\/index.php\/wp-json\/wp\/v2\/product\/16300\/revisions"}],"predecessor-version":[{"id":17061,"href":"https:\/\/wontechthietbispa.com\/index.php\/wp-json\/wp\/v2\/product\/16300\/revisions\/17061"}],"wp:featuredmedia":[{"embeddable":true,"href":"https:\/\/wontechthietbispa.com\/index.php\/wp-json\/wp\/v2\/media\/15983"}],"wp:attachment":[{"href":"https:\/\/wontechthietbispa.com\/index.php\/wp-json\/wp\/v2\/media?parent=16300"}],"wp:term":[{"taxonomy":"product_cat","embeddable":true,"href":"https:\/\/wontechthietbispa.com\/index.php\/wp-json\/wp\/v2\/product_cat?post=16300"},{"taxonomy":"product_tag","embeddable":true,"href":"https:\/\/wontechthietbispa.com\/index.php\/wp-json\/wp\/v2\/product_tag?post=16300"}],"curies":[{"name":"wp","href":"https:\/\/api.w.org\/{rel}","templated":true}]}}