{"id":16297,"date":"2023-12-01T12:26:35","date_gmt":"2023-12-01T05:26:35","guid":{"rendered":"https:\/\/wontechthietbispa.com\/?post_type=product&#038;p=16297"},"modified":"2024-08-28T14:14:14","modified_gmt":"2024-08-28T07:14:14","slug":"may-thermage-flx","status":"publish","type":"product","link":"https:\/\/wontechthietbispa.com\/index.php\/product\/may-thermage-flx\/","title":{"rendered":"THERMAGE FLX"},"content":{"rendered":"<h1 class=\"title-post entry-title\"><strong>THERMAGE FLX\u00a0C\u00d4NG NGH\u1ec6 C\u0102NG DA X\u00d3A NH\u0102N TR\u1eba H\u00d3A H\u00c0NG \u0110\u1ea6U TH\u1ebe GI\u1edaI<\/strong><\/h1>\n<h2><strong>THERMAGE FLX l\u00e0 g\u00ec?<\/strong><\/h2>\n<p>H\u1ec7 th\u1ed1ng s\u00f3ng t\u1ea7n s\u1ed1 v\u00f4 tuy\u1ebfn \u0111i\u1ec7n dung \u0111\u01a1n c\u1ef1c, s\u1eed d\u1ee5ng \u0111\u1ed9 d\u1ed1c nhi\u1ec7t \u0111\u1ea3o ng\u01b0\u01a1c \u0111\u1ec3 \u0111i\u1ec1u tr\u1ecb kh\u00f4ng x\u00e2m l\u1ea5n gi\u00fap l\u00e0m\u00a0<strong>c\u0103ng da<\/strong>,\u00a0<strong>n\u00e2ng c\u01a1<\/strong>,\u00a0<strong>x\u00f3a nh\u0103n\u00a0<\/strong>v\u00e0 ph\u1ee5c h\u1ed3i c\u00e1c \u0111\u01b0\u1eddng n\u00e9t th\u1ea9m m\u1ef9 tr\u1ebb trung tr\u00ean g\u01b0\u01a1ng m\u1eb7t ch\u1ec9\u00a0<strong>1 l\u1ea7n \u0111i\u1ec1u tr\u1ecb duy nh\u1ea5t\u00a0<\/strong>v\u00e0 kh\u00f4ng m\u1ea5t th\u1eddi gian ngh\u0129 d\u01b0\u1ee1ng ph\u1ee5c h\u1ed3i sau \u0111i\u1ec1u tr\u1ecb. H\u1ec7 th\u1ed1ng Thermage FLX ph\u00e1t ra n\u0103ng l\u01b0\u1ee3ng s\u00f3ng t\u1ea7n s\u1ed1 v\u00f4 tuy\u1ebfn gi\u00fap l\u00e0m quang \u0111\u00f4ng m\u1ed9t c\u00e1ch ch\u1ecdn l\u1ecdc tr\u00ean c\u00e1c m\u00f4 m\u1ec1m trong l\u00fac l\u00e0m m\u00e1t l\u1edbp th\u01b0\u1ee3ng b\u00ec da.<\/p>\n<p>D\u01b0\u1edbi t\u00e1c d\u1ee5ng c\u1ee7a nhi\u1ec7t s\u00f3ng v\u00f4 tuy\u1ebfn, nhi\u1ec1u t\u00e1c d\u1ee5ng sinh h\u1ecdc t\u0103ng sinh Collagen v\u00e0 t\u00e1i t\u1ea1o t\u1ebf b\u00e0o m\u1edbi:<\/p>\n<h3><strong>M\u00e1y n\u00e2ng c\u01a1 thermagr FLX\u2122<\/strong><\/h3>\n<h4><strong>Ch\u1ec9 \u0111\u1ecbnh v\u00e0 ph\u1ea1m vi \u0111i\u1ec1u tr\u1ecb<\/strong><\/h4>\n<p>\u2013 N\u00e2ng c\u01a1 v\u00f9ng body, v\u00f9ng m\u1eb7t v\u00e0 m\u1eaft<\/p>\n<p>\u2013 X\u00f3a nh\u0103n v\u00f9ng m\u1eaft, kh\u00f3e m\u1eaft v\u00e0 v\u00f9ng m\u1eb7t\u2026<\/p>\n<p>\u2013 Gi\u1ea3m b\u00e9o v\u00f9ng b\u1ee5ng, b\u1eafp tay, \u0111\u00f9i, body\u2026<\/p>\n<p>\u2013 Tr\u1ebb h\u00f3a da<\/p>\n<p>&nbsp;<\/p>\n<h4><strong>Nguy\u00ean l\u00fd ho\u1ea1t \u0111\u1ed9ng c\u1ee7a m\u00e1y thermage flx<\/strong><\/h4>\n<p>\u2013 Thermage flx l\u00e0 t\u00ean\u00a0<b><i>m\u00e1y n\u00e2ng<\/i><\/b>\u00a0c\u01a1,\u00a0<b><i>x\u00f3a nh\u0103n<\/i><\/b>, gi\u1ea3m b\u00e9o,\u00a0<b><i>tr\u1ebb h\u00f3a da<\/i><\/b>\u00a0kh\u00f4ng x\u00e2m l\u1ea5n n\u1ed5i ti\u1ebfng c\u1ee7a hoa k\u1ef3, s\u1eed d\u1ee5ng c\u00f4ng ngh\u1ec7 RF ( radio frequency ) \u2013 s\u00f3ng v\u00f4 tuy\u1ebfn \u0111i\u1ec7n t\u1eeb sinh nhi\u1ec7t t\u1eeb 50 \u2013 70<sup>o<\/sup>C t\u00e1c \u0111\u1ed9ng tr\u1ef1c ti\u1ebfp l\u00ean l\u1edbp trung b\u00ec v\u00e0 l\u1edbp h\u1ea1 b\u00ec ( l\u1edbp m\u1ee1 ).<\/p>\n<p>&nbsp;<\/p>\n<p>\u2013 M\u00e1y thermage flx sinh nhi\u1ec7t tr\u00ean c\u00e1c \u0111\u1ea7u cartrige t\u1eeb 50 \u2013 70oC , nhi\u1ec7t \u0111\u01b0\u1ee3c d\u1eabn d\u01b0\u1edbi da b\u1eb1ng ph\u01b0\u01a1ng ph\u00e1p ph\u00e2n nhi\u1ec7t ph\u00e2n \u0111o\u1ea1n d\u01b0\u1edbi da, k\u00edch th\u00edch s\u1ea3n sinh collagen gi\u00fap da kh\u00f4ng b\u1ecb tr\u00f9ng nh\u00e3o v\u00e0 tr\u1edf n\u00ean s\u0103n ch\u1eafc t\u1ea1i c\u00e1c v\u00f9ng \u0111\u01b0\u1ee3c \u0111i\u1ec1u tr\u1ecb.<\/p>\n<p>&nbsp;<\/p>\n<h4><strong>\u0110\u00e1p \u1ee9ng n\u00e2ng c\u01a1- x\u00f3a nh\u0103n-thu nh\u1ecf l\u1ed7 ch\u00e2n l\u00f4ng c\u1ee7a Thermage FLX.<\/strong><\/h4>\n<p>&nbsp;<\/p>\n<ul>\n<li>T\u00e1c \u0111\u1ed9ng\u00a0co th\u1eaft collagen ngay l\u1eadp t\u1ee9c.<\/li>\n<li>C\u00e1c ph\u00e2n t\u1eed n\u01b0\u1edbc t\u00e1ch r\u1eddi t\u1eeb c\u00e1c ph\u00e2n t\u1eed collagen l\u00e0m cho collagen bi\u1ebfn t\u00ednh v\u00e0 co th\u1eaft l\u1ea1i.<\/li>\n<li>S\u1ef1 co th\u1eaft to\u00e0n b\u1ed9 l\u1edbp bi\u1ec3u b\u00ec d\u1eabn \u0111\u1ebfn hi\u1ec7u qu\u1ea3 c\u0103ng v\u00e0 s\u0103n ch\u1eafc da.<\/li>\n<li>S\u1ef1 co th\u1eaft v\u00e1ch ng\u0103n s\u1ee3i d\u1eabn \u0111\u1ebfn t\u00e1i t\u1ea1o \u0111\u01b0\u1eddng n\u00e9t th\u1ea9m m\u1ef9 tr\u1ebb trung.<\/li>\n<\/ul>\n<p>&nbsp;<\/p>\n<p><strong>\u0110\u00e1p \u1ee9ng th\u1ee9 ph\u00e1t<\/strong>: Ti\u1ebfp t\u1ee5c t\u00e1i t\u1ea1o v\u00e0 s\u1ea3n sinh Collagen<\/p>\n<ul>\n<li>S\u0103n ch\u1eafc da qua th\u1eddi gian mang l\u1ea1i hi\u1ec7u qu\u1ea3 r\u00f5 r\u00e0ng v\u00e0 \u1ea5n t\u01b0\u1ee3ng<\/li>\n<li>M\u1eadt \u0111\u1ed9 v\u00e0 h\u00e0m l\u01b0\u1ee3ng Collagen \u0111\u01b0\u1ee3c c\u1ea3i thi\u1ec7n qua th\u1eddi gian<\/li>\n<\/ul>\n<p>Qu\u00e1 tr\u00ecnh t\u0103ng sinh Collagen b\u1eaft \u0111\u1ea7u t\u1eeb ng\u00e0y th\u1ee9 4 v\u00e0 k\u00e9o d\u00e0i t\u1edbi 3 th\u00e1ng. Do \u0111\u00f3 sau \u0111i\u1ec1u tr\u1ecb t\u1ea1i m\u00f4 da h\u1ec7 th\u1ed1ng Collagen m\u1edbi \u0111\u01b0\u1ee3c ph\u00e1t huy t\u00e1c d\u1ee5ng trong th\u1eddi gian l\u00ean t\u1edbi 1-2 n\u0103m.<\/p>\n<p>&nbsp;<\/p>\n<h4><strong>Ch\u1ec9 \u0111\u1ecbnh v\u00e0 s\u1ef1 an to\u00e0n khi \u0111i\u1ec1u tr\u1ecb<\/strong><strong>:\u00a0<\/strong>\u00a0B\u1ec7nh nh\u00e2n v\u00e0 kh\u00e1ch h\u00e0ng c\u00f3 t\u00ecnh tr\u1ea1ng da ch\u1ea3y s\u1ec7, n\u1ebfp nh\u0103n l\u00e3o h\u00f3a \u1edf m\u1ee9c \u0111\u1ed9 nh\u1eb9 v\u00e0 trung b\u00ecnh<\/h4>\n<ul>\n<li>N\u1ebfp nh\u0103n quanh m\u1eaft, b\u1ecdng m\u1eaft n\u00f4ng<\/li>\n<li>Da ch\u00f9ng nh\u00e3o, ch\u1ea3y s\u1ec7 khu\u00f4n m\u1eb7t, r\u00e3nh m\u0169i m\u00e1 s\u00e2u<\/li>\n<li>N\u1ecdng c\u1eb1m<\/li>\n<li>N\u1ebfp nh\u0103n sau sinh, sau gi\u1ea3m c\u00e2n v\u00f9ng c\u01a1 th\u1ec3<\/li>\n<li>Da s\u1ea7n v\u1ecf cam v\u00f9ng b\u1ee5ng, \u0111\u00f9i\u2026<\/li>\n<\/ul>\n<h4><strong>M\u1ed9t s\u1ed1 \u01b0u \u0111i\u1ec3m v\u01b0\u1ee3t tr\u1ed9i c\u1ee7a Thermage FLX\u00a0<\/strong><\/h4>\n<ul>\n<li>T\u1ed1c \u0111\u1ed9 nhanh h\u01a1n, r\u00fat ng\u1eafn th\u1eddi gian \u0111i\u1ec1u tr\u1ecb<\/li>\n<li>H\u1ec7 th\u1ed1ng l\u00e0m l\u1ea1nh tr\u01b0\u1edbc, trong v\u00e0 sau khi ph\u00e1t xung, an to\u00e0n d\u1ec5 ch\u1ecbu h\u01a1n khi th\u1ef1c hi\u00ean<\/li>\n<li>K\u0129 thu\u1eadt thu\u1eadt to\u00e1n th\u00f4ng minh AccuREP l\u1ef1a ch\u1ecdn n\u0103ng l\u01b0\u1ee3ng th\u00edch h\u1ee3p t\u1ea1i m\u1ed7i \u0111i\u1ec3m<\/li>\n<\/ul>\n<p>Th\u1eddi gian th\u1ef1c hi\u1ec7n di\u1ec5n ra kho\u1ea3ng 1-2 gi\u1edd, sau khi th\u1ef1c hi\u1ec7n xong b\u1ec7nh nh\u00e2n v\u00e0 kh\u00e1ch h\u00e0ng c\u1ea3m th\u1ea5y r\u00f5 t\u00e1c \u0111\u1ed9ng l\u00e0m s\u0103n ch\u1eafc v\u00e0 m\u1edd c\u00e1c v\u1ebft nh\u0103n ngay l\u00fac \u0111\u00f3. Qu\u00e1 tr\u00ecnh t\u0103ng sinh Collagen v\u00e0 ph\u00e1t huy t\u00e1c d\u1ee5ng ti\u1ebfp t\u1ee5c trong 1-3 th\u00e1ng ti\u1ebfp theo.<\/p>\n<h3><strong>Th\u00f4ng s\u1ed1 k\u1ef9 thu\u1eadt\u00a0 m\u00e1y thermage flx<\/strong><\/h3>\n<p>C\u00f4ng ngh\u1ec7 : RF ( c\u00f4ng ngh\u1ec7 s\u00f3ng t\u1ea7n s\u1ed1 v\u00f4 tuy\u1ebfn )<\/p>\n<p>T\u1ea7n s\u1ed1: 40,68Mhz<\/p>\n<p>C\u00f4ng su\u1ea5t: 500w<\/p>\n<p>Ti\u1ebft di\u1ec7n \u0111\u1ea7u \u0111i\u1ec1u tr\u1ecb : 1 cm2; 3 cm2, \u00a09 cm2<\/p>\n<p>Nhi\u1ec7t \u0111\u1ed9 : 40-60 \u00b0 C<\/p>\n<p>N\u0103ng l\u01b0\u1ee3ng RF: 1-20J \/ cm2<\/p>\n<p>Ngu\u1ed3n \u0111i\u1ec7n : 110v\/220v, 50Hz \/ 60Hz<\/p>\n","protected":false},"excerpt":{"rendered":"<p>H\u1ec7 th\u1ed1ng s\u00f3ng t\u1ea7n s\u1ed1 v\u00f4 tuy\u1ebfn \u0111i\u1ec7n dung \u0111\u01a1n c\u1ef1c, s\u1eed d\u1ee5ng \u0111\u1ed9 d\u1ed1c nhi\u1ec7t \u0111\u1ea3o ng\u01b0\u01a1c \u0111\u1ec3 \u0111i\u1ec1u tr\u1ecb kh\u00f4ng x\u00e2m l\u1ea5n gi\u00fap l\u00e0m\u00a0<strong>c\u0103ng da<\/strong>,\u00a0<strong>n\u00e2ng c\u01a1<\/strong>,\u00a0<strong>x\u00f3a nh\u0103n\u00a0<\/strong>v\u00e0 ph\u1ee5c h\u1ed3i c\u00e1c \u0111\u01b0\u1eddng n\u00e9t th\u1ea9m m\u1ef9 tr\u1ebb trung tr\u00ean g\u01b0\u01a1ng m\u1eb7t ch\u1ec9\u00a0<strong>1 l\u1ea7n \u0111i\u1ec1u tr\u1ecb duy nh\u1ea5t\u00a0<\/strong>v\u00e0 kh\u00f4ng m\u1ea5t th\u1eddi gian ngh\u0129 d\u01b0\u1ee1ng ph\u1ee5c h\u1ed3i sau \u0111i\u1ec1u tr\u1ecb. H\u1ec7 th\u1ed1ng Thermage FLX ph\u00e1t ra n\u0103ng l\u01b0\u1ee3ng s\u00f3ng t\u1ea7n s\u1ed1 v\u00f4 tuy\u1ebfn gi\u00fap l\u00e0m quang \u0111\u00f4ng m\u1ed9t c\u00e1ch ch\u1ecdn l\u1ecdc tr\u00ean c\u00e1c m\u00f4 m\u1ec1m trong l\u00fac l\u00e0m m\u00e1t l\u1edbp th\u01b0\u1ee3ng b\u00ec da.<\/p>\n","protected":false},"featured_media":16298,"comment_status":"open","ping_status":"closed","template":"","meta":[],"product_cat":[29],"product_tag":[],"yoast_head":"<!-- This site is optimized with the Yoast SEO plugin v21.5 - https:\/\/yoast.com\/wordpress\/plugins\/seo\/ -->\n<title>THERMAGE FLX - WONTECH THI\u1ebeT B\u1eca SPA<\/title>\n<meta name=\"robots\" content=\"index, follow, max-snippet:-1, max-image-preview:large, max-video-preview:-1\" \/>\n<link rel=\"canonical\" href=\"https:\/\/wontechthietbispa.com\/index.php\/product\/may-thermage-flx\/\" \/>\n<meta property=\"og:locale\" content=\"en_US\" \/>\n<meta property=\"og:type\" content=\"article\" \/>\n<meta property=\"og:title\" content=\"THERMAGE FLX - WONTECH THI\u1ebeT B\u1eca SPA\" \/>\n<meta property=\"og:description\" content=\"H\u1ec7 th\u1ed1ng s\u00f3ng t\u1ea7n s\u1ed1 v\u00f4 tuy\u1ebfn \u0111i\u1ec7n dung \u0111\u01a1n c\u1ef1c, s\u1eed d\u1ee5ng \u0111\u1ed9 d\u1ed1c nhi\u1ec7t \u0111\u1ea3o ng\u01b0\u01a1c \u0111\u1ec3 \u0111i\u1ec1u tr\u1ecb kh\u00f4ng x\u00e2m l\u1ea5n gi\u00fap l\u00e0m\u00a0c\u0103ng da,\u00a0n\u00e2ng c\u01a1,\u00a0x\u00f3a nh\u0103n\u00a0v\u00e0 ph\u1ee5c h\u1ed3i c\u00e1c \u0111\u01b0\u1eddng n\u00e9t th\u1ea9m m\u1ef9 tr\u1ebb trung tr\u00ean g\u01b0\u01a1ng m\u1eb7t ch\u1ec9\u00a01 l\u1ea7n \u0111i\u1ec1u tr\u1ecb duy nh\u1ea5t\u00a0v\u00e0 kh\u00f4ng m\u1ea5t th\u1eddi gian ngh\u0129 d\u01b0\u1ee1ng ph\u1ee5c h\u1ed3i sau \u0111i\u1ec1u tr\u1ecb. H\u1ec7 th\u1ed1ng Thermage FLX ph\u00e1t ra n\u0103ng l\u01b0\u1ee3ng s\u00f3ng t\u1ea7n s\u1ed1 v\u00f4 tuy\u1ebfn gi\u00fap l\u00e0m quang \u0111\u00f4ng m\u1ed9t c\u00e1ch ch\u1ecdn l\u1ecdc tr\u00ean c\u00e1c m\u00f4 m\u1ec1m trong l\u00fac l\u00e0m m\u00e1t l\u1edbp th\u01b0\u1ee3ng b\u00ec da.\" \/>\n<meta property=\"og:url\" content=\"https:\/\/wontechthietbispa.com\/index.php\/product\/may-thermage-flx\/\" \/>\n<meta property=\"og:site_name\" content=\"WONTECH THI\u1ebeT B\u1eca SPA\" \/>\n<meta property=\"article:modified_time\" content=\"2024-08-28T07:14:14+00:00\" \/>\n<meta property=\"og:image\" content=\"http:\/\/wontechthietbispa.com\/wp-content\/uploads\/2023\/12\/Untitled-1-1.png\" \/>\n\t<meta property=\"og:image:width\" content=\"700\" \/>\n\t<meta property=\"og:image:height\" content=\"800\" \/>\n\t<meta property=\"og:image:type\" content=\"image\/png\" \/>\n<meta name=\"twitter:card\" content=\"summary_large_image\" \/>\n<meta name=\"twitter:label1\" content=\"Est. reading time\" \/>\n\t<meta name=\"twitter:data1\" content=\"3 minutes\" \/>\n<script type=\"application\/ld+json\" class=\"yoast-schema-graph\">{\"@context\":\"https:\/\/schema.org\",\"@graph\":[{\"@type\":\"WebPage\",\"@id\":\"https:\/\/wontechthietbispa.com\/index.php\/product\/may-thermage-flx\/\",\"url\":\"https:\/\/wontechthietbispa.com\/index.php\/product\/may-thermage-flx\/\",\"name\":\"THERMAGE FLX - WONTECH THI\u1ebeT B\u1eca SPA\",\"isPartOf\":{\"@id\":\"https:\/\/wontechthietbispa.com\/#website\"},\"datePublished\":\"2023-12-01T05:26:35+00:00\",\"dateModified\":\"2024-08-28T07:14:14+00:00\",\"breadcrumb\":{\"@id\":\"https:\/\/wontechthietbispa.com\/index.php\/product\/may-thermage-flx\/#breadcrumb\"},\"inLanguage\":\"en-US\",\"potentialAction\":[{\"@type\":\"ReadAction\",\"target\":[\"https:\/\/wontechthietbispa.com\/index.php\/product\/may-thermage-flx\/\"]}]},{\"@type\":\"BreadcrumbList\",\"@id\":\"https:\/\/wontechthietbispa.com\/index.php\/product\/may-thermage-flx\/#breadcrumb\",\"itemListElement\":[{\"@type\":\"ListItem\",\"position\":1,\"name\":\"Home\",\"item\":\"https:\/\/wontechthietbispa.com\/\"},{\"@type\":\"ListItem\",\"position\":2,\"name\":\"Shop\",\"item\":\"https:\/\/wontechthietbispa.com\/index.php\/shop\/\"},{\"@type\":\"ListItem\",\"position\":3,\"name\":\"THERMAGE FLX\"}]},{\"@type\":\"WebSite\",\"@id\":\"https:\/\/wontechthietbispa.com\/#website\",\"url\":\"https:\/\/wontechthietbispa.com\/\",\"name\":\"WONTECH THI\u1ebeT B\u1eca SPA\",\"description\":\"WONTECH THI\u1ebeT B\u1eca SPA\",\"potentialAction\":[{\"@type\":\"SearchAction\",\"target\":{\"@type\":\"EntryPoint\",\"urlTemplate\":\"https:\/\/wontechthietbispa.com\/?s={search_term_string}\"},\"query-input\":\"required name=search_term_string\"}],\"inLanguage\":\"en-US\"}]}<\/script>\n<!-- \/ Yoast SEO plugin. -->","yoast_head_json":{"title":"THERMAGE FLX - WONTECH THI\u1ebeT B\u1eca SPA","robots":{"index":"index","follow":"follow","max-snippet":"max-snippet:-1","max-image-preview":"max-image-preview:large","max-video-preview":"max-video-preview:-1"},"canonical":"https:\/\/wontechthietbispa.com\/index.php\/product\/may-thermage-flx\/","og_locale":"en_US","og_type":"article","og_title":"THERMAGE FLX - WONTECH THI\u1ebeT B\u1eca SPA","og_description":"H\u1ec7 th\u1ed1ng s\u00f3ng t\u1ea7n s\u1ed1 v\u00f4 tuy\u1ebfn \u0111i\u1ec7n dung \u0111\u01a1n c\u1ef1c, s\u1eed d\u1ee5ng \u0111\u1ed9 d\u1ed1c nhi\u1ec7t \u0111\u1ea3o ng\u01b0\u01a1c \u0111\u1ec3 \u0111i\u1ec1u tr\u1ecb kh\u00f4ng x\u00e2m l\u1ea5n gi\u00fap l\u00e0m\u00a0c\u0103ng da,\u00a0n\u00e2ng c\u01a1,\u00a0x\u00f3a nh\u0103n\u00a0v\u00e0 ph\u1ee5c h\u1ed3i c\u00e1c \u0111\u01b0\u1eddng n\u00e9t th\u1ea9m m\u1ef9 tr\u1ebb trung tr\u00ean g\u01b0\u01a1ng m\u1eb7t ch\u1ec9\u00a01 l\u1ea7n \u0111i\u1ec1u tr\u1ecb duy nh\u1ea5t\u00a0v\u00e0 kh\u00f4ng m\u1ea5t th\u1eddi gian ngh\u0129 d\u01b0\u1ee1ng ph\u1ee5c h\u1ed3i sau \u0111i\u1ec1u tr\u1ecb. H\u1ec7 th\u1ed1ng Thermage FLX ph\u00e1t ra n\u0103ng l\u01b0\u1ee3ng s\u00f3ng t\u1ea7n s\u1ed1 v\u00f4 tuy\u1ebfn gi\u00fap l\u00e0m quang \u0111\u00f4ng m\u1ed9t c\u00e1ch ch\u1ecdn l\u1ecdc tr\u00ean c\u00e1c m\u00f4 m\u1ec1m trong l\u00fac l\u00e0m m\u00e1t l\u1edbp th\u01b0\u1ee3ng b\u00ec da.","og_url":"https:\/\/wontechthietbispa.com\/index.php\/product\/may-thermage-flx\/","og_site_name":"WONTECH THI\u1ebeT B\u1eca SPA","article_modified_time":"2024-08-28T07:14:14+00:00","og_image":[{"width":700,"height":800,"url":"http:\/\/wontechthietbispa.com\/wp-content\/uploads\/2023\/12\/Untitled-1-1.png","type":"image\/png"}],"twitter_card":"summary_large_image","twitter_misc":{"Est. reading time":"3 minutes"},"schema":{"@context":"https:\/\/schema.org","@graph":[{"@type":"WebPage","@id":"https:\/\/wontechthietbispa.com\/index.php\/product\/may-thermage-flx\/","url":"https:\/\/wontechthietbispa.com\/index.php\/product\/may-thermage-flx\/","name":"THERMAGE FLX - WONTECH THI\u1ebeT B\u1eca SPA","isPartOf":{"@id":"https:\/\/wontechthietbispa.com\/#website"},"datePublished":"2023-12-01T05:26:35+00:00","dateModified":"2024-08-28T07:14:14+00:00","breadcrumb":{"@id":"https:\/\/wontechthietbispa.com\/index.php\/product\/may-thermage-flx\/#breadcrumb"},"inLanguage":"en-US","potentialAction":[{"@type":"ReadAction","target":["https:\/\/wontechthietbispa.com\/index.php\/product\/may-thermage-flx\/"]}]},{"@type":"BreadcrumbList","@id":"https:\/\/wontechthietbispa.com\/index.php\/product\/may-thermage-flx\/#breadcrumb","itemListElement":[{"@type":"ListItem","position":1,"name":"Home","item":"https:\/\/wontechthietbispa.com\/"},{"@type":"ListItem","position":2,"name":"Shop","item":"https:\/\/wontechthietbispa.com\/index.php\/shop\/"},{"@type":"ListItem","position":3,"name":"THERMAGE FLX"}]},{"@type":"WebSite","@id":"https:\/\/wontechthietbispa.com\/#website","url":"https:\/\/wontechthietbispa.com\/","name":"WONTECH THI\u1ebeT B\u1eca SPA","description":"WONTECH THI\u1ebeT B\u1eca SPA","potentialAction":[{"@type":"SearchAction","target":{"@type":"EntryPoint","urlTemplate":"https:\/\/wontechthietbispa.com\/?s={search_term_string}"},"query-input":"required name=search_term_string"}],"inLanguage":"en-US"}]}},"jetpack_sharing_enabled":true,"_links":{"self":[{"href":"https:\/\/wontechthietbispa.com\/index.php\/wp-json\/wp\/v2\/product\/16297"}],"collection":[{"href":"https:\/\/wontechthietbispa.com\/index.php\/wp-json\/wp\/v2\/product"}],"about":[{"href":"https:\/\/wontechthietbispa.com\/index.php\/wp-json\/wp\/v2\/types\/product"}],"replies":[{"embeddable":true,"href":"https:\/\/wontechthietbispa.com\/index.php\/wp-json\/wp\/v2\/comments?post=16297"}],"version-history":[{"count":2,"href":"https:\/\/wontechthietbispa.com\/index.php\/wp-json\/wp\/v2\/product\/16297\/revisions"}],"predecessor-version":[{"id":17086,"href":"https:\/\/wontechthietbispa.com\/index.php\/wp-json\/wp\/v2\/product\/16297\/revisions\/17086"}],"wp:featuredmedia":[{"embeddable":true,"href":"https:\/\/wontechthietbispa.com\/index.php\/wp-json\/wp\/v2\/media\/16298"}],"wp:attachment":[{"href":"https:\/\/wontechthietbispa.com\/index.php\/wp-json\/wp\/v2\/media?parent=16297"}],"wp:term":[{"taxonomy":"product_cat","embeddable":true,"href":"https:\/\/wontechthietbispa.com\/index.php\/wp-json\/wp\/v2\/product_cat?post=16297"},{"taxonomy":"product_tag","embeddable":true,"href":"https:\/\/wontechthietbispa.com\/index.php\/wp-json\/wp\/v2\/product_tag?post=16297"}],"curies":[{"name":"wp","href":"https:\/\/api.w.org\/{rel}","templated":true}]}}