{"id":16294,"date":"2023-12-01T12:26:04","date_gmt":"2023-12-01T05:26:04","guid":{"rendered":"https:\/\/wontechthietbispa.com\/?post_type=product&#038;p=16294"},"modified":"2024-08-28T14:14:03","modified_gmt":"2024-08-28T07:14:03","slug":"may-hifu-10d-gold","status":"publish","type":"product","link":"https:\/\/wontechthietbispa.com\/index.php\/product\/may-hifu-10d-gold\/","title":{"rendered":"M\u00c1Y HIFU 10D GOLD"},"content":{"rendered":"<h2 dir=\"ltr\"><strong>TH\u00d4NG TIN S\u1ea2N PH\u1ea8M<\/strong><\/h2>\n<p dir=\"ltr\">M\u00e1y n\u00e2ng c\u01a1 Hifu l\u00e0 m\u00e1y n\u00e2ng c\u01a1 m\u1eb7t b\u1eb1ng s\u00f3ng Hifu l\u00e0 m\u1ed9t d\u1ea1ng n\u0103ng l\u01b0\u1ee3ng c\u00f3 th\u1ec3 n\u00e2ng c\u01a1 v\u00e0 l\u00e0m s\u0103n ch\u1eafc da m\u00e0 kh\u00f4ng c\u1ea7n ph\u1eabu thu\u1eadt, kh\u00f4ng g\u00e2y nguy hi\u1ec3m, an to\u00e0n v\u1edbi m\u1ecdi lo\u1ea1i da. C\u00e1c b\u01b0\u1edbc s\u00f3ng s\u1ebd t\u1eadp trung v\u00e0o v\u00f9ng da \u0111\u01b0\u1ee3c x\u00e1c \u0111\u1ecbnh, \u0111i s\u00e2u v\u00e0o l\u1edbp bi\u1ec3u b\u00ec v\u00e0 t\u00e1c \u0111\u1ed9ng l\u00ean c\u00e1c t\u1ebf b\u00e0o khi\u1ebfn ch\u00fang c\u1ecd x\u00e1t v\u00e0o nhau. Nhi\u1ec7t l\u01b0\u1ee3ng b\u00ean trong da l\u00fac n\u00e0y s\u1ebd t\u0103ng l\u00ean gi\u00fap s\u1ea3n sinh collagen nhanh ch\u00f3ng, ti\u00eau h\u1ee7y c\u00e1c t\u1ed5 ch\u1ee9c c\u01a1 d\u01b0 th\u1eeba l\u00e0 nguy\u00ean nh\u00e2n g\u00e2y l\u00ean s\u1ef1 ch\u1ea3y x\u1ec7. S\u1ef1 t\u0103ng nhi\u1ec7t ch\u1ec9 di\u1ec5n ra \u1edf l\u1edbp da n\u01a1i s\u00f3ng si\u00eau \u00e2m \u0111\u01b0\u1ee3c t\u1eadp trung v\u00e0o m\u00e0 kh\u00f4ng \u1ea3nh h\u01b0\u1edfng \u0111\u1ebfSo s\u00e1nh Hifu v\u00e0 c\u00f4ng ngh\u1ec7 th\u00f4ng th\u01b0\u1eddng.<\/p>\n<ul dir=\"ltr\">\n<li>Kh\u00f4ng \u0111au, kh\u00f4ng n\u00f3ng<\/li>\n<li>Ch\u1ec9 1 l\u1ea7n \u0111i\u1ec1u tr\u1ecb \u0111\u01b0\u1ee3c 10-18 th<\/li>\n<li>Chi ph\u00ed th\u1ea5p v\u00ec \u00edt gi\u1edbi h\u1ea1n h\u01a1n.<\/li>\n<li>Ti\u1ebft ki\u1ec7m\u00a0 th\u1eddi gian ch\u1ec9 20-45p<\/li>\n<li>\u200bKh\u00f4ng h\u1ea1n ch\u1ebf \u0111i\u1ec1u tr\u1ecb nhi\u1ec1u l\u1ea7n v\u00ec \u00edt \u1ea3nh h\u01b0\u1edfng<\/li>\n<\/ul>\n<h2 dir=\"ltr\"><strong>\u01afU \u0110I\u1ec2M V\u01af\u1ee2T TR\u1ed8I<\/strong><\/h2>\n<ul dir=\"ltr\">\n<li>C\u00f4ng ngh\u1ec7 \u0111i\u1ec1u tr\u1ecb Hifu \u0111\u01b0\u1ee3c xem l\u00e0 b\u01b0\u1edbc ti\u1ebfn nh\u1ea3y v\u1ecdt v\u1ec1 hi\u1ec7u qu\u1ea3 \u0111i\u1ec1u tr\u1ecb l\u00e0m \u0111\u1eb9p kh\u00f4ng x\u00e2m l\u1ea5n. Hifu tr\u1ecb li\u1ec7u kh\u00f4ng c\u1ea7n ph\u1eabu thu\u1eadt, kh\u00f4ng x\u00e2m l\u1ea5n tr\u00ean v\u00f9ng da m\u1eb7t s\u1eed d\u1ee5ng s\u00f3ng si\u00eau \u00e2m vi \u0111i\u1ec3m.<\/li>\n<li>Hi\u1ec7u qu\u1ea3 tr\u1ebb h\u00f3a c\u1ee7a Hifu \u0111\u01b0\u1ee3c \u0111\u00e1nh gi\u00e1 cao do kh\u00f4ng x\u00e2m l\u1ea5n, kh\u00f4ng ph\u1eabu thu\u1eadt tr\u00e1nh nh\u1eefng nguy c\u01a1 r\u1ee7i ro kh\u00f4ng an to\u00e0n cho kh\u00e1ch h\u00e0ng c\u1ee7a b\u1ea1n. Ph\u01b0\u01a1ng ph\u00e1p n\u00e2ng c\u01a1 tr\u1ebb h\u00f3a Hifu t\u00edch h\u1ee3p th\u00eam nhi\u1ec1u t\u00ednh n\u0103ng v\u01b0\u1ee3t tr\u1ed9i h\u01a1n h\u1eb3n, kh\u00f4i ph\u1ee5c m\u1ed9t l\u00e0n da c\u0103ng m\u1ecbn, \u0111\u00e0n h\u1ed3i, t\u01b0\u01a1i tr\u1ebb so v\u1edbi ph\u01b0\u01a1ng ph\u00e1p th\u00f4ng th\u01b0\u1eddng.<\/li>\n<li>V\u1edbi t\u1ea7n s\u1ed1 t\u1eeb 4.0MHz \u0111\u1ebfn 7.0 MHz v\u1edbi 2 t\u00e1c \u0111\u1ed9ng \u0111i\u1ec1u tr\u1ecb k\u00e9p v\u1eeba t\u00e1c \u0111\u1ed9ng nhi\u1ec7t l\u01b0\u1ee3ng l\u1edbn v\u1eeba \u0111\u1ed1t \u0111\u1ed9ng nhi\u1ec7t s\u1ebd t\u1ea1o n\u00ean hi\u1ec7u qu\u1ea3 r\u1ea5t m\u1ea1nh, gi\u00fap t\u0103ng s\u1ea3n sinh collagen c\u1ea3i thi\u1ec7n t\u00ecnh tr\u1ea1ng da ch\u1ea3y x\u1ec7,gi\u00fap g\u01b0\u01a1ng m\u1eb7t tr\u1edf n\u00ean thon g\u1ecdn, gi\u1ea3m m\u1ee1 n\u1ecdng c\u1eb1m, x\u00f3a m\u1edd n\u1ebfp nh\u0103n.<\/li>\n<li>M\u00e1y\u00a0 Hifu t\u00e1c \u0111\u1ed9ng tr\u1ef1c ti\u1ebfp \u0111\u1ebfn v\u00f9ng da c\u00f3 d\u1ea5u hi\u1ec7u l\u00e3o h\u00f3a, lo\u1ea1i b\u1ecf t\u00ecnh tr\u1ea1ng kh\u00f4 r\u00e1p, kh\u00f4ng \u0111\u1ec1u m\u00e0u da, l\u1ed7 ch\u00e2n l\u00f4ng gi\u00e3n r\u1ed9ng&#8230;gi\u00fap tr\u1ebb h\u00f3a l\u00e0n da hi\u1ec7u qu\u1ea3<\/li>\n<li>Nhi\u1ec7t l\u01b0\u1ee3ng l\u1edbn t\u00e1c \u0111\u1ed9ng tr\u1ef1c ti\u1ebfp t\u1edbi c\u00e1c SMAS (Superficial Muscular Aponeurotic System) l\u1edbp h\u1ea1 b\u00ec, t\u1ed5 ch\u1ee9c d\u01b0\u1edbi da v\u00e0 m\u00f4 x\u01a1 \u0111\u1ed3ng th\u1eddi s\u00f3ng si\u00eau \u00e2m h\u1ed9i t\u1ee5 c\u01b0\u1eddng \u0111\u1ed9 cao cung c\u1ea5p n\u0103ng l\u01b0\u1ee3ng v\u00e0 \u0111\u1ed9 s\u00e2u t\u1ed1i \u01b0u nhi\u1ec7t \u0111\u1ed9 gi\u00fap n\u00e2ng c\u01a1 m\u1ed9t c\u00e1ch ch\u00ednh x\u00e1c \u0111\u1ed3ng th\u1eddi k\u00edch th\u00edch t\u0103ng sinh t\u00e1i t\u1ea1o Collagen l\u00e0m s\u0103n ch\u1eafc v\u00e0 gi\u1ea3m n\u1ebfp nh\u0103n.<\/li>\n<li>V\u1edbi nh\u1eefng \u01b0u \u0111i\u1ec3m tr\u00ean m\u00e1y Hifu s\u1ebd gi\u00fap Spa c\u1ee7a b\u1ea1n ti\u1ebft ki\u1ec7m nhi\u1ec1u chi ph\u00ed h\u01a1n c\u0169ng nh\u01b0 th\u1eddi gian tr\u1ecb li\u1ec7u cho kh\u00e1ch h\u00e0ng h\u01a1n so v\u1edbi c\u00e1c ph\u01b0\u01a1ng ph\u00e1p th\u00f4ng th\u01b0\u1eddng. Ch\u1ec9 c\u1ea7n \u0111\u1ea7u t\u01b0 m\u1ed9t l\u1ea7n nh\u01b0ng mang l\u1ea1i hi\u1ec7u qu\u1ea3 l\u00e2u d\u00e0i<\/li>\n<\/ul>\n<h2 dir=\"ltr\"><strong>\u1ee8NG D\u1ee4NG \u0110I\u1ec0U TR\u1eca<\/strong><\/h2>\n<ul dir=\"ltr\">\n<li>X\u00f3a m\u1edd n\u1ebfp nh\u0103n \u1edf m\u1ecdi v\u1ecb tr\u00ed, k\u00edch th\u00edch t\u00e1i t\u1ea1o v\u00e0 s\u1ea3n sinh collagen<\/li>\n<li>Ti\u00eau m\u1ee1 n\u1ecdng c\u1eb1m, c\u0103ng da, gi\u1ea3m t\u00ecnh tr\u1ea1ng ch\u1ea3y x\u1ec7<\/li>\n<li>N\u00e2ng c\u01a1 \u0111\u1ecbnh h\u00ecnh g\u01b0\u01a1ng m\u1eb7t<\/li>\n<li>Tr\u1ebb h\u00f3a l\u00e0n da t\u1eeb 3-5 tu\u1ed5i<\/li>\n<li>Ch\u1ec9 sau 1 bu\u1ed5i \u0111i\u1ec1u tr\u1ecb s\u1ebd th\u1ea5y r\u00f5 s\u1ef1 thay \u0111\u1ed5i, duy tr\u00ec hi\u1ec7u qu\u1ea3 d\u00e0i l\u00e2u t\u1eeb 2-3 n\u0103m tr\u00ean b\u1ec1 m\u1eb7t da v\u00e0 c\u00e1c m\u00f4 da kh\u00e1c.<\/li>\n<\/ul>\n<h2 dir=\"ltr\"><strong>TH\u00d4NG TIN S\u1ea2N PH\u1ea8M<\/strong><\/h2>\n<div dir=\"ltr\">\n<table>\n<tbody>\n<tr>\n<td>\n<p dir=\"ltr\">\u0110\u1ea7u tr\u1ecb li\u1ec7u:<\/p>\n<\/td>\n<td>\n<p dir=\"ltr\">1.5; 3.0; 4.5mm<\/p>\n<\/td>\n<\/tr>\n<tr>\n<td>\n<p dir=\"ltr\">B\u00fat k\u1ebb,<\/p>\n<\/td>\n<td>\n<p dir=\"ltr\">th\u01b0\u1edbc.<\/p>\n<\/td>\n<\/tr>\n<tr>\n<td>\n<p dir=\"ltr\">T\u1ea7n s\u1ed1<\/p>\n<\/td>\n<td>\n<p dir=\"ltr\">7 Mhz, 4 Mhz<\/p>\n<\/td>\n<\/tr>\n<tr>\n<td>\n<p dir=\"ltr\">N\u0103ng l\u01b0\u1ee3ng \u0111i\u1ec3m<\/p>\n<\/td>\n<td>\n<p dir=\"ltr\">0,1-1,0 J<\/p>\n<\/td>\n<\/tr>\n<tr>\n<td>\n<p dir=\"ltr\">M\u00e0n h\u00ecnh<\/p>\n<\/td>\n<td>\n<p dir=\"ltr\">c\u1ea3m \u1ee9ng<\/p>\n<\/td>\n<\/tr>\n<tr>\n<td>\n<p dir=\"ltr\">\u0110i\u1ec7n \u00e1p<\/p>\n<\/td>\n<td>\n<p dir=\"ltr\">AC 230V, 50\/60Hz<\/p>\n<\/td>\n<\/tr>\n<tr>\n<td>\n<p dir=\"ltr\">C\u00e2n N\u1eb7ng<\/p>\n<\/td>\n<td>\n<p dir=\"ltr\">34 Kg<\/p>\n<\/td>\n<\/tr>\n<\/tbody>\n<\/table>\n<p><strong>L\u01b0u y\u0301:<\/strong>\u00a0<em>Hi\u00ea\u0323u qua\u0309\/C\u00f4ng du\u0323ng co\u0301 th\u00ea\u0309 kha\u0301c nhau tu\u0300y theo th\u00ea\u0309 tra\u0323ng\/c\u01a1 \u0111i\u0323a m\u00f4\u0303i ng\u01b0\u01a1\u0300i. Do \u0111o\u0301, Qu\u00fd kh\u00e1ch h\u00e0ng vui l\u00f2ng li\u00ean h\u00ea\u0323 tr\u01b0\u0323c ti\u00ea\u0301p chuy\u00ean vi\u00ean \u0111\u00ea\u0309 \u0111\u01b0\u01a1\u0323c t\u01b0 v\u00e2\u0301n chi ti\u1ebft h\u01a1n v\u1ec1 s\u1ea3n ph\u1ea9m.<\/em><\/p>\n<\/div>\n","protected":false},"excerpt":{"rendered":"<p><strong>M\u00e1y n\u00e2ng c\u01a1, tr\u1ebb h\u00f3a da<\/strong>\u00a0HIFU Ultralformer l\u00e0 c\u00f4ng ngh\u1ec7 h\u00e0ng \u0111\u1ea7u hi\u1ec7n nay s\u1eed d\u1ee5ng s\u00f3ng si\u00eau \u00e2m h\u1ed9i t\u1ee5 vi \u0111i\u1ec3m c\u01b0\u1eddng \u0111\u1ed9 cao \u0111em l\u1ea1i hi\u1ec7u qu\u1ea3 n\u00e2ng c\u01a1 ch\u1ed1ng ch\u1ea3y x\u1ec7 \u0111\u1ed3ng th\u1eddi t\u00e1i t\u1ea1o b\u1ec1 m\u1eb7t da m\u1ed9t c\u00e1ch t\u1ed1i \u01b0u \u0111\u01b0\u1ee3c FDA Hoa K\u1ef3 ch\u1ee9ng nh\u1eadn. Ultraformer hi\u1ec7n \u0111\u00e3 c\u00f3 m\u1eb7t t\u1ea1i g\u1ea7n 45 qu\u1ed1c gia tr\u00ean to\u00e0n c\u1ea7u v\u00e0 \u0111ang l\u00e0 tr\u00e0o l\u01b0u l\u00e0m c\u0103ng da, n\u00e2ng c\u01a1 tr\u1ebb h\u00f3a tr\u00ean th\u1ebf gi\u1edbi.<\/p>\n","protected":false},"featured_media":15980,"comment_status":"open","ping_status":"closed","template":"","meta":[],"product_cat":[29],"product_tag":[],"yoast_head":"<!-- This site is optimized with the Yoast SEO plugin v21.5 - https:\/\/yoast.com\/wordpress\/plugins\/seo\/ -->\n<title>M\u00c1Y HIFU 10D GOLD - WONTECH THI\u1ebeT B\u1eca SPA<\/title>\n<meta name=\"robots\" content=\"index, follow, max-snippet:-1, max-image-preview:large, max-video-preview:-1\" \/>\n<link rel=\"canonical\" href=\"https:\/\/wontechthietbispa.com\/index.php\/product\/may-hifu-10d-gold\/\" \/>\n<meta property=\"og:locale\" content=\"en_US\" \/>\n<meta property=\"og:type\" content=\"article\" \/>\n<meta property=\"og:title\" content=\"M\u00c1Y HIFU 10D GOLD - WONTECH THI\u1ebeT B\u1eca SPA\" \/>\n<meta property=\"og:description\" content=\"M\u00e1y n\u00e2ng c\u01a1, tr\u1ebb h\u00f3a da\u00a0HIFU Ultralformer l\u00e0 c\u00f4ng ngh\u1ec7 h\u00e0ng \u0111\u1ea7u hi\u1ec7n nay s\u1eed d\u1ee5ng s\u00f3ng si\u00eau \u00e2m h\u1ed9i t\u1ee5 vi \u0111i\u1ec3m c\u01b0\u1eddng \u0111\u1ed9 cao \u0111em l\u1ea1i hi\u1ec7u qu\u1ea3 n\u00e2ng c\u01a1 ch\u1ed1ng ch\u1ea3y x\u1ec7 \u0111\u1ed3ng th\u1eddi t\u00e1i t\u1ea1o b\u1ec1 m\u1eb7t da m\u1ed9t c\u00e1ch t\u1ed1i \u01b0u \u0111\u01b0\u1ee3c FDA Hoa K\u1ef3 ch\u1ee9ng nh\u1eadn. Ultraformer hi\u1ec7n \u0111\u00e3 c\u00f3 m\u1eb7t t\u1ea1i g\u1ea7n 45 qu\u1ed1c gia tr\u00ean to\u00e0n c\u1ea7u v\u00e0 \u0111ang l\u00e0 tr\u00e0o l\u01b0u l\u00e0m c\u0103ng da, n\u00e2ng c\u01a1 tr\u1ebb h\u00f3a tr\u00ean th\u1ebf gi\u1edbi.\" \/>\n<meta property=\"og:url\" content=\"https:\/\/wontechthietbispa.com\/index.php\/product\/may-hifu-10d-gold\/\" \/>\n<meta property=\"og:site_name\" content=\"WONTECH THI\u1ebeT B\u1eca SPA\" \/>\n<meta property=\"article:modified_time\" content=\"2024-08-28T07:14:03+00:00\" \/>\n<meta property=\"og:image\" content=\"http:\/\/wontechthietbispa.com\/wp-content\/uploads\/2023\/11\/Untitled-1-96.png\" \/>\n\t<meta property=\"og:image:width\" content=\"700\" \/>\n\t<meta property=\"og:image:height\" content=\"800\" \/>\n\t<meta property=\"og:image:type\" content=\"image\/png\" \/>\n<meta name=\"twitter:card\" content=\"summary_large_image\" \/>\n<meta name=\"twitter:label1\" content=\"Est. reading time\" \/>\n\t<meta name=\"twitter:data1\" content=\"3 minutes\" \/>\n<script type=\"application\/ld+json\" class=\"yoast-schema-graph\">{\"@context\":\"https:\/\/schema.org\",\"@graph\":[{\"@type\":\"WebPage\",\"@id\":\"https:\/\/wontechthietbispa.com\/index.php\/product\/may-hifu-10d-gold\/\",\"url\":\"https:\/\/wontechthietbispa.com\/index.php\/product\/may-hifu-10d-gold\/\",\"name\":\"M\u00c1Y HIFU 10D GOLD - WONTECH THI\u1ebeT B\u1eca SPA\",\"isPartOf\":{\"@id\":\"https:\/\/wontechthietbispa.com\/#website\"},\"datePublished\":\"2023-12-01T05:26:04+00:00\",\"dateModified\":\"2024-08-28T07:14:03+00:00\",\"breadcrumb\":{\"@id\":\"https:\/\/wontechthietbispa.com\/index.php\/product\/may-hifu-10d-gold\/#breadcrumb\"},\"inLanguage\":\"en-US\",\"potentialAction\":[{\"@type\":\"ReadAction\",\"target\":[\"https:\/\/wontechthietbispa.com\/index.php\/product\/may-hifu-10d-gold\/\"]}]},{\"@type\":\"BreadcrumbList\",\"@id\":\"https:\/\/wontechthietbispa.com\/index.php\/product\/may-hifu-10d-gold\/#breadcrumb\",\"itemListElement\":[{\"@type\":\"ListItem\",\"position\":1,\"name\":\"Home\",\"item\":\"https:\/\/wontechthietbispa.com\/\"},{\"@type\":\"ListItem\",\"position\":2,\"name\":\"Shop\",\"item\":\"https:\/\/wontechthietbispa.com\/index.php\/shop\/\"},{\"@type\":\"ListItem\",\"position\":3,\"name\":\"M\u00c1Y HIFU 10D GOLD\"}]},{\"@type\":\"WebSite\",\"@id\":\"https:\/\/wontechthietbispa.com\/#website\",\"url\":\"https:\/\/wontechthietbispa.com\/\",\"name\":\"WONTECH THI\u1ebeT B\u1eca SPA\",\"description\":\"WONTECH THI\u1ebeT B\u1eca SPA\",\"potentialAction\":[{\"@type\":\"SearchAction\",\"target\":{\"@type\":\"EntryPoint\",\"urlTemplate\":\"https:\/\/wontechthietbispa.com\/?s={search_term_string}\"},\"query-input\":\"required name=search_term_string\"}],\"inLanguage\":\"en-US\"}]}<\/script>\n<!-- \/ Yoast SEO plugin. -->","yoast_head_json":{"title":"M\u00c1Y HIFU 10D GOLD - WONTECH THI\u1ebeT B\u1eca SPA","robots":{"index":"index","follow":"follow","max-snippet":"max-snippet:-1","max-image-preview":"max-image-preview:large","max-video-preview":"max-video-preview:-1"},"canonical":"https:\/\/wontechthietbispa.com\/index.php\/product\/may-hifu-10d-gold\/","og_locale":"en_US","og_type":"article","og_title":"M\u00c1Y HIFU 10D GOLD - WONTECH THI\u1ebeT B\u1eca SPA","og_description":"M\u00e1y n\u00e2ng c\u01a1, tr\u1ebb h\u00f3a da\u00a0HIFU Ultralformer l\u00e0 c\u00f4ng ngh\u1ec7 h\u00e0ng \u0111\u1ea7u hi\u1ec7n nay s\u1eed d\u1ee5ng s\u00f3ng si\u00eau \u00e2m h\u1ed9i t\u1ee5 vi \u0111i\u1ec3m c\u01b0\u1eddng \u0111\u1ed9 cao \u0111em l\u1ea1i hi\u1ec7u qu\u1ea3 n\u00e2ng c\u01a1 ch\u1ed1ng ch\u1ea3y x\u1ec7 \u0111\u1ed3ng th\u1eddi t\u00e1i t\u1ea1o b\u1ec1 m\u1eb7t da m\u1ed9t c\u00e1ch t\u1ed1i \u01b0u \u0111\u01b0\u1ee3c FDA Hoa K\u1ef3 ch\u1ee9ng nh\u1eadn. Ultraformer hi\u1ec7n \u0111\u00e3 c\u00f3 m\u1eb7t t\u1ea1i g\u1ea7n 45 qu\u1ed1c gia tr\u00ean to\u00e0n c\u1ea7u v\u00e0 \u0111ang l\u00e0 tr\u00e0o l\u01b0u l\u00e0m c\u0103ng da, n\u00e2ng c\u01a1 tr\u1ebb h\u00f3a tr\u00ean th\u1ebf gi\u1edbi.","og_url":"https:\/\/wontechthietbispa.com\/index.php\/product\/may-hifu-10d-gold\/","og_site_name":"WONTECH THI\u1ebeT B\u1eca SPA","article_modified_time":"2024-08-28T07:14:03+00:00","og_image":[{"width":700,"height":800,"url":"http:\/\/wontechthietbispa.com\/wp-content\/uploads\/2023\/11\/Untitled-1-96.png","type":"image\/png"}],"twitter_card":"summary_large_image","twitter_misc":{"Est. reading time":"3 minutes"},"schema":{"@context":"https:\/\/schema.org","@graph":[{"@type":"WebPage","@id":"https:\/\/wontechthietbispa.com\/index.php\/product\/may-hifu-10d-gold\/","url":"https:\/\/wontechthietbispa.com\/index.php\/product\/may-hifu-10d-gold\/","name":"M\u00c1Y HIFU 10D GOLD - WONTECH THI\u1ebeT B\u1eca SPA","isPartOf":{"@id":"https:\/\/wontechthietbispa.com\/#website"},"datePublished":"2023-12-01T05:26:04+00:00","dateModified":"2024-08-28T07:14:03+00:00","breadcrumb":{"@id":"https:\/\/wontechthietbispa.com\/index.php\/product\/may-hifu-10d-gold\/#breadcrumb"},"inLanguage":"en-US","potentialAction":[{"@type":"ReadAction","target":["https:\/\/wontechthietbispa.com\/index.php\/product\/may-hifu-10d-gold\/"]}]},{"@type":"BreadcrumbList","@id":"https:\/\/wontechthietbispa.com\/index.php\/product\/may-hifu-10d-gold\/#breadcrumb","itemListElement":[{"@type":"ListItem","position":1,"name":"Home","item":"https:\/\/wontechthietbispa.com\/"},{"@type":"ListItem","position":2,"name":"Shop","item":"https:\/\/wontechthietbispa.com\/index.php\/shop\/"},{"@type":"ListItem","position":3,"name":"M\u00c1Y HIFU 10D GOLD"}]},{"@type":"WebSite","@id":"https:\/\/wontechthietbispa.com\/#website","url":"https:\/\/wontechthietbispa.com\/","name":"WONTECH THI\u1ebeT B\u1eca SPA","description":"WONTECH THI\u1ebeT B\u1eca SPA","potentialAction":[{"@type":"SearchAction","target":{"@type":"EntryPoint","urlTemplate":"https:\/\/wontechthietbispa.com\/?s={search_term_string}"},"query-input":"required name=search_term_string"}],"inLanguage":"en-US"}]}},"jetpack_sharing_enabled":true,"_links":{"self":[{"href":"https:\/\/wontechthietbispa.com\/index.php\/wp-json\/wp\/v2\/product\/16294"}],"collection":[{"href":"https:\/\/wontechthietbispa.com\/index.php\/wp-json\/wp\/v2\/product"}],"about":[{"href":"https:\/\/wontechthietbispa.com\/index.php\/wp-json\/wp\/v2\/types\/product"}],"replies":[{"embeddable":true,"href":"https:\/\/wontechthietbispa.com\/index.php\/wp-json\/wp\/v2\/comments?post=16294"}],"version-history":[{"count":2,"href":"https:\/\/wontechthietbispa.com\/index.php\/wp-json\/wp\/v2\/product\/16294\/revisions"}],"predecessor-version":[{"id":16296,"href":"https:\/\/wontechthietbispa.com\/index.php\/wp-json\/wp\/v2\/product\/16294\/revisions\/16296"}],"wp:featuredmedia":[{"embeddable":true,"href":"https:\/\/wontechthietbispa.com\/index.php\/wp-json\/wp\/v2\/media\/15980"}],"wp:attachment":[{"href":"https:\/\/wontechthietbispa.com\/index.php\/wp-json\/wp\/v2\/media?parent=16294"}],"wp:term":[{"taxonomy":"product_cat","embeddable":true,"href":"https:\/\/wontechthietbispa.com\/index.php\/wp-json\/wp\/v2\/product_cat?post=16294"},{"taxonomy":"product_tag","embeddable":true,"href":"https:\/\/wontechthietbispa.com\/index.php\/wp-json\/wp\/v2\/product_tag?post=16294"}],"curies":[{"name":"wp","href":"https:\/\/api.w.org\/{rel}","templated":true}]}}