{"id":16252,"date":"2023-12-01T10:29:50","date_gmt":"2023-12-01T03:29:50","guid":{"rendered":"https:\/\/wontechthietbispa.com\/?post_type=product&#038;p=16252"},"modified":"2026-01-12T09:38:54","modified_gmt":"2026-01-12T02:38:54","slug":"may-laser-pico-win-laser-xoa-xam-tri-nam","status":"publish","type":"product","link":"https:\/\/wontechthietbispa.com\/index.php\/product\/may-laser-pico-win-laser-xoa-xam-tri-nam\/","title":{"rendered":"M\u00c1Y LASER PICO WIN"},"content":{"rendered":"<p><strong>M\u00e1y laser tr\u1ee5c khu\u1ef7u PICO WIN<\/strong> l\u00e0 d\u00f2ng m\u00e1y laser x\u00f3a x\u0103m laser nh\u1eadp kh\u1ea9u cao c\u1ea5p c\u1ee7a th\u01b0\u01a1ng hi\u1ec7u WONTECH. <strong>PICO WIN<\/strong>\u00a0thu\u1ed9c c\u00e1c d\u00f2ng\u00a0<strong>m\u00e1y laser tr\u1ee5c khu\u1ef7u<\/strong>\u00a0\u1ee9ng d\u1ee5ng\u00a0<strong>c\u00f4ng ngh\u1ec7 Laser Picosecond<\/strong>, m\u1ed9t trong nh\u1eefng c\u00f4ng ngh\u1ec7 laser ti\u00ean ti\u1ebfn, \u0111\u1ed9t ph\u00e1 nh\u1ea5t hi\u1ec7n nay.<\/p>\n<p>V\u1edbi nh\u1eefng xung si\u00eau ng\u1eafn, \u0111\u1ea1t \u0111\u1ebfn 1 ph\u1ea7n ng\u00e0n t\u1ef7 gi\u00e2y, <strong>PICO WIN <\/strong>c\u00f3 th\u1ec3 t\u00e1c \u0111\u1ed9ng c\u01a1 h\u1ecdc l\u00ean c\u00e1c s\u1eafc t\u1ed1 da v\u00e0\u00a0ph\u00e2n h\u1ee7y ch\u00fang th\u00e0nh nh\u1eefng h\u1ea1t li ti, \u0111\u01b0\u1ee3c c\u01a1 th\u1ec3 h\u1ea5p th\u1ee5 v\u00e0 \u0111\u00e0o th\u1ea3i ra ngo\u00e0i theo c\u01a1 ch\u1ebf t\u1ef1 nhi\u00ean.<\/p>\n<p><em>M\u00e1y Laser tr\u1ee5c khu\u1ef7u <strong>PICO WIN<\/strong> s\u1eed d\u1ee5ng c\u00f4ng ngh\u1ec7 Laser Picosecond ti\u00ean ti\u1ebfn nh\u1ea5t hi\u1ec7n nay<\/em><\/p>\n<p><strong>M\u00e1y laser\u00a0x\u00f3a x\u0103m PICO WIN<\/strong>\u00a0c\u00f3 hi\u1ec7u qu\u1ea3 cao trong x\u00f3a h\u00ecnh x\u0103m, \u0111i\u1ec1u tr\u1ecb s\u1eafc t\u1ed1 da v\u00e0 gi\u00fap tr\u1ebb h\u00f3a l\u00e0n da\u2026 \u0110\u1eb7c bi\u1ec7t, m\u00e1y \u0111\u01b0\u1ee3c t\u00edch h\u1ee3p b\u01b0\u1edbc s\u00f3ng m\u1edbi 785\/755nm, b\u01b0\u1edbc s\u00f3ng c\u00f3 kh\u1ea3 n\u0103ng x\u00f3a b\u1ecf tri\u1ec7t \u0111\u1ec3\u00a0c\u00e1c m\u00e0u xanh d\u01b0\u01a1ng, xanh l\u00e1 c\u00e2y v\u00e0 t\u00edm.<\/p>\n<h2><strong>T\u1ea1i sao n\u00ean l\u1ef1a ch\u1ecdn \u0111\u1ea7u t\u01b0 m\u00e1y laser tr\u1ee5c khu\u1ef7u cao c\u1ea5p PICO WIN ?\u00a0<\/strong><\/h2>\n<p>L\u00e0 m\u1ed9t trong nh\u1eefng thi\u1ebft b\u1ecb \u0111\u01b0\u1ee3c s\u1eed d\u1ee5ng nhi\u1ec1u b\u1edfi c\u00e1c master c\u00f3 kinh nghi\u1ec7m trong ng\u00e0nh th\u1ea9m m\u1ef9, m\u00e1y Laser tr\u1ee5c khu\u1ef7u <strong>PICO WIN<\/strong> \u0111\u00e3 d\u1ea7n kh\u1eb3ng \u0111\u1ecbnh \u0111\u01b0\u1ee3c t\u00ean tu\u1ed5i v\u00e0 ch\u1ea5t l\u01b0\u1ee3ng tr\u00ean th\u1ecb tr\u01b0\u1eddng.<\/p>\n<p>M\u00e1y Laser tr\u1ee5c khu\u1ef7u l\u00e0 m\u1ed9t s\u1ef1 l\u1ef1a ch\u1ecdn ho\u00e0n h\u1ea3o cho c\u00e1c c\u01a1 s\u1edf th\u1ea9m m\u1ef9, vi\u1ec7n phun x\u0103m \u2013 l\u00e0m \u0111\u1eb9p, spa ho\u1eb7c massage tr\u1ecb li\u1ec7u\u2026<\/p>\n<h3><strong>L\u1ee3i \u00edch \u0111\u1ed1i v\u1edbi kh\u00e1ch h\u00e0ng tr\u1ef1c ti\u1ebfp tr\u1ea3i nghi\u1ec7m<\/strong><\/h3>\n<p><em><strong>An to\u00e0n v\u00e0 kh\u00f4ng g\u00e2y t\u1ed5n th\u01b0\u01a1ng da:<\/strong><\/em>\u00a0C\u00f4ng ngh\u1ec7 Laser Picosecond x\u1eed l\u00fd ch\u00ednh x\u00e1c v\u00f9ng da c\u1ea7n \u0111i\u1ec1u tr\u1ecb, kh\u00f4ng \u1ea3nh h\u01b0\u1edfng \u0111\u1ebfn c\u00e1c m\u00f4 b\u00ean c\u1ea1nh. V\u00ec th\u1ebf, x\u00f3a x\u0103m b\u1eb1ng c\u00f4ng ngh\u1ec7 n\u00e0y gi\u00fap gi\u1ea3m thi\u1ec3u \u0111\u01b0\u1ee3c c\u1ea3m gi\u00e1c \u0111au, an to\u00e0n v\u1edbi c\u00e1c v\u00f9ng da kh\u00e1c v\u00e0 h\u1ea1n ch\u1ebf kh\u1ea3 n\u0103ng l\u00e0m t\u1ed5n th\u01b0\u01a1ng da ho\u1eb7c \u0111\u1ec3 l\u1ea1i s\u1eb9o.<\/p>\n<p>&nbsp;<\/p>\n<p><em>R\u1ea5t nhi\u1ec1u kh\u00e1ch h\u00e0ng \u0111\u00e3 tin t\u01b0\u1edfng v\u00e0 s\u1eed d\u1ee5ng m\u00e1y Laser <strong>PICO WIN<\/strong><\/em><\/p>\n<p><em><strong>R\u00fat ng\u1eafn \u0111\u01b0\u1ee3c s\u1ed1 l\u1ea7n \u0111i\u1ec1u tr\u1ecb:<\/strong><\/em>\u00a0So v\u1edbi c\u00e1c d\u00f2ng m\u00e1y laser s\u1eed d\u1ee5ng c\u00f4ng ngh\u1ec7 kh\u00e1c ph\u1ea3i c\u1ea7n \u0111\u1ebfn 8-10 l\u1ea7n \u0111i\u1ec1u tr\u1ecb. Th\u00ec khi d\u00f9ng Picosecond s\u1ebd ch\u1ec9 c\u1ea7n 3-5 l\u1ea7n l\u00e0 c\u00f3 th\u1ec3 x\u00f3a s\u1ea1ch v\u1ebft x\u0103m ho\u1eb7c \u0111i\u1ec1u tr\u1ecb c\u00e1c v\u1ea5n \u0111\u1ec1 li\u00ean quan \u0111\u1ebfn s\u1eafc t\u1ed1 da kh\u00e1c.<\/p>\n<p><em><strong>N\u00e2ng cao ch\u1ea5t l\u01b0\u1ee3ng v\u00e0 k\u1ebft qu\u1ea3 \u0111i\u1ec1u tr\u1ecb:<\/strong><\/em>\u00a0S\u1eed d\u1ee5ng m\u00e1y laser c\u00f4ng ngh\u1ec7 Laser Picosecond gi\u00fap n\u00e2ng cao ch\u1ea5t li\u1ec7u \u0111i\u1ec1u tr\u1ecb h\u01a1n 40% so v\u1edbi c\u00e1c lo\u1ea1i m\u00e1y s\u1eed d\u1ee5ng c\u00f4ng ngh\u1ec7 c\u0169 hi\u1ec7n nay.<\/p>\n<h3><strong>C\u00e1c \u01b0u \u0111i\u1ec3m n\u1ed5i b\u1eadt kh\u00e1c c\u1ee7a m\u00e1y laser tr\u1ee5c khu\u1ef7u cao c\u1ea5p PICO WIN <\/strong><\/h3>\n<p>B\u00ean c\u1ea1nh nh\u1eefng l\u1ee3i \u00edch n\u1ed5i b\u1eadt m\u00e0 m\u00e1y laser mang \u0111\u1ebfn cho kh\u00e1ch h\u00e0ng, nh\u1eefng ng\u01b0\u1eddi tr\u1ef1c ti\u1ebfp tr\u1ea3i nghi\u1ec7m s\u1ea3n ph\u1ea9m th\u00ec <strong>PICO WIN<\/strong> c\u00f2n s\u1edf h\u1eefu nh\u1eefng \u201c\u0111i\u1ec3m c\u1ed9ng\u201d kh\u00e1c khi s\u1eed d\u1ee5ng:<\/p>\n<ul>\n<li>T\u00ednh n\u0103ng an to\u00e0n v\u1edbi ti\u00eau chu\u1ea9n USA c\u00f3 \u0111\u1ed9 tr\u1ec5 3 gi\u00e2y, h\u1ea1n ch\u1ebf g\u00e2y t\u1ed5n th\u01b0\u01a1ng cho k\u1ef9 thu\u1eadt vi\u00ean l\u1eabn kh\u00e1ch h\u00e0ng<\/li>\n<li>Kh\u00f4ng l\u00e0m t\u1ed5n th\u01b0\u01a1ng, kh\u00f4ng g\u00e2y b\u1ea1c l\u00f4ng ho\u1eb7c kh\u00f4ng \u0111\u1ec3 l\u1ea1i s\u1eb9o khi s\u1eed d\u1ee5ng \u0111\u00fang c\u00e1ch \u0111\u00fang k\u1ef9 thu\u1eadt<\/li>\n<li>Ngay t\u1eeb 1-2 l\u1ea7n x\u00f3a \u0111\u1ea7u ti\u00ean, hi\u1ec7u qu\u1ea3 mang \u0111\u1ebfn kho\u1ea3ng 90-95%<\/li>\n<li>M\u00e1y c\u00f3 tu\u1ed5i th\u1ecd cao, s\u1eed d\u1ee5ng \u0111\u01b0\u1ee3c l\u00ean \u0111\u1ebfn h\u01a1n 10 n\u0103m v\u1edbi 20.000 \u2013 50.000 li\u1ec7u tr\u00ecnh \u0111i\u1ec1u tr\u1ecb<\/li>\n<li>H\u1ec7 th\u1ed1ng l\u00e0m m\u00e1t b\u1eb1ng n\u01b0\u1edbc c\u1ea5t, gi\u00fap m\u00e1y c\u00f3 th\u1ec3 ho\u1ea1t \u0111\u1ed9ng \u1ed5n \u0111\u1ecbnh trong nhi\u1ec1u gi\u1edd li\u1ec1n<\/li>\n<\/ul>\n<div>\n<p>&nbsp;<\/p>\n<p><em>\u0110\u01b0\u1ee3c nh\u00e2n vi\u00ean <strong>PICO WIN<\/strong> h\u01b0\u1edbng d\u1eabn s\u1eed d\u1ee5ng m\u00e1y Laser tr\u1ee5c khu\u1ef7u khi mua h\u00e0ng<\/em><\/p>\n<\/div>\n<h2><strong>Kh\u1ea3 n\u0103ng tr\u1ecb li\u1ec7u c\u1ee7a t\u1eebng b\u01b0\u1edbc s\u00f3ng<\/strong><\/h2>\n<p>\u0110\u01b0\u1ee3c trang b\u1ecb 3 b\u01b0\u1edbc s\u00f3ng \u0111\u1ec3 b\u1ed5 tr\u1ee3 cho qu\u00e1 tr\u00ecnh tr\u1ecb li\u1ec7u, c\u00f3 th\u1ec3 k\u1ec3 \u0111\u1ebfn 532nm, 755nm, 1064nm. M\u1ed7i b\u01b0\u1edbc s\u00f3ng s\u1ebd chuy\u00ean d\u00f9ng \u0111\u1ec3 tr\u1ecb li\u1ec7u nh\u1eefng v\u1ea5n \u0111\u1ec1 kh\u00e1c nhau:<\/p>\n<ul>\n<li><em><strong>B\u01b0\u1edbc s\u00f3ng 532nm:<\/strong><\/em>\u00a0L\u00e0 lo\u1ea1i b\u01b0\u1edbc s\u00f3ng chuy\u00ean d\u00f9ng \u0111\u1ec3 x\u00f3a c\u00e1c m\u00e0u m\u1ef1c s\u00e1ng, c\u00f3 th\u1ec3 k\u1ec3 \u0111\u1ebfn nh\u01b0 \u0111\u1ecf, cam ho\u1eb7c v\u00e0ng\u2026 B\u00ean c\u1ea1nh \u0111\u00f3, b\u01b0\u1edbc s\u00f3ng n\u00e0y c\u0169ng c\u00f3 th\u1ec3 \u0111\u01b0\u1ee3c d\u00f9ng \u0111\u1ec3 lo\u1ea1i b\u1ecf c\u00e1c lo\u1ea1i s\u1eafc t\u1ed1 \u1edf th\u01b0\u1ee3ng b\u00ec tr\u00ean da nh\u01b0 n\u00e1m, \u0111\u1ed3i m\u1ed3i, t\u00e0n nhang\u2026<\/li>\n<li><em><strong>B\u01b0\u1edbc s\u00f3ng 1064nm:\u00a0<\/strong><\/em>L\u00e0 lo\u1ea1i b\u01b0\u1edbc s\u00f3ng d\u00f9ng \u0111\u1ec3 x\u00f3a c\u00e1c m\u00e0u m\u1ef1c t\u1ed1i nh\u01b0 \u0111en, xanh \u0111en\u2026 B\u01b0\u1edbc s\u00f3ng n\u00e0y c\u0169ng c\u00f3 th\u1ec3 d\u00f9ng \u0111\u1ec3 \u0111i\u1ec1u tr\u1ecb c\u00e1c s\u1eafc t\u1ed1 \u1edf ph\u1ea7n h\u1ea1 b\u00ec nh\u01b0 n\u00e1m s\u00e2u trong da\u2026<\/li>\n<li><em><strong>B\u01b0\u1edbc s\u00f3ng 785\/755nm:<\/strong><\/em>\u00a0\u0110\u00e2y l\u00e0 b\u01b0\u1edbc s\u00f3ng t\u1ed1i \u01b0u v\u00e0 c\u00f3 kh\u1ea3 n\u0103ng b\u1eaft m\u00e0u t\u1ed1t h\u01a1n 2 b\u01b0\u1edbc s\u00f3ng c\u00f2n l\u1ea1i. N\u00ean b\u01b0\u1edbc s\u00f3ng n\u00e0y th\u01b0\u1eddng \u0111\u01b0\u1ee3c ch\u1ecdn \u0111\u1ec3 \u0111i\u1ec1u tr\u1ecb m\u1ed9t c\u00e1ch hi\u1ec7u qu\u1ea3 t\u00ecnh tr\u1ea1ng n\u00e1m, x\u00f3a h\u00ecnh x\u0103m ho\u1eb7c c\u1ea3i thi\u1ec7n c\u00e1c v\u1ea5n \u0111\u1ec1 v\u1ec1 s\u1eafc t\u1ed1 da.<\/li>\n<li><\/li>\n<\/ul>\n<div><em>Video h\u01b0\u1edbng d\u1eabn s\u1eed d\u1ee5ng m\u00e1y Laser tr\u1ee5c khu\u1ef7u <strong>PICO WIN<\/strong><\/em><\/div>\n<h2><strong>\u1ee8ng d\u1ee5ng c\u1ee5 th\u1ec3 c\u1ee7a m\u00e1y laser tr\u1ee5c khu\u1ef7u PICO WIN <\/strong><\/h2>\n<p>M\u00e1y laser tr\u1ee5c khu\u1ef7u <strong>PICO WIN<\/strong> l\u00e0 d\u00f2ng m\u00e1y \u0111\u01b0\u1ee3c \u1ee9ng d\u1ee5ng kh\u00e1 ph\u1ed5 bi\u1ebfn trong ng\u00e0nh l\u00e0m \u0111\u1eb9p, v\u1edbi c\u00e1c ch\u1ee9c n\u0103ng ch\u00ednh:<\/p>\n<ul>\n<li><em><strong>X\u00f3a x\u0103m tattoo, x\u0103m body:<\/strong><\/em>\u00a0D\u00f9ng \u0111\u1ec3 x\u00f3a b\u1ea5t k\u1ef3 h\u00ecnh x\u0103m kh\u00f4ng mong mu\u1ed1n tr\u00ean c\u01a1 th\u1ebf, \u0111a d\u1ea1ng m\u00e0u s\u1eafc v\u00e0 k\u00edch th\u01b0\u1edbc. N\u0103ng l\u01b0\u1ee3ng sung \u0111\u1ea1t t\u1edbi m\u1ee9c 1\/1000 t\u1ef7 gi\u00e2y, c\u00f3 th\u1eddi gian x\u00f3a x\u0103m nhanh ch\u00f3ng v\u00e0 r\u00fat ng\u1eafn kho\u1ea3ng th\u1eddi gian gi\u1eefa 2 l\u1ea7n \u0111i\u1ec1u tr\u1ecb.<\/li>\n<li><em><strong>X\u00f3a x\u0103m l\u00f4ng m\u00e0y:<\/strong><\/em>\u00a0\u0110\u00e2y l\u00e0 m\u1ed9t trong nh\u1eefng ch\u1ee9c n\u0103ng ch\u00ednh, n\u1ed5i b\u1eadt c\u1ee7a c\u00e1c lo\u1ea1i m\u00e1y laser x\u00f3a x\u0103m HMPS-2105 d\u00f9ng \u0111\u1ec3 x\u00f3a x\u0103m l\u00f4ng m\u00e0y c\u0169, l\u00f4ng m\u00e0y tr\u1ed5 xanh\/ tr\u1ed5 \u0111\u1ecf\u2026 B\u00ean c\u1ea1nh \u0111\u00f3, m\u00e1y c\u0169ng d\u00f9ng \u0111\u1ec3 h\u1ea1 vi\u1ec1n m\u00f4i hi\u1ec7u qu\u1ea3.<\/li>\n<\/ul>\n<div>\n<p><img decoding=\"async\" src=\"https:\/\/i0.wp.com\/file.hstatic.net\/200000367481\/file\/may_laser_truc_khuyu_cao_cap_hi-mec_hmps-2105__3__dbb5e5dbddfc4bcca17571a0b39ecec0_grande.jpg?ssl=1\" alt=\"M\u00e1y Laser tr\u1ee5c khu\u1ef7u cao c\u1ea5p Hi-MEC HMPS-2105\" data-recalc-dims=\"1\" \/><\/p>\n<p><em>C\u1eadn c\u1ea3nh\u00a0x\u00f3a ch\u00e2n m\u00e0y l\u1ea7n \u0111\u1ea7u ti\u00ean b\u1eb1ng m\u00e1y Laser tr\u1ee5c khu\u1ef7u<\/em><\/p>\n<\/div>\n<ul>\n<li><em><strong>\u0110i\u1ec1u tr\u1ecb c\u00e1c v\u1ea5n \u0111\u1ec1 li\u00ean quan \u0111\u1ebfn s\u1eafc t\u1ed1 da:<\/strong><\/em>\u00a0M\u00e1y x\u1eed l\u00fd hi\u1ec7u qu\u1ea3 khi d\u00f9ng \u0111\u1ec3 x\u00f3a t\u00e0n nhang, gi\u1ea3m \u0111\u1ed3i m\u1ed3i, gi\u1ea3m th\u00e2m v\u00e0 h\u1ea1n ch\u1ebf t\u00ecnh tr\u1ea1ng th\u00e2m n\u00e1m l\u00e2u ng\u00e0y tr\u00ean da.<\/li>\n<li><em><strong>Tr\u1ebb h\u00f3a da:<\/strong><\/em>\u00a0\u0110\u00e2y l\u00e0 t\u00ednh n\u0103ng kh\u00e1 n\u1ed5i b\u1eadt c\u1ee7a m\u00e1y laser tr\u1ee5c khu\u1ef7u khi k\u1ebft h\u1ee3p v\u1edbi carbon ho\u1ea1t t\u00ednh gi\u00fap tr\u1ebb h\u00f3a da, tr\u1eafng da. C\u00f4ng ngh\u1ec7 laser gi\u00fap k\u00edch th\u00edch da c\u00f3 th\u1ec3 s\u1ea3n sinh collagen v\u00e0 elastin t\u1ef1 nhi\u00ean, gi\u00fap da m\u1ecbn m\u00e0ng, thu nh\u1ecf l\u1ed7 ch\u00e2n l\u00f4ng v\u00e0 c\u1ea3i thi\u1ec7n s\u1eafc \u0111\u1eb9p cho ch\u1ecb em.<\/li>\n<\/ul>\n<div><\/div>\n","protected":false},"excerpt":{"rendered":"<p><strong>M\u00e1y laser tr\u1ee5c khu\u1ef7u<\/strong>\u00a0<strong>PICO WIN<\/strong>\u00a0thu\u1ed9c c\u00e1c d\u00f2ng\u00a0<strong>m\u00e1y laser tr\u1ee5c khu\u1ef7u<\/strong>\u00a0\u1ee9ng d\u1ee5ng\u00a0<strong>c\u00f4ng ngh\u1ec7 Laser Picosecond<\/strong>, m\u1ed9t trong nh\u1eefng c\u00f4ng ngh\u1ec7 laser ti\u00ean ti\u1ebfn, \u0111\u1ed9t ph\u00e1 nh\u1ea5t hi\u1ec7n nay.<\/p>\n","protected":false},"featured_media":16018,"comment_status":"open","ping_status":"closed","template":"","meta":[],"product_cat":[78],"product_tag":[],"yoast_head":"<!-- This site is optimized with the Yoast SEO plugin v21.5 - https:\/\/yoast.com\/wordpress\/plugins\/seo\/ -->\n<title>M\u00c1Y LASER PICO WIN - WONTECH THI\u1ebeT B\u1eca SPA<\/title>\n<meta name=\"robots\" content=\"index, follow, max-snippet:-1, max-image-preview:large, max-video-preview:-1\" \/>\n<link rel=\"canonical\" href=\"https:\/\/wontechthietbispa.com\/index.php\/product\/may-laser-pico-win-laser-xoa-xam-tri-nam\/\" \/>\n<meta property=\"og:locale\" content=\"en_US\" \/>\n<meta property=\"og:type\" content=\"article\" \/>\n<meta property=\"og:title\" content=\"M\u00c1Y LASER PICO WIN - WONTECH THI\u1ebeT B\u1eca SPA\" \/>\n<meta property=\"og:description\" content=\"M\u00e1y laser tr\u1ee5c khu\u1ef7u\u00a0PICO WIN\u00a0thu\u1ed9c c\u00e1c d\u00f2ng\u00a0m\u00e1y laser tr\u1ee5c khu\u1ef7u\u00a0\u1ee9ng d\u1ee5ng\u00a0c\u00f4ng ngh\u1ec7 Laser Picosecond, m\u1ed9t trong nh\u1eefng c\u00f4ng ngh\u1ec7 laser ti\u00ean ti\u1ebfn, \u0111\u1ed9t ph\u00e1 nh\u1ea5t hi\u1ec7n nay.\" \/>\n<meta property=\"og:url\" content=\"https:\/\/wontechthietbispa.com\/index.php\/product\/may-laser-pico-win-laser-xoa-xam-tri-nam\/\" \/>\n<meta property=\"og:site_name\" content=\"WONTECH THI\u1ebeT B\u1eca SPA\" \/>\n<meta property=\"article:modified_time\" content=\"2026-01-12T02:38:54+00:00\" \/>\n<meta property=\"og:image\" content=\"http:\/\/wontechthietbispa.com\/wp-content\/uploads\/2023\/11\/Untitled-1-134.png\" \/>\n\t<meta property=\"og:image:width\" content=\"700\" \/>\n\t<meta property=\"og:image:height\" content=\"800\" \/>\n\t<meta property=\"og:image:type\" content=\"image\/png\" \/>\n<meta name=\"twitter:card\" content=\"summary_large_image\" \/>\n<meta name=\"twitter:label1\" content=\"Est. reading time\" \/>\n\t<meta name=\"twitter:data1\" content=\"5 minutes\" \/>\n<script type=\"application\/ld+json\" class=\"yoast-schema-graph\">{\"@context\":\"https:\/\/schema.org\",\"@graph\":[{\"@type\":\"WebPage\",\"@id\":\"https:\/\/wontechthietbispa.com\/index.php\/product\/may-laser-pico-win-laser-xoa-xam-tri-nam\/\",\"url\":\"https:\/\/wontechthietbispa.com\/index.php\/product\/may-laser-pico-win-laser-xoa-xam-tri-nam\/\",\"name\":\"M\u00c1Y LASER PICO WIN - WONTECH THI\u1ebeT B\u1eca SPA\",\"isPartOf\":{\"@id\":\"https:\/\/wontechthietbispa.com\/#website\"},\"datePublished\":\"2023-12-01T03:29:50+00:00\",\"dateModified\":\"2026-01-12T02:38:54+00:00\",\"breadcrumb\":{\"@id\":\"https:\/\/wontechthietbispa.com\/index.php\/product\/may-laser-pico-win-laser-xoa-xam-tri-nam\/#breadcrumb\"},\"inLanguage\":\"en-US\",\"potentialAction\":[{\"@type\":\"ReadAction\",\"target\":[\"https:\/\/wontechthietbispa.com\/index.php\/product\/may-laser-pico-win-laser-xoa-xam-tri-nam\/\"]}]},{\"@type\":\"BreadcrumbList\",\"@id\":\"https:\/\/wontechthietbispa.com\/index.php\/product\/may-laser-pico-win-laser-xoa-xam-tri-nam\/#breadcrumb\",\"itemListElement\":[{\"@type\":\"ListItem\",\"position\":1,\"name\":\"Home\",\"item\":\"https:\/\/wontechthietbispa.com\/\"},{\"@type\":\"ListItem\",\"position\":2,\"name\":\"Shop\",\"item\":\"https:\/\/wontechthietbispa.com\/index.php\/shop\/\"},{\"@type\":\"ListItem\",\"position\":3,\"name\":\"M\u00c1Y LASER PICO WIN\"}]},{\"@type\":\"WebSite\",\"@id\":\"https:\/\/wontechthietbispa.com\/#website\",\"url\":\"https:\/\/wontechthietbispa.com\/\",\"name\":\"WONTECH THI\u1ebeT B\u1eca SPA\",\"description\":\"WONTECH THI\u1ebeT B\u1eca SPA\",\"potentialAction\":[{\"@type\":\"SearchAction\",\"target\":{\"@type\":\"EntryPoint\",\"urlTemplate\":\"https:\/\/wontechthietbispa.com\/?s={search_term_string}\"},\"query-input\":\"required name=search_term_string\"}],\"inLanguage\":\"en-US\"}]}<\/script>\n<!-- \/ Yoast SEO plugin. -->","yoast_head_json":{"title":"M\u00c1Y LASER PICO WIN - WONTECH THI\u1ebeT B\u1eca SPA","robots":{"index":"index","follow":"follow","max-snippet":"max-snippet:-1","max-image-preview":"max-image-preview:large","max-video-preview":"max-video-preview:-1"},"canonical":"https:\/\/wontechthietbispa.com\/index.php\/product\/may-laser-pico-win-laser-xoa-xam-tri-nam\/","og_locale":"en_US","og_type":"article","og_title":"M\u00c1Y LASER PICO WIN - WONTECH THI\u1ebeT B\u1eca SPA","og_description":"M\u00e1y laser tr\u1ee5c khu\u1ef7u\u00a0PICO WIN\u00a0thu\u1ed9c c\u00e1c d\u00f2ng\u00a0m\u00e1y laser tr\u1ee5c khu\u1ef7u\u00a0\u1ee9ng d\u1ee5ng\u00a0c\u00f4ng ngh\u1ec7 Laser Picosecond, m\u1ed9t trong nh\u1eefng c\u00f4ng ngh\u1ec7 laser ti\u00ean ti\u1ebfn, \u0111\u1ed9t ph\u00e1 nh\u1ea5t hi\u1ec7n nay.","og_url":"https:\/\/wontechthietbispa.com\/index.php\/product\/may-laser-pico-win-laser-xoa-xam-tri-nam\/","og_site_name":"WONTECH THI\u1ebeT B\u1eca SPA","article_modified_time":"2026-01-12T02:38:54+00:00","og_image":[{"width":700,"height":800,"url":"http:\/\/wontechthietbispa.com\/wp-content\/uploads\/2023\/11\/Untitled-1-134.png","type":"image\/png"}],"twitter_card":"summary_large_image","twitter_misc":{"Est. reading time":"5 minutes"},"schema":{"@context":"https:\/\/schema.org","@graph":[{"@type":"WebPage","@id":"https:\/\/wontechthietbispa.com\/index.php\/product\/may-laser-pico-win-laser-xoa-xam-tri-nam\/","url":"https:\/\/wontechthietbispa.com\/index.php\/product\/may-laser-pico-win-laser-xoa-xam-tri-nam\/","name":"M\u00c1Y LASER PICO WIN - WONTECH THI\u1ebeT B\u1eca SPA","isPartOf":{"@id":"https:\/\/wontechthietbispa.com\/#website"},"datePublished":"2023-12-01T03:29:50+00:00","dateModified":"2026-01-12T02:38:54+00:00","breadcrumb":{"@id":"https:\/\/wontechthietbispa.com\/index.php\/product\/may-laser-pico-win-laser-xoa-xam-tri-nam\/#breadcrumb"},"inLanguage":"en-US","potentialAction":[{"@type":"ReadAction","target":["https:\/\/wontechthietbispa.com\/index.php\/product\/may-laser-pico-win-laser-xoa-xam-tri-nam\/"]}]},{"@type":"BreadcrumbList","@id":"https:\/\/wontechthietbispa.com\/index.php\/product\/may-laser-pico-win-laser-xoa-xam-tri-nam\/#breadcrumb","itemListElement":[{"@type":"ListItem","position":1,"name":"Home","item":"https:\/\/wontechthietbispa.com\/"},{"@type":"ListItem","position":2,"name":"Shop","item":"https:\/\/wontechthietbispa.com\/index.php\/shop\/"},{"@type":"ListItem","position":3,"name":"M\u00c1Y LASER PICO WIN"}]},{"@type":"WebSite","@id":"https:\/\/wontechthietbispa.com\/#website","url":"https:\/\/wontechthietbispa.com\/","name":"WONTECH THI\u1ebeT B\u1eca SPA","description":"WONTECH THI\u1ebeT B\u1eca SPA","potentialAction":[{"@type":"SearchAction","target":{"@type":"EntryPoint","urlTemplate":"https:\/\/wontechthietbispa.com\/?s={search_term_string}"},"query-input":"required name=search_term_string"}],"inLanguage":"en-US"}]}},"jetpack_sharing_enabled":true,"_links":{"self":[{"href":"https:\/\/wontechthietbispa.com\/index.php\/wp-json\/wp\/v2\/product\/16252"}],"collection":[{"href":"https:\/\/wontechthietbispa.com\/index.php\/wp-json\/wp\/v2\/product"}],"about":[{"href":"https:\/\/wontechthietbispa.com\/index.php\/wp-json\/wp\/v2\/types\/product"}],"replies":[{"embeddable":true,"href":"https:\/\/wontechthietbispa.com\/index.php\/wp-json\/wp\/v2\/comments?post=16252"}],"version-history":[{"count":3,"href":"https:\/\/wontechthietbispa.com\/index.php\/wp-json\/wp\/v2\/product\/16252\/revisions"}],"predecessor-version":[{"id":17075,"href":"https:\/\/wontechthietbispa.com\/index.php\/wp-json\/wp\/v2\/product\/16252\/revisions\/17075"}],"wp:featuredmedia":[{"embeddable":true,"href":"https:\/\/wontechthietbispa.com\/index.php\/wp-json\/wp\/v2\/media\/16018"}],"wp:attachment":[{"href":"https:\/\/wontechthietbispa.com\/index.php\/wp-json\/wp\/v2\/media?parent=16252"}],"wp:term":[{"taxonomy":"product_cat","embeddable":true,"href":"https:\/\/wontechthietbispa.com\/index.php\/wp-json\/wp\/v2\/product_cat?post=16252"},{"taxonomy":"product_tag","embeddable":true,"href":"https:\/\/wontechthietbispa.com\/index.php\/wp-json\/wp\/v2\/product_tag?post=16252"}],"curies":[{"name":"wp","href":"https:\/\/api.w.org\/{rel}","templated":true}]}}