{"id":16250,"date":"2023-12-01T10:25:45","date_gmt":"2023-12-01T03:25:45","guid":{"rendered":"https:\/\/wontechthietbispa.com\/?post_type=product&#038;p=16250"},"modified":"2025-06-26T22:10:18","modified_gmt":"2025-06-26T15:10:18","slug":"may-tri-nam-laser-tera-plus","status":"publish","type":"product","link":"https:\/\/wontechthietbispa.com\/index.php\/product\/may-tri-nam-laser-tera-plus\/","title":{"rendered":"M\u00c1Y LASER TERA PLUS"},"content":{"rendered":"<p dir=\"ltr\">M\u00e1y \u0111i\u1ec1u tr\u1ecb n\u00e1m Tera\u00a0Plus l\u00e0 d\u00f2ng\u00a0m\u00e1y th\u1ea9m m\u1ef9 cao c\u1ea5p\u00a0t\u00edch h\u1ee3p \u0111a c\u00f4ng ngh\u1ec7 ph\u1ed1i h\u1ee3p bao g\u1ed3m Laser Toning v\u00e0 ch\u1ebf \u0111\u1ed9 k\u00e9p Q-Switched G-Mode, h\u1ed7 tr\u1ee3 c\u00e1c li\u1ec7u tr\u00ecnh l\u00e0m \u0111\u1eb9p chuy\u00ean s\u00e2u gi\u00fap \u0111i\u1ec1u tr\u1ecb n\u00e1m da hi\u1ec7u qu\u1ea3 \u0111\u1ed3ng th\u1eddi tr\u1ebb h\u00f3a l\u00e0n da ch\u1ed1ng l\u00e3o h\u00f3a, x\u00f3a b\u1ecf n\u1ebfp nh\u0103n, m\u1ee5n vi\u00eam,&#8230;\u00a0\u0110\u00e2y l\u00e0 d\u00f2ng m\u00e1y c\u1ee7a H\u00e0n Qu\u1ed1c, mang nh\u1eefng \u0111\u1eb7c \u0111i\u1ec3m \u01b0u vi\u1ec7t v\u1ec1 m\u1eabu m\u00e3, k\u00edch th\u01b0\u1edbc, kh\u1ea3 n\u0103ng v\u1eadn h\u00e0nh v\u00e0 b\u1ed9 x\u1eed l\u00fd, do \u0111\u00f3 kh\u1eafc ph\u1ee5c \u0111\u01b0\u1ee3c nh\u1eefng h\u1ea1n ch\u1ebf m\u00e0 c\u00e1c lo\u1ea1i m\u00e1y \u0111i\u1ec1u tr\u1ecb n\u00e1m th\u00f4ng th\u01b0\u1eddng kh\u00f4ng l\u00e0m \u0111\u01b0\u1ee3c.<\/p>\n<p dir=\"ltr\"><img decoding=\"async\" src=\"file:\/\/\/D:\/DesktopICORN%20GroupPLMED%E1%BA%A3nh%20web\" alt=\"\" \/><img decoding=\"async\" src=\"file:\/\/\/D:\/DesktopICORN%20GroupPLMED%E1%BA%A3nh%20web\" alt=\"\" \/><img fetchpriority=\"high\" decoding=\"async\" class=\"\" src=\"https:\/\/i0.wp.com\/thietbithammyplmed.vn\/ckfinder\/userfiles\/images\/tera.png?resize=217%2C362&#038;ssl=1\" alt=\"\" width=\"217\" height=\"362\" data-recalc-dims=\"1\" \/><\/p>\n<h2><strong>PH\u1ea0M VI \u0110I\u1ec0U TR\u1eca<\/strong><\/h2>\n<ul>\n<li>\u0110i\u1ec1u tr\u1ecb c\u00e1c lo\u1ea1i n\u00e1m<\/li>\n<li>Tr\u1ebb h\u00f3a l\u00e0n da, se kh\u00edt l\u1ed7 ch\u00e2n l\u00f4ng, gi\u1ea3m d\u1ea7u nh\u1eddn, k\u00edch th\u00edch t\u0103ng sinh collagen, gi\u00fap s\u0103n ch\u1eafc da, \u0111\u1ea9y l\u00f9i t\u00ecnh tr\u1ea1ng l\u00e3o h\u00f3a, da ch\u1ea3y x\u1ec7.<\/li>\n<li>X\u00f3a m\u00e0u m\u1ef1c x\u0103m tr\u00ean da: C\u00e1c lo\u1ea1i m\u1ef1c v\u00e0 h\u00ecnh x\u0103m (x\u0103m ngh\u1ec7 thu\u1eadt, x\u0103m th\u1ea9m m\u1ef9,&#8230;).<\/li>\n<li>Tr\u1ecb t\u00e0n nhang<\/li>\n<li>Tr\u1ecb m\u1ee5n vi\u00eam, m\u1ee5n m\u1ee7.<\/li>\n<\/ul>\n<h2><strong>\u01afU \u0110I\u1ec2M V\u01af\u1ee2T TR\u1ed8I<\/strong><\/h2>\n<ul>\n<li>\u0110i\u1ec1u tr\u1ecb n\u00e1m hi\u1ec7u qu\u1ea3 l\u00ean \u0111\u1ebfn 90% l\u01b0\u1ee3ng n\u00e1m tr\u00ean da m\u1eb7t. Tera\u00a0Plus \u0111i\u1ec1u tr\u1ecb n\u00e1m d\u1ef1a tr\u00ean nguy\u00ean l\u00fd ph\u00e1 h\u1ee7y to\u00e0n b\u1ed9 li\u00ean k\u1ebft ch\u1eb7t ch\u1ebd gi\u1eefa c\u00e1c s\u1eafc t\u1ed1 g\u00e2y n\u00e1m. B\u1eb1ng c\u00e1ch s\u1eed d\u1ee5ng b\u01b0\u1edbc s\u00f3ng 1064nm v\u1edbi th\u1eddi gian ph\u00e1t xung ng\u1eafn ch\u1ec9 5ns v\u00e0 h\u1ec7 th\u1ed1ng g\u01b0\u01a1ng tr\u1ef1c chu\u1ea9n t\u1ea1o ch\u00f9m s\u00e1ng song song, do \u0111\u00f3 ngu\u1ed3n n\u0103ng l\u01b0\u1ee3ng \u0111\u01b0\u1ee3c ph\u00e2n b\u1ed1 \u0111\u1ed3ng \u0111\u1ec1u v\u00e0 c\u00f3 th\u1ec3 t\u00e1c \u0111\u1ed9ng s\u00e2u d\u01b0\u1edbi da t\u1eeb 2,5-3mm m\u00e0 kh\u00f4ng g\u00e2y t\u1ed5n th\u01b0\u01a1ng cho da.<\/li>\n<li>B\u01b0\u1edbc s\u00f3ng ng\u1eafn gi\u00fap lo\u1ea1i b\u1ecf h\u1eafc s\u1eafc t\u1ed1 n\u1eb1m ngo\u00e0i l\u1edbp h\u1ea1 b\u00ec c\u1ee7a da, b\u01b0\u1edbc s\u00f3ng d\u00e0i t\u00e1c \u0111\u1ed9ng \u0111\u1ebfn l\u1edbp h\u1eafc t\u1ed1 n\u1eb1m s\u00e2u trong l\u1edbp th\u01b0\u1ee3ng b\u00ec v\u00e0 trung b\u00ec, s\u1ef1 k\u1ebft h\u1ee3p gi\u1eefa hai b\u01b0\u1edbc s\u00f3ng gi\u00fap \u0111i\u1ec1u tr\u1ecb n\u00e1m hi\u1ec7u qu\u1ea3.\u00a0Kh\u00f4ng ch\u1ec9 d\u1eebng l\u1ea1i \u1edf \u0111\u00f3 Lucas Plus c\u00f2n gi\u00fap k\u00edch th\u00edch s\u1ea3n sinh collagen gi\u00fap da c\u0103ng m\u1ecbn, tr\u1ebb h\u00f3a ngay trong l\u1ea7n \u0111\u1ea7u \u0111i\u1ec1u tr\u1ecb.<\/li>\n<li>G-Mode c\u1ee7a Lucas Plus ph\u00e1t xung d\u00e0i 300um. \u0110\u00e2y l\u00e0 tia l\u00ed t\u01b0\u1edfng \u0111\u1ec3 ch\u1ed1ng l\u00e3o h\u00f3a da hi\u1ec7u qu\u1ea3 nh\u1edd v\u00e0o hi\u1ec7u \u1ee9ng \u00e1nh s\u00e1ng nhi\u1ec7t, k\u00edch th\u00edch tr\u1ebb h\u00f3a l\u00e0n da,bao g\u1ed3m: s\u0103n ch\u1eafc da, n\u00e2ng c\u01a1, se kh\u00edt l\u1ed7 ch\u00e2n l\u00f4ng v\u00e0 t\u00e1i t\u1ea1o da.<\/li>\n<\/ul>\n<div>B\u00ean c\u1ea1nh \u0111\u00f3, thi\u1ebft b\u1ecb c\u00f2n n\u1ed5i b\u1eadt v\u1edbi nhi\u1ec1u t\u00ednh n\u0103ng \u01b0u vi\u1ec7t:<\/div>\n<ul>\n<li>Tay c\u1ea7m tr\u1ecb li\u1ec7u c\u00f3 thi\u1ebft k\u1ebf nh\u1ecf g\u1ecdn, trang b\u1ecb c\u00e1c kh\u1edbp xoay linh ho\u1ea1t gi\u00fap k\u1ef9 thu\u1eadt vi\u00ean th\u1ef1c hi\u1ec7n \u0111i\u1ec1u tr\u1ecb nhanh ch\u00f3ng, thu\u1eadn l\u1ee3i, thu\u1eadn ti\u1ec7n trong vi\u1ec7c c\u1ea7m n\u1eafm, di chuy\u1ec3n theo t\u1eebng v\u00f9ng c\u01a1 \u0111\u1ecba.<\/li>\n<li>M\u00e0n h\u00ecnh c\u1ea3m \u1ee9ng LCD, t\u00edch h\u1ee3p b\u1ed9 vi x\u1eed l\u00fd th\u00f4ng minh.<\/li>\n<li>C\u00f4ng su\u1ea5t \u0111\u1ec9nh cao v\u1edbi \u0111\u1ed9 r\u1ed9ng xung ng\u1eafn mang \u0111\u1ebfn hi\u1ec7u qu\u1ea3 tr\u1ecb li\u1ec7u t\u1ed1t, \u00edt g\u00e2y t\u1ed5n th\u01b0\u01a1ng nh\u1ea5t.<\/li>\n<li>Thi\u1ebft k\u1ebf sang tr\u1ecdng, chuy\u00ean nghi\u1ec7p v\u00e0 tinh t\u1ebf t\u1ea1o \u1ea5n t\u01b0\u1ee3ng \u0111\u1eb7c bi\u1ec7t cho ng\u01b0\u1eddi d\u00f9ng.<\/li>\n<li>H\u1ec7 th\u1ed1ng l\u00e0m m\u00e1t b\u00ean trong m\u00e1y gi\u00fap v\u1eadn h\u00e0nh thi\u1ebft b\u1ecb tr\u01a1n tru ngay c\u1ea3 khi l\u00e0m vi\u1ec7c v\u1edbi c\u01b0\u1eddng \u0111\u1ed9 cao, h\u1ea1n ch\u1ebf t\u00ecnh tr\u1ea1ng n\u00f3ng m\u00e1y g\u00e2y gi\u1ea3m tu\u1ed5i th\u1ecd.<\/li>\n<li>K\u1ebft h\u1ee3p c\u00f9ng b\u00e0n \u0111\u1ea1p gi\u00fap ki\u1ec3m so\u00e1t l\u01b0\u1ee3t ph\u00f3ng tia laser c\u1ee7a thi\u1ebft b\u1ecb.<\/li>\n<li>\u00a0H\u1ec7 th\u1ed1ng c\u1ea3nh b\u00e1o an to\u00e0n<\/li>\n<li>Thi\u1ebft\u00a0 k\u1ebf d\u1ef1a tr\u00ean hi\u1ec7u qu\u1ea3 \u0111\u00e3 \u0111\u01b0\u1ee3c ki\u1ec3m ch\u1ee9ng b\u1eb1ng c\u00f4ng ngh\u1ec7 h\u00ecnh n\u00f3n, ch\u1ea5t l\u01b0\u1ee3ng tia ph\u00e1t ho\u00e0n h\u1ea3o v\u00e0 giao di\u1ec7n s\u1eed d\u1ee5ng tr\u1ef1c quan. C\u1ea5u h\u00ecnh c\u1ee7a h\u1ec7 th\u1ed1ng t\u1ed1i \u01b0u cho s\u1ef1 truy\u1ec1n n\u0103ng l\u01b0\u1ee3ng \u1ed5n \u0111\u1ecbnh \u0111\u1ebfn m\u00f4 \u0111\u00edch.<\/li>\n<\/ul>\n<h2 id=\"nguyn_l_lm_viec_cuamy_laser_xa_xam_tri_nm_picoway\">\u200bL\u01b0u y\u0301:\u00a0<em>Hi\u00ea\u0323u qua\u0309\/C\u00f4ng du\u0323ng co\u0301 th\u00ea\u0309 kha\u0301c nhau tu\u0300y theo th\u00ea\u0309 tra\u0323ng\/c\u01a1 \u0111i\u0323a m\u00f4\u0303i ng\u01b0\u01a1\u0300i. Do \u0111o\u0301, Qu\u00fd kh\u00e1ch h\u00e0ng vui l\u00f2ng li\u00ean h\u00ea\u0323 tr\u01b0\u0323c ti\u00ea\u0301p chuy\u00ean vi\u00ean \u0111\u00ea\u0309 \u0111\u01b0\u01a1\u0323c t\u01b0 v\u00e2\u0301n chi ti\u1ebft h\u01a1n v\u1ec1 s\u1ea3n ph\u1ea9m.<\/em><\/h2>\n","protected":false},"excerpt":{"rendered":"<p>D\u00f2ng m\u00e1y c\u00f4ng ngh\u1ec7 H\u00e0n Qu\u1ed1c, mang nh\u1eefng \u0111\u1eb7c \u0111i\u1ec3m \u01b0u vi\u1ec7t v\u1ec1 m\u1eabu m\u00e3, k\u00edch th\u01b0\u1edbc, kh\u1ea3 n\u0103ng v\u1eadn h\u00e0nh v\u00e0 b\u1ed9 x\u1eed l\u00fd, do \u0111\u00f3 kh\u1eafc ph\u1ee5c \u0111\u01b0\u1ee3c nh\u1eefng h\u1ea1n ch\u1ebf m\u00e0 c\u00e1c lo\u1ea1i m\u00e1y \u0111i\u1ec1u tr\u1ecb n\u00e1m th\u00f4ng th\u01b0\u1eddng kh\u00f4ng l\u00e0m \u0111\u01b0\u1ee3c.<\/p>\n","protected":false},"featured_media":16019,"comment_status":"open","ping_status":"closed","template":"","meta":[],"product_cat":[78],"product_tag":[],"yoast_head":"<!-- This site is optimized with the Yoast SEO plugin v21.5 - https:\/\/yoast.com\/wordpress\/plugins\/seo\/ -->\n<title>M\u00c1Y LASER TERA PLUS - WONTECH THI\u1ebeT B\u1eca SPA<\/title>\n<meta name=\"robots\" content=\"index, follow, max-snippet:-1, max-image-preview:large, max-video-preview:-1\" \/>\n<link rel=\"canonical\" href=\"https:\/\/wontechthietbispa.com\/index.php\/product\/may-tri-nam-laser-tera-plus\/\" \/>\n<meta property=\"og:locale\" content=\"en_US\" \/>\n<meta property=\"og:type\" content=\"article\" \/>\n<meta property=\"og:title\" content=\"M\u00c1Y LASER TERA PLUS - WONTECH THI\u1ebeT B\u1eca SPA\" \/>\n<meta property=\"og:description\" content=\"D\u00f2ng m\u00e1y c\u00f4ng ngh\u1ec7 H\u00e0n Qu\u1ed1c, mang nh\u1eefng \u0111\u1eb7c \u0111i\u1ec3m \u01b0u vi\u1ec7t v\u1ec1 m\u1eabu m\u00e3, k\u00edch th\u01b0\u1edbc, kh\u1ea3 n\u0103ng v\u1eadn h\u00e0nh v\u00e0 b\u1ed9 x\u1eed l\u00fd, do \u0111\u00f3 kh\u1eafc ph\u1ee5c \u0111\u01b0\u1ee3c nh\u1eefng h\u1ea1n ch\u1ebf m\u00e0 c\u00e1c lo\u1ea1i m\u00e1y \u0111i\u1ec1u tr\u1ecb n\u00e1m th\u00f4ng th\u01b0\u1eddng kh\u00f4ng l\u00e0m \u0111\u01b0\u1ee3c.\" \/>\n<meta property=\"og:url\" content=\"https:\/\/wontechthietbispa.com\/index.php\/product\/may-tri-nam-laser-tera-plus\/\" \/>\n<meta property=\"og:site_name\" content=\"WONTECH THI\u1ebeT B\u1eca SPA\" \/>\n<meta property=\"article:modified_time\" content=\"2025-06-26T15:10:18+00:00\" \/>\n<meta property=\"og:image\" content=\"http:\/\/wontechthietbispa.com\/wp-content\/uploads\/2023\/11\/Untitled-1-135.png\" \/>\n\t<meta property=\"og:image:width\" content=\"700\" \/>\n\t<meta property=\"og:image:height\" content=\"800\" \/>\n\t<meta property=\"og:image:type\" content=\"image\/png\" \/>\n<meta name=\"twitter:card\" content=\"summary_large_image\" \/>\n<meta name=\"twitter:label1\" content=\"Est. reading time\" \/>\n\t<meta name=\"twitter:data1\" content=\"4 minutes\" \/>\n<script type=\"application\/ld+json\" class=\"yoast-schema-graph\">{\"@context\":\"https:\/\/schema.org\",\"@graph\":[{\"@type\":\"WebPage\",\"@id\":\"https:\/\/wontechthietbispa.com\/index.php\/product\/may-tri-nam-laser-tera-plus\/\",\"url\":\"https:\/\/wontechthietbispa.com\/index.php\/product\/may-tri-nam-laser-tera-plus\/\",\"name\":\"M\u00c1Y LASER TERA PLUS - WONTECH THI\u1ebeT B\u1eca SPA\",\"isPartOf\":{\"@id\":\"https:\/\/wontechthietbispa.com\/#website\"},\"datePublished\":\"2023-12-01T03:25:45+00:00\",\"dateModified\":\"2025-06-26T15:10:18+00:00\",\"breadcrumb\":{\"@id\":\"https:\/\/wontechthietbispa.com\/index.php\/product\/may-tri-nam-laser-tera-plus\/#breadcrumb\"},\"inLanguage\":\"en-US\",\"potentialAction\":[{\"@type\":\"ReadAction\",\"target\":[\"https:\/\/wontechthietbispa.com\/index.php\/product\/may-tri-nam-laser-tera-plus\/\"]}]},{\"@type\":\"BreadcrumbList\",\"@id\":\"https:\/\/wontechthietbispa.com\/index.php\/product\/may-tri-nam-laser-tera-plus\/#breadcrumb\",\"itemListElement\":[{\"@type\":\"ListItem\",\"position\":1,\"name\":\"Home\",\"item\":\"https:\/\/wontechthietbispa.com\/\"},{\"@type\":\"ListItem\",\"position\":2,\"name\":\"Shop\",\"item\":\"https:\/\/wontechthietbispa.com\/index.php\/shop\/\"},{\"@type\":\"ListItem\",\"position\":3,\"name\":\"M\u00c1Y LASER TERA PLUS\"}]},{\"@type\":\"WebSite\",\"@id\":\"https:\/\/wontechthietbispa.com\/#website\",\"url\":\"https:\/\/wontechthietbispa.com\/\",\"name\":\"WONTECH THI\u1ebeT B\u1eca SPA\",\"description\":\"WONTECH THI\u1ebeT B\u1eca SPA\",\"potentialAction\":[{\"@type\":\"SearchAction\",\"target\":{\"@type\":\"EntryPoint\",\"urlTemplate\":\"https:\/\/wontechthietbispa.com\/?s={search_term_string}\"},\"query-input\":\"required name=search_term_string\"}],\"inLanguage\":\"en-US\"}]}<\/script>\n<!-- \/ Yoast SEO plugin. -->","yoast_head_json":{"title":"M\u00c1Y LASER TERA PLUS - WONTECH THI\u1ebeT B\u1eca SPA","robots":{"index":"index","follow":"follow","max-snippet":"max-snippet:-1","max-image-preview":"max-image-preview:large","max-video-preview":"max-video-preview:-1"},"canonical":"https:\/\/wontechthietbispa.com\/index.php\/product\/may-tri-nam-laser-tera-plus\/","og_locale":"en_US","og_type":"article","og_title":"M\u00c1Y LASER TERA PLUS - WONTECH THI\u1ebeT B\u1eca SPA","og_description":"D\u00f2ng m\u00e1y c\u00f4ng ngh\u1ec7 H\u00e0n Qu\u1ed1c, mang nh\u1eefng \u0111\u1eb7c \u0111i\u1ec3m \u01b0u vi\u1ec7t v\u1ec1 m\u1eabu m\u00e3, k\u00edch th\u01b0\u1edbc, kh\u1ea3 n\u0103ng v\u1eadn h\u00e0nh v\u00e0 b\u1ed9 x\u1eed l\u00fd, do \u0111\u00f3 kh\u1eafc ph\u1ee5c \u0111\u01b0\u1ee3c nh\u1eefng h\u1ea1n ch\u1ebf m\u00e0 c\u00e1c lo\u1ea1i m\u00e1y \u0111i\u1ec1u tr\u1ecb n\u00e1m th\u00f4ng th\u01b0\u1eddng kh\u00f4ng l\u00e0m \u0111\u01b0\u1ee3c.","og_url":"https:\/\/wontechthietbispa.com\/index.php\/product\/may-tri-nam-laser-tera-plus\/","og_site_name":"WONTECH THI\u1ebeT B\u1eca SPA","article_modified_time":"2025-06-26T15:10:18+00:00","og_image":[{"width":700,"height":800,"url":"http:\/\/wontechthietbispa.com\/wp-content\/uploads\/2023\/11\/Untitled-1-135.png","type":"image\/png"}],"twitter_card":"summary_large_image","twitter_misc":{"Est. reading time":"4 minutes"},"schema":{"@context":"https:\/\/schema.org","@graph":[{"@type":"WebPage","@id":"https:\/\/wontechthietbispa.com\/index.php\/product\/may-tri-nam-laser-tera-plus\/","url":"https:\/\/wontechthietbispa.com\/index.php\/product\/may-tri-nam-laser-tera-plus\/","name":"M\u00c1Y LASER TERA PLUS - WONTECH THI\u1ebeT B\u1eca SPA","isPartOf":{"@id":"https:\/\/wontechthietbispa.com\/#website"},"datePublished":"2023-12-01T03:25:45+00:00","dateModified":"2025-06-26T15:10:18+00:00","breadcrumb":{"@id":"https:\/\/wontechthietbispa.com\/index.php\/product\/may-tri-nam-laser-tera-plus\/#breadcrumb"},"inLanguage":"en-US","potentialAction":[{"@type":"ReadAction","target":["https:\/\/wontechthietbispa.com\/index.php\/product\/may-tri-nam-laser-tera-plus\/"]}]},{"@type":"BreadcrumbList","@id":"https:\/\/wontechthietbispa.com\/index.php\/product\/may-tri-nam-laser-tera-plus\/#breadcrumb","itemListElement":[{"@type":"ListItem","position":1,"name":"Home","item":"https:\/\/wontechthietbispa.com\/"},{"@type":"ListItem","position":2,"name":"Shop","item":"https:\/\/wontechthietbispa.com\/index.php\/shop\/"},{"@type":"ListItem","position":3,"name":"M\u00c1Y LASER TERA PLUS"}]},{"@type":"WebSite","@id":"https:\/\/wontechthietbispa.com\/#website","url":"https:\/\/wontechthietbispa.com\/","name":"WONTECH THI\u1ebeT B\u1eca SPA","description":"WONTECH THI\u1ebeT B\u1eca SPA","potentialAction":[{"@type":"SearchAction","target":{"@type":"EntryPoint","urlTemplate":"https:\/\/wontechthietbispa.com\/?s={search_term_string}"},"query-input":"required name=search_term_string"}],"inLanguage":"en-US"}]}},"jetpack_sharing_enabled":true,"_links":{"self":[{"href":"https:\/\/wontechthietbispa.com\/index.php\/wp-json\/wp\/v2\/product\/16250"}],"collection":[{"href":"https:\/\/wontechthietbispa.com\/index.php\/wp-json\/wp\/v2\/product"}],"about":[{"href":"https:\/\/wontechthietbispa.com\/index.php\/wp-json\/wp\/v2\/types\/product"}],"replies":[{"embeddable":true,"href":"https:\/\/wontechthietbispa.com\/index.php\/wp-json\/wp\/v2\/comments?post=16250"}],"version-history":[{"count":2,"href":"https:\/\/wontechthietbispa.com\/index.php\/wp-json\/wp\/v2\/product\/16250\/revisions"}],"predecessor-version":[{"id":17076,"href":"https:\/\/wontechthietbispa.com\/index.php\/wp-json\/wp\/v2\/product\/16250\/revisions\/17076"}],"wp:featuredmedia":[{"embeddable":true,"href":"https:\/\/wontechthietbispa.com\/index.php\/wp-json\/wp\/v2\/media\/16019"}],"wp:attachment":[{"href":"https:\/\/wontechthietbispa.com\/index.php\/wp-json\/wp\/v2\/media?parent=16250"}],"wp:term":[{"taxonomy":"product_cat","embeddable":true,"href":"https:\/\/wontechthietbispa.com\/index.php\/wp-json\/wp\/v2\/product_cat?post=16250"},{"taxonomy":"product_tag","embeddable":true,"href":"https:\/\/wontechthietbispa.com\/index.php\/wp-json\/wp\/v2\/product_tag?post=16250"}],"curies":[{"name":"wp","href":"https:\/\/api.w.org\/{rel}","templated":true}]}}