{"id":16057,"date":"2023-11-29T12:06:15","date_gmt":"2023-11-29T05:06:15","guid":{"rendered":"https:\/\/wontechthietbispa.com\/?post_type=product&#038;p=16057"},"modified":"2026-01-12T09:37:22","modified_gmt":"2026-01-12T02:37:22","slug":"laser-truc-khuyu-rhino","status":"publish","type":"product","link":"https:\/\/wontechthietbispa.com\/index.php\/product\/laser-truc-khuyu-rhino\/","title":{"rendered":"M\u00c1Y LASER RHINO"},"content":{"rendered":"<p>M\u00e1y x\u00f3a x\u0103m tr\u1ee5c khu\u1ef7u Rhino Laser l\u00e0 si\u00eau ph\u1ea9m \u0111\u1ebfn t\u1eeb Korean c\u00f3 s\u1eed d\u1ee5ng 3 b\u01b0\u1edbc s\u00f3ng \u0111i\u1ec1u tr\u1ecb c\u00e1c b\u1ec7nh l\u00fd v\u1ec1 da, an to\u00e0n cho ng\u01b0\u1eddi s\u1eed d\u1ee5ng. D\u00f2ng m\u00e1y \u0111\u01b0\u1ee3c nh\u1eadp tr\u1ef1c ti\u1ebfp t\u1eeb H\u00e0n Qu\u1ed1c v\u00e0 \u0111\u01b0\u1ee3c c\u00f4ng ty ch\u00fang t\u00f4i ph\u00e2n ph\u1ed1i c\u0169ng nh\u01b0 chuy\u1ec3n giao c\u00f4ng ngh\u1ec7 t\u1eadn tay qu\u00fd kh\u00e1ch h\u00e0ng tr\u00ean to\u00e0n qu\u1ed1c<\/p>\n<p><strong>\u01afu \u0111i\u1ec3m:<\/strong><\/p>\n<p>\u2013 \u1ee8ng d\u1ee5ng 3 b\u01b0\u1edbc s\u00f3ng: 785nm; 1064nm v\u00e0 532nm.<\/p>\n<p>\u2013 C\u00f4ng su\u1ea5t \u0111\u1ec9nh cao, cho hi\u1ec7u qu\u1ea3 x\u1eed l\u00fd b\u00f3c t\u00e1ch kh\u00f4ng t\u1ed5n th\u01b0\u01a1ng da, kh\u00f4ng tr\u1eafng l\u00f4ng, kh\u00f4ng b\u1ecb s\u1eb9o\u2026<\/p>\n<p>\u2013 Tr\u1ee5c 7 kh\u1edbp xoay 300 \u0111\u1ed9 ch\u00ednh x\u00e1c tuy\u1ec7t \u0111\u1ed1i.<\/p>\n<p>\u2013 Xung ng\u1eafn cho ph\u00e9p b\u1eafn ph\u00e1 s\u1eafc t\u1ed1 tri\u1ec7t \u0111\u1ec3, th\u1eddi gian nhanh, kh\u00f4ng l\u00e0m t\u1ed5n th\u01b0\u01a1ng m\u00f4 da b\u00ecnh th\u01b0\u1eddng xung quanh.<\/p>\n<p>\u2013 Gi\u1ea3m s\u1ed1 l\u1ea7n \u0111i\u1ec1u tr\u1ecb, cho k\u1ebft qu\u1ea3 t\u1ed1t h\u01a1n v\u00e0 \u00edt kh\u00f3 ch\u1ecbu h\u01a1n.<\/p>\n<p><strong>Ph\u1ea1m vi tr\u1ecb li\u1ec7u:<\/strong><\/p>\n<p>\u2013 X\u00f3a h\u00ecnh x\u0103m to\u00e0n th\u00e2n nhanh ch\u00f3ng<\/p>\n<p>\u2013 Tr\u1ebb h\u00f3a da b\u1eb1ng \u0111\u1ea7u b\u1eafn 755nm<\/p>\n<p>\u2013 \u0110i\u1ec1u tr\u1ecb n\u00e1m ( n\u00e1m b\u1ec1 m\u1eb7t,n\u00e1m ch\u00e2n s\u00e2u)<\/p>\n<p>\u2013 H\u1ed7 tr\u1ee3 x\u00f3a t\u00e0n nhang<\/p>\n<h2 dir=\"ltr\"><strong>1. Ph\u1ea1m Vi \u0110i\u1ec1u Tr\u1ecb<\/strong><\/h2>\n<ul>\n<li dir=\"ltr\">\n<p dir=\"ltr\"><strong>S\u1eafc t\u1ed1 h\u1ea1 b\u00ec 1064nm<\/strong><\/p>\n<\/li>\n<\/ul>\n<p dir=\"ltr\">\u2013 X\u00f3a c\u00e1c v\u1ebft b\u1edbt, \u0111\u1ed1m c\u00e0 ph\u00ea, t\u00e0n nhang, ch\u00e1y n\u1eafng, \u0111\u1ed1m tu\u1ed5i\u2026<\/p>\n<p dir=\"ltr\">\u2013 X\u00f3a t\u1ea5t c\u1ea3 c\u00e1c lo\u1ea1i h\u00ecnh x\u0103m, chuy\u00ean x\u00f3a h\u00ecnh x\u0103m m\u00e0u \u0111\u1ecf, c\u00e0 ph\u00ea, n\u00e2u, \u0111en, l\u1ee5c lam v\u00e0 m\u00e0u kh\u00e1c<\/p>\n<p dir=\"ltr\">\u2013 X\u00f3a n\u1ed1t ru\u1ed3i, v\u1ebft b\u1edbt, nevus m\u00e0u xanh n\u00e2u, nevus<\/p>\n<figure id=\"attachment_6441\" class=\"wp-caption aligncenter\" aria-describedby=\"caption-attachment-6441\"><figcaption id=\"caption-attachment-6441\" class=\"wp-caption-text\">H\u00ecnh \u1ea3nh m\u00f4 t\u1ea3 qu\u00e1 tr\u00ecnh laser ti\u1ebfp c\u1eadn m\u00f4 \u0111\u00edch trong \u0111i\u1ec1u tr\u1ecb N\u00e1m, x\u00f3a x\u0103m<\/figcaption><\/figure>\n<ul>\n<li dir=\"ltr\">\n<p dir=\"ltr\"><strong>S\u1eafc t\u1ed1 ngo\u1ea1i b\u00ec<\/strong><\/p>\n<\/li>\n<\/ul>\n<p dir=\"ltr\">\u2013 Lo\u1ea1i b\u1ecf c\u00e1c thay \u0111\u1ed5i b\u1ec7nh l\u00fd s\u1eafc t\u1ed1 da, s\u1eafc t\u1ed1 g\u00e2y ra b\u1edfi h\u1ed7n h\u1ee3p s\u1eafc t\u1ed1 m\u00e0u, lo\u1ea1i b\u1ecf l\u1ed7 ch\u00e2n l\u00f4ng, n\u00e2ng c\u01a1 m\u1eb7t<\/p>\n<p dir=\"ltr\">\u2013 Tr\u1ebb h\u00f3a da b\u1eb1ng peeling<\/p>\n<p dir=\"ltr\">\u2013 X\u00f3a s\u1eb9o m\u1ee5n, gi\u00e3n t\u0129nh m\u1ea1ch, t\u1ed5n th\u01b0\u01a1ng m\u1ea1ch m\u00e1u<\/p>\n<p dir=\"ltr\"><img fetchpriority=\"high\" decoding=\"async\" class=\"size-medium wp-image-6445 aligncenter lazy-load-active\" src=\"https:\/\/i0.wp.com\/qlaser.vn\/wp-content\/uploads\/2022\/02\/te-bao-sac-to-melanocyte-736x400.jpg?resize=736%2C400&#038;ssl=1\" sizes=\"(max-width: 736px) 100vw, 736px\" srcset=\"https:\/\/i0.wp.com\/qlaser.vn\/wp-content\/uploads\/2022\/02\/te-bao-sac-to-melanocyte-736x400.jpg?resize=736%2C400&#038;ssl=1 736w, https:\/\/qlaser.vn\/wp-content\/uploads\/2022\/02\/te-bao-sac-to-melanocyte-768x418.jpg 768w, https:\/\/qlaser.vn\/wp-content\/uploads\/2022\/02\/te-bao-sac-to-melanocyte-510x277.jpg 510w, https:\/\/qlaser.vn\/wp-content\/uploads\/2022\/02\/te-bao-sac-to-melanocyte.jpg 949w\" alt=\"svg+xml,%3Csvg%20viewBox%3D%220%200%20736%20400%22%20xmlns%3D%22http%3A%2F%2Fwww\" width=\"736\" height=\"400\" data-src=\"\/wp-content\/uploads\/2022\/02\/te-bao-sac-to-melanocyte-736x400.jpg\" data-srcset=\"https:\/\/i0.wp.com\/qlaser.vn\/wp-content\/uploads\/2022\/02\/te-bao-sac-to-melanocyte-736x400.jpg?resize=736%2C400&#038;ssl=1 736w, https:\/\/qlaser.vn\/wp-content\/uploads\/2022\/02\/te-bao-sac-to-melanocyte-768x418.jpg 768w, https:\/\/qlaser.vn\/wp-content\/uploads\/2022\/02\/te-bao-sac-to-melanocyte-510x277.jpg 510w, https:\/\/qlaser.vn\/wp-content\/uploads\/2022\/02\/te-bao-sac-to-melanocyte.jpg 949w\" data-recalc-dims=\"1\" \/><\/p>\n<p>Theo ti\u00eau chu\u1ea9n n\u0103ng l\u01b0\u1ee3ng c\u1ee7a c\u00e1c d\u00f2ng m\u00e1y Laser Nd:YAG th\u00ec n\u0103ng l\u01b0\u1ee3ng t\u1ed1i \u0111a c\u1ee7a m\u00e1y s\u1ebb l\u00e0 1J, t\u01b0\u01a1ng \u0111\u01b0\u01a1ng 1000mj \u0111\u00e1p \u1ee9ng trong \u0111i\u1ec1u tr\u1ecb c\u00e1c b\u1ec7nh l\u00fd s\u1eafc t\u1ed1 da \u1edf \u0111a t\u1ea7ng c\u0169ng nh\u01b0 tr\u1ebb h\u00f3a, di\u1ec7t khu\u1ea9n b\u1eb1ng laser. Khi t\u00ecm ki\u1ebfm 1 m\u00e1y laser Q-Switched, c\u00e1c Dr c\u1ea7n ph\u1ea3i ch\u00fa \u00fd nh\u1eefng th\u00f4ng s\u1ed1 k\u1ef9 thu\u1eadt m\u00e0 m\u00e1y c\u00f4ng b\u1ed1, t\u1ea5t c\u1ea3 ch\u00fang ta \u0111\u1ec1u bi\u1ebft r\u1eb1ng m\u1ee9c n\u0103ng l\u01b0\u1ee3ng l\u00e0 ch\u00eca kh\u00f3a v\u00e0 m\u00e1y c\u00f3 m\u1ee9c n\u0103ng l\u01b0\u1ee3ng th\u1ea5p s\u1ebd b\u1ecb h\u1ea1n ch\u1ebf trong vi\u1ec7c \u0111i\u1ec1u tr\u1ecb, m\u1ed9t s\u1ed1 m\u00e1y s\u1ebd \u0111\u01b0\u1ee3c c\u00f4ng b\u1ed1 m\u1ee9c n\u0103ng l\u01b0\u1ee3ng t\u1ed1i \u0111a cao h\u01a1n m\u1ee9c n\u0103ng l\u01b0\u1ee3ng th\u1ef1c s\u1ef1 c\u1ee7a n\u00f3<\/p>\n<h2 dir=\"ltr\"><strong>2. \u01afU \u0110I\u1ec2M V\u01af\u1ee2T TR\u1ed8I<\/strong><\/h2>\n<ul>\n<li>An to\u00e0n kh\u00f4ng \u0111au r\u00e1t: Do \u0111\u1ed9 r\u1ed9ng xung \u0111\u01b0\u1ee3c gi\u1ea3m \u0111\u1ebfn t\u1ed1i thi\u1ec3u, da s\u1ebd tr\u00e1nh \u0111\u01b0\u1ee3c r\u1ee7i ro t\u1ed5n th\u01b0\u01a1ng lan r\u1ed9ng. Qu\u00e1 tr\u00ecnh \u0111i\u1ec1u tr\u1ecb an to\u00e0n v\u00e0 \u00edt g\u00e2y \u0111au \u0111\u1edbn h\u01a1n, kh\u00f4ng \u1ea3nh h\u01b0\u1edfng t\u1edbi nang l\u00f4ng \u2013 kh\u00f4ng g\u00e2y x\u00e2m l\u1ea5n, an to\u00e0n cho da.<\/li>\n<li>Hi\u1ec7u qu\u1ea3: n\u0103ng l\u01b0\u1ee3ng cao \u0111\u1ed9 xung ng\u1eafn ph\u00e1t t\u00edn hi\u1ec7u m\u1ea1nh m\u1ebd v\u00e0o m\u00f4 da, c\u00f3 kh\u1ea3 n\u0103ng ph\u00e1t hi\u1ec7n v\u00e0 g\u00e2y ph\u00e1t n\u1ed5 th\u00e0nh nh\u1eefng h\u1ea1t h\u1eafc s\u1eafc t\u1ed1 si\u00eau nh\u1ecf h\u01a1n Laser Q-switched th\u00f4ng th\u01b0\u1eddng. S\u1eafc t\u1ed1 s\u1ebd b\u1ecb h\u1ea5p th\u1ee5 d\u1ec5 d\u00e0ng v\u00e0 nhanh h\u01a1n.<\/li>\n<li>Tr\u1ee5c kh\u1ee7y c\u00f3 th\u1ec3 xoay \u0111\u01b0\u1ee3c 360 \u0111\u1ed9 \u0111\u1ea3m b\u1ea3o n\u0103ng l\u01b0\u1ee3ng \u0111\u01b0\u1ee3c d\u1eabn truy\u1ec1n cao v\u00e0 ch\u00ednh x\u00e1c nh\u1ea5t.<\/li>\n<li>D\u1ec5 d\u00e0ng s\u1eed d\u1ee5ng: V\u1edbi c\u00e1c b\u01b0\u1edbc s\u00f3ng c\u00e0i \u0111\u1eb7t s\u1eb5n k\u1ef9 thu\u1eadt vi\u00ean, b\u00e1c s\u0129 d\u1ec5 d\u00e0ng th\u1ef1c hi\u1ec7n tr\u00ean m\u1ecdi v\u1ea5n \u0111\u1ec1 tr\u00ean da:<\/li>\n<\/ul>\n<p>\u2013 B\u01b0\u1edbc s\u00f3ng 532nm gi\u00fap lo\u1ea1i b\u1ecf c\u00e1c s\u1eafc t\u1ed1 b\u1ec1 ngo\u00e0i trong khu v\u1ef1c v\u00f2ng tr\u00f2n c\u1ee7a m\u1eaft, ch\u1eb3ng h\u1ea1n v\u1ebft b\u1edbt b\u1ea9m sinh, b\u1edbt Ota, b\u1edbt c\u00e0 ph\u00ea, h\u00ecnh x\u0103m m\u00e0u \u0111\u1ecf, t\u1ed5n th\u01b0\u01a1ng m\u1ea1ch m\u00e1u, n\u1ed1t ru\u1ed3i \u0111\u1ecf.<\/p>\n<p>\u2013 B\u01b0\u1edbc s\u00f3ng 785nm gi\u00fap lo\u1ea1i b\u1ecf c\u00e1c s\u1eafc t\u1ed1 b\u1ec1 ngo\u00e0i trong khu v\u1ef1c v\u00f2ng tr\u00f2n c\u1ee7a m\u1eaft, ch\u1eb3ng h\u1ea1n v\u1ebft b\u1edbt b\u1ea9m sinh, b\u1edbt Ota, b\u1edbt c\u00e0 ph\u00ea, h\u00ecnh x\u0103m m\u00e0u \u0111\u1ecf, t\u1ed5n th\u01b0\u01a1ng m\u1ea1ch m\u00e1u, n\u1ed1t ru\u1ed3i \u0111\u1ecf.<\/p>\n<h2><strong>3. Th\u00f4ng s\u1ed1 k\u1ef9 thu\u1eadt c\u1ee7a m\u00e1y Laser Tr\u1ee5c Khu\u1ef7u RHINO Tr\u1ee5c Khu\u1ef7u 7 kh\u1edbp nh\u1eadp kh\u1ea9u KOREA<\/strong><\/h2>\n<div dir=\"ltr\">\n<table width=\"869\">\n<tbody>\n<tr>\n<td>\n<p dir=\"ltr\">Ngu\u1ed3n<\/p>\n<\/td>\n<td>\n<p dir=\"ltr\">Q-switched NDYag<\/p>\n<\/td>\n<\/tr>\n<tr>\n<td>\n<p dir=\"ltr\">B\u01b0\u1edbc s\u00f3ng<\/p>\n<\/td>\n<td>\n<p dir=\"ltr\">1064nm, 532nm, 785nm<\/p>\n<\/td>\n<\/tr>\n<tr>\n<td>\n<p dir=\"ltr\">Ch\u1ebf \u0111\u1ed9 ra<\/p>\n<\/td>\n<td>\n<p dir=\"ltr\">Xung \u0110\u01a1n<\/p>\n<\/td>\n<\/tr>\n<tr>\n<td>\n<p dir=\"ltr\">N\u0103ng l\u01b0\u1ee3ng \u0111\u1ea7u ra<\/p>\n<\/td>\n<td>\n<p dir=\"ltr\">Xung \u0111\u00f4i\uff1a1064nm\uff1a80-1600mj<\/p>\n<p dir=\"ltr\">532nm\uff1a40-800mj<\/p>\n<\/td>\n<\/tr>\n<tr>\n<td>\n<p dir=\"ltr\">\u0110\u1ed9 r\u1ed9ng xung<\/p>\n<\/td>\n<td>\n<p dir=\"ltr\">2000ps<\/p>\n<\/td>\n<\/tr>\n<tr>\n<td>\n<p dir=\"ltr\">T\u1ea7n s\u1ed1<\/p>\n<\/td>\n<td>\n<p dir=\"ltr\">1-10Hz<\/p>\n<\/td>\n<\/tr>\n<tr>\n<td>\n<p dir=\"ltr\">K\u00edch th\u01b0\u1edbc \u0111i\u1ec3m b\u1eafn<\/p>\n<\/td>\n<td>\n<p dir=\"ltr\">\u03a62-10mm<\/p>\n<\/td>\n<\/tr>\n<tr>\n<td>\n<p dir=\"ltr\">Tia d\u1eabn \u0111\u01b0\u1eddng<\/p>\n<\/td>\n<td>\n<p dir=\"ltr\">650nm \u00e1nh s\u00e1ng \u0111\u1ecf<\/p>\n<\/td>\n<\/tr>\n<tr>\n<td>\n<p dir=\"ltr\">H\u1ec7 th\u1ed1ng l\u00e0m m\u00e1t<\/p>\n<\/td>\n<td>\n<p dir=\"ltr\">L\u00e0m m\u00e1t b\u1eb1ng n\u01b0\u1edbc v\u00e0 gi\u00f3<\/p>\n<\/td>\n<\/tr>\n<tr>\n<td>\n<p dir=\"ltr\">Laser d\u1eabn truy\u1ec1n<\/p>\n<\/td>\n<td>\n<p dir=\"ltr\">Tr\u1ee5c khu\u1ef7u 7 kh\u1edbp<\/p>\n<\/td>\n<\/tr>\n<tr>\n<td>\n<p dir=\"ltr\">S\u1ed1 l\u01b0\u1ee3ng b\u00f3ng<\/p>\n<\/td>\n<td>\n<p dir=\"ltr\">1 b\u00f3ng 1 g\u1eady<\/p>\n<\/td>\n<\/tr>\n<\/tbody>\n<\/table>\n<\/div>\n","protected":false},"excerpt":{"rendered":"<p>M\u00e1y laser RHINO \u2013 si\u00eau laser phi\u00ean b\u1ea3n H\u00e0n 100% \u0111\u01b0\u1ee3c \u1ee9ng d\u1ee5ng c\u00f4ng ngh\u1ec7 laser t\u00e2n ti\u1ebfn nh\u1ea5t. M\u00e1y \u0111\u01b0\u1ee3c trang b\u1ecb tr\u1ee5c khu\u1ef7u 7 kh\u1edbp xoay 300 \u0111\u1ed9 v\u00f4 c\u00f9ng linh ho\u1ea1t. Gi\u00fap qu\u00e1 tr\u00ecnh \u0111i\u1ec1u tr\u1ecb d\u1ec5 d\u00e0ng, ch\u00ednh x\u00e1c tuy\u1ec7t \u0111\u1ed1i.<\/p>\n","protected":false},"featured_media":16022,"comment_status":"open","ping_status":"closed","template":"","meta":[],"product_cat":[78],"product_tag":[],"yoast_head":"<!-- This site is optimized with the Yoast SEO plugin v21.5 - https:\/\/yoast.com\/wordpress\/plugins\/seo\/ -->\n<title>M\u00c1Y LASER RHINO - WONTECH THI\u1ebeT B\u1eca SPA<\/title>\n<meta name=\"robots\" content=\"index, follow, max-snippet:-1, max-image-preview:large, max-video-preview:-1\" \/>\n<link rel=\"canonical\" href=\"https:\/\/wontechthietbispa.com\/index.php\/product\/laser-truc-khuyu-rhino\/\" \/>\n<meta property=\"og:locale\" content=\"en_US\" \/>\n<meta property=\"og:type\" content=\"article\" \/>\n<meta property=\"og:title\" content=\"M\u00c1Y LASER RHINO - WONTECH THI\u1ebeT B\u1eca SPA\" \/>\n<meta property=\"og:description\" content=\"M\u00e1y laser RHINO \u2013 si\u00eau laser phi\u00ean b\u1ea3n H\u00e0n 100% \u0111\u01b0\u1ee3c \u1ee9ng d\u1ee5ng c\u00f4ng ngh\u1ec7 laser t\u00e2n ti\u1ebfn nh\u1ea5t. M\u00e1y \u0111\u01b0\u1ee3c trang b\u1ecb tr\u1ee5c khu\u1ef7u 7 kh\u1edbp xoay 300 \u0111\u1ed9 v\u00f4 c\u00f9ng linh ho\u1ea1t. Gi\u00fap qu\u00e1 tr\u00ecnh \u0111i\u1ec1u tr\u1ecb d\u1ec5 d\u00e0ng, ch\u00ednh x\u00e1c tuy\u1ec7t \u0111\u1ed1i.\" \/>\n<meta property=\"og:url\" content=\"https:\/\/wontechthietbispa.com\/index.php\/product\/laser-truc-khuyu-rhino\/\" \/>\n<meta property=\"og:site_name\" content=\"WONTECH THI\u1ebeT B\u1eca SPA\" \/>\n<meta property=\"article:modified_time\" content=\"2026-01-12T02:37:22+00:00\" \/>\n<meta property=\"og:image\" content=\"http:\/\/wontechthietbispa.com\/wp-content\/uploads\/2023\/11\/Untitled-1-138.png\" \/>\n\t<meta property=\"og:image:width\" content=\"700\" \/>\n\t<meta property=\"og:image:height\" content=\"800\" \/>\n\t<meta property=\"og:image:type\" content=\"image\/png\" \/>\n<meta name=\"twitter:card\" content=\"summary_large_image\" \/>\n<meta name=\"twitter:label1\" content=\"Est. reading time\" \/>\n\t<meta name=\"twitter:data1\" content=\"4 minutes\" \/>\n<script type=\"application\/ld+json\" class=\"yoast-schema-graph\">{\"@context\":\"https:\/\/schema.org\",\"@graph\":[{\"@type\":\"WebPage\",\"@id\":\"https:\/\/wontechthietbispa.com\/index.php\/product\/laser-truc-khuyu-rhino\/\",\"url\":\"https:\/\/wontechthietbispa.com\/index.php\/product\/laser-truc-khuyu-rhino\/\",\"name\":\"M\u00c1Y LASER RHINO - WONTECH THI\u1ebeT B\u1eca SPA\",\"isPartOf\":{\"@id\":\"https:\/\/wontechthietbispa.com\/#website\"},\"datePublished\":\"2023-11-29T05:06:15+00:00\",\"dateModified\":\"2026-01-12T02:37:22+00:00\",\"breadcrumb\":{\"@id\":\"https:\/\/wontechthietbispa.com\/index.php\/product\/laser-truc-khuyu-rhino\/#breadcrumb\"},\"inLanguage\":\"en-US\",\"potentialAction\":[{\"@type\":\"ReadAction\",\"target\":[\"https:\/\/wontechthietbispa.com\/index.php\/product\/laser-truc-khuyu-rhino\/\"]}]},{\"@type\":\"BreadcrumbList\",\"@id\":\"https:\/\/wontechthietbispa.com\/index.php\/product\/laser-truc-khuyu-rhino\/#breadcrumb\",\"itemListElement\":[{\"@type\":\"ListItem\",\"position\":1,\"name\":\"Home\",\"item\":\"https:\/\/wontechthietbispa.com\/\"},{\"@type\":\"ListItem\",\"position\":2,\"name\":\"Shop\",\"item\":\"https:\/\/wontechthietbispa.com\/index.php\/shop\/\"},{\"@type\":\"ListItem\",\"position\":3,\"name\":\"M\u00c1Y LASER RHINO\"}]},{\"@type\":\"WebSite\",\"@id\":\"https:\/\/wontechthietbispa.com\/#website\",\"url\":\"https:\/\/wontechthietbispa.com\/\",\"name\":\"WONTECH THI\u1ebeT B\u1eca SPA\",\"description\":\"WONTECH THI\u1ebeT B\u1eca SPA\",\"potentialAction\":[{\"@type\":\"SearchAction\",\"target\":{\"@type\":\"EntryPoint\",\"urlTemplate\":\"https:\/\/wontechthietbispa.com\/?s={search_term_string}\"},\"query-input\":\"required name=search_term_string\"}],\"inLanguage\":\"en-US\"}]}<\/script>\n<!-- \/ Yoast SEO plugin. -->","yoast_head_json":{"title":"M\u00c1Y LASER RHINO - WONTECH THI\u1ebeT B\u1eca SPA","robots":{"index":"index","follow":"follow","max-snippet":"max-snippet:-1","max-image-preview":"max-image-preview:large","max-video-preview":"max-video-preview:-1"},"canonical":"https:\/\/wontechthietbispa.com\/index.php\/product\/laser-truc-khuyu-rhino\/","og_locale":"en_US","og_type":"article","og_title":"M\u00c1Y LASER RHINO - WONTECH THI\u1ebeT B\u1eca SPA","og_description":"M\u00e1y laser RHINO \u2013 si\u00eau laser phi\u00ean b\u1ea3n H\u00e0n 100% \u0111\u01b0\u1ee3c \u1ee9ng d\u1ee5ng c\u00f4ng ngh\u1ec7 laser t\u00e2n ti\u1ebfn nh\u1ea5t. M\u00e1y \u0111\u01b0\u1ee3c trang b\u1ecb tr\u1ee5c khu\u1ef7u 7 kh\u1edbp xoay 300 \u0111\u1ed9 v\u00f4 c\u00f9ng linh ho\u1ea1t. Gi\u00fap qu\u00e1 tr\u00ecnh \u0111i\u1ec1u tr\u1ecb d\u1ec5 d\u00e0ng, ch\u00ednh x\u00e1c tuy\u1ec7t \u0111\u1ed1i.","og_url":"https:\/\/wontechthietbispa.com\/index.php\/product\/laser-truc-khuyu-rhino\/","og_site_name":"WONTECH THI\u1ebeT B\u1eca SPA","article_modified_time":"2026-01-12T02:37:22+00:00","og_image":[{"width":700,"height":800,"url":"http:\/\/wontechthietbispa.com\/wp-content\/uploads\/2023\/11\/Untitled-1-138.png","type":"image\/png"}],"twitter_card":"summary_large_image","twitter_misc":{"Est. reading time":"4 minutes"},"schema":{"@context":"https:\/\/schema.org","@graph":[{"@type":"WebPage","@id":"https:\/\/wontechthietbispa.com\/index.php\/product\/laser-truc-khuyu-rhino\/","url":"https:\/\/wontechthietbispa.com\/index.php\/product\/laser-truc-khuyu-rhino\/","name":"M\u00c1Y LASER RHINO - WONTECH THI\u1ebeT B\u1eca SPA","isPartOf":{"@id":"https:\/\/wontechthietbispa.com\/#website"},"datePublished":"2023-11-29T05:06:15+00:00","dateModified":"2026-01-12T02:37:22+00:00","breadcrumb":{"@id":"https:\/\/wontechthietbispa.com\/index.php\/product\/laser-truc-khuyu-rhino\/#breadcrumb"},"inLanguage":"en-US","potentialAction":[{"@type":"ReadAction","target":["https:\/\/wontechthietbispa.com\/index.php\/product\/laser-truc-khuyu-rhino\/"]}]},{"@type":"BreadcrumbList","@id":"https:\/\/wontechthietbispa.com\/index.php\/product\/laser-truc-khuyu-rhino\/#breadcrumb","itemListElement":[{"@type":"ListItem","position":1,"name":"Home","item":"https:\/\/wontechthietbispa.com\/"},{"@type":"ListItem","position":2,"name":"Shop","item":"https:\/\/wontechthietbispa.com\/index.php\/shop\/"},{"@type":"ListItem","position":3,"name":"M\u00c1Y LASER RHINO"}]},{"@type":"WebSite","@id":"https:\/\/wontechthietbispa.com\/#website","url":"https:\/\/wontechthietbispa.com\/","name":"WONTECH THI\u1ebeT B\u1eca SPA","description":"WONTECH THI\u1ebeT B\u1eca SPA","potentialAction":[{"@type":"SearchAction","target":{"@type":"EntryPoint","urlTemplate":"https:\/\/wontechthietbispa.com\/?s={search_term_string}"},"query-input":"required name=search_term_string"}],"inLanguage":"en-US"}]}},"jetpack_sharing_enabled":true,"_links":{"self":[{"href":"https:\/\/wontechthietbispa.com\/index.php\/wp-json\/wp\/v2\/product\/16057"}],"collection":[{"href":"https:\/\/wontechthietbispa.com\/index.php\/wp-json\/wp\/v2\/product"}],"about":[{"href":"https:\/\/wontechthietbispa.com\/index.php\/wp-json\/wp\/v2\/types\/product"}],"replies":[{"embeddable":true,"href":"https:\/\/wontechthietbispa.com\/index.php\/wp-json\/wp\/v2\/comments?post=16057"}],"version-history":[{"count":2,"href":"https:\/\/wontechthietbispa.com\/index.php\/wp-json\/wp\/v2\/product\/16057\/revisions"}],"predecessor-version":[{"id":17080,"href":"https:\/\/wontechthietbispa.com\/index.php\/wp-json\/wp\/v2\/product\/16057\/revisions\/17080"}],"wp:featuredmedia":[{"embeddable":true,"href":"https:\/\/wontechthietbispa.com\/index.php\/wp-json\/wp\/v2\/media\/16022"}],"wp:attachment":[{"href":"https:\/\/wontechthietbispa.com\/index.php\/wp-json\/wp\/v2\/media?parent=16057"}],"wp:term":[{"taxonomy":"product_cat","embeddable":true,"href":"https:\/\/wontechthietbispa.com\/index.php\/wp-json\/wp\/v2\/product_cat?post=16057"},{"taxonomy":"product_tag","embeddable":true,"href":"https:\/\/wontechthietbispa.com\/index.php\/wp-json\/wp\/v2\/product_tag?post=16057"}],"curies":[{"name":"wp","href":"https:\/\/api.w.org\/{rel}","templated":true}]}}