{"id":16043,"date":"2023-11-29T11:55:41","date_gmt":"2023-11-29T04:55:41","guid":{"rendered":"https:\/\/wontechthietbispa.com\/?post_type=product&#038;p=16043"},"modified":"2026-01-12T09:37:02","modified_gmt":"2026-01-12T02:37:02","slug":"laser-truc-khuyu-picohi","status":"publish","type":"product","link":"https:\/\/wontechthietbispa.com\/index.php\/product\/laser-truc-khuyu-picohi\/","title":{"rendered":"M\u00c1Y LASER PICO-HI"},"content":{"rendered":"<h1><strong>Laser Tr\u1ee5c Khu\u1ef7u PicoHI C\u00f4ng Ngh\u1ec7 PicoWay S\u1ed1 1 V\u1ec1 Tr\u1ecb N\u00e1m<\/strong><\/h1>\n<p>L\u00fd Do:<\/p>\n<ol>\n<li>Ngo\u00e0i b\u01b0\u1edbc s\u00f3ng c\u01a1 b\u1ea3n 1064nm v\u00e0 532nm th\u00ec PicoHi s\u1edf h\u1eefu ngay b\u01b0\u1edbc s\u00f3ng \u00a0785nm \u0111\u01b0\u1ee3c ch\u1ecdn l\u00e0 b\u01b0\u1edbc s\u00f3ng th\u1ee9 3 tr\u00ean PicoHi c\u00f4ng ngh\u1ec7 PicoWay b\u1edfi \u0111\u1eb7c t\u00ednh h\u1ea5p thu m\u1ea1nh h\u1eafc s\u1eafc t\u1ed1 melanin n\u1eb1m \u1edf h\u1ea1 b\u00ec v\u00e0 c\u00e1c m\u00e0u xanh, xanh l\u1ee5c, xanh l\u00e1 trong c\u00e1c h\u00ecnh x\u0103m kh\u00f3, \u0111\u1eb7c bi\u1ec7t l\u00e0 c\u00f3 \u0111\u1ed9 xuy\u00ean s\u00e2u t\u1ed1t h\u01a1n 755nm.<\/li>\n<li>M\u1ed9t m\u00e1y laser Q-Switched v\u1edbi 1 b\u00f3ng xung bu\u1ed3ng laser b\u00ean trong, \u0111\u01b0\u1ee3c thi\u1ebft k\u1ebf \u0111\u1ec3 t\u1ea1o ra m\u1ee9c n\u0103ng l\u01b0\u1ee3ng (Pulse Energy) \u00e1nh s\u00e1ng laser 1064 nm l\u00e0 1J v\u00e0 pulse width t\u1eeb 10-20ns.<\/li>\n<\/ol>\n<div id=\"gallery-3\" class=\"gallery galleryid-6155 gallery-columns-2 gallery-size-medium\">\n<figure class=\"gallery-item\">\n<div class=\"gallery-icon landscape\"><a href=\"https:\/\/qlaser.vn\/?attachment_id=6446#main\"><img fetchpriority=\"high\" decoding=\"async\" class=\"attachment-medium size-medium lazy-load-active\" src=\"https:\/\/i0.wp.com\/qlaser.vn\/wp-content\/uploads\/2022\/02\/picoway-xoa-xam-636x400.jpg?resize=636%2C400&#038;ssl=1\" sizes=\"(max-width: 636px) 100vw, 636px\" srcset=\"https:\/\/i0.wp.com\/qlaser.vn\/wp-content\/uploads\/2022\/02\/picoway-xoa-xam-636x400.jpg?resize=636%2C400&#038;ssl=1 636w, https:\/\/qlaser.vn\/wp-content\/uploads\/2022\/02\/picoway-xoa-xam-510x321.jpg 510w, https:\/\/qlaser.vn\/wp-content\/uploads\/2022\/02\/picoway-xoa-xam.jpg 759w\" alt=\"svg+xml,%3Csvg%20viewBox%3D%220%200%20636%20400%22%20xmlns%3D%22http%3A%2F%2Fwww\" width=\"636\" height=\"400\" data-src=\"\/wp-content\/uploads\/2022\/02\/picoway-xoa-xam-636x400.jpg\" aria-describedby=\"gallery-3-6446\" data-srcset=\"https:\/\/i0.wp.com\/qlaser.vn\/wp-content\/uploads\/2022\/02\/picoway-xoa-xam-636x400.jpg?resize=636%2C400&#038;ssl=1 636w, https:\/\/qlaser.vn\/wp-content\/uploads\/2022\/02\/picoway-xoa-xam-510x321.jpg 510w, https:\/\/qlaser.vn\/wp-content\/uploads\/2022\/02\/picoway-xoa-xam.jpg 759w\" data-recalc-dims=\"1\" \/><\/a><\/div><figcaption id=\"gallery-3-6446\" class=\"wp-caption-text gallery-caption\">Laser PicoWay X\u00f3a Tattoo<\/figcaption><\/figure>\n<figure class=\"gallery-item\">\n<div class=\"gallery-icon landscape\"><a href=\"https:\/\/qlaser.vn\/?attachment_id=6450#main\"><img decoding=\"async\" class=\"attachment-medium size-medium lazy-load-active\" src=\"https:\/\/i0.wp.com\/qlaser.vn\/wp-content\/uploads\/2022\/02\/PicoWay-dieu-tri-tan-nhang-567x400.jpg?resize=567%2C400&#038;ssl=1\" sizes=\"(max-width: 567px) 100vw, 567px\" srcset=\"https:\/\/i0.wp.com\/qlaser.vn\/wp-content\/uploads\/2022\/02\/PicoWay-dieu-tri-tan-nhang-567x400.jpg?resize=567%2C400&#038;ssl=1 567w, https:\/\/qlaser.vn\/wp-content\/uploads\/2022\/02\/PicoWay-dieu-tri-tan-nhang-510x360.jpg 510w, https:\/\/qlaser.vn\/wp-content\/uploads\/2022\/02\/PicoWay-dieu-tri-tan-nhang.jpg 734w\" alt=\"svg+xml,%3Csvg%20viewBox%3D%220%200%20567%20400%22%20xmlns%3D%22http%3A%2F%2Fwww\" width=\"567\" height=\"400\" data-src=\"\/wp-content\/uploads\/2022\/02\/PicoWay-dieu-tri-tan-nhang-567x400.jpg\" aria-describedby=\"gallery-3-6450\" data-srcset=\"https:\/\/i0.wp.com\/qlaser.vn\/wp-content\/uploads\/2022\/02\/PicoWay-dieu-tri-tan-nhang-567x400.jpg?resize=567%2C400&#038;ssl=1 567w, https:\/\/qlaser.vn\/wp-content\/uploads\/2022\/02\/PicoWay-dieu-tri-tan-nhang-510x360.jpg 510w, https:\/\/qlaser.vn\/wp-content\/uploads\/2022\/02\/PicoWay-dieu-tri-tan-nhang.jpg 734w\" data-recalc-dims=\"1\" \/><\/a><\/div><figcaption id=\"gallery-3-6450\" class=\"wp-caption-text gallery-caption\">Laser PicoWay X\u00f3a N\u00e1m \u2013 T\u00e0n Nhang<\/figcaption><\/figure>\n<figure class=\"gallery-item\">\n<div class=\"gallery-icon landscape\"><a href=\"https:\/\/qlaser.vn\/?attachment_id=6451#main\"><img decoding=\"async\" class=\"attachment-medium size-medium lazy-load-active\" src=\"https:\/\/i0.wp.com\/qlaser.vn\/wp-content\/uploads\/2022\/02\/picoway-xoa-xam-1-725x400.jpg?resize=725%2C400&#038;ssl=1\" sizes=\"(max-width: 725px) 100vw, 725px\" srcset=\"https:\/\/i0.wp.com\/qlaser.vn\/wp-content\/uploads\/2022\/02\/picoway-xoa-xam-1-725x400.jpg?resize=725%2C400&#038;ssl=1 725w, https:\/\/qlaser.vn\/wp-content\/uploads\/2022\/02\/picoway-xoa-xam-1-768x424.jpg 768w, https:\/\/qlaser.vn\/wp-content\/uploads\/2022\/02\/picoway-xoa-xam-1-510x282.jpg 510w, https:\/\/qlaser.vn\/wp-content\/uploads\/2022\/02\/picoway-xoa-xam-1.jpg 875w\" alt=\"svg+xml,%3Csvg%20viewBox%3D%220%200%20725%20400%22%20xmlns%3D%22http%3A%2F%2Fwww\" width=\"725\" height=\"400\" data-src=\"\/wp-content\/uploads\/2022\/02\/picoway-xoa-xam-1-725x400.jpg\" aria-describedby=\"gallery-3-6451\" data-srcset=\"https:\/\/i0.wp.com\/qlaser.vn\/wp-content\/uploads\/2022\/02\/picoway-xoa-xam-1-725x400.jpg?resize=725%2C400&#038;ssl=1 725w, https:\/\/qlaser.vn\/wp-content\/uploads\/2022\/02\/picoway-xoa-xam-1-768x424.jpg 768w, https:\/\/qlaser.vn\/wp-content\/uploads\/2022\/02\/picoway-xoa-xam-1-510x282.jpg 510w, https:\/\/qlaser.vn\/wp-content\/uploads\/2022\/02\/picoway-xoa-xam-1.jpg 875w\" data-recalc-dims=\"1\" \/><\/a><\/div><figcaption id=\"gallery-3-6451\" class=\"wp-caption-text gallery-caption\">Laser PicoWay X\u00f3a Tattoo<\/figcaption><\/figure>\n<figure class=\"gallery-item\">\n<div class=\"gallery-icon landscape\"><a href=\"https:\/\/qlaser.vn\/?attachment_id=6447#main\"><img loading=\"lazy\" decoding=\"async\" class=\"attachment-medium size-medium lazy-load-active\" src=\"https:\/\/i0.wp.com\/qlaser.vn\/wp-content\/uploads\/2022\/02\/picoway-removal-tattoo-702x400.jpg?resize=702%2C400&#038;ssl=1\" sizes=\"(max-width: 702px) 100vw, 702px\" srcset=\"https:\/\/i0.wp.com\/qlaser.vn\/wp-content\/uploads\/2022\/02\/picoway-removal-tattoo-702x400.jpg?resize=702%2C400&#038;ssl=1 702w, https:\/\/qlaser.vn\/wp-content\/uploads\/2022\/02\/picoway-removal-tattoo-768x437.jpg 768w, https:\/\/qlaser.vn\/wp-content\/uploads\/2022\/02\/picoway-removal-tattoo-510x290.jpg 510w, https:\/\/qlaser.vn\/wp-content\/uploads\/2022\/02\/picoway-removal-tattoo.jpg 834w\" alt=\"svg+xml,%3Csvg%20viewBox%3D%220%200%20702%20400%22%20xmlns%3D%22http%3A%2F%2Fwww\" width=\"702\" height=\"400\" data-src=\"\/wp-content\/uploads\/2022\/02\/picoway-removal-tattoo-702x400.jpg\" aria-describedby=\"gallery-3-6447\" data-srcset=\"https:\/\/i0.wp.com\/qlaser.vn\/wp-content\/uploads\/2022\/02\/picoway-removal-tattoo-702x400.jpg?resize=702%2C400&#038;ssl=1 702w, https:\/\/qlaser.vn\/wp-content\/uploads\/2022\/02\/picoway-removal-tattoo-768x437.jpg 768w, https:\/\/qlaser.vn\/wp-content\/uploads\/2022\/02\/picoway-removal-tattoo-510x290.jpg 510w, https:\/\/qlaser.vn\/wp-content\/uploads\/2022\/02\/picoway-removal-tattoo.jpg 834w\" data-recalc-dims=\"1\" \/><\/a><\/div><figcaption id=\"gallery-3-6447\" class=\"wp-caption-text gallery-caption\">Laser PicoWay X\u00f3a Tattoo<\/figcaption><\/figure>\n<\/div>\n<h2 dir=\"ltr\"><strong>1. Ph\u1ea1m Vi \u0110i\u1ec1u Tr\u1ecb<\/strong><\/h2>\n<ul>\n<li dir=\"ltr\">\n<p dir=\"ltr\"><strong>S\u1eafc t\u1ed1 h\u1ea1 b\u00ec 1064nm<\/strong><\/p>\n<\/li>\n<\/ul>\n<p dir=\"ltr\">\u2013 X\u00f3a c\u00e1c v\u1ebft b\u1edbt, \u0111\u1ed1m c\u00e0 ph\u00ea, t\u00e0n nhang, ch\u00e1y n\u1eafng, \u0111\u1ed1m tu\u1ed5i\u2026<\/p>\n<p dir=\"ltr\">\u2013 X\u00f3a t\u1ea5t c\u1ea3 c\u00e1c lo\u1ea1i h\u00ecnh x\u0103m, chuy\u00ean x\u00f3a h\u00ecnh x\u0103m m\u00e0u \u0111\u1ecf, c\u00e0 ph\u00ea, n\u00e2u, \u0111en, l\u1ee5c lam v\u00e0 m\u00e0u kh\u00e1c<\/p>\n<p dir=\"ltr\">\u2013 X\u00f3a n\u1ed1t ru\u1ed3i, v\u1ebft b\u1edbt, nevus m\u00e0u xanh n\u00e2u, nevus<\/p>\n<figure id=\"attachment_6441\" class=\"wp-caption aligncenter\" aria-describedby=\"caption-attachment-6441\"><figcaption id=\"caption-attachment-6441\" class=\"wp-caption-text\">H\u00ecnh \u1ea3nh m\u00f4 t\u1ea3 qu\u00e1 tr\u00ecnh laser ti\u1ebfp c\u1eadn m\u00f4 \u0111\u00edch trong \u0111i\u1ec1u tr\u1ecb N\u00e1m, x\u00f3a x\u0103m<\/figcaption><\/figure>\n<ul>\n<li dir=\"ltr\">\n<p dir=\"ltr\"><strong>S\u1eafc t\u1ed1 ngo\u1ea1i b\u00ec<\/strong><\/p>\n<\/li>\n<\/ul>\n<p dir=\"ltr\">\u2013 Lo\u1ea1i b\u1ecf c\u00e1c thay \u0111\u1ed5i b\u1ec7nh l\u00fd s\u1eafc t\u1ed1 da, s\u1eafc t\u1ed1 g\u00e2y ra b\u1edfi h\u1ed7n h\u1ee3p s\u1eafc t\u1ed1 m\u00e0u, lo\u1ea1i b\u1ecf l\u1ed7 ch\u00e2n l\u00f4ng, n\u00e2ng c\u01a1 m\u1eb7t<\/p>\n<p dir=\"ltr\">\u2013 Tr\u1ebb h\u00f3a da b\u1eb1ng peeling<\/p>\n<p dir=\"ltr\">\u2013 X\u00f3a s\u1eb9o m\u1ee5n, gi\u00e3n t\u0129nh m\u1ea1ch, t\u1ed5n th\u01b0\u01a1ng m\u1ea1ch m\u00e1u<\/p>\n<p dir=\"ltr\"><img loading=\"lazy\" decoding=\"async\" class=\"size-medium wp-image-6445 aligncenter lazy-load-active\" src=\"https:\/\/i0.wp.com\/qlaser.vn\/wp-content\/uploads\/2022\/02\/te-bao-sac-to-melanocyte-736x400.jpg?resize=736%2C400&#038;ssl=1\" sizes=\"(max-width: 736px) 100vw, 736px\" srcset=\"https:\/\/i0.wp.com\/qlaser.vn\/wp-content\/uploads\/2022\/02\/te-bao-sac-to-melanocyte-736x400.jpg?resize=736%2C400&#038;ssl=1 736w, https:\/\/qlaser.vn\/wp-content\/uploads\/2022\/02\/te-bao-sac-to-melanocyte-768x418.jpg 768w, https:\/\/qlaser.vn\/wp-content\/uploads\/2022\/02\/te-bao-sac-to-melanocyte-510x277.jpg 510w, https:\/\/qlaser.vn\/wp-content\/uploads\/2022\/02\/te-bao-sac-to-melanocyte.jpg 949w\" alt=\"svg+xml,%3Csvg%20viewBox%3D%220%200%20736%20400%22%20xmlns%3D%22http%3A%2F%2Fwww\" width=\"736\" height=\"400\" data-src=\"\/wp-content\/uploads\/2022\/02\/te-bao-sac-to-melanocyte-736x400.jpg\" data-srcset=\"https:\/\/i0.wp.com\/qlaser.vn\/wp-content\/uploads\/2022\/02\/te-bao-sac-to-melanocyte-736x400.jpg?resize=736%2C400&#038;ssl=1 736w, https:\/\/qlaser.vn\/wp-content\/uploads\/2022\/02\/te-bao-sac-to-melanocyte-768x418.jpg 768w, https:\/\/qlaser.vn\/wp-content\/uploads\/2022\/02\/te-bao-sac-to-melanocyte-510x277.jpg 510w, https:\/\/qlaser.vn\/wp-content\/uploads\/2022\/02\/te-bao-sac-to-melanocyte.jpg 949w\" data-recalc-dims=\"1\" \/><\/p>\n<p>Theo ti\u00eau chu\u1ea9n n\u0103ng l\u01b0\u1ee3ng c\u1ee7a c\u00e1c d\u00f2ng m\u00e1y Laser Nd:YAG th\u00ec n\u0103ng l\u01b0\u1ee3ng t\u1ed1i \u0111a c\u1ee7a m\u00e1y s\u1ebb l\u00e0 1J, t\u01b0\u01a1ng \u0111\u01b0\u01a1ng 1000mj \u0111\u00e1p \u1ee9ng trong \u0111i\u1ec1u tr\u1ecb c\u00e1c b\u1ec7nh l\u00fd s\u1eafc t\u1ed1 da \u1edf \u0111a t\u1ea7ng c\u0169ng nh\u01b0 tr\u1ebb h\u00f3a, di\u1ec7t khu\u1ea9n b\u1eb1ng laser. Khi t\u00ecm ki\u1ebfm 1 m\u00e1y laser Q-Switched, c\u00e1c Dr c\u1ea7n ph\u1ea3i ch\u00fa \u00fd nh\u1eefng th\u00f4ng s\u1ed1 k\u1ef9 thu\u1eadt m\u00e0 m\u00e1y c\u00f4ng b\u1ed1, t\u1ea5t c\u1ea3 ch\u00fang ta \u0111\u1ec1u bi\u1ebft r\u1eb1ng m\u1ee9c n\u0103ng l\u01b0\u1ee3ng l\u00e0 ch\u00eca kh\u00f3a v\u00e0 m\u00e1y c\u00f3 m\u1ee9c n\u0103ng l\u01b0\u1ee3ng th\u1ea5p s\u1ebd b\u1ecb h\u1ea1n ch\u1ebf trong vi\u1ec7c \u0111i\u1ec1u tr\u1ecb, m\u1ed9t s\u1ed1 m\u00e1y s\u1ebd \u0111\u01b0\u1ee3c c\u00f4ng b\u1ed1 m\u1ee9c n\u0103ng l\u01b0\u1ee3ng t\u1ed1i \u0111a cao h\u01a1n m\u1ee9c n\u0103ng l\u01b0\u1ee3ng th\u1ef1c s\u1ef1 c\u1ee7a n\u00f3<\/p>\n<h2 dir=\"ltr\"><strong>2. \u01afU \u0110I\u1ec2M V\u01af\u1ee2T TR\u1ed8I<\/strong><\/h2>\n<ul>\n<li>An to\u00e0n kh\u00f4ng \u0111au r\u00e1t: Do \u0111\u1ed9 r\u1ed9ng xung \u0111\u01b0\u1ee3c gi\u1ea3m \u0111\u1ebfn t\u1ed1i thi\u1ec3u, da s\u1ebd tr\u00e1nh \u0111\u01b0\u1ee3c r\u1ee7i ro t\u1ed5n th\u01b0\u01a1ng lan r\u1ed9ng. Qu\u00e1 tr\u00ecnh \u0111i\u1ec1u tr\u1ecb an to\u00e0n v\u00e0 \u00edt g\u00e2y \u0111au \u0111\u1edbn h\u01a1n, kh\u00f4ng \u1ea3nh h\u01b0\u1edfng t\u1edbi nang l\u00f4ng \u2013 kh\u00f4ng g\u00e2y x\u00e2m l\u1ea5n, an to\u00e0n cho da.<\/li>\n<li>Hi\u1ec7u qu\u1ea3: n\u0103ng l\u01b0\u1ee3ng cao \u0111\u1ed9 xung ng\u1eafn ph\u00e1t t\u00edn hi\u1ec7u m\u1ea1nh m\u1ebd v\u00e0o m\u00f4 da, c\u00f3 kh\u1ea3 n\u0103ng ph\u00e1t hi\u1ec7n v\u00e0 g\u00e2y ph\u00e1t n\u1ed5 th\u00e0nh nh\u1eefng h\u1ea1t h\u1eafc s\u1eafc t\u1ed1 si\u00eau nh\u1ecf h\u01a1n Laser Q-switched th\u00f4ng th\u01b0\u1eddng. S\u1eafc t\u1ed1 s\u1ebd b\u1ecb h\u1ea5p th\u1ee5 d\u1ec5 d\u00e0ng v\u00e0 nhanh h\u01a1n.<\/li>\n<li>Tr\u1ee5c kh\u1ee7y c\u00f3 th\u1ec3 xoay \u0111\u01b0\u1ee3c 360 \u0111\u1ed9 \u0111\u1ea3m b\u1ea3o n\u0103ng l\u01b0\u1ee3ng \u0111\u01b0\u1ee3c d\u1eabn truy\u1ec1n cao v\u00e0 ch\u00ednh x\u00e1c nh\u1ea5t.<\/li>\n<li>D\u1ec5 d\u00e0ng s\u1eed d\u1ee5ng: V\u1edbi c\u00e1c b\u01b0\u1edbc s\u00f3ng c\u00e0i \u0111\u1eb7t s\u1eb5n k\u1ef9 thu\u1eadt vi\u00ean, b\u00e1c s\u0129 d\u1ec5 d\u00e0ng th\u1ef1c hi\u1ec7n tr\u00ean m\u1ecdi v\u1ea5n \u0111\u1ec1 tr\u00ean da:<\/li>\n<\/ul>\n<p>\u2013 B\u01b0\u1edbc s\u00f3ng 532nm gi\u00fap lo\u1ea1i b\u1ecf c\u00e1c s\u1eafc t\u1ed1 b\u1ec1 ngo\u00e0i trong khu v\u1ef1c v\u00f2ng tr\u00f2n c\u1ee7a m\u1eaft, ch\u1eb3ng h\u1ea1n v\u1ebft b\u1edbt b\u1ea9m sinh, b\u1edbt Ota, b\u1edbt c\u00e0 ph\u00ea, h\u00ecnh x\u0103m m\u00e0u \u0111\u1ecf, t\u1ed5n th\u01b0\u01a1ng m\u1ea1ch m\u00e1u, n\u1ed1t ru\u1ed3i \u0111\u1ecf.<\/p>\n<p>\u2013 B\u01b0\u1edbc s\u00f3ng 785nm gi\u00fap lo\u1ea1i b\u1ecf c\u00e1c s\u1eafc t\u1ed1 b\u1ec1 ngo\u00e0i trong khu v\u1ef1c v\u00f2ng tr\u00f2n c\u1ee7a m\u1eaft, ch\u1eb3ng h\u1ea1n v\u1ebft b\u1edbt b\u1ea9m sinh, b\u1edbt Ota, b\u1edbt c\u00e0 ph\u00ea, h\u00ecnh x\u0103m m\u00e0u \u0111\u1ecf, t\u1ed5n th\u01b0\u01a1ng m\u1ea1ch m\u00e1u, n\u1ed1t ru\u1ed3i \u0111\u1ecf.<\/p>\n<h2><strong>3. Th\u00f4ng s\u1ed1 k\u1ef9 thu\u1eadt c\u1ee7a m\u00e1y Laser Tr\u1ee5c Khu\u1ef7u PicoHi C\u00f4ng Ngh\u1ec7 PicoWay Tr\u1ee5c Khu\u1ef7u 7 kh\u1edbp nh\u1eadp kh\u1ea9u KOREA<\/strong><\/h2>\n<div dir=\"ltr\">\n<table width=\"869\">\n<tbody>\n<tr>\n<td>\n<p dir=\"ltr\">Ngu\u1ed3n<\/p>\n<\/td>\n<td>\n<p dir=\"ltr\">Q-switched NDYag<\/p>\n<\/td>\n<\/tr>\n<tr>\n<td>\n<p dir=\"ltr\">B\u01b0\u1edbc s\u00f3ng<\/p>\n<\/td>\n<td>\n<p dir=\"ltr\">1064nm, 532nm, 785nm<\/p>\n<\/td>\n<\/tr>\n<tr>\n<td>\n<p dir=\"ltr\">Ch\u1ebf \u0111\u1ed9 ra<\/p>\n<\/td>\n<td>\n<p dir=\"ltr\">Xung \u0110\u01a1n<\/p>\n<\/td>\n<\/tr>\n<tr>\n<td>\n<p dir=\"ltr\">N\u0103ng l\u01b0\u1ee3ng \u0111\u1ea7u ra<\/p>\n<\/td>\n<td>\n<p dir=\"ltr\">Xung \u0111\u00f4i\uff1a1064nm\uff1a80-1600mj<\/p>\n<p dir=\"ltr\">532nm\uff1a40-800mj<\/p>\n<\/td>\n<\/tr>\n<tr>\n<td>\n<p dir=\"ltr\">\u0110\u1ed9 r\u1ed9ng xung<\/p>\n<\/td>\n<td>\n<p dir=\"ltr\">2000ps<\/p>\n<\/td>\n<\/tr>\n<tr>\n<td>\n<p dir=\"ltr\">T\u1ea7n s\u1ed1<\/p>\n<\/td>\n<td>\n<p dir=\"ltr\">1-10Hz<\/p>\n<\/td>\n<\/tr>\n<tr>\n<td>\n<p dir=\"ltr\">K\u00edch th\u01b0\u1edbc \u0111i\u1ec3m b\u1eafn<\/p>\n<\/td>\n<td>\n<p dir=\"ltr\">\u03a62-10mm<\/p>\n<\/td>\n<\/tr>\n<tr>\n<td>\n<p dir=\"ltr\">Tia d\u1eabn \u0111\u01b0\u1eddng<\/p>\n<\/td>\n<td>\n<p dir=\"ltr\">650nm \u00e1nh s\u00e1ng \u0111\u1ecf<\/p>\n<\/td>\n<\/tr>\n<tr>\n<td>\n<p dir=\"ltr\">H\u1ec7 th\u1ed1ng l\u00e0m m\u00e1t<\/p>\n<\/td>\n<td>\n<p dir=\"ltr\">L\u00e0m m\u00e1t b\u1eb1ng n\u01b0\u1edbc v\u00e0 gi\u00f3<\/p>\n<\/td>\n<\/tr>\n<tr>\n<td>\n<p dir=\"ltr\">Laser d\u1eabn truy\u1ec1n<\/p>\n<\/td>\n<td>\n<p dir=\"ltr\">Tr\u1ee5c khu\u1ef7u 7 kh\u1edbp<\/p>\n<\/td>\n<\/tr>\n<tr>\n<td>\n<p dir=\"ltr\">S\u1ed1 l\u01b0\u1ee3ng b\u00f3ng<\/p>\n<\/td>\n<td>\n<p dir=\"ltr\">1 b\u00f3ng 1 g\u1eady<\/p>\n<\/td>\n<\/tr>\n<\/tbody>\n<\/table>\n<\/div>\n","protected":false},"excerpt":{"rendered":"<p>Picohi l\u00e0 d\u00f2ng m\u00e1y hi\u1ec7n \u0111\u1ea1i trong l\u0129nh v\u1ef1c x\u00f3a x\u0103m, lo\u1ea1i b\u1ecf s\u1eafc t\u1ed1 da v\u1edbi c\u00e1c t\u00ednh n\u0103ng \u01b0u vi\u1ec7t. M\u00e1y s\u1edf h\u1eefu s\u1edf h\u1eefu \u0111\u1ed9 xung ng\u1eafn 300ps mang l\u1ea1i \u0111\u1ed9 hi\u1ec3u qu\u1ea3 cao trong qu\u00e1 tr\u00ecnh s\u1eed d\u1ee5ng.<\/p>\n","protected":false},"featured_media":16044,"comment_status":"open","ping_status":"closed","template":"","meta":[],"product_cat":[78],"product_tag":[],"yoast_head":"<!-- This site is optimized with the Yoast SEO plugin v21.5 - https:\/\/yoast.com\/wordpress\/plugins\/seo\/ -->\n<title>M\u00c1Y LASER PICO-HI - WONTECH THI\u1ebeT B\u1eca SPA<\/title>\n<meta name=\"robots\" content=\"index, follow, max-snippet:-1, max-image-preview:large, max-video-preview:-1\" \/>\n<link rel=\"canonical\" href=\"https:\/\/wontechthietbispa.com\/index.php\/product\/laser-truc-khuyu-picohi\/\" \/>\n<meta property=\"og:locale\" content=\"en_US\" \/>\n<meta property=\"og:type\" content=\"article\" \/>\n<meta property=\"og:title\" content=\"M\u00c1Y LASER PICO-HI - WONTECH THI\u1ebeT B\u1eca SPA\" \/>\n<meta property=\"og:description\" content=\"Picohi l\u00e0 d\u00f2ng m\u00e1y hi\u1ec7n \u0111\u1ea1i trong l\u0129nh v\u1ef1c x\u00f3a x\u0103m, lo\u1ea1i b\u1ecf s\u1eafc t\u1ed1 da v\u1edbi c\u00e1c t\u00ednh n\u0103ng \u01b0u vi\u1ec7t. M\u00e1y s\u1edf h\u1eefu s\u1edf h\u1eefu \u0111\u1ed9 xung ng\u1eafn 300ps mang l\u1ea1i \u0111\u1ed9 hi\u1ec3u qu\u1ea3 cao trong qu\u00e1 tr\u00ecnh s\u1eed d\u1ee5ng.\" \/>\n<meta property=\"og:url\" content=\"https:\/\/wontechthietbispa.com\/index.php\/product\/laser-truc-khuyu-picohi\/\" \/>\n<meta property=\"og:site_name\" content=\"WONTECH THI\u1ebeT B\u1eca SPA\" \/>\n<meta property=\"article:modified_time\" content=\"2026-01-12T02:37:02+00:00\" \/>\n<meta property=\"og:image\" content=\"http:\/\/wontechthietbispa.com\/wp-content\/uploads\/2023\/11\/Untitled-1-158.png\" \/>\n\t<meta property=\"og:image:width\" content=\"700\" \/>\n\t<meta property=\"og:image:height\" content=\"800\" \/>\n\t<meta property=\"og:image:type\" content=\"image\/png\" \/>\n<meta name=\"twitter:card\" content=\"summary_large_image\" \/>\n<meta name=\"twitter:label1\" content=\"Est. reading time\" \/>\n\t<meta name=\"twitter:data1\" content=\"4 minutes\" \/>\n<script type=\"application\/ld+json\" class=\"yoast-schema-graph\">{\"@context\":\"https:\/\/schema.org\",\"@graph\":[{\"@type\":\"WebPage\",\"@id\":\"https:\/\/wontechthietbispa.com\/index.php\/product\/laser-truc-khuyu-picohi\/\",\"url\":\"https:\/\/wontechthietbispa.com\/index.php\/product\/laser-truc-khuyu-picohi\/\",\"name\":\"M\u00c1Y LASER PICO-HI - WONTECH THI\u1ebeT B\u1eca SPA\",\"isPartOf\":{\"@id\":\"https:\/\/wontechthietbispa.com\/#website\"},\"datePublished\":\"2023-11-29T04:55:41+00:00\",\"dateModified\":\"2026-01-12T02:37:02+00:00\",\"breadcrumb\":{\"@id\":\"https:\/\/wontechthietbispa.com\/index.php\/product\/laser-truc-khuyu-picohi\/#breadcrumb\"},\"inLanguage\":\"en-US\",\"potentialAction\":[{\"@type\":\"ReadAction\",\"target\":[\"https:\/\/wontechthietbispa.com\/index.php\/product\/laser-truc-khuyu-picohi\/\"]}]},{\"@type\":\"BreadcrumbList\",\"@id\":\"https:\/\/wontechthietbispa.com\/index.php\/product\/laser-truc-khuyu-picohi\/#breadcrumb\",\"itemListElement\":[{\"@type\":\"ListItem\",\"position\":1,\"name\":\"Home\",\"item\":\"https:\/\/wontechthietbispa.com\/\"},{\"@type\":\"ListItem\",\"position\":2,\"name\":\"Shop\",\"item\":\"https:\/\/wontechthietbispa.com\/index.php\/shop\/\"},{\"@type\":\"ListItem\",\"position\":3,\"name\":\"M\u00c1Y LASER PICO-HI\"}]},{\"@type\":\"WebSite\",\"@id\":\"https:\/\/wontechthietbispa.com\/#website\",\"url\":\"https:\/\/wontechthietbispa.com\/\",\"name\":\"WONTECH THI\u1ebeT B\u1eca SPA\",\"description\":\"WONTECH THI\u1ebeT B\u1eca SPA\",\"potentialAction\":[{\"@type\":\"SearchAction\",\"target\":{\"@type\":\"EntryPoint\",\"urlTemplate\":\"https:\/\/wontechthietbispa.com\/?s={search_term_string}\"},\"query-input\":\"required name=search_term_string\"}],\"inLanguage\":\"en-US\"}]}<\/script>\n<!-- \/ Yoast SEO plugin. -->","yoast_head_json":{"title":"M\u00c1Y LASER PICO-HI - WONTECH THI\u1ebeT B\u1eca SPA","robots":{"index":"index","follow":"follow","max-snippet":"max-snippet:-1","max-image-preview":"max-image-preview:large","max-video-preview":"max-video-preview:-1"},"canonical":"https:\/\/wontechthietbispa.com\/index.php\/product\/laser-truc-khuyu-picohi\/","og_locale":"en_US","og_type":"article","og_title":"M\u00c1Y LASER PICO-HI - WONTECH THI\u1ebeT B\u1eca SPA","og_description":"Picohi l\u00e0 d\u00f2ng m\u00e1y hi\u1ec7n \u0111\u1ea1i trong l\u0129nh v\u1ef1c x\u00f3a x\u0103m, lo\u1ea1i b\u1ecf s\u1eafc t\u1ed1 da v\u1edbi c\u00e1c t\u00ednh n\u0103ng \u01b0u vi\u1ec7t. M\u00e1y s\u1edf h\u1eefu s\u1edf h\u1eefu \u0111\u1ed9 xung ng\u1eafn 300ps mang l\u1ea1i \u0111\u1ed9 hi\u1ec3u qu\u1ea3 cao trong qu\u00e1 tr\u00ecnh s\u1eed d\u1ee5ng.","og_url":"https:\/\/wontechthietbispa.com\/index.php\/product\/laser-truc-khuyu-picohi\/","og_site_name":"WONTECH THI\u1ebeT B\u1eca SPA","article_modified_time":"2026-01-12T02:37:02+00:00","og_image":[{"width":700,"height":800,"url":"http:\/\/wontechthietbispa.com\/wp-content\/uploads\/2023\/11\/Untitled-1-158.png","type":"image\/png"}],"twitter_card":"summary_large_image","twitter_misc":{"Est. reading time":"4 minutes"},"schema":{"@context":"https:\/\/schema.org","@graph":[{"@type":"WebPage","@id":"https:\/\/wontechthietbispa.com\/index.php\/product\/laser-truc-khuyu-picohi\/","url":"https:\/\/wontechthietbispa.com\/index.php\/product\/laser-truc-khuyu-picohi\/","name":"M\u00c1Y LASER PICO-HI - WONTECH THI\u1ebeT B\u1eca SPA","isPartOf":{"@id":"https:\/\/wontechthietbispa.com\/#website"},"datePublished":"2023-11-29T04:55:41+00:00","dateModified":"2026-01-12T02:37:02+00:00","breadcrumb":{"@id":"https:\/\/wontechthietbispa.com\/index.php\/product\/laser-truc-khuyu-picohi\/#breadcrumb"},"inLanguage":"en-US","potentialAction":[{"@type":"ReadAction","target":["https:\/\/wontechthietbispa.com\/index.php\/product\/laser-truc-khuyu-picohi\/"]}]},{"@type":"BreadcrumbList","@id":"https:\/\/wontechthietbispa.com\/index.php\/product\/laser-truc-khuyu-picohi\/#breadcrumb","itemListElement":[{"@type":"ListItem","position":1,"name":"Home","item":"https:\/\/wontechthietbispa.com\/"},{"@type":"ListItem","position":2,"name":"Shop","item":"https:\/\/wontechthietbispa.com\/index.php\/shop\/"},{"@type":"ListItem","position":3,"name":"M\u00c1Y LASER PICO-HI"}]},{"@type":"WebSite","@id":"https:\/\/wontechthietbispa.com\/#website","url":"https:\/\/wontechthietbispa.com\/","name":"WONTECH THI\u1ebeT B\u1eca SPA","description":"WONTECH THI\u1ebeT B\u1eca SPA","potentialAction":[{"@type":"SearchAction","target":{"@type":"EntryPoint","urlTemplate":"https:\/\/wontechthietbispa.com\/?s={search_term_string}"},"query-input":"required name=search_term_string"}],"inLanguage":"en-US"}]}},"jetpack_sharing_enabled":true,"_links":{"self":[{"href":"https:\/\/wontechthietbispa.com\/index.php\/wp-json\/wp\/v2\/product\/16043"}],"collection":[{"href":"https:\/\/wontechthietbispa.com\/index.php\/wp-json\/wp\/v2\/product"}],"about":[{"href":"https:\/\/wontechthietbispa.com\/index.php\/wp-json\/wp\/v2\/types\/product"}],"replies":[{"embeddable":true,"href":"https:\/\/wontechthietbispa.com\/index.php\/wp-json\/wp\/v2\/comments?post=16043"}],"version-history":[{"count":2,"href":"https:\/\/wontechthietbispa.com\/index.php\/wp-json\/wp\/v2\/product\/16043\/revisions"}],"predecessor-version":[{"id":17081,"href":"https:\/\/wontechthietbispa.com\/index.php\/wp-json\/wp\/v2\/product\/16043\/revisions\/17081"}],"wp:featuredmedia":[{"embeddable":true,"href":"https:\/\/wontechthietbispa.com\/index.php\/wp-json\/wp\/v2\/media\/16044"}],"wp:attachment":[{"href":"https:\/\/wontechthietbispa.com\/index.php\/wp-json\/wp\/v2\/media?parent=16043"}],"wp:term":[{"taxonomy":"product_cat","embeddable":true,"href":"https:\/\/wontechthietbispa.com\/index.php\/wp-json\/wp\/v2\/product_cat?post=16043"},{"taxonomy":"product_tag","embeddable":true,"href":"https:\/\/wontechthietbispa.com\/index.php\/wp-json\/wp\/v2\/product_tag?post=16043"}],"curies":[{"name":"wp","href":"https:\/\/api.w.org\/{rel}","templated":true}]}}